{"id":105,"date":"2022-10-13T10:55:21","date_gmt":"2022-10-13T10:55:21","guid":{"rendered":"https:\/\/sauh.ee\/?page_id=105"},"modified":"2026-03-10T09:47:07","modified_gmt":"2026-03-10T09:47:07","slug":"kontakt","status":"publish","type":"page","link":"https:\/\/sauh.ee\/ru\/kontakt\/","title":{"rendered":"\u041a\u043e\u043d\u0442\u0430\u043a\u0442"},"content":{"rendered":"<p><span style=\"font-weight: 400;\">sauh.ee<\/span><\/p>\n<p>\u042d\u043b\u0435\u043a\u0442\u0440\u043e\u043d\u043d\u0430\u044f \u043f\u043e\u0447\u0442\u0430: <a href=\"mailto:info@sauh.ee\"><span style=\"font-weight: 400;\">info@sauh.ee<\/span><\/a><\/p>\n<p>\u041d\u0430 \u0437\u0430\u043f\u0440\u043e\u0441\u044b (\u0432\u043a\u043b\u044e\u0447\u0430\u044f \u0442\u0435\u043b\u0435\u0444\u043e\u043d\u043d\u044b\u0435 \u0437\u0432\u043e\u043d\u043a\u0438) \u0438 \u043f\u0438\u0441\u044c\u043c\u0430 \u043c\u044b \u043e\u0442\u0432\u0435\u0447\u0430\u0435\u043c \u043a\u0430\u043a \u043c\u043e\u0436\u043d\u043e \u0431\u044b\u0441\u0442\u0440\u0435\u0435, \u043e\u0431\u044b\u0447\u043d\u043e \u0432 \u0442\u0435\u0447\u0435\u043d\u0438\u0435 \u043e\u0434\u043d\u043e\u0433\u043e-\u0442\u0440\u0435\u0445 \u0440\u0430\u0431\u043e\u0447\u0438\u0445 \u0434\u043d\u0435\u0439; \u043d\u0430 \u0431\u043e\u043b\u0435\u0435 \u0441\u043b\u043e\u0436\u043d\u044b\u0435 \u0437\u0430\u043f\u0440\u043e\u0441\u044b \u043e\u0442\u0432\u0435\u0442 \u043c\u043e\u0436\u0435\u0442 \u0437\u0430\u043d\u044f\u0442\u044c \u0434\u043e \u043f\u044f\u0442\u0438 \u0440\u0430\u0431\u043e\u0447\u0438\u0445 \u0434\u043d\u0435\u0439.<\/p>\n<p><span style=\"font-weight: 400;\">\u0422\u0435\u043b\u0435\u0444\u043e\u043d: +372 58126428<\/span><\/p>\n<p>ZRN O\u00dc<br \/>\n\u0420\u0435\u0433\u0438\u0441\u0442\u0440\u0430\u0446\u0438\u043e\u043d\u043d\u044b\u0439 \u043a\u043e\u0434: 17144921<br \/>\n\u0410\u0434\u0440\u0435\u0441: (\u0412\u041d\u0418\u041c\u0410\u041d\u0418\u0415! \u0415\u0441\u043b\u0438 \u0432\u044b \u0445\u043e\u0442\u0438\u0442\u0435 \u0437\u0430\u0431\u0440\u0430\u0442\u044c \u0432\u0435\u0449\u0438 \u043d\u0430 \u043c\u0435\u0441\u0442\u0435, \u043d\u0435\u043e\u0431\u0445\u043e\u0434\u0438\u043c\u043e \u043f\u0440\u0435\u0434\u0432\u0430\u0440\u0438\u0442\u0435\u043b\u044c\u043d\u043e \u0434\u043e\u0433\u043e\u0432\u043e\u0440\u0438\u0442\u044c\u0441\u044f \u043f\u043e \u0442\u0435\u043b\u0435\u0444\u043e\u043d\u0443: 58126428) Mustvee mnt 17 J\u00f5geva, J\u00f5geva vald J\u00f5gevamaa 48305, \u042d\u0441\u0442\u043e\u043d\u0438\u044f<\/p>","protected":false},"excerpt":{"rendered":"<p>sauh.ee E-mail: info@sauh.ee Vastame p\u00e4ringutele (sh telefonik\u00f5nedele) ja kirjadele v\u00f5imalikult kiiresti, tavaliselt \u00fche kuni kolme t\u00f6\u00f6p\u00e4eva jooksul; keerukamate k\u00fcsimuste korral v\u00f5ib vastus v\u00f5tta aega kuni viis t\u00f6\u00f6p\u00e4eva. Telefon: +372 58126428 ZRN O\u00dc Registrikood: 17144921 Aadress: (NB! Kui soovite asjadele j\u00e4rgi tulla kohapeale, siis tuleb eelnevalt kokkuleppida tel: 58126428) Mustvee mnt 17 J\u00f5geva, J\u00f5geva vald J\u00f5gevamaa [&hellip;]<\/p>\n","protected":false},"author":1,"featured_media":0,"parent":0,"menu_order":0,"comment_status":"closed","ping_status":"closed","template":"","meta":{"footnotes":""},"class_list":["post-105","page","type-page","status-publish","hentry"],"_links":{"self":[{"href":"https:\/\/sauh.ee\/ru\/wp-json\/wp\/v2\/pages\/105","targetHints":{"allow":["GET"]}}],"collection":[{"href":"https:\/\/sauh.ee\/ru\/wp-json\/wp\/v2\/pages"}],"about":[{"href":"https:\/\/sauh.ee\/ru\/wp-json\/wp\/v2\/types\/page"}],"author":[{"embeddable":true,"href":"https:\/\/sauh.ee\/ru\/wp-json\/wp\/v2\/users\/1"}],"replies":[{"embeddable":true,"href":"https:\/\/sauh.ee\/ru\/wp-json\/wp\/v2\/comments?post=105"}],"version-history":[{"count":5,"href":"https:\/\/sauh.ee\/ru\/wp-json\/wp\/v2\/pages\/105\/revisions"}],"predecessor-version":[{"id":9527,"href":"https:\/\/sauh.ee\/ru\/wp-json\/wp\/v2\/pages\/105\/revisions\/9527"}],"wp:attachment":[{"href":"https:\/\/sauh.ee\/ru\/wp-json\/wp\/v2\/media?parent=105"}],"curies":[{"name":"wp","href":"https:\/\/api.w.org\/{rel}","templated":true}]}}