{"id":368,"date":"2022-10-24T16:42:10","date_gmt":"2022-10-24T16:42:10","guid":{"rendered":"https:\/\/sauh.ee\/?page_id=368"},"modified":"2023-08-16T16:12:37","modified_gmt":"2023-08-16T16:12:37","slug":"kontaktivorm","status":"publish","type":"page","link":"https:\/\/sauh.ee\/ru\/kontaktivorm\/","title":{"rendered":"\u0424\u043e\u0440\u043c\u0430 \u043e\u0431\u0440\u0430\u0442\u043d\u043e\u0439 \u0441\u0432\u044f\u0437\u0438"},"content":{"rendered":"<p>Vastame p\u00e4ringutele (sh telefonik\u00f5nedele) ja kirjadele v\u00f5imalikult kiiresti, tavaliselt \u00fche kuni kolme t\u00f6\u00f6p\u00e4eva jooksul; keerukamate k\u00fcsimuste korral v\u00f5ib vastus v\u00f5tta aega kuni viis t\u00f6\u00f6p\u00e4eva.<\/p>\n<div class=\"wpforms-container wpforms-container-full\" id=\"wpforms-365\"><form id=\"wpforms-form-365\" class=\"wpforms-validate wpforms-form wpforms-ajax-form\" data-formid=\"365\" method=\"post\" enctype=\"multipart\/form-data\" action=\"\/ru\/wp-json\/wp\/v2\/pages\/368\" data-token=\"aaa21c8e1eee1c544e58f400dcefa9ea\" data-token-time=\"1777059041\"><noscript class=\"wpforms-error-noscript\">\u0414\u043b\u044f \u0437\u0430\u043f\u043e\u043b\u043d\u0435\u043d\u0438\u044f \u0434\u0430\u043d\u043d\u043e\u0439 \u0444\u043e\u0440\u043c\u044b \u0432\u043a\u043b\u044e\u0447\u0438\u0442\u0435 JavaScript \u0432 \u0431\u0440\u0430\u0443\u0437\u0435\u0440\u0435.<\/noscript><div class=\"wpforms-field-container\"><div id=\"wpforms-365-field_0-container\" class=\"wpforms-field wpforms-field-name\" data-field-id=\"0\"><label class=\"wpforms-field-label\" for=\"wpforms-365-field_0\">Nimi <span class=\"wpforms-required-label\">*<\/span><\/label><input type=\"text\" id=\"wpforms-365-field_0\" class=\"wpforms-field-medium wpforms-field-required\" name=\"wpforms[fields][0]\" required><\/div><div id=\"wpforms-365-field_1-container\" class=\"wpforms-field wpforms-field-email\" data-field-id=\"1\"><label class=\"wpforms-field-label\" for=\"wpforms-365-field_1\">E-mail <span class=\"wpforms-required-label\">*<\/span><\/label><input type=\"email\" id=\"wpforms-365-field_1\" class=\"wpforms-field-medium wpforms-field-required\" name=\"wpforms[fields][1]\" spellcheck=\"false\" required><\/div><div id=\"wpforms-365-field_2-container\" class=\"wpforms-field wpforms-field-textarea\" data-field-id=\"2\"><label class=\"wpforms-field-label\" for=\"wpforms-365-field_2\">Teie s\u00f5num meile <span class=\"wpforms-required-label\">*<\/span><\/label><textarea id=\"wpforms-365-field_2\" class=\"wpforms-field-medium wpforms-field-required\" name=\"wpforms[fields][2]\" required><\/textarea><\/div><\/div><!-- .wpforms-field-container --><div class=\"wpforms-submit-container\" ><input type=\"hidden\" name=\"wpforms[id]\" value=\"365\"><input type=\"hidden\" name=\"page_title\" value=\"\"><input type=\"hidden\" name=\"page_url\" value=\"https:\/\/sauh.ee\/ru\/wp-json\/wp\/v2\/pages\/368\"><input type=\"hidden\" name=\"url_referer\" value=\"\"><button type=\"submit\" name=\"wpforms[submit]\" id=\"wpforms-submit-365\" class=\"wpforms-submit\" data-alt-text=\"Saatmine...\" data-submit-text=\"Saada\" aria-live=\"assertive\" value=\"wpforms-submit\">Saada<\/button><img decoding=\"async\" src=\"https:\/\/sauh.ee\/wp-content\/plugins\/wpforms-lite\/assets\/images\/submit-spin.svg\" class=\"wpforms-submit-spinner\" style=\"display: none;\" width=\"26\" height=\"26\" alt=\"\u0417\u0430\u0433\u0440\u0443\u0437\u043a\u0430\"><\/div><\/form><\/div>  <!-- .wpforms-container -->\n","protected":false},"excerpt":{"rendered":"<p>\u041d\u0430 \u0437\u0430\u043f\u0440\u043e\u0441\u044b (\u0432\u043a\u043b\u044e\u0447\u0430\u044f \u0442\u0435\u043b\u0435\u0444\u043e\u043d\u043d\u044b\u0435 \u0437\u0432\u043e\u043d\u043a\u0438) \u0438 \u043f\u0438\u0441\u044c\u043c\u0430 \u043c\u044b \u043e\u0442\u0432\u0435\u0447\u0430\u0435\u043c \u043a\u0430\u043a \u043c\u043e\u0436\u043d\u043e \u0431\u044b\u0441\u0442\u0440\u0435\u0435, \u043e\u0431\u044b\u0447\u043d\u043e \u0432 \u0442\u0435\u0447\u0435\u043d\u0438\u0435 \u043e\u0434\u043d\u043e\u0433\u043e-\u0442\u0440\u0435\u0445 \u0440\u0430\u0431\u043e\u0447\u0438\u0445 \u0434\u043d\u0435\u0439; \u043d\u0430 \u0431\u043e\u043b\u0435\u0435 \u0441\u043b\u043e\u0436\u043d\u044b\u0435 \u0437\u0430\u043f\u0440\u043e\u0441\u044b \u043e\u0442\u0432\u0435\u0442 \u043c\u043e\u0436\u0435\u0442 \u0437\u0430\u043d\u044f\u0442\u044c \u0434\u043e \u043f\u044f\u0442\u0438 \u0440\u0430\u0431\u043e\u0447\u0438\u0445 \u0434\u043d\u0435\u0439.<\/p>","protected":false},"author":1,"featured_media":0,"parent":0,"menu_order":0,"comment_status":"closed","ping_status":"closed","template":"","meta":{"footnotes":""},"class_list":["post-368","page","type-page","status-publish","hentry"],"_links":{"self":[{"href":"https:\/\/sauh.ee\/ru\/wp-json\/wp\/v2\/pages\/368","targetHints":{"allow":["GET"]}}],"collection":[{"href":"https:\/\/sauh.ee\/ru\/wp-json\/wp\/v2\/pages"}],"about":[{"href":"https:\/\/sauh.ee\/ru\/wp-json\/wp\/v2\/types\/page"}],"author":[{"embeddable":true,"href":"https:\/\/sauh.ee\/ru\/wp-json\/wp\/v2\/users\/1"}],"replies":[{"embeddable":true,"href":"https:\/\/sauh.ee\/ru\/wp-json\/wp\/v2\/comments?post=368"}],"version-history":[{"count":2,"href":"https:\/\/sauh.ee\/ru\/wp-json\/wp\/v2\/pages\/368\/revisions"}],"predecessor-version":[{"id":1826,"href":"https:\/\/sauh.ee\/ru\/wp-json\/wp\/v2\/pages\/368\/revisions\/1826"}],"wp:attachment":[{"href":"https:\/\/sauh.ee\/ru\/wp-json\/wp\/v2\/media?parent=368"}],"curies":[{"name":"wp","href":"https:\/\/api.w.org\/{rel}","templated":true}]}}