{"id":1018,"date":"2023-03-01T17:32:22","date_gmt":"2023-03-01T17:32:22","guid":{"rendered":"https:\/\/sauh.ee\/?post_type=product&#038;p=1018"},"modified":"2026-03-06T10:33:52","modified_gmt":"2026-03-06T10:33:52","slug":"akumultitooriist","status":"publish","type":"product","link":"https:\/\/sauh.ee\/ru\/product\/akumultitooriist\/","title":{"rendered":"\u0410\u043a\u043a\u0443\u043c\u0443\u043b\u044f\u0442\u043e\u0440\u043d\u044b\u0439 \u043c\u0443\u043b\u044c\u0442\u0438\u0438\u043d\u0441\u0442\u0440\u0443\u043c\u0435\u043d\u0442"},"content":{"rendered":"<p><span style=\"font-weight: 400;\">\u041c\u0443\u043b\u044c\u0442\u0438\u0438\u043d\u0441\u0442\u0440\u0443\u043c\u0435\u043d\u0442 (\u0442\u0430\u043a\u0436\u0435 \u0440\u0430\u0431\u043e\u0442\u0430\u0435\u0442 \u0441 \u0430\u043a\u043a\u0443\u043c\u0443\u043b\u044f\u0442\u043e\u0440\u0430\u043c\u0438 Makita 18 \u0412).<\/span><\/p>\n<p><span style=\"font-weight: 400;\">\u041f\u043e\u0434\u0445\u043e\u0434\u0438\u0442 \u0434\u043b\u044f \u0438\u0441\u043f\u043e\u043b\u044c\u0437\u043e\u0432\u0430\u043d\u0438\u044f \u043a\u0430\u043a \u0434\u043e\u043c\u0430, \u0442\u0430\u043a \u0438 \u043d\u0430 \u0440\u0430\u0431\u043e\u0442\u0435.<\/span><\/p>\n<p><span style=\"font-weight: 400;\">\u0412 \u043a\u043e\u043c\u043f\u043b\u0435\u043a\u0442\u0435: \u043f\u0438\u043b\u044c\u043d\u044b\u0439 \u0434\u0438\u0441\u043a 10 \u043c\u043c, \u043f\u0438\u043b\u044c\u043d\u044b\u0439 \u0434\u0438\u0441\u043a 20 \u043c\u043c, \u043f\u0438\u043b\u044c\u043d\u044b\u0439 \u0434\u0438\u0441\u043a 34 \u043c\u043c, \u043f\u0438\u043b\u044c\u043d\u044b\u0439 \u0434\u0438\u0441\u043a 44 \u043c\u043c, \u043f\u0438\u043b\u044c\u043d\u044b\u0439 \u0434\u0438\u0441\u043a 88 \u043c\u043c, \u0430\u043b\u043c\u0430\u0437\u043d\u044b\u0439 \u0440\u0435\u0437\u0435\u0446 64 \u043c\u043c, \u043b\u0435\u0437\u0432\u0438\u0435 \u0438\u0437 \u043d\u0435\u0440\u0436\u0430\u0432\u0435\u044e\u0449\u0435\u0439 \u0441\u0442\u0430\u043b\u0438, \u0442\u0440\u0435\u0443\u0433\u043e\u043b\u044c\u043d\u0430\u044f \u043d\u0430\u0436\u0434\u0430\u0447\u043d\u0430\u044f \u0431\u0443\u043c\u0430\u0433\u0430 180 (15 \u0448\u0442.).<\/span><\/p>\n<p>\u0410\u043a\u043a\u0443\u043c\u0443\u043b\u044f\u0442\u043e\u0440\u044b \u0438 \u0434\u0440\u0443\u0433\u0438\u0435 \u0430\u043a\u0441\u0435\u0441\u0441\u0443\u0430\u0440\u044b \u0432 \u043a\u043e\u043c\u043f\u043b\u0435\u043a\u0442 \u043d\u0435 \u0432\u0445\u043e\u0434\u044f\u0442. \u0422\u0435\u0445\u043d\u0438\u0447\u0435\u0441\u043a\u0438\u0435 \u0445\u0430\u0440\u0430\u043a\u0442\u0435\u0440\u0438\u0441\u0442\u0438\u043a\u0438 \u0432 \u0433\u0440\u0430\u0444\u0435 \u00ab\u0414\u043e\u043f\u043e\u043b\u043d\u0438\u0442\u0435\u043b\u044c\u043d\u0430\u044f \u0438\u043d\u0444\u043e\u0440\u043c\u0430\u0446\u0438\u044f\u00bb.<\/p>\n<div style=\"width: 980px;\" class=\"wp-video\"><video class=\"wp-video-shortcode\" id=\"video-1018-1\" width=\"980\" height=\"551\" preload=\"metadata\" controls=\"controls\"><source type=\"video\/mp4\" src=\"https:\/\/sauh.ee\/wp-content\/uploads\/2023\/03\/sauh.ee-multitooriist-1.mp4?_=1\" \/><a href=\"https:\/\/sauh.ee\/wp-content\/uploads\/2023\/03\/sauh.ee-multitooriist-1.mp4\">https:\/\/sauh.ee\/wp-content\/uploads\/2023\/03\/sauh.ee-multitooriist-1.mp4<\/a><\/video><\/div>","protected":false},"excerpt":{"rendered":"<p>Multit\u00f6\u00f6riist (t\u00f6\u00f6tab samuti Makita 18V akudega Sobib kasutuseks nii kodustes, kui ka t\u00f6\u00f6 tingimustes. Komplekti kuulub: 10mm saetera, 20mm saetera, 34mm saetera, 44mm saetera, 88mm saetera, 64mm teemantl\u00f5ikuri tera, roostevabast terast tera, kolmnurkne liivapaber 180 (15tk) Akud ja muud tarvikud ei kuulu komplekti. Tehnlised andmed lisainfo veerus.<\/p>","protected":false},"featured_media":7729,"template":"","meta":[],"product_brand":[],"product_cat":[263,262,15],"product_tag":[],"class_list":{"0":"post-1018","1":"product","2":"type-product","3":"status-publish","4":"has-post-thumbnail","6":"product_cat-lihvimis-ja-loikeriistad","7":"product_cat-muud-tooriistad","8":"product_cat-analoog-tooted","10":"first","11":"onbackorder","12":"shipping-taxable","13":"purchasable","14":"product-type-simple"},"_links":{"self":[{"href":"https:\/\/sauh.ee\/ru\/wp-json\/wp\/v2\/product\/1018","targetHints":{"allow":["GET"]}}],"collection":[{"href":"https:\/\/sauh.ee\/ru\/wp-json\/wp\/v2\/product"}],"about":[{"href":"https:\/\/sauh.ee\/ru\/wp-json\/wp\/v2\/types\/product"}],"wp:featuredmedia":[{"embeddable":true,"href":"https:\/\/sauh.ee\/ru\/wp-json\/wp\/v2\/media\/7729"}],"wp:attachment":[{"href":"https:\/\/sauh.ee\/ru\/wp-json\/wp\/v2\/media?parent=1018"}],"wp:term":[{"taxonomy":"product_brand","embeddable":true,"href":"https:\/\/sauh.ee\/ru\/wp-json\/wp\/v2\/product_brand?post=1018"},{"taxonomy":"product_cat","embeddable":true,"href":"https:\/\/sauh.ee\/ru\/wp-json\/wp\/v2\/product_cat?post=1018"},{"taxonomy":"product_tag","embeddable":true,"href":"https:\/\/sauh.ee\/ru\/wp-json\/wp\/v2\/product_tag?post=1018"}],"curies":[{"name":"wp","href":"https:\/\/api.w.org\/{rel}","templated":true}]}}