{"id":1044,"date":"2023-03-06T17:16:28","date_gmt":"2023-03-06T17:16:28","guid":{"rendered":"https:\/\/sauh.ee\/?post_type=product&#038;p=1044"},"modified":"2026-04-14T08:34:35","modified_gmt":"2026-04-14T08:34:35","slug":"akukettsaag-15-cm-olipaagiga","status":"publish","type":"product","link":"https:\/\/sauh.ee\/ru\/product\/akukettsaag-15-cm-olipaagiga\/","title":{"rendered":"\u0410\u043a\u043a\u0443\u043c\u0443\u043b\u044f\u0442\u043e\u0440\u043d\u0430\u044f \u0446\u0435\u043f\u043d\u0430\u044f \u043f\u0438\u043b\u0430 15 \u0441\u043c \u0441 \u043c\u0430\u0441\u043b\u044f\u043d\u044b\u043c \u0431\u0430\u043a\u043e\u043c"},"content":{"rendered":"<p><span style=\"font-weight: 400;\">15-\u0441\u043c \u0446\u0435\u043f\u043d\u0430\u044f \u043f\u0438\u043b\u0430 \u2014 \u044d\u0442\u043e \u043a\u043e\u043c\u043f\u0430\u043a\u0442\u043d\u0430\u044f \u0440\u0443\u0447\u043d\u0430\u044f \u043f\u0438\u043b\u0430, \u043a\u043e\u0442\u043e\u0440\u0430\u044f \u043f\u043e\u0434\u0445\u043e\u0434\u0438\u0442 \u0434\u043b\u044f \u0440\u0435\u0437\u043a\u0438 \u043d\u0435\u0431\u043e\u043b\u044c\u0448\u0438\u0445 \u0438 \u0441\u0440\u0435\u0434\u043d\u0438\u0445 \u0432\u0435\u0442\u043e\u043a \u0438 \u0441\u0442\u0432\u043e\u043b\u043e\u0432 \u0434\u0435\u0440\u0435\u0432\u044c\u0435\u0432.\u00a0<\/span><\/p>\n<p><span style=\"font-weight: 400;\">\u0412\u043e\u0437\u043c\u043e\u0436\u043d\u043e\u0441\u0442\u044c \u0442\u0430\u043a\u0436\u0435 \u043f\u0440\u0438\u043e\u0431\u0440\u0435\u0441\u0442\u0438 <a href=\"https:\/\/sauh.ee\/ru\/product\/akukettsaag-15-cm-vahetuskett\/\">\u0437\u0430\u043f\u0430\u0441\u043d\u0443\u044e \u0446\u0435\u043f\u044c<\/a>.<\/span><\/p>\n<p><iframe title=\"Akukettsaag 15 cm \u00f5lipaagiga - sauh.ee\" width=\"980\" height=\"551\" src=\"https:\/\/www.youtube.com\/embed\/MyXTb9vBYXo?feature=oembed\" frameborder=\"0\" allow=\"accelerometer; autoplay; clipboard-write; encrypted-media; gyroscope; picture-in-picture; web-share\" referrerpolicy=\"strict-origin-when-cross-origin\" allowfullscreen><\/iframe><\/p>\n<table>\n<thead>\n<tr>\n<th>\u0425\u0430\u0440\u0430\u043a\u0442\u0435\u0440\u0438\u0441\u0442\u0438\u043a\u0430<\/th>\n<th>\u0417\u043d\u0430\u0447\u0435\u043d\u0438\u0435<\/th>\n<\/tr>\n<\/thead>\n<tbody>\n<tr>\n<td>\u041d\u043e\u043c\u0438\u043d\u0430\u043b\u044c\u043d\u043e\u0435 \u043d\u0430\u043f\u0440\u044f\u0436\u0435\u043d\u0438\u0435<\/td>\n<td>18 \u0412 (\u043f\u043e\u0434\u0445\u043e\u0434\u0438\u0442 \u0434\u043b\u044f \u0438\u0441\u043f\u043e\u043b\u044c\u0437\u043e\u0432\u0430\u043d\u0438\u044f \u0441 \u0430\u043a\u043a\u0443\u043c\u0443\u043b\u044f\u0442\u043e\u0440\u0430\u043c\u0438 \u041c\u0430\u043a\u0438\u0442\u0430)<\/td>\n<\/tr>\n<tr>\n<td>\u041d\u043e\u043c\u0438\u043d\u0430\u043b\u044c\u043d\u0430\u044f \u043c\u043e\u0449\u043d\u043e\u0441\u0442\u044c<\/td>\n<td>550 \u0412\u0442<\/td>\n<\/tr>\n<tr>\n<td>\u0421\u043a\u043e\u0440\u043e\u0441\u0442\u044c \u0432\u0440\u0430\u0449\u0435\u043d\u0438\u044f<\/td>\n<td>22 000 \u043e\u0431\/\u043c\u0438\u043d<\/td>\n<\/tr>\n<tr>\n<td>\u0422\u0438\u043f \u0434\u0432\u0438\u0433\u0430\u0442\u0435\u043b\u044f<\/td>\n<td>\u0421 \u0449\u0435\u0442\u043a\u0430\u043c\u0438 (brushed)<\/td>\n<\/tr>\n<tr>\n<td>\u0414\u043b\u0438\u043d\u0430 \u043f\u0438\u043b\u044c\u043d\u043e\u0433\u043e \u0434\u0438\u0441\u043a\u0430<\/td>\n<td>15 \u0441\u043c (6\u2033)<\/td>\n<\/tr>\n<tr>\n<td>\u0421\u043a\u043e\u0440\u043e\u0441\u0442\u044c \u0446\u0435\u043f\u0438<\/td>\n<td>5,8 \u043c\/\u0441<\/td>\n<\/tr>\n<tr>\n<td>\u0412\u0435\u0441<\/td>\n<td>1,3 \u043a\u0433<\/td>\n<\/tr>\n<tr>\n<td>\u0421\u043c\u0430\u0437\u043a\u0430<\/td>\n<td>\u0420\u0443\u0447\u043d\u043e\u0439 \u043d\u0430\u0441\u043e\u0441<\/td>\n<\/tr>\n<\/tbody>\n<\/table>","protected":false},"excerpt":{"rendered":"<p>15 cm kettsaag on kompaktne ja k\u00e4sisaag, mis sobib v\u00e4ikeste ja keskmise suurusega puuokste ja t\u00fcvede l\u00f5ikamiseks.\u00a0 V\u00f5imalus soetada ka vahetuskett. Omadus V\u00e4\u00e4rtus Nimipinge 18 V (sobib kasutada Makita akudega) Nimiv\u00f5imsus 550 W P\u00f6\u00f6rlemiskiirus 22 000 p\/min Mootori t\u00fc\u00fcp Harjadega (brushed) Juhtplaadi pikkus 15 cm (6&#8243;) Keti kiirus 5,8 m\/s Kaal 1,3 kg \u00d5litus Manuaalne [&hellip;]<\/p>\n","protected":false},"featured_media":9421,"template":"","meta":[],"product_brand":[],"product_cat":[257,45,15],"product_tag":[272],"class_list":{"0":"post-1044","1":"product","2":"type-product","3":"status-publish","4":"has-post-thumbnail","6":"product_cat-aia-tooriistad","7":"product_cat-saed","8":"product_cat-analoog-tooted","9":"product_tag-sugis","11":"first","12":"onbackorder","13":"shipping-taxable","14":"purchasable","15":"product-type-variable"},"_links":{"self":[{"href":"https:\/\/sauh.ee\/ru\/wp-json\/wp\/v2\/product\/1044","targetHints":{"allow":["GET"]}}],"collection":[{"href":"https:\/\/sauh.ee\/ru\/wp-json\/wp\/v2\/product"}],"about":[{"href":"https:\/\/sauh.ee\/ru\/wp-json\/wp\/v2\/types\/product"}],"wp:featuredmedia":[{"embeddable":true,"href":"https:\/\/sauh.ee\/ru\/wp-json\/wp\/v2\/media\/9421"}],"wp:attachment":[{"href":"https:\/\/sauh.ee\/ru\/wp-json\/wp\/v2\/media?parent=1044"}],"wp:term":[{"taxonomy":"product_brand","embeddable":true,"href":"https:\/\/sauh.ee\/ru\/wp-json\/wp\/v2\/product_brand?post=1044"},{"taxonomy":"product_cat","embeddable":true,"href":"https:\/\/sauh.ee\/ru\/wp-json\/wp\/v2\/product_cat?post=1044"},{"taxonomy":"product_tag","embeddable":true,"href":"https:\/\/sauh.ee\/ru\/wp-json\/wp\/v2\/product_tag?post=1044"}],"curies":[{"name":"wp","href":"https:\/\/api.w.org\/{rel}","templated":true}]}}