{"id":1079,"date":"2023-03-07T19:44:18","date_gmt":"2023-03-07T19:44:18","guid":{"rendered":"https:\/\/sauh.ee\/?post_type=product&#038;p=1079"},"modified":"2026-01-19T10:06:54","modified_gmt":"2026-01-19T10:06:54","slug":"akuketassaag-125-mm","status":"publish","type":"product","link":"https:\/\/sauh.ee\/ru\/product\/akuketassaag-125-mm\/","title":{"rendered":"\u0410\u043a\u043a\u0443\u043c\u0443\u043b\u044f\u0442\u043e\u0440\u043d\u0430\u044f \u0446\u0438\u0440\u043a\u0443\u043b\u044f\u0440\u043d\u0430\u044f \u043f\u0438\u043b\u0430 125 \u043c\u043c"},"content":{"rendered":"<div style=\"width: 980px;\" class=\"wp-video\"><video class=\"wp-video-shortcode\" id=\"video-1079-1\" width=\"980\" height=\"551\" preload=\"metadata\" controls=\"controls\"><source type=\"video\/mp4\" src=\"https:\/\/sauh.ee\/wp-content\/uploads\/2023\/03\/sauh.ee-akuketassaag-125mm-1.mp4?_=1\" \/><a href=\"https:\/\/sauh.ee\/wp-content\/uploads\/2023\/03\/sauh.ee-akuketassaag-125mm-1.mp4\">https:\/\/sauh.ee\/wp-content\/uploads\/2023\/03\/sauh.ee-akuketassaag-125mm-1.mp4<\/a><\/video><\/div>\n<p>&nbsp;<\/p>\n<p><span style=\"font-weight: 400;\">\u0410\u043a\u043a\u0443\u043c\u0443\u043b\u044f\u0442\u043e\u0440\u043d\u0430\u044f \u0446\u0438\u0440\u043a\u0443\u043b\u044f\u0440\u043d\u0430\u044f \u043f\u0438\u043b\u0430, \u0446\u0438\u0440\u043a\u0443\u043b\u044f\u0440\u043a\u0430 125 \u043c\u043c<\/span><\/p>\n<p><span style=\"font-weight: 400;\">\u0421\u043e\u0432\u043c\u0435\u0441\u0442\u0438\u043c \u0441 \u0430\u043a\u043a\u0443\u043c\u0443\u043b\u044f\u0442\u043e\u0440\u0430\u043c\u0438 Makita 18 \u0412. \u0414\u043b\u044f \u0440\u0435\u0437\u043a\u0438 \u0434\u0440\u0435\u0432\u0435\u0441\u0438\u043d\u044b, \u041f\u0412\u0425, \u041c\u0414\u0424, \u0444\u0430\u043d\u0435\u0440\u044b, \u043a\u0430\u043c\u043d\u044f, \u0434\u0435\u0440\u0435\u0432\u0430, \u043a\u0435\u0440\u0430\u043c\u0438\u0447\u0435\u0441\u043a\u043e\u0439 \u043f\u043b\u0438\u0442\u043a\u0438 \u0438 \u0442. \u0434. \u0423\u0433\u043e\u043b \u0440\u0435\u0437\u0430\u043d\u0438\u044f \u0440\u0435\u0433\u0443\u043b\u0438\u0440\u0443\u0435\u0442\u0441\u044f \u043e\u0442 0\u00b0 \u0434\u043e 45\u00b0. \u041b\u0435\u0433\u043a\u0430\u044f \u043a\u043e\u043d\u0441\u0442\u0440\u0443\u043a\u0446\u0438\u044f \u0441\u043d\u0438\u0436\u0430\u0435\u0442 \u0443\u0442\u043e\u043c\u043b\u044f\u0435\u043c\u043e\u0441\u0442\u044c \u043f\u0440\u0438 \u0440\u0430\u0431\u043e\u0442\u0435 \u043e\u0434\u043d\u043e\u0439 \u0440\u0443\u043a\u043e\u0439.<\/span><\/p>\n<p><span style=\"font-weight: 400;\">\u0410\u043a\u043a\u0443\u043c\u0443\u043b\u044f\u0442\u043e\u0440\u044b \u0438 \u0434\u0440\u0443\u0433\u0438\u0435 \u0430\u043a\u0441\u0435\u0441\u0441\u0443\u0430\u0440\u044b \u0432 \u043a\u043e\u043c\u043f\u043b\u0435\u043a\u0442 \u043d\u0435 \u0432\u0445\u043e\u0434\u044f\u0442.<\/span><\/p>\n<p>\u0422\u0435\u0445\u043d\u0438\u0447\u0435\u0441\u043a\u0438\u0435 \u0434\u0430\u043d\u043d\u044b\u0435 \u0432 \u043a\u043e\u043b\u043e\u043d\u043a\u0435 \u00ab\u0414\u043e\u043f\u043e\u043b\u043d\u0438\u0442\u0435\u043b\u044c\u043d\u0430\u044f \u0438\u043d\u0444\u043e\u0440\u043c\u0430\u0446\u0438\u044f\u00bb.<\/p>","protected":false},"excerpt":{"rendered":"<p>&nbsp; Akuketassaag, ketassaag 125mm. Sobib Makita 18V akudega. T\u00e4ispuidu, PVC, MDF, vineeri, kivi, puidu, keraamiliste plaatide jms l\u00f5ikamiseks. Kaldl\u00f5ikenurka saab reguleerida vahemikus 0\u00b0 kuni 45\u00b0. Kerge disain v\u00e4hendab v\u00e4simust \u00fche k\u00e4ega t\u00f6\u00f6tamisel. Akud ja muud tarvikud ei kuulu komplekti. Tehnilised andmed lisainfo veerus.<\/p>","protected":false},"featured_media":7700,"template":"","meta":[],"product_brand":[],"product_cat":[45,15],"product_tag":[],"class_list":{"0":"post-1079","1":"product","2":"type-product","3":"status-publish","4":"has-post-thumbnail","6":"product_cat-saed","7":"product_cat-analoog-tooted","9":"first","10":"onbackorder","11":"sale","12":"shipping-taxable","13":"purchasable","14":"product-type-simple"},"_links":{"self":[{"href":"https:\/\/sauh.ee\/ru\/wp-json\/wp\/v2\/product\/1079","targetHints":{"allow":["GET"]}}],"collection":[{"href":"https:\/\/sauh.ee\/ru\/wp-json\/wp\/v2\/product"}],"about":[{"href":"https:\/\/sauh.ee\/ru\/wp-json\/wp\/v2\/types\/product"}],"wp:featuredmedia":[{"embeddable":true,"href":"https:\/\/sauh.ee\/ru\/wp-json\/wp\/v2\/media\/7700"}],"wp:attachment":[{"href":"https:\/\/sauh.ee\/ru\/wp-json\/wp\/v2\/media?parent=1079"}],"wp:term":[{"taxonomy":"product_brand","embeddable":true,"href":"https:\/\/sauh.ee\/ru\/wp-json\/wp\/v2\/product_brand?post=1079"},{"taxonomy":"product_cat","embeddable":true,"href":"https:\/\/sauh.ee\/ru\/wp-json\/wp\/v2\/product_cat?post=1079"},{"taxonomy":"product_tag","embeddable":true,"href":"https:\/\/sauh.ee\/ru\/wp-json\/wp\/v2\/product_tag?post=1079"}],"curies":[{"name":"wp","href":"https:\/\/api.w.org\/{rel}","templated":true}]}}