{"id":1095,"date":"2023-03-09T10:47:24","date_gmt":"2023-03-09T10:47:24","guid":{"rendered":"https:\/\/sauh.ee\/?post_type=product&#038;p=1095"},"modified":"2026-04-16T09:27:51","modified_gmt":"2026-04-16T09:27:51","slug":"oonagemise-digitaalne-binokkel","status":"publish","type":"product","link":"https:\/\/sauh.ee\/ru\/product\/oonagemise-digitaalne-binokkel\/","title":{"rendered":"\u0426\u0438\u0444\u0440\u043e\u0432\u043e\u0439 \u0431\u0438\u043d\u043e\u043a\u043b\u044c \u0434\u043b\u044f \u043d\u043e\u0447\u043d\u043e\u0433\u043e \u0432\u0438\u0434\u0435\u043d\u0438\u044f"},"content":{"rendered":"<p><span style=\"font-weight: 400;\">\u0411\u0438\u043d\u043e\u043a\u043b\u044c \u043d\u043e\u0447\u043d\u043e\u0433\u043e \u0432\u0438\u0434\u0435\u043d\u0438\u044f (night vision binoculars). \u0421 \u043f\u043e\u043c\u043e\u0449\u044c\u044e \u0446\u0438\u0444\u0440\u043e\u0432\u043e\u0433\u043e \u0431\u0438\u043d\u043e\u043a\u043b\u044f \u043d\u043e\u0447\u043d\u043e\u0433\u043e \u0432\u0438\u0434\u0435\u043d\u0438\u044f \u0432\u044b \u0441\u043c\u043e\u0436\u0435\u0442\u0435 \u0440\u0430\u0441\u0441\u043c\u043e\u0442\u0440\u0435\u0442\u044c \u0432\u0431\u043b\u0438\u0437\u0438 \u0432\u0441\u0435, \u0447\u0442\u043e \u043d\u0430\u0445\u043e\u0434\u0438\u0442\u0441\u044f \u0432 \u0442\u0435\u043d\u0438 \u043d\u0430 \u044d\u043a\u0440\u0430\u043d\u0435.<\/span><\/p>\n<p><span style=\"font-weight: 400;\">\u0411\u0438\u043d\u043e\u043a\u043b\u044c \u043d\u043e\u0447\u043d\u043e\u0433\u043e \u0432\u0438\u0434\u0435\u043d\u0438\u044f \u043f\u043e\u0434\u0445\u043e\u0434\u0438\u0442 \u0434\u043b\u044f \u0438\u0441\u043f\u043e\u043b\u044c\u0437\u043e\u0432\u0430\u043d\u0438\u044f \u043a\u0430\u043a \u0434\u043d\u0435\u043c, \u0442\u0430\u043a \u0438 \u043d\u043e\u0447\u044c\u044e. \u042d\u0444\u0444\u0435\u043a\u0442\u0438\u0432\u043d\u043e\u0435 \u0440\u0430\u0441\u0441\u0442\u043e\u044f\u043d\u0438\u0435 \u043e\u0431\u0437\u043e\u0440\u0430 \u0434\u043e 300 \u043c. \u0420\u0430\u0431\u043e\u0442\u0430\u0435\u0442 \u043e\u0442 6 \u0431\u0430\u0442\u0430\u0440\u0435\u0435\u043a \u0442\u0438\u043f\u0430 AA (\u0431\u0430\u0442\u0430\u0440\u0435\u0439\u043a\u0438 \u0432 \u043a\u043e\u043c\u043f\u043b\u0435\u043a\u0442 \u043d\u0435 \u0432\u0445\u043e\u0434\u044f\u0442).<\/span><\/p>\n<p><span style=\"font-weight: 400;\">\u0426\u0438\u0444\u0440\u043e\u0432\u043e\u0439 \u043d\u043e\u0447\u043d\u043e\u0439 \u0431\u0438\u043d\u043e\u043a\u043b\u044c \u043f\u043e\u0437\u0432\u043e\u043b\u044f\u0435\u0442 \u0443\u0432\u0435\u043b\u0438\u0447\u0438\u0432\u0430\u0442\u044c \u0443\u0432\u0438\u0434\u0435\u043d\u043d\u043e\u0435 \u0441 \u043f\u043e\u043c\u043e\u0449\u044c\u044e 5-\u043a\u0440\u0430\u0442\u043d\u043e\u0433\u043e \u0446\u0438\u0444\u0440\u043e\u0432\u043e\u0433\u043e \u0437\u0443\u043c\u0430 \u0438 \u0437\u0430\u043f\u0438\u0441\u044b\u0432\u0430\u0442\u044c \u0432\u044b\u0441\u043e\u043a\u043e\u043a\u0430\u0447\u0435\u0441\u0442\u0432\u0435\u043d\u043d\u043e\u0435 \u0432\u0438\u0434\u0435\u043e (HD-\u0432\u0438\u0434\u0435\u043e, \u0440\u0430\u0437\u0440\u0435\u0448\u0435\u043d\u0438\u0435 \u0432\u0438\u0434\u0435\u043e <\/span><span style=\"font-weight: 400;\">FHD 1920&#215;1080 30FPS , HD 1088&#215;1088 30FPS).<\/span><\/p>\n<p><span style=\"font-weight: 400;\">\u0414\u0440\u0443\u0433\u0438\u0435 \u0445\u0430\u0440\u0430\u043a\u0442\u0435\u0440\u0438\u0441\u0442\u0438\u043a\u0438 \u043f\u0435\u0440\u0435\u0447\u0438\u0441\u043b\u0435\u043d\u044b \u0432 \u0440\u0430\u0437\u0434\u0435\u043b\u0435 \"\u0422\u0435\u0445\u043d\u0438\u0447\u0435\u0441\u043a\u0438\u0435 \u0445\u0430\u0440\u0430\u043a\u0442\u0435\u0440\u0438\u0441\u0442\u0438\u043a\u0438\".<\/span><\/p>\n<p>\u0412\u0438\u0434\u0435\u043e, \u0437\u0430\u043f\u0438\u0441\u0430\u043d\u043d\u043e\u0435 \u0441 \u043f\u043e\u043c\u043e\u0449\u044c\u044e \u043a\u0430\u043c\u0435\u0440\u044b:<\/p>\n<div style=\"width: 640px;\" class=\"wp-video\"><video class=\"wp-video-shortcode\" id=\"video-1095-1\" width=\"640\" height=\"360\" preload=\"metadata\" controls=\"controls\"><source type=\"video\/mp4\" src=\"https:\/\/sauh.ee\/wp-content\/uploads\/2023\/03\/sauh.ee-oovaatlussead-monocular-2.mp4?_=1\" \/><a href=\"https:\/\/sauh.ee\/wp-content\/uploads\/2023\/03\/sauh.ee-oovaatlussead-monocular-2.mp4\">https:\/\/sauh.ee\/wp-content\/uploads\/2023\/03\/sauh.ee-oovaatlussead-monocular-2.mp4<\/a><\/video><\/div>\n<p>&nbsp;<\/p>\n<p>\u0412\u0438\u0434\u0435\u043e \u0441 \u044d\u043a\u0440\u0430\u043d\u0430 \u043a\u0430\u043c\u0435\u0440\u044b:<\/p>\n<div style=\"width: 980px;\" class=\"wp-video\"><video class=\"wp-video-shortcode\" id=\"video-1095-2\" width=\"980\" height=\"551\" preload=\"metadata\" controls=\"controls\"><source type=\"video\/mp4\" src=\"https:\/\/sauh.ee\/wp-content\/uploads\/2023\/03\/sauh.ee-oovaatlussead-monocular-1.mp4?_=2\" \/><a href=\"https:\/\/sauh.ee\/wp-content\/uploads\/2023\/03\/sauh.ee-oovaatlussead-monocular-1.mp4\">https:\/\/sauh.ee\/wp-content\/uploads\/2023\/03\/sauh.ee-oovaatlussead-monocular-1.mp4<\/a><\/video><\/div>","protected":false},"excerpt":{"rendered":"<p>\u00d6\u00f6vaatlusseade (night vision binoculars). Digitaalse \u00f6\u00f6vaatlusseadmega saate ekraanil l\u00e4hedalt vaadata k\u00f5ike, mis j\u00e4\u00e4b pimeduse varjus. \u00d6\u00f6binokkel sobib kasutuseks nii p\u00e4evasel, kui ka \u00f6isel ajal. Effektiivne vaatekaugus kuni 300m. T\u00f6\u00f6tab 6 x AA patareil (patareid ei kuulu komplekti). Digitaalne \u00f6\u00f6 binokkel v\u00f5imaldab suurendada n\u00e4htavat mitmekordselt 5x digitaalse suumi abil (5 x digital zoom) ning salvestada kvaliteetseid [&hellip;]<\/p>\n","protected":false},"featured_media":7695,"template":"","meta":[],"product_brand":[],"product_cat":[47,265,267],"product_tag":[],"class_list":{"0":"post-1095","1":"product","2":"type-product","3":"status-publish","4":"has-post-thumbnail","6":"product_cat-matka-tarbed","7":"product_cat-matkale","8":"product_cat-valivarustus","10":"first","11":"onbackorder","12":"shipping-taxable","13":"purchasable","14":"product-type-simple"},"_links":{"self":[{"href":"https:\/\/sauh.ee\/ru\/wp-json\/wp\/v2\/product\/1095","targetHints":{"allow":["GET"]}}],"collection":[{"href":"https:\/\/sauh.ee\/ru\/wp-json\/wp\/v2\/product"}],"about":[{"href":"https:\/\/sauh.ee\/ru\/wp-json\/wp\/v2\/types\/product"}],"wp:featuredmedia":[{"embeddable":true,"href":"https:\/\/sauh.ee\/ru\/wp-json\/wp\/v2\/media\/7695"}],"wp:attachment":[{"href":"https:\/\/sauh.ee\/ru\/wp-json\/wp\/v2\/media?parent=1095"}],"wp:term":[{"taxonomy":"product_brand","embeddable":true,"href":"https:\/\/sauh.ee\/ru\/wp-json\/wp\/v2\/product_brand?post=1095"},{"taxonomy":"product_cat","embeddable":true,"href":"https:\/\/sauh.ee\/ru\/wp-json\/wp\/v2\/product_cat?post=1095"},{"taxonomy":"product_tag","embeddable":true,"href":"https:\/\/sauh.ee\/ru\/wp-json\/wp\/v2\/product_tag?post=1095"}],"curies":[{"name":"wp","href":"https:\/\/api.w.org\/{rel}","templated":true}]}}