{"id":1129,"date":"2023-03-09T16:15:56","date_gmt":"2023-03-09T16:15:56","guid":{"rendered":"https:\/\/sauh.ee\/?post_type=product&#038;p=1129"},"modified":"2025-06-26T00:02:36","modified_gmt":"2025-06-26T00:02:36","slug":"aku-ohupump","status":"publish","type":"product","link":"https:\/\/sauh.ee\/ru\/product\/aku-ohupump\/","title":{"rendered":"\u0410\u043a\u043a\u0443\u043c\u0443\u043b\u044f\u0442\u043e\u0440\u043d\u044b\u0439 \u0432\u043e\u0437\u0434\u0443\u0448\u043d\u044b\u0439 \u043d\u0430\u0441\u043e\u0441"},"content":{"rendered":"<p><span style=\"font-weight: 400;\">\u041f\u043e\u0440\u0442\u0430\u0442\u0438\u0432\u043d\u044b\u0439 \u0430\u043a\u043a\u0443\u043c\u0443\u043b\u044f\u0442\u043e\u0440\u043d\u044b\u0439 \u0432\u043e\u0437\u0434\u0443\u0448\u043d\u044b\u0439 \u043d\u0430\u0441\u043e\u0441, \u043d\u0430\u0441\u043e\u0441 \u0434\u043b\u044f \u043c\u0430\u0442\u0440\u0430\u0441\u043e\u0432. \u041d\u0435\u0437\u0430\u043c\u0435\u043d\u0438\u043c\u0430\u044f \u0432\u0435\u0449\u044c \u0432 \u043f\u043e\u0445\u043e\u0434\u0435 \u0438\u043b\u0438 \u043d\u0430 \u043f\u043b\u044f\u0436\u0435 \u0434\u043b\u044f \u0431\u044b\u0441\u0442\u0440\u043e\u0433\u043e \u043d\u0430\u0434\u0443\u0432\u0430\u043d\u0438\u044f \u043c\u0430\u0442\u0440\u0430\u0441\u0430, \u0440\u0435\u0437\u0438\u043d\u043e\u0432\u043e\u0439 \u043b\u043e\u0434\u043a\u0438 \u0438\u043b\u0438 \u043f\u043b\u0430\u0432\u0430\u0442\u0435\u043b\u044c\u043d\u043e\u0433\u043e \u043a\u0440\u0443\u0433\u0430. \u041d\u0430\u0441\u043e\u0441 \u043f\u0435\u0440\u0435\u0437\u0430\u0440\u044f\u0436\u0430\u0435\u0442\u0441\u044f \u0441 \u043f\u043e\u043c\u043e\u0449\u044c\u044e \u043a\u0430\u0431\u0435\u043b\u044f USB 5V.\u00a0<\/span><\/p>\n<p>\u041d\u0430\u043f\u0440\u044f\u0436\u0435\u043d\u0438\u0435: 5 \u0412<br \/>\n\u0420\u0430\u0437\u043c\u0435\u0440\u044b: 11 \u0441\u043c x 9 \u0441\u043c x 9 \u0441\u043c<br \/>\n\u0412\u0435\u0441: 0,33-0,55 \u043a\u0433<br \/>\n\u0420\u0430\u0441\u0445\u043e\u0434 \u0432\u043e\u0437\u0434\u0443\u0445\u0430: 485 \u043b\/\u043c\u0438\u043d<\/p>\n<div style=\"width: 980px;\" class=\"wp-video\"><video class=\"wp-video-shortcode\" id=\"video-1129-1\" width=\"980\" height=\"551\" preload=\"metadata\" controls=\"controls\"><source type=\"video\/mp4\" src=\"https:\/\/sauh.ee\/wp-content\/uploads\/2023\/03\/cf70d888e73162909291f5ce08d31cd086ac4303.f30-online-video-cutter.com-3-1.mp4?_=1\" \/><a href=\"https:\/\/sauh.ee\/wp-content\/uploads\/2023\/03\/cf70d888e73162909291f5ce08d31cd086ac4303.f30-online-video-cutter.com-3-1.mp4\">https:\/\/sauh.ee\/wp-content\/uploads\/2023\/03\/cf70d888e73162909291f5ce08d31cd086ac4303.f30-online-video-cutter.com-3-1.mp4<\/a><\/video><\/div>","protected":false},"excerpt":{"rendered":"<p>Kaasaskantav aku \u00f5hupump, madratsipump. Vajalik toode matkal v\u00f5i rannas, et kiiresti t\u00e4is puhuda madrats, kummipaat v\u00f5i ujumisr\u00f5ngas. Pump taaslaetav USB 5V kaabliga.\u00a0 Pinge: 5V M\u00f5\u00f5dud: 11 cm x 9 cm x 9cm Kaal: 0,33-0,55 kg \u00d5huvool: 485L\/min<\/p>","protected":false},"featured_media":7677,"template":"","meta":[],"product_brand":[],"product_cat":[47,265,267],"product_tag":[],"class_list":{"0":"post-1129","1":"product","2":"type-product","3":"status-publish","4":"has-post-thumbnail","6":"product_cat-matka-tarbed","7":"product_cat-matkale","8":"product_cat-valivarustus","10":"first","11":"onbackorder","12":"shipping-taxable","13":"purchasable","14":"product-type-simple"},"_links":{"self":[{"href":"https:\/\/sauh.ee\/ru\/wp-json\/wp\/v2\/product\/1129","targetHints":{"allow":["GET"]}}],"collection":[{"href":"https:\/\/sauh.ee\/ru\/wp-json\/wp\/v2\/product"}],"about":[{"href":"https:\/\/sauh.ee\/ru\/wp-json\/wp\/v2\/types\/product"}],"wp:featuredmedia":[{"embeddable":true,"href":"https:\/\/sauh.ee\/ru\/wp-json\/wp\/v2\/media\/7677"}],"wp:attachment":[{"href":"https:\/\/sauh.ee\/ru\/wp-json\/wp\/v2\/media?parent=1129"}],"wp:term":[{"taxonomy":"product_brand","embeddable":true,"href":"https:\/\/sauh.ee\/ru\/wp-json\/wp\/v2\/product_brand?post=1129"},{"taxonomy":"product_cat","embeddable":true,"href":"https:\/\/sauh.ee\/ru\/wp-json\/wp\/v2\/product_cat?post=1129"},{"taxonomy":"product_tag","embeddable":true,"href":"https:\/\/sauh.ee\/ru\/wp-json\/wp\/v2\/product_tag?post=1129"}],"curies":[{"name":"wp","href":"https:\/\/api.w.org\/{rel}","templated":true}]}}