{"id":1292,"date":"2023-04-13T12:39:18","date_gmt":"2023-04-13T12:39:18","guid":{"rendered":"https:\/\/sauh.ee\/?post_type=product&#038;p=1292"},"modified":"2026-04-14T12:49:18","modified_gmt":"2026-04-14T12:49:18","slug":"laserkaugusmootja-80m","status":"publish","type":"product","link":"https:\/\/sauh.ee\/ru\/product\/laserkaugusmootja-80m\/","title":{"rendered":"\u041b\u0430\u0437\u0435\u0440\u043d\u044b\u0439 \u0434\u0430\u043b\u044c\u043d\u043e\u043c\u0435\u0440 40\u201380 \u043c"},"content":{"rendered":"<p><span style=\"font-weight: 400;\">\u0420\u0443\u0447\u043d\u043e\u0439 \u043b\u0430\u0437\u0435\u0440\u043d\u044b\u0439 \u0434\u0430\u043b\u044c\u043d\u043e\u043c\u0435\u0440. \u041f\u043e\u0437\u0432\u043e\u043b\u044f\u0435\u0442 \u0438\u0437\u043c\u0435\u0440\u0438\u0442\u044c \u0440\u0430\u0441\u0441\u0442\u043e\u044f\u043d\u0438\u0435 \u0434\u043e 40 \u0438\u043b\u0438 80 \u043c \u0441 \u0442\u043e\u0447\u043d\u043e\u0441\u0442\u044c\u044e \u0434\u043e \u043c\u0438\u043b\u043b\u0438\u043c\u0435\u0442\u0440\u0430 \u0432\u0441\u0435\u0433\u043e \u0437\u0430 \u043d\u0435\u0441\u043a\u043e\u043b\u044c\u043a\u043e \u0441\u0435\u043a\u0443\u043d\u0434.<\/span><\/p>\n<p><iframe title=\"\u041b\u0430\u0437\u0435\u0440\u043d\u044b\u0439 \u0434\u0430\u043b\u044c\u043d\u043e\u043c\u0435\u0440 40\u201380 \u043c\" width=\"980\" height=\"551\" src=\"https:\/\/www.youtube.com\/embed\/SFPTjodJf5E?feature=oembed\" frameborder=\"0\" allow=\"accelerometer; autoplay; clipboard-write; encrypted-media; gyroscope; picture-in-picture; web-share\" referrerpolicy=\"strict-origin-when-cross-origin\" allowfullscreen><\/iframe><\/p>\n<p><span style=\"font-weight: 400;\">\u041f\u043e\u0434\u0445\u043e\u0434\u0438\u0442 \u0434\u043b\u044f \u0438\u0441\u043f\u043e\u043b\u044c\u0437\u043e\u0432\u0430\u043d\u0438\u044f \u043f\u0440\u0438 \u0438\u0437\u043c\u0435\u0440\u0435\u043d\u0438\u044f\u0445, \u043a\u0430\u0440\u0442\u043e\u0433\u0440\u0430\u0444\u0438\u0440\u043e\u0432\u0430\u043d\u0438\u0438, \u0432\u043d\u0443\u0442\u0440\u0435\u043d\u043d\u0438\u0445 \u0440\u0430\u0431\u043e\u0442\u0430\u0445, \u0441\u0442\u0440\u043e\u0438\u0442\u0435\u043b\u044c\u0441\u0442\u0432\u0435 \u0438 \u0442. \u0434. \u0412\u043e\u0437\u043c\u043e\u0436\u043d\u043e\u0441\u0442\u044c \u0441\u043e\u0445\u0440\u0430\u043d\u044f\u0442\u044c \u0434\u0430\u043d\u043d\u044b\u0435 \u043e \u0445\u043e\u0434\u0435 \u0440\u0430\u0431\u043e\u0442\u044b \u0438 \u043f\u0440\u043e\u0441\u043c\u0430\u0442\u0440\u0438\u0432\u0430\u0442\u044c \u0438\u0445 \u043f\u043e\u0437\u0436\u0435. \u041b\u0430\u0437\u0435\u0440\u043d\u044b\u0439 \u0434\u0430\u043b\u044c\u043d\u043e\u043c\u0435\u0440 \u0437\u0430\u0449\u0438\u0449\u0435\u043d \u0443\u0434\u0430\u0440\u043e\u043f\u0440\u043e\u0447\u043d\u044b\u043c \u0438 \u0432\u043e\u0434\u043e\u043d\u0435\u043f\u0440\u043e\u043d\u0438\u0446\u0430\u0435\u043c\u044b\u043c \u0447\u0435\u0445\u043b\u043e\u043c.<\/span><\/p>\n<p><img fetchpriority=\"high\" decoding=\"async\" class=\"alignnone size-full wp-image-9729\" src=\"https:\/\/sauh.ee\/wp-content\/uploads\/2023\/04\/sauh.ee-lasekaugusmootja-laser-80-m_6.webp\" alt=\"\" width=\"1000\" height=\"1000\" srcset=\"https:\/\/sauh.ee\/wp-content\/uploads\/2023\/04\/sauh.ee-lasekaugusmootja-laser-80-m_6.webp 1000w, https:\/\/sauh.ee\/wp-content\/uploads\/2023\/04\/sauh.ee-lasekaugusmootja-laser-80-m_6-300x300.webp 300w, https:\/\/sauh.ee\/wp-content\/uploads\/2023\/04\/sauh.ee-lasekaugusmootja-laser-80-m_6-150x150.webp 150w, https:\/\/sauh.ee\/wp-content\/uploads\/2023\/04\/sauh.ee-lasekaugusmootja-laser-80-m_6-768x768.webp 768w, https:\/\/sauh.ee\/wp-content\/uploads\/2023\/04\/sauh.ee-lasekaugusmootja-laser-80-m_6-12x12.webp 12w, https:\/\/sauh.ee\/wp-content\/uploads\/2023\/04\/sauh.ee-lasekaugusmootja-laser-80-m_6-324x324.webp 324w, https:\/\/sauh.ee\/wp-content\/uploads\/2023\/04\/sauh.ee-lasekaugusmootja-laser-80-m_6-416x416.webp 416w, https:\/\/sauh.ee\/wp-content\/uploads\/2023\/04\/sauh.ee-lasekaugusmootja-laser-80-m_6-100x100.webp 100w, https:\/\/sauh.ee\/wp-content\/uploads\/2023\/04\/sauh.ee-lasekaugusmootja-laser-80-m_6-64x64.webp 64w\" sizes=\"(max-width: 1000px) 100vw, 1000px\" \/><\/p>\n<p><span style=\"font-weight: 400;\">\u041c\u043d\u043e\u0433\u043e\u0444\u0443\u043d\u043a\u0446\u0438\u043e\u043d\u0430\u043b\u044c\u043d\u044b\u0435 \u0444\u0443\u043d\u043a\u0446\u0438\u0438: \u0438\u0437\u043c\u0435\u0440\u0435\u043d\u0438\u0435 \u0440\u0430\u0441\u0441\u0442\u043e\u044f\u043d\u0438\u044f, \u0438\u0437\u043c\u0435\u0440\u0435\u043d\u0438\u0435 \u043f\u043b\u043e\u0449\u0430\u0434\u0438, \u0438\u0437\u043c\u0435\u0440\u0435\u043d\u0438\u0435 \u043e\u0431\u044a\u0435\u043c\u0430, \u0438\u0437\u043c\u0435\u0440\u0435\u043d\u0438\u0435 \u041f\u0438\u0444\u0430\u0433\u043e\u0440\u0430, \u0438\u0437\u043c\u0435\u0440\u0435\u043d\u0438\u0435 \u0432\u044b\u0441\u043e\u0442\u044b, \u0438\u0437\u043c\u0435\u0440\u0435\u043d\u0438\u0435 \u0443\u0433\u043b\u0430, \u0438\u0437\u043c\u0435\u0440\u0435\u043d\u0438\u0435 \u0442\u0430\u0439\u043c\u0435\u0440\u0430, \u043e\u0434\u043d\u043e\u043a\u0440\u0430\u0442\u043d\u043e\u0435 \u0438 \u043d\u0435\u043f\u0440\u0435\u0440\u044b\u0432\u043d\u043e\u0435 \u0438\u0437\u043c\u0435\u0440\u0435\u043d\u0438\u0435.<\/span><\/p>\n<p><img decoding=\"async\" class=\"alignnone size-full wp-image-9728\" src=\"https:\/\/sauh.ee\/wp-content\/uploads\/2023\/04\/sauh.ee-lasekaugusmootja-laser-80-m_3.webp\" alt=\"\" width=\"1000\" height=\"922\" srcset=\"https:\/\/sauh.ee\/wp-content\/uploads\/2023\/04\/sauh.ee-lasekaugusmootja-laser-80-m_3.webp 1000w, https:\/\/sauh.ee\/wp-content\/uploads\/2023\/04\/sauh.ee-lasekaugusmootja-laser-80-m_3-300x277.webp 300w, https:\/\/sauh.ee\/wp-content\/uploads\/2023\/04\/sauh.ee-lasekaugusmootja-laser-80-m_3-768x708.webp 768w, https:\/\/sauh.ee\/wp-content\/uploads\/2023\/04\/sauh.ee-lasekaugusmootja-laser-80-m_3-13x12.webp 13w, https:\/\/sauh.ee\/wp-content\/uploads\/2023\/04\/sauh.ee-lasekaugusmootja-laser-80-m_3-416x384.webp 416w, https:\/\/sauh.ee\/wp-content\/uploads\/2023\/04\/sauh.ee-lasekaugusmootja-laser-80-m_3-64x59.webp 64w\" sizes=\"(max-width: 1000px) 100vw, 1000px\" \/>\u0422\u043e\u0447\u043d\u043e\u0441\u0442\u044c \u0434\u0438\u0430\u043f\u0430\u0437\u043e\u043d\u0430 \u0438\u0437\u043c\u0435\u0440\u0435\u043d\u0438\u044f: \u00b12 \u043c\u043c<br \/>\n\u0414\u0438\u0430\u043f\u0430\u0437\u043e\u043d \u0438\u0437\u043c\u0435\u0440\u0435\u043d\u0438\u044f: 0,1-40M<br \/>\n\u0411\u0430\u0442\u0430\u0440\u0435\u0439\u043a\u0438: 3 * AA \u0431\u0430\u0442\u0430\u0440\u0435\u0439\u043a\u0438 (\u043d\u0435 \u0432\u0445\u043e\u0434\u044f\u0442 \u0432 \u043a\u043e\u043c\u043f\u043b\u0435\u043a\u0442).<br \/>\n\u0420\u0430\u0437\u043c\u0435\u0440: 12 x 6 x 3 \u0441\u043c<\/p>\n<p><img decoding=\"async\" class=\"alignnone size-full wp-image-9725\" src=\"https:\/\/sauh.ee\/wp-content\/uploads\/2023\/04\/sauh.ee-lasekaugusmootja-laser-80-m_2.webp\" alt=\"\" width=\"1000\" height=\"1743\" srcset=\"https:\/\/sauh.ee\/wp-content\/uploads\/2023\/04\/sauh.ee-lasekaugusmootja-laser-80-m_2.webp 1000w, https:\/\/sauh.ee\/wp-content\/uploads\/2023\/04\/sauh.ee-lasekaugusmootja-laser-80-m_2-172x300.webp 172w, https:\/\/sauh.ee\/wp-content\/uploads\/2023\/04\/sauh.ee-lasekaugusmootja-laser-80-m_2-587x1024.webp 587w, https:\/\/sauh.ee\/wp-content\/uploads\/2023\/04\/sauh.ee-lasekaugusmootja-laser-80-m_2-768x1339.webp 768w, https:\/\/sauh.ee\/wp-content\/uploads\/2023\/04\/sauh.ee-lasekaugusmootja-laser-80-m_2-881x1536.webp 881w, https:\/\/sauh.ee\/wp-content\/uploads\/2023\/04\/sauh.ee-lasekaugusmootja-laser-80-m_2-7x12.webp 7w, https:\/\/sauh.ee\/wp-content\/uploads\/2023\/04\/sauh.ee-lasekaugusmootja-laser-80-m_2-416x725.webp 416w, https:\/\/sauh.ee\/wp-content\/uploads\/2023\/04\/sauh.ee-lasekaugusmootja-laser-80-m_2-64x112.webp 64w\" sizes=\"(max-width: 1000px) 100vw, 1000px\" \/><\/p>","protected":false},"excerpt":{"rendered":"<p>K\u00e4eshoitav laser kaugusm\u00f5\u00f5tja. Aitab m\u00f5\u00f5ta millimeetri t\u00e4psusega vahemaa kuni 40 v\u00f5i 80m vaid m\u00f5ne sekundiga. Sobib kasutuseks m\u00f5\u00f5distamiseks, kaardistamiseks, siset\u00f6\u00f6des, ehitustusel jne. V\u00f5imalus kasutamise korra andmeid salvestada ja neid hiljem uuesti vaadata. Laserm\u00f5\u00f5dik on kaitstud kukkumiskindla ja veekindla \u00fcmbrisega. Multifunktsionaalsed omadused: kauguse m\u00f5\u00f5tmine, pindala m\u00f5\u00f5tmine, mahtude m\u00f5\u00f5tmine, Pythagorase m\u00f5\u00f5tmine, k\u00f5rguse m\u00f5\u00f5tmine, nurga m\u00f5\u00f5tmine, taimeri m\u00f5\u00f5tmine, [&hellip;]<\/p>\n","protected":false},"featured_media":7772,"template":"","meta":[],"product_brand":[],"product_cat":[44],"product_tag":[],"class_list":{"0":"post-1292","1":"product","2":"type-product","3":"status-publish","4":"has-post-thumbnail","6":"product_cat-laserid","8":"first","9":"onbackorder","10":"shipping-taxable","11":"purchasable","12":"product-type-variable"},"_links":{"self":[{"href":"https:\/\/sauh.ee\/ru\/wp-json\/wp\/v2\/product\/1292","targetHints":{"allow":["GET"]}}],"collection":[{"href":"https:\/\/sauh.ee\/ru\/wp-json\/wp\/v2\/product"}],"about":[{"href":"https:\/\/sauh.ee\/ru\/wp-json\/wp\/v2\/types\/product"}],"wp:featuredmedia":[{"embeddable":true,"href":"https:\/\/sauh.ee\/ru\/wp-json\/wp\/v2\/media\/7772"}],"wp:attachment":[{"href":"https:\/\/sauh.ee\/ru\/wp-json\/wp\/v2\/media?parent=1292"}],"wp:term":[{"taxonomy":"product_brand","embeddable":true,"href":"https:\/\/sauh.ee\/ru\/wp-json\/wp\/v2\/product_brand?post=1292"},{"taxonomy":"product_cat","embeddable":true,"href":"https:\/\/sauh.ee\/ru\/wp-json\/wp\/v2\/product_cat?post=1292"},{"taxonomy":"product_tag","embeddable":true,"href":"https:\/\/sauh.ee\/ru\/wp-json\/wp\/v2\/product_tag?post=1292"}],"curies":[{"name":"wp","href":"https:\/\/api.w.org\/{rel}","templated":true}]}}