{"id":1379,"date":"2023-04-26T13:05:16","date_gmt":"2023-04-26T13:05:16","guid":{"rendered":"https:\/\/sauh.ee\/?post_type=product&#038;p=1379"},"modified":"2026-04-13T19:01:28","modified_gmt":"2026-04-13T19:01:28","slug":"akunaelapustol-2","status":"publish","type":"product","link":"https:\/\/sauh.ee\/ru\/product\/akunaelapustol-2\/","title":{"rendered":"\u0410\u043a\u043a\u0443\u043c\u0443\u043b\u044f\u0442\u043e\u0440\u043d\u044b\u0439 \u0433\u0432\u043e\u0437\u0434\u0435\u0437\u0430\u0431\u0438\u0432\u0430\u0442\u0435\u043b\u044c \u043f\u0438\u0441\u0442\u043e\u043b\u0435\u0442 F30"},"content":{"rendered":"<div style=\"width: 980px;\" class=\"wp-video\"><video class=\"wp-video-shortcode\" id=\"video-1379-1\" width=\"980\" height=\"551\" preload=\"metadata\" controls=\"controls\"><source type=\"video\/mp4\" src=\"https:\/\/sauh.ee\/wp-content\/uploads\/2023\/04\/sauh.ee-akunaelapustol-1.mp4?_=1\" \/><a href=\"https:\/\/sauh.ee\/wp-content\/uploads\/2023\/04\/sauh.ee-akunaelapustol-1.mp4\">https:\/\/sauh.ee\/wp-content\/uploads\/2023\/04\/sauh.ee-akunaelapustol-1.mp4<\/a><\/video><\/div>\n<p>&nbsp;<\/p>\n<p>\u041f\u043e\u0434\u0445\u043e\u0434\u0438\u0442 \u0434\u043b\u044f \u0438\u0441\u043f\u043e\u043b\u044c\u0437\u043e\u0432\u0430\u043d\u0438\u044f \u0441 \u0430\u043a\u043a\u0443\u043c\u0443\u043b\u044f\u0442\u043e\u0440\u0430\u043c\u0438 Makita 18 \u0412. \u0418\u043d\u0441\u0442\u0440\u0443\u043c\u0435\u043d\u0442, \u043a\u043e\u0442\u043e\u0440\u044b\u0439 \u0438\u0434\u0435\u0430\u043b\u044c\u043d\u043e \u043f\u043e\u0434\u0445\u043e\u0434\u0438\u0442 \u0434\u043b\u044f \u043e\u0431\u0440\u0430\u0431\u043e\u0442\u043a\u0438 \u0434\u0435\u0440\u0435\u0432\u0430 \u0438 \u0440\u0430\u0437\u043b\u0438\u0447\u043d\u044b\u0445 \u043f\u0440\u043e\u0435\u043a\u0442\u043e\u0432.<\/p>\n<p><strong>\u0425\u0430\u0440\u0430\u043a\u0442\u0435\u0440\u0438\u0441\u0442\u0438\u043a\u0438:<\/strong><\/p>\n<p>\u0412\u043c\u0435\u0441\u0442\u0438\u043c\u043e\u0441\u0442\u044c \u0441\u043a\u0440\u0435\u043f\u043b\u0435\u043d\u0438\u044f: \u0412\u043c\u0435\u0449\u0430\u0435\u0442 \u0434\u043e 100 \u0433\u0432\u043e\u0437\u0434\u0435\u0439.<br \/>\n\u041f\u043e\u0434\u0445\u043e\u0434\u0438\u0442 \u0434\u043b\u044f \u043c\u043e\u0434\u0435\u043b\u0435\u0439 \u0441 \u043f\u0440\u044f\u043c\u044b\u043c\u0438 \u0433\u0432\u043e\u0437\u0434\u044f\u043c\u0438 F10\/F15\/F20\/F25\/F30.<br \/>\n\u0423\u0434\u043e\u0431\u043d\u0430\u044f \u043a\u043e\u043d\u0441\u0442\u0440\u0443\u043a\u0446\u0438\u044f \u0440\u0443\u043a\u043e\u044f\u0442\u043a\u0438: \u0423\u043c\u0435\u043d\u044c\u0448\u0430\u0435\u0442 \u0438\u043d\u0442\u0435\u043d\u0441\u0438\u0432\u043d\u043e\u0441\u0442\u044c \u0440\u0430\u0431\u043e\u0442\u044b, \u043e\u0431\u0435\u0441\u043f\u0435\u0447\u0438\u0432\u0430\u044f \u043a\u043e\u043c\u0444\u043e\u0440\u0442 \u043f\u043e\u043b\u044c\u0437\u043e\u0432\u0430\u0442\u0435\u043b\u044f.<\/p>\n<p>\u0411\u0435\u0441\u0449\u0435\u0442\u043e\u0447\u043d\u044b\u0439 \u0434\u0432\u0438\u0433\u0430\u0442\u0435\u043b\u044c, \u0434\u0432\u0438\u0433\u0430\u0442\u0435\u043b\u044c \u0438\u0437 \u0446\u0435\u043b\u044c\u043d\u043e\u0433\u043e \u043c\u0435\u0434\u043d\u043e\u0433\u043e \u043f\u0440\u043e\u0432\u043e\u0434\u0430<\/p>\n<p>\u0414\u0432\u043e\u0439\u043d\u043e\u0435 \u0443\u0441\u0442\u0440\u043e\u0439\u0441\u0442\u0432\u043e \u0431\u0435\u0437\u043e\u043f\u0430\u0441\u043d\u043e\u0441\u0442\u0438, \u0432\u044b\u043a\u043b\u044e\u0447\u0430\u0442\u0435\u043b\u044c \u043f\u0438\u0442\u0430\u043d\u0438\u044f + \u043f\u0435\u0440\u0435\u043a\u043b\u044e\u0447\u0430\u0442\u0435\u043b\u044c \u0432\u044b\u0445\u043e\u0434\u0430 \u0448\u0438\u043f\u0430, \u0432\u043a\u043b\u044e\u0447\u0438\u0442\u0435 \u0432\u044b\u043a\u043b\u044e\u0447\u0430\u0442\u0435\u043b\u044c \u043f\u0438\u0442\u0430\u043d\u0438\u044f, \u0430 \u0437\u0430\u0442\u0435\u043c \u043d\u0430\u0436\u043c\u0438\u0442\u0435 \u043f\u0435\u0440\u0435\u043a\u043b\u044e\u0447\u0430\u0442\u0435\u043b\u044c \u0432\u044b\u0445\u043e\u0434\u0430 \u0448\u0438\u043f\u0430, \u0447\u0442\u043e\u0431\u044b \u043d\u0430\u0447\u0430\u0442\u044c \u0440\u0430\u0431\u043e\u0442\u0443.<\/p>\n<p>\u0410\u043a\u043a\u0443\u043c\u0443\u043b\u044f\u0442\u043e\u0440\u044b \u0438 \u0434\u0440\u0443\u0433\u0438\u0435 \u0430\u043a\u0441\u0435\u0441\u0441\u0443\u0430\u0440\u044b \u0432 \u043a\u043e\u043c\u043f\u043b\u0435\u043a\u0442 \u043d\u0435 \u0432\u0445\u043e\u0434\u044f\u0442. \u0422\u0435\u0445\u043d\u0438\u0447\u0435\u0441\u043a\u0438\u0435 \u0445\u0430\u0440\u0430\u043a\u0442\u0435\u0440\u0438\u0441\u0442\u0438\u043a\u0438 \u0432 \u0433\u0440\u0430\u0444\u0435 \u00ab\u0414\u043e\u043f\u043e\u043b\u043d\u0438\u0442\u0435\u043b\u044c\u043d\u0430\u044f \u0438\u043d\u0444\u043e\u0440\u043c\u0430\u0446\u0438\u044f\u00bb.<\/p>","protected":false},"excerpt":{"rendered":"<p>&nbsp; Sobib kasutada Makita 18 V akudega. T\u00f6\u00f6riist, mis sobib suurep\u00e4raselt puidut\u00f6\u00f6de ja erinevate projektide jaoks. Omadused: Sidumisv\u00f5ime: Mahutab kuni 100 naela. Sobib sirgetele naelamudelitele: F10\/F15\/F20\/F25\/F30. Kasutajas\u00f5bralik k\u00e4epideme disain: V\u00e4hendab t\u00f6\u00f6 intensiivsust, tagades mugava kasutuskogemuse. Harjadeta mootor, tugev vasktraadist mootor Topelt ohutusseade, toitel\u00fcliti + naela v\u00e4ljundl\u00fcliti, l\u00fclitage sisse toitel\u00fcliti ja vajutage seej\u00e4rel naela v\u00e4ljundl\u00fclitit t\u00f6\u00f6 [&hellip;]<\/p>\n","protected":false},"featured_media":7954,"template":"","meta":[],"product_brand":[],"product_cat":[258,262,15],"product_tag":[],"class_list":{"0":"post-1379","1":"product","2":"type-product","3":"status-publish","4":"has-post-thumbnail","6":"product_cat-ehitus","7":"product_cat-muud-tooriistad","8":"product_cat-analoog-tooted","10":"first","11":"onbackorder","12":"shipping-taxable","13":"purchasable","14":"product-type-simple"},"_links":{"self":[{"href":"https:\/\/sauh.ee\/ru\/wp-json\/wp\/v2\/product\/1379","targetHints":{"allow":["GET"]}}],"collection":[{"href":"https:\/\/sauh.ee\/ru\/wp-json\/wp\/v2\/product"}],"about":[{"href":"https:\/\/sauh.ee\/ru\/wp-json\/wp\/v2\/types\/product"}],"wp:featuredmedia":[{"embeddable":true,"href":"https:\/\/sauh.ee\/ru\/wp-json\/wp\/v2\/media\/7954"}],"wp:attachment":[{"href":"https:\/\/sauh.ee\/ru\/wp-json\/wp\/v2\/media?parent=1379"}],"wp:term":[{"taxonomy":"product_brand","embeddable":true,"href":"https:\/\/sauh.ee\/ru\/wp-json\/wp\/v2\/product_brand?post=1379"},{"taxonomy":"product_cat","embeddable":true,"href":"https:\/\/sauh.ee\/ru\/wp-json\/wp\/v2\/product_cat?post=1379"},{"taxonomy":"product_tag","embeddable":true,"href":"https:\/\/sauh.ee\/ru\/wp-json\/wp\/v2\/product_tag?post=1379"}],"curies":[{"name":"wp","href":"https:\/\/api.w.org\/{rel}","templated":true}]}}