{"id":1387,"date":"2023-04-26T17:27:55","date_gmt":"2023-04-26T17:27:55","guid":{"rendered":"https:\/\/sauh.ee\/?post_type=product&#038;p=1387"},"modified":"2026-04-15T13:26:36","modified_gmt":"2026-04-15T13:26:36","slug":"akutrimmer","status":"publish","type":"product","link":"https:\/\/sauh.ee\/ru\/product\/akutrimmer\/","title":{"rendered":"\u0410\u043a\u043a\u0443\u043c\u0443\u043b\u044f\u0442\u043e\u0440\u043d\u044b\u0439 \u0442\u0440\u0438\u043c\u043c\u0435\u0440 \u043d\u0430 \u043a\u043e\u043b\u0435\u0441\u0430\u0445"},"content":{"rendered":"<p>\u041c\u043e\u0449\u043d\u044b\u0439 \u0430\u043a\u043a\u0443\u043c\u0443\u043b\u044f\u0442\u043e\u0440\u043d\u044b\u0439 \u0442\u0440\u0438\u043c\u043c\u0435\u0440 \u0434\u043b\u044f \u0442\u0440\u0430\u0432\u044b \u043d\u0430 18 \u0412 (\u0440\u0430\u0431\u043e\u0442\u0430\u0435\u0442 \u0442\u0430\u043a\u0436\u0435 \u0441 \u0430\u043a\u043a\u0443\u043c\u0443\u043b\u044f\u0442\u043e\u0440\u0430\u043c\u0438 \u041c\u0430\u043a\u0438\u0442\u0430 18 \u0412), \u043a\u043e\u0442\u043e\u0440\u044b\u0439 \u043e\u0442\u043b\u0438\u0447\u043d\u043e \u043f\u043e\u0434\u0445\u043e\u0434\u0438\u0442 \u043a\u0430\u043a \u0434\u043b\u044f \u0441\u0442\u0440\u0438\u0436\u043a\u0438 \u0433\u0430\u0437\u043e\u043d\u0430 \u0438 \u0443\u0431\u043e\u0440\u043a\u0438 \u0432\u044b\u0441\u043e\u043a\u043e\u0439 \u0442\u0440\u0430\u0432\u044b, \u0442\u0430\u043a \u0438 \u0434\u043b\u044f \u043f\u043e\u0434\u0441\u0442\u0440\u0438\u0433\u0430\u043d\u0438\u044f \u043a\u0443\u0441\u0442\u0430\u0440\u043d\u0438\u043a\u043e\u0432 \u0438 \u0443\u0445\u043e\u0434\u0430 \u0437\u0430 \u043a\u0440\u0430\u044f\u043c\u0438 \u043a\u043b\u0443\u043c\u0431.<\/p>\n<p><img fetchpriority=\"high\" decoding=\"async\" class=\"alignnone size-full wp-image-9746\" src=\"https:\/\/sauh.ee\/wp-content\/uploads\/2023\/04\/trimmer-sauh.ee_-scaled.webp\" alt=\"\" width=\"2560\" height=\"1012\" srcset=\"https:\/\/sauh.ee\/wp-content\/uploads\/2023\/04\/trimmer-sauh.ee_-scaled.webp 2560w, https:\/\/sauh.ee\/wp-content\/uploads\/2023\/04\/trimmer-sauh.ee_-300x119.webp 300w, https:\/\/sauh.ee\/wp-content\/uploads\/2023\/04\/trimmer-sauh.ee_-1024x405.webp 1024w, https:\/\/sauh.ee\/wp-content\/uploads\/2023\/04\/trimmer-sauh.ee_-768x304.webp 768w, https:\/\/sauh.ee\/wp-content\/uploads\/2023\/04\/trimmer-sauh.ee_-1536x607.webp 1536w, https:\/\/sauh.ee\/wp-content\/uploads\/2023\/04\/trimmer-sauh.ee_-2048x810.webp 2048w, https:\/\/sauh.ee\/wp-content\/uploads\/2023\/04\/trimmer-sauh.ee_-18x7.webp 18w, https:\/\/sauh.ee\/wp-content\/uploads\/2023\/04\/trimmer-sauh.ee_-416x165.webp 416w, https:\/\/sauh.ee\/wp-content\/uploads\/2023\/04\/trimmer-sauh.ee_-64x25.webp 64w\" sizes=\"(max-width: 2560px) 100vw, 2560px\" \/><\/p>\n<p>\u0411\u043b\u0430\u0433\u043e\u0434\u0430\u0440\u044f \u0440\u0435\u0433\u0443\u043b\u0438\u0440\u0443\u0435\u043c\u043e\u043c\u0443 \u0443\u0433\u043b\u0443 \u043d\u0430\u043a\u043b\u043e\u043d\u0430 \u0440\u0435\u0436\u0443\u0449\u0435\u0433\u043e \u0432\u0430\u043b\u0430 \u0438 \u0442\u0435\u043b\u0435\u0441\u043a\u043e\u043f\u0438\u0447\u0435\u0441\u043a\u043e\u0439 \u0440\u0443\u0447\u043a\u0435 \u0441 \u0440\u0435\u0433\u0443\u043b\u0438\u0440\u0443\u0435\u043c\u043e\u0439 \u0434\u043b\u0438\u043d\u043e\u0439 \u0442\u0440\u0438\u043c\u043c\u0435\u0440\u043e\u043c \u0443\u0434\u043e\u0431\u043d\u043e \u0440\u0430\u0431\u043e\u0442\u0430\u0442\u044c \u0434\u0430\u0436\u0435 \u0432 \u0443\u0437\u043a\u0438\u0445 \u043c\u0435\u0441\u0442\u0430\u0445 \u0438 \u043d\u0430 \u0440\u0430\u0437\u043d\u043e\u0439 \u0432\u044b\u0441\u043e\u0442\u0435.<\/p>\n<p><img decoding=\"async\" class=\"size-full wp-image-9737 aligncenter\" src=\"https:\/\/sauh.ee\/wp-content\/uploads\/2023\/04\/sauh.ee-trimmer-ratastel-3.webp\" alt=\"\" width=\"1232\" height=\"577\" srcset=\"https:\/\/sauh.ee\/wp-content\/uploads\/2023\/04\/sauh.ee-trimmer-ratastel-3.webp 1232w, https:\/\/sauh.ee\/wp-content\/uploads\/2023\/04\/sauh.ee-trimmer-ratastel-3-300x141.webp 300w, https:\/\/sauh.ee\/wp-content\/uploads\/2023\/04\/sauh.ee-trimmer-ratastel-3-1024x480.webp 1024w, https:\/\/sauh.ee\/wp-content\/uploads\/2023\/04\/sauh.ee-trimmer-ratastel-3-768x360.webp 768w, https:\/\/sauh.ee\/wp-content\/uploads\/2023\/04\/sauh.ee-trimmer-ratastel-3-18x8.webp 18w, https:\/\/sauh.ee\/wp-content\/uploads\/2023\/04\/sauh.ee-trimmer-ratastel-3-416x195.webp 416w, https:\/\/sauh.ee\/wp-content\/uploads\/2023\/04\/sauh.ee-trimmer-ratastel-3-64x30.webp 64w\" sizes=\"(max-width: 1232px) 100vw, 1232px\" \/><\/p>\n<p data-start=\"714\" data-end=\"747\"><strong data-start=\"714\" data-end=\"747\">\u0412 \u043a\u043e\u043c\u043f\u043b\u0435\u043a\u0442\u0435 \u0432\u0441\u0435\u0433\u043e 13 \u0440\u0435\u0436\u0443\u0449\u0438\u0445 \u043b\u0435\u0437\u0432\u0438\u0439:<\/strong><\/p>\n<ul data-start=\"749\" data-end=\"1068\">\n<li data-section-id=\"nt4a0t\" data-start=\"749\" data-end=\"794\">5 \u043f\u043b\u0430\u0441\u0442\u0438\u043a\u043e\u0432\u044b\u0445 \u043d\u043e\u0436\u0435\u0439 \u2014 \u043f\u043e\u0434\u0445\u043e\u0434\u044f\u0442 \u0434\u043b\u044f \u0441\u0442\u0440\u0438\u0436\u043a\u0438 \u0433\u0430\u0437\u043e\u043d\u0430<\/li>\n<li data-section-id=\"1br8jk7\" data-start=\"795\" data-end=\"856\">2 \u043c\u0435\u0442\u0430\u043b\u043b\u0438\u0447\u0435\u0441\u043a\u0438\u0445 \u043b\u0435\u0437\u0432\u0438\u044f \u2014 \u043f\u043e\u0434\u0445\u043e\u0434\u044f\u0442 \u0434\u043b\u044f \u0441\u043e\u0440\u043d\u044f\u043a\u043e\u0432 \u0438 \u0431\u043e\u043b\u0435\u0435 \u0436\u0435\u0441\u0442\u043a\u043e\u0439 \u0442\u0440\u0430\u0432\u044b<\/li>\n<li data-section-id=\"32eyb8\" data-start=\"857\" data-end=\"928\">1 \u0442\u0440\u0451\u0445\u0437\u0443\u0431\u0447\u0430\u0442\u044b\u0439 \u043c\u0435\u0442\u0430\u043b\u043b\u0438\u0447\u0435\u0441\u043a\u0438\u0439 \u043d\u043e\u0436 \u2013 \u043f\u043e\u0434\u0445\u043e\u0434\u0438\u0442 \u0434\u043b\u044f \u043f\u043b\u043e\u0442\u043d\u043e\u0439 \u0442\u0440\u0430\u0432\u044b \u0438 \u043a\u0443\u0441\u0442\u0430\u0440\u043d\u0438\u043a\u0430<\/li>\n<li data-section-id=\"6d33tq\" data-start=\"929\" data-end=\"1005\">1 \u043f\u0438\u043b\u044c\u043d\u044b\u0439 \u0434\u0438\u0441\u043a (15 \u0441\u043c) \u2014 \u043f\u043e\u0434\u0445\u043e\u0434\u0438\u0442 \u0434\u043b\u044f \u043e\u0431\u0440\u0435\u0437\u043a\u0438 \u043a\u0443\u0441\u0442\u0430\u0440\u043d\u0438\u043a\u043e\u0432 \u0438 \u0442\u043e\u043d\u043a\u0438\u0445 \u0432\u0435\u0442\u043e\u043a<\/li>\n<li data-section-id=\"pbsayu\" data-start=\"1006\" data-end=\"1068\">4 \u043d\u0430\u043f\u0438\u043b\u044c\u043d\u0438\u043a\u0430 \u2014 \u043f\u043e\u0434\u0445\u043e\u0434\u044f\u0442 \u0434\u043b\u044f \u043e\u0431\u0440\u0430\u0431\u043e\u0442\u043a\u0438 \u0443\u0433\u043b\u043e\u0432 \u0438 \u0431\u043e\u043b\u0435\u0435 \u0442\u043e\u0447\u043d\u043e\u0439 \u043e\u0442\u0434\u0435\u043b\u043a\u0438<\/li>\n<\/ul>\n<p><iframe title=\"sauh.ee Akutrimmer ratastel\" width=\"980\" height=\"551\" src=\"https:\/\/www.youtube.com\/embed\/7mQQR1ygZ-w?feature=oembed\" frameborder=\"0\" allow=\"accelerometer; autoplay; clipboard-write; encrypted-media; gyroscope; picture-in-picture; web-share\" referrerpolicy=\"strict-origin-when-cross-origin\" allowfullscreen><\/iframe><\/p>\n<table>\n<thead>\n<tr>\n<th>\u0425\u0430\u0440\u0430\u043a\u0442\u0435\u0440\u0438\u0441\u0442\u0438\u043a\u0430<\/th>\n<th>\u0414\u0430\u043d\u043d\u044b\u0435<\/th>\n<\/tr>\n<\/thead>\n<tbody>\n<tr>\n<td>\u041c\u043e\u0449\u043d\u043e\u0441\u0442\u044c<\/td>\n<td>1500 \u0412\u0442<\/td>\n<\/tr>\n<tr>\n<td>\u0421\u043a\u043e\u0440\u043e\u0441\u0442\u044c<\/td>\n<td>12 000 \u043e\u0431\/\u043c\u0438\u043d<\/td>\n<\/tr>\n<tr>\n<td>\u0421\u0442\u0430\u043b\u0438 \u0432 \u043a\u043e\u043c\u043f\u043b\u0435\u043a\u0442\u0435<\/td>\n<td>7 \u0448\u0442.<\/td>\n<\/tr>\n<tr>\n<td>\u0422\u0438\u043f\u044b \u043b\u0435\u0437\u0432\u0438\u0439<\/td>\n<td>3<\/td>\n<\/tr>\n<tr>\n<td>\u0414\u0438\u0430\u043c\u0435\u0442\u0440 \u043c\u0435\u0442\u0430\u043b\u043b\u0438\u0447\u0435\u0441\u043a\u043e\u0433\u043e \u0434\u0438\u0441\u043a\u0430<\/td>\n<td>125 \u043c\u043c<\/td>\n<\/tr>\n<tr>\n<td>\u0414\u043b\u0438\u043d\u0430 \u0441\u0442\u0435\u0440\u0436\u043d\u044f<\/td>\n<td>100\u2013135 \u0441\u043c<\/td>\n<\/tr>\n<tr>\n<td>\u041c\u0430\u0442\u0435\u0440\u0438\u0430\u043b \u0441\u0442\u0435\u0440\u0436\u043d\u044f<\/td>\n<td>\u0410\u043b\u044e\u043c\u0438\u043d\u0438\u0439<\/td>\n<\/tr>\n<tr>\n<td>\u041c\u0430\u0442\u0435\u0440\u0438\u0430\u043b\u044b \u043a\u043e\u0440\u043f\u0443\u0441\u0430<\/td>\n<td>\u0410\u0411\u0421-\u043f\u043b\u0430\u0441\u0442\u0438\u043a<\/td>\n<\/tr>\n<tr>\n<td>\u0422\u0438\u043f \u0430\u043a\u043a\u0443\u043c\u0443\u043b\u044f\u0442\u043e\u0440\u0430<\/td>\n<td>18 \u0412 (\u0442\u0430\u043a\u0436\u0435 \u0440\u0430\u0431\u043e\u0442\u0430\u0435\u0442 \u0441 \u0430\u043a\u043a\u0443\u043c\u0443\u043b\u044f\u0442\u043e\u0440\u0430\u043c\u0438 \u041c\u0430\u043a\u0438\u0442\u0430)<\/td>\n<\/tr>\n<\/tbody>\n<\/table>\n<p><img decoding=\"async\" class=\"wp-image-9738 aligncenter\" src=\"https:\/\/sauh.ee\/wp-content\/uploads\/2023\/04\/sauh.ee-trimmer-ratastel-4.webp\" alt=\"\" width=\"970\" height=\"970\" srcset=\"https:\/\/sauh.ee\/wp-content\/uploads\/2023\/04\/sauh.ee-trimmer-ratastel-4.webp 1512w, https:\/\/sauh.ee\/wp-content\/uploads\/2023\/04\/sauh.ee-trimmer-ratastel-4-300x300.webp 300w, https:\/\/sauh.ee\/wp-content\/uploads\/2023\/04\/sauh.ee-trimmer-ratastel-4-1024x1024.webp 1024w, https:\/\/sauh.ee\/wp-content\/uploads\/2023\/04\/sauh.ee-trimmer-ratastel-4-150x150.webp 150w, https:\/\/sauh.ee\/wp-content\/uploads\/2023\/04\/sauh.ee-trimmer-ratastel-4-768x768.webp 768w, https:\/\/sauh.ee\/wp-content\/uploads\/2023\/04\/sauh.ee-trimmer-ratastel-4-12x12.webp 12w, https:\/\/sauh.ee\/wp-content\/uploads\/2023\/04\/sauh.ee-trimmer-ratastel-4-324x324.webp 324w, https:\/\/sauh.ee\/wp-content\/uploads\/2023\/04\/sauh.ee-trimmer-ratastel-4-416x416.webp 416w, https:\/\/sauh.ee\/wp-content\/uploads\/2023\/04\/sauh.ee-trimmer-ratastel-4-100x100.webp 100w, https:\/\/sauh.ee\/wp-content\/uploads\/2023\/04\/sauh.ee-trimmer-ratastel-4-64x64.webp 64w\" sizes=\"(max-width: 970px) 100vw, 970px\" \/><\/p>","protected":false},"excerpt":{"rendered":"<p>V\u00f5imas aku murutrimmer 18V akudele (t\u00f6\u00f6tab ka Makita 18V akudega), mis sobib suurep\u00e4raselt nii muru niitmiseks, k\u00f5rgema heina eemaldamiseks kui ka p\u00f5\u00f5saste ja peenraservade korrastamiseks. T\u00e4nu reguleeritava nurga all niidupeale ja muudetava pikkusega teleskoopvarrele on trimmeriga mugav t\u00f6\u00f6tada ka kitsamates kohtades ning erinevatel k\u00f5rgustel. Komplektis kokku 13 l\u00f5ikeosa: 5 plasttera \u2013 sobivad muru niitmiseks 2 [&hellip;]<\/p>\n","protected":false},"featured_media":9735,"template":"","meta":[],"product_brand":[],"product_cat":[257,15],"product_tag":[269],"class_list":{"0":"post-1387","1":"product","2":"type-product","3":"status-publish","4":"has-post-thumbnail","6":"product_cat-aia-tooriistad","7":"product_cat-analoog-tooted","8":"product_tag-suvi","10":"first","11":"onbackorder","12":"shipping-taxable","13":"purchasable","14":"product-type-variable"},"_links":{"self":[{"href":"https:\/\/sauh.ee\/ru\/wp-json\/wp\/v2\/product\/1387","targetHints":{"allow":["GET"]}}],"collection":[{"href":"https:\/\/sauh.ee\/ru\/wp-json\/wp\/v2\/product"}],"about":[{"href":"https:\/\/sauh.ee\/ru\/wp-json\/wp\/v2\/types\/product"}],"wp:featuredmedia":[{"embeddable":true,"href":"https:\/\/sauh.ee\/ru\/wp-json\/wp\/v2\/media\/9735"}],"wp:attachment":[{"href":"https:\/\/sauh.ee\/ru\/wp-json\/wp\/v2\/media?parent=1387"}],"wp:term":[{"taxonomy":"product_brand","embeddable":true,"href":"https:\/\/sauh.ee\/ru\/wp-json\/wp\/v2\/product_brand?post=1387"},{"taxonomy":"product_cat","embeddable":true,"href":"https:\/\/sauh.ee\/ru\/wp-json\/wp\/v2\/product_cat?post=1387"},{"taxonomy":"product_tag","embeddable":true,"href":"https:\/\/sauh.ee\/ru\/wp-json\/wp\/v2\/product_tag?post=1387"}],"curies":[{"name":"wp","href":"https:\/\/api.w.org\/{rel}","templated":true}]}}