{"id":1414,"date":"2023-05-04T12:44:58","date_gmt":"2023-05-04T12:44:58","guid":{"rendered":"https:\/\/sauh.ee\/?post_type=product&#038;p=1414"},"modified":"2026-04-01T14:34:05","modified_gmt":"2026-04-01T14:34:05","slug":"retro-mangukonsool","status":"publish","type":"product","link":"https:\/\/sauh.ee\/ru\/product\/retro-mangukonsool\/","title":{"rendered":"\u0420\u0435\u0442\u0440\u043e \u0438\u0433\u0440\u043e\u0432\u0430\u044f \u043f\u0440\u0438\u0441\u0442\u0430\u0432\u043a\u0430"},"content":{"rendered":"<p><span style=\"font-weight: 400;\"><img fetchpriority=\"high\" decoding=\"async\" class=\"alignnone size-large wp-image-7848\" src=\"https:\/\/sauh.ee\/wp-content\/uploads\/2023\/05\/sauh.ee_retro_konsool_games_2-1024x263.webp\" alt=\"\" width=\"980\" height=\"252\" srcset=\"https:\/\/sauh.ee\/wp-content\/uploads\/2023\/05\/sauh.ee_retro_konsool_games_2-1024x263.webp 1024w, https:\/\/sauh.ee\/wp-content\/uploads\/2023\/05\/sauh.ee_retro_konsool_games_2-300x77.webp 300w, https:\/\/sauh.ee\/wp-content\/uploads\/2023\/05\/sauh.ee_retro_konsool_games_2-768x198.webp 768w, https:\/\/sauh.ee\/wp-content\/uploads\/2023\/05\/sauh.ee_retro_konsool_games_2-18x5.webp 18w, https:\/\/sauh.ee\/wp-content\/uploads\/2023\/05\/sauh.ee_retro_konsool_games_2-416x107.webp 416w, https:\/\/sauh.ee\/wp-content\/uploads\/2023\/05\/sauh.ee_retro_konsool_games_2.webp 1524w\" sizes=\"(max-width: 980px) 100vw, 980px\" \/> <\/span><\/p>\n<p><span style=\"font-weight: 400;\">\u0412\u0435\u0440\u043d\u0438\u0442\u0435 \u0441\u0442\u0430\u0440\u044b\u0435 \u0434\u043e\u0431\u0440\u044b\u0435 \u0432\u0440\u0435\u043c\u0435\u043d\u0430 \u0441 \u0438\u0433\u0440\u043e\u0432\u043e\u0439 \u043f\u0440\u0438\u0441\u0442\u0430\u0432\u043a\u043e\u0439 Retro TV. \u041d\u0430 \u043e\u0434\u043d\u043e\u0439 \u043f\u0440\u0438\u0441\u0442\u0430\u0432\u043a\u0435 \u0441\u043e\u0431\u0440\u0430\u043d\u043e \u0431\u043e\u043b\u0435\u0435 10 000 \u0438\u0433\u0440, \u0442\u0435\u043f\u0435\u0440\u044c \u0432\u044b \u043c\u043e\u0436\u0435\u0442\u0435 \u043d\u0430\u0441\u043b\u0430\u0436\u0434\u0430\u0442\u044c\u0441\u044f \u043b\u044e\u0431\u0438\u043c\u044b\u043c\u0438 \u0438\u0433\u0440\u0430\u043c\u0438 \u0431\u0435\u0437 \u043d\u0435\u043e\u0431\u0445\u043e\u0434\u0438\u043c\u043e\u0441\u0442\u0438 \u043f\u043e\u0441\u0442\u043e\u044f\u043d\u043d\u043e \u043c\u0435\u043d\u044f\u0442\u044c \u043a\u0430\u0440\u0442\u0440\u0438\u0434\u0436\u0438 \u0438\u043b\u0438 \u0434\u0438\u0441\u043a\u0438. \u0412\u0441\u0435 \u0432\u0430\u0448\u0438 \u043b\u044e\u0431\u0438\u043c\u044b\u0435 \u043a\u043b\u0430\u0441\u0441\u0438\u0447\u0435\u0441\u043a\u0438\u0435 \u0438\u0433\u0440\u044b, \u043e\u0442 Super Mario Bros. \u0434\u043e Tetris \u0438 \u043c\u043d\u043e\u0433\u0438\u0445 \u0434\u0440\u0443\u0433\u0438\u0445, \u0435\u0441\u0442\u044c \u043d\u0430 \u044d\u0442\u043e\u0439 \u0440\u0435\u0442\u0440\u043e-\u043f\u0440\u0438\u0441\u0442\u0430\u0432\u043a\u0435. \u041f\u0440\u043e\u0441\u0442\u043e \u043f\u043e\u0434\u043a\u043b\u044e\u0447\u0438\u0442\u0435 \u0435\u0435 \u043a \u0442\u0435\u043b\u0435\u0432\u0438\u0437\u043e\u0440\u0443 \u0441 \u043f\u043e\u043c\u043e\u0449\u044c\u044e \u043a\u0430\u0431\u0435\u043b\u044f HMDI \u0438 \u043f\u0440\u0438\u0433\u043e\u0442\u043e\u0432\u044c\u0442\u0435\u0441\u044c \u043f\u043e\u0433\u0440\u0443\u0437\u0438\u0442\u044c\u0441\u044f \u0432 \u043d\u043e\u0441\u0442\u0430\u043b\u044c\u0433\u0438\u044e. \u041a\u043e\u043c\u043f\u0430\u043a\u0442\u043d\u044b\u0439 \u0440\u0430\u0437\u043c\u0435\u0440 \u043f\u043e\u0437\u0432\u043e\u043b\u044f\u0435\u0442 \u043b\u0435\u0433\u043a\u043e \u043d\u043e\u0441\u0438\u0442\u044c \u0435\u0435 \u0441 \u0441\u043e\u0431\u043e\u0439 \u0438 \u0438\u0433\u0440\u0430\u0442\u044c \u0441 \u0434\u0440\u0443\u0437\u044c\u044f\u043c\u0438, \u0447\u0442\u043e \u0434\u0435\u043b\u0430\u0435\u0442 \u0435\u0435 \u0438\u0434\u0435\u0430\u043b\u044c\u043d\u044b\u043c \u0434\u043e\u043f\u043e\u043b\u043d\u0435\u043d\u0438\u0435\u043c \u043a \u043b\u044e\u0431\u043e\u043c\u0443 \u0438\u0433\u0440\u043e\u0432\u043e\u043c\u0443 \u0432\u0435\u0447\u0435\u0440\u0443.<\/span><\/p>\n<div style=\"width: 980px;\" class=\"wp-video\"><video class=\"wp-video-shortcode\" id=\"video-1414-1\" width=\"980\" height=\"551\" preload=\"metadata\" controls=\"controls\"><source type=\"video\/mp4\" src=\"https:\/\/sauh.ee\/wp-content\/uploads\/2023\/05\/sauh.ee-retro-konsool-2.mp4?_=1\" \/><a href=\"https:\/\/sauh.ee\/wp-content\/uploads\/2023\/05\/sauh.ee-retro-konsool-2.mp4\">https:\/\/sauh.ee\/wp-content\/uploads\/2023\/05\/sauh.ee-retro-konsool-2.mp4<\/a><\/video><\/div>\n<p>&nbsp;<\/p>\n<p><span style=\"font-weight: 400;\">\u0412\u0441\u0435\u0433\u043e \u0432 \u043a\u043e\u043d\u0441\u043e\u043b\u0438 \u0434\u0435\u0441\u044f\u0442\u044c \u0438\u0433\u0440-\u0441\u0438\u043c\u0443\u043b\u044f\u0442\u043e\u0440\u043e\u0432, \u043a\u043e\u0442\u043e\u0440\u044b\u0435 \u0432\u0437\u044f\u0442\u044b \u0441 \u043e\u0440\u0438\u0433\u0438\u043d\u0430\u043b\u044c\u043d\u044b\u0445 \u043a\u043e\u043d\u0441\u043e\u043b\u0435\u0439, \u0442\u0430\u043a\u0438\u0445 \u043a\u0430\u043a PS1, ATARI2600, ATARI7800, MAME, FC, GBA, GBC \u0438 \u0434\u0440.<\/span><\/p>\n<p><span style=\"font-weight: 400;\">\u0415\u0441\u043b\u0438 \u0432\u044b \u043f\u0440\u043e\u043f\u0443\u0441\u0442\u0438\u043b\u0438 \u043a\u0430\u043a\u0443\u044e-\u0442\u043e \u0438\u0433\u0440\u0443, \u0432\u044b \u043c\u043e\u0436\u0435\u0442\u0435 \u0437\u0430\u0433\u0440\u0443\u0437\u0438\u0442\u044c \u0435\u0435 \u043d\u0430 \u043a\u0430\u0440\u0442\u0443 \u043f\u0430\u043c\u044f\u0442\u0438 \u0437\u0434\u0435\u0441\u044c: <a href=\"https:\/\/www.emulatorgames.net\/roms\/nintendo\/\">emulatorgames.net<\/a><\/span><\/p>\n<p><span style=\"font-weight: 400;\"><img decoding=\"async\" class=\"alignnone size-large wp-image-7849\" src=\"https:\/\/sauh.ee\/wp-content\/uploads\/2023\/05\/sauh.ee_retro_konsool_games_1.webp\" alt=\"\" width=\"546\" height=\"492\" srcset=\"https:\/\/sauh.ee\/wp-content\/uploads\/2023\/05\/sauh.ee_retro_konsool_games_1.webp 546w, https:\/\/sauh.ee\/wp-content\/uploads\/2023\/05\/sauh.ee_retro_konsool_games_1-300x270.webp 300w, https:\/\/sauh.ee\/wp-content\/uploads\/2023\/05\/sauh.ee_retro_konsool_games_1-13x12.webp 13w, https:\/\/sauh.ee\/wp-content\/uploads\/2023\/05\/sauh.ee_retro_konsool_games_1-416x375.webp 416w\" sizes=\"(max-width: 546px) 100vw, 546px\" \/><\/span><\/p>\n<p>&nbsp;<\/p>\n<p><span style=\"font-weight: 400;\">\u0412 \u043a\u043e\u043c\u043f\u043b\u0435\u043a\u0442 \u0432\u0445\u043e\u0434\u044f\u0442: \u0438\u0433\u0440\u043e\u0432\u0430\u044f \u043f\u0440\u0438\u0441\u0442\u0430\u0432\u043a\u0430, 2 \u043a\u043e\u043d\u0441\u043e\u043b\u0438, USB-\u043a\u0430\u0431\u0435\u043b\u044c, \u0443\u0434\u043b\u0438\u043d\u0438\u0442\u0435\u043b\u044c\u043d\u044b\u0439 \u043a\u0430\u0431\u0435\u043b\u044c, \u0440\u0443\u043a\u043e\u0432\u043e\u0434\u0441\u0442\u0432\u043e \u043f\u043e\u043b\u044c\u0437\u043e\u0432\u0430\u0442\u0435\u043b\u044f, \u043a\u0430\u0440\u0442\u0430 \u043f\u0430\u043c\u044f\u0442\u0438 \u0441 \u0438\u0433\u0440\u0430\u043c\u0438.<\/span><\/p>\n<div style=\"width: 980px;\" class=\"wp-video\"><video class=\"wp-video-shortcode\" id=\"video-1414-2\" width=\"980\" height=\"551\" preload=\"metadata\" controls=\"controls\"><source type=\"video\/mp4\" src=\"https:\/\/sauh.ee\/wp-content\/uploads\/2023\/05\/sauh.ee-retro-konsool-1.mp4?_=2\" \/><a href=\"https:\/\/sauh.ee\/wp-content\/uploads\/2023\/05\/sauh.ee-retro-konsool-1.mp4\">https:\/\/sauh.ee\/wp-content\/uploads\/2023\/05\/sauh.ee-retro-konsool-1.mp4<\/a><\/video><\/div>","protected":false},"excerpt":{"rendered":"<p>Too tagasi vanad head ajad Retro teleri m\u00e4ngukonsooliga. \u00dchte pulka on pakitud \u00fcle 10 000 m\u00e4ngu ja n\u00fc\u00fcd saab m\u00e4ne nautida nii, et ei pea kassette v\u00f5i kettaid pidevalt vahetama. K\u00f5ik teie lemmik klassikalised m\u00e4ngud, alates Super Mario Bros.-st kuni Tetristeni ja paljud muud on selles retrokonsoolis. \u00dchendage see lihtsalt teleriga l\u00e4bi HMDI juhtme ja [&hellip;]<\/p>\n","protected":false},"featured_media":7839,"template":"","meta":[],"product_brand":[],"product_cat":[276,33],"product_tag":[],"class_list":{"0":"post-1414","1":"product","2":"type-product","3":"status-publish","4":"has-post-thumbnail","6":"product_cat-kodu","7":"product_cat-muu","9":"first","10":"onbackorder","11":"shipping-taxable","12":"purchasable","13":"product-type-simple"},"_links":{"self":[{"href":"https:\/\/sauh.ee\/ru\/wp-json\/wp\/v2\/product\/1414","targetHints":{"allow":["GET"]}}],"collection":[{"href":"https:\/\/sauh.ee\/ru\/wp-json\/wp\/v2\/product"}],"about":[{"href":"https:\/\/sauh.ee\/ru\/wp-json\/wp\/v2\/types\/product"}],"wp:featuredmedia":[{"embeddable":true,"href":"https:\/\/sauh.ee\/ru\/wp-json\/wp\/v2\/media\/7839"}],"wp:attachment":[{"href":"https:\/\/sauh.ee\/ru\/wp-json\/wp\/v2\/media?parent=1414"}],"wp:term":[{"taxonomy":"product_brand","embeddable":true,"href":"https:\/\/sauh.ee\/ru\/wp-json\/wp\/v2\/product_brand?post=1414"},{"taxonomy":"product_cat","embeddable":true,"href":"https:\/\/sauh.ee\/ru\/wp-json\/wp\/v2\/product_cat?post=1414"},{"taxonomy":"product_tag","embeddable":true,"href":"https:\/\/sauh.ee\/ru\/wp-json\/wp\/v2\/product_tag?post=1414"}],"curies":[{"name":"wp","href":"https:\/\/api.w.org\/{rel}","templated":true}]}}