{"id":1480,"date":"2023-05-12T11:21:14","date_gmt":"2023-05-12T11:21:14","guid":{"rendered":"https:\/\/sauh.ee\/?post_type=product&#038;p=1480"},"modified":"2025-08-21T10:59:08","modified_gmt":"2025-08-21T10:59:08","slug":"veealune-metallidetektor-kokkukaidav","status":"publish","type":"product","link":"https:\/\/sauh.ee\/ru\/product\/veealune-metallidetektor-kokkukaidav\/","title":{"rendered":"\u041f\u043e\u0434\u0432\u043e\u0434\u043d\u044b\u0439 \u043c\u0435\u0442\u0430\u043b\u043b\u043e\u0438\u0441\u043a\u0430\u0442\u0435\u043b\u044c \u0441\u043a\u043b\u0430\u0434\u043d\u043e\u0439"},"content":{"rendered":"<p><span style=\"font-weight: 400;\">\u041f\u043e\u0434\u0432\u043e\u0434\u043d\u044b\u0439 \u043c\u0435\u0442\u0430\u043b\u043b\u043e\u0438\u0441\u043a\u0430\u0442\u0435\u043b\u044c. \u041f\u043e\u0434\u0445\u043e\u0434\u0438\u0442 \u0434\u043b\u044f \u043f\u043e\u0438\u0441\u043a\u0430 \u043c\u043e\u043d\u0435\u0442 \u0438 \u043c\u0435\u043b\u043a\u0438\u0445 \u043f\u0440\u0435\u0434\u043c\u0435\u0442\u043e\u0432 \u0438\u043b\u0438 \u043f\u0440\u043e\u0432\u0435\u0440\u043a\u0438 \u043c\u0435\u0442\u0430\u043b\u043b\u0430. \u041c\u043e\u0436\u043d\u043e \u0438\u0441\u043f\u043e\u043b\u044c\u0437\u043e\u0432\u0430\u0442\u044c \u043a\u0430\u043a \u043d\u0430 \u043f\u043e\u0432\u0435\u0440\u0445\u043d\u043e\u0441\u0442\u0438, \u0442\u0430\u043a \u0438 \u0432 \u0432\u043e\u0434\u0435.<\/span><\/p>\n<p><span style=\"font-weight: 400;\">\u041f\u0440\u0438 \u0432\u0445\u043e\u0434\u0435 \u0432 \u0432\u043e\u0434\u0443 \u0441 \u0441\u0443\u0448\u0438 \u0434\u0435\u0442\u0435\u043a\u0442\u043e\u0440 \u043f\u043e\u0441\u044b\u043b\u0430\u0435\u0442 \u0441\u0438\u0433\u043d\u0430\u043b \u0438\u0437-\u0437\u0430 \u0438\u0437\u043c\u0435\u043d\u0435\u043d\u0438\u0439 \u0432 \u043e\u043a\u0440\u0443\u0436\u0430\u044e\u0449\u0435\u043c \u043c\u0430\u0433\u043d\u0438\u0442\u043d\u043e\u043c \u043f\u043e\u043b\u0435. \u041d\u0430\u0436\u043c\u0438\u0442\u0435 \u043a\u043d\u043e\u043f\u043a\u0443 \u043f\u0438\u0442\u0430\u043d\u0438\u044f \u043e\u0434\u0438\u043d \u0440\u0430\u0437, \u0447\u0442\u043e\u0431\u044b \u0441\u0431\u0440\u043e\u0441\u0438\u0442\u044c \u0435\u0433\u043e.<\/span><\/p>\n<p><strong>\u041d\u0435 \u0432\u043a\u043b\u044e\u0447\u0430\u0439\u0442\u0435 \u043f\u0440\u0438\u0431\u043e\u0440 \u0432 \u0441\u043e\u0431\u0440\u0430\u043d\u043d\u043e\u043c \u0441\u043e\u0441\u0442\u043e\u044f\u043d\u0438\u0438!<\/strong><\/p>\n<p><span style=\"font-weight: 400;\">\u041c\u0435\u0442\u0430\u043b\u043b\u043e\u0438\u0441\u043a\u0430\u0442\u0435\u043b\u044c \u0438\u043c\u0435\u0435\u0442 \u0441\u0432\u0435\u0442\u043e\u0434\u0438\u043e\u0434\u043d\u0443\u044e \u043f\u043e\u0434\u0441\u0432\u0435\u0442\u043a\u0443.<\/span><\/p>\n<p>\u0412 \u043a\u043e\u043c\u043f\u043b\u0435\u043a\u0442 \u0432\u0445\u043e\u0434\u044f\u0442: \u043c\u0435\u0442\u0430\u043b\u043b\u043e\u0438\u0441\u043a\u0430\u0442\u0435\u043b\u044c \u0447\u0435\u0440\u043d\u043e\u0433\u043e \u0438 \u043e\u0440\u0430\u043d\u0436\u0435\u0432\u043e\u0433\u043e \u0446\u0432\u0435\u0442\u0430 \u0438 \u0438\u043d\u0441\u0442\u0440\u0443\u043a\u0446\u0438\u044f.<\/p>\n<div style=\"width: 980px;\" class=\"wp-video\"><video class=\"wp-video-shortcode\" id=\"video-1480-1\" width=\"980\" height=\"551\" preload=\"metadata\" controls=\"controls\"><source type=\"video\/mp4\" src=\"https:\/\/sauh.ee\/wp-content\/uploads\/2023\/05\/sauh.ee-veealune-metallidetektor-kokkukaidav-kokkupandav-1.mp4?_=1\" \/><a href=\"https:\/\/sauh.ee\/wp-content\/uploads\/2023\/05\/sauh.ee-veealune-metallidetektor-kokkukaidav-kokkupandav-1.mp4\">https:\/\/sauh.ee\/wp-content\/uploads\/2023\/05\/sauh.ee-veealune-metallidetektor-kokkukaidav-kokkupandav-1.mp4<\/a><\/video><\/div>\n<p>&nbsp;<\/p>","protected":false},"excerpt":{"rendered":"<p>Veealune metallidetektor. Sobib m\u00fcntide ja v\u00e4iksemate esemete otsimiseks v\u00f5i metalli kontrollimiseks.Saab kasutada nii veest v\u00e4ljas, kui ka vee sees. Maalt vette sisenedes saadab detektor \u00fcmbritseva magnetv\u00e4lja muutuste t\u00f5ttu signaali. Selle l\u00e4htestamiseks vajutage \u00fcks kord toitenuppu. \u00c4rge l\u00fclitage seadet sisse, kui ta on kokku pandud! Metalliotsijal on LED valgustus. Komplektis on: metallidetektor musta ja oran\u017ei v\u00e4rvi [&hellip;]<\/p>\n","protected":false},"featured_media":7832,"template":"","meta":[],"product_brand":[],"product_cat":[265,32],"product_tag":[],"class_list":{"0":"post-1480","1":"product","2":"type-product","3":"status-publish","4":"has-post-thumbnail","6":"product_cat-matkale","7":"product_cat-metallidetektor","9":"first","10":"onbackorder","11":"shipping-taxable","12":"purchasable","13":"product-type-simple"},"_links":{"self":[{"href":"https:\/\/sauh.ee\/ru\/wp-json\/wp\/v2\/product\/1480","targetHints":{"allow":["GET"]}}],"collection":[{"href":"https:\/\/sauh.ee\/ru\/wp-json\/wp\/v2\/product"}],"about":[{"href":"https:\/\/sauh.ee\/ru\/wp-json\/wp\/v2\/types\/product"}],"wp:featuredmedia":[{"embeddable":true,"href":"https:\/\/sauh.ee\/ru\/wp-json\/wp\/v2\/media\/7832"}],"wp:attachment":[{"href":"https:\/\/sauh.ee\/ru\/wp-json\/wp\/v2\/media?parent=1480"}],"wp:term":[{"taxonomy":"product_brand","embeddable":true,"href":"https:\/\/sauh.ee\/ru\/wp-json\/wp\/v2\/product_brand?post=1480"},{"taxonomy":"product_cat","embeddable":true,"href":"https:\/\/sauh.ee\/ru\/wp-json\/wp\/v2\/product_cat?post=1480"},{"taxonomy":"product_tag","embeddable":true,"href":"https:\/\/sauh.ee\/ru\/wp-json\/wp\/v2\/product_tag?post=1480"}],"curies":[{"name":"wp","href":"https:\/\/api.w.org\/{rel}","templated":true}]}}