{"id":1502,"date":"2023-05-15T18:10:59","date_gmt":"2023-05-15T18:10:59","guid":{"rendered":"https:\/\/sauh.ee\/?post_type=product&#038;p=1502"},"modified":"2026-03-24T12:36:16","modified_gmt":"2026-03-24T12:36:16","slug":"akuhekiloikur-ja-murukaarid","status":"publish","type":"product","link":"https:\/\/sauh.ee\/ru\/product\/akuhekiloikur-ja-murukaarid\/","title":{"rendered":"\u041d\u043e\u0436\u043d\u0438\u0446\u044b \u0434\u043b\u044f \u0441\u0442\u0440\u0438\u0436\u043a\u0438 \u0436\u0438\u0432\u043e\u0439 \u0438\u0437\u0433\u043e\u0440\u043e\u0434\u0438 \u0438 \u0442\u0440\u0430\u0432\u044b"},"content":{"rendered":"<p><span style=\"font-weight: 400;\">\u0410\u043a\u043a\u0443\u043c\u0443\u043b\u044f\u0442\u043e\u0440\u043d\u044b\u0439 \u0442\u0440\u0438\u043c\u043c\u0435\u0440 \u0434\u043b\u044f \u0436\u0438\u0432\u043e\u0439 \u0438\u0437\u0433\u043e\u0440\u043e\u0434\u0438 - \u044d\u0442\u043e \u0443\u043d\u0438\u0432\u0435\u0440\u0441\u0430\u043b\u044c\u043d\u044b\u0439 \u0438\u043d\u0441\u0442\u0440\u0443\u043c\u0435\u043d\u0442 \u0434\u043b\u044f \u043f\u043e\u0434\u0440\u0435\u0437\u043a\u0438 \u0436\u0438\u0432\u044b\u0445 \u0438\u0437\u0433\u043e\u0440\u043e\u0434\u0435\u0439 \u0438 \u043a\u0443\u0441\u0442\u0430\u0440\u043d\u0438\u043a\u043e\u0432. \u0421\u0430\u0434\u043e\u0432\u044b\u0439 \u0442\u0440\u0438\u043c\u043c\u0435\u0440 \u043e\u0441\u043d\u0430\u0449\u0435\u043d \u0432\u0440\u0430\u0449\u0430\u044e\u0449\u0435\u0439\u0441\u044f \u0440\u0443\u043a\u043e\u044f\u0442\u043a\u043e\u0439, \u043a\u043e\u0442\u043e\u0440\u0430\u044f \u0440\u0435\u0433\u0443\u043b\u0438\u0440\u0443\u0435\u0442\u0441\u044f \u043d\u0430 90\u00b0 \u0434\u043b\u044f \u0443\u0434\u043e\u0431\u043d\u043e\u0433\u043e \u0438\u0441\u043f\u043e\u043b\u044c\u0437\u043e\u0432\u0430\u043d\u0438\u044f \u0432 \u043b\u044e\u0431\u043e\u043c \u043d\u0430\u043f\u0440\u0430\u0432\u043b\u0435\u043d\u0438\u0438. \u0421\u0430\u0434\u043e\u0432\u044b\u0439 \u0438\u043d\u0441\u0442\u0440\u0443\u043c\u0435\u043d\u0442 \u043e\u0441\u043d\u0430\u0449\u0435\u043d \u0434\u0432\u0443\u043c\u044f \u0440\u0430\u0437\u043b\u0438\u0447\u043d\u044b\u043c\u0438 \u043b\u0435\u0437\u0432\u0438\u044f\u043c\u0438, \u043a\u043e\u0442\u043e\u0440\u044b\u0435 \u043c\u043e\u0436\u043d\u043e \u043b\u0435\u0433\u043a\u043e \u0438 \u0431\u0435\u0437\u043e\u043f\u0430\u0441\u043d\u043e \u043c\u0435\u043d\u044f\u0442\u044c \u0431\u0435\u0437 \u0438\u0441\u043f\u043e\u043b\u044c\u0437\u043e\u0432\u0430\u043d\u0438\u044f \u0438\u043d\u0441\u0442\u0440\u0443\u043c\u0435\u043d\u0442\u043e\u0432. <\/span><\/p>\n<p><span style=\"font-weight: 400;\">\u042d\u0442\u043e\u0442 \u0441\u0430\u0434\u043e\u0432\u044b\u0439 \u0442\u0440\u0438\u043c\u043c\u0435\u0440 - \u043e\u0442\u043b\u0438\u0447\u043d\u044b\u0439 \u0432\u044b\u0431\u043e\u0440 \u0434\u043b\u044f \u0442\u0435\u0445, \u043a\u0442\u043e \u0438\u0449\u0435\u0442 \u043d\u0430\u0434\u0435\u0436\u043d\u044b\u0439 \u0438 \u043f\u0440\u043e\u0441\u0442\u043e\u0439 \u0432 \u0438\u0441\u043f\u043e\u043b\u044c\u0437\u043e\u0432\u0430\u043d\u0438\u0438 \u0441\u0430\u0434\u043e\u0432\u044b\u0439 \u0442\u0440\u0438\u043c\u043c\u0435\u0440.<\/span><\/p>\n<p><span style=\"font-weight: 400;\">\u041f\u043e\u0434\u0445\u043e\u0434\u0438\u0442 \u0434\u043b\u044f \u0430\u043a\u043a\u0443\u043c\u0443\u043b\u044f\u0442\u043e\u0440\u043e\u0432 Makita 18 \u0412!<\/span><\/p>\n<p><span style=\"font-weight: 400;\">\u0412 \u043a\u043e\u043c\u043f\u043b\u0435\u043a\u0442 \u0432\u0445\u043e\u0434\u044f\u0442 \u0438\u043d\u0441\u0442\u0440\u0443\u043c\u0435\u043d\u0442 \u0438 \u0434\u0432\u0430 \u043b\u0435\u0437\u0432\u0438\u044f.<\/span><\/p>\n<p><span style=\"font-weight: 400;\">\u0412\u044b\u0431\u0438\u0440\u0430\u044f \u0442\u043e\u043b\u044c\u043a\u043e \u0438\u043d\u0441\u0442\u0440\u0443\u043c\u0435\u043d\u0442: \u0430\u043a\u043a\u0443\u043c\u0443\u043b\u044f\u0442\u043e\u0440\u044b \u0438 \u0434\u0440\u0443\u0433\u0438\u0435 \u0430\u043a\u0441\u0435\u0441\u0441\u0443\u0430\u0440\u044b \u0432 \u043a\u043e\u043c\u043f\u043b\u0435\u043a\u0442 \u043d\u0435 \u0432\u0445\u043e\u0434\u044f\u0442!<\/span><\/p>\n<p>\u0412\u044b\u0431\u043e\u0440 + 2 \u0430\u043a\u043a\u0443\u043c\u0443\u043b\u044f\u0442\u043e\u0440\u0430 \u0438 \u0437\u0430\u0440\u044f\u0434\u043d\u043e\u0435 \u0443\u0441\u0442\u0440\u043e\u0439\u0441\u0442\u0432\u043e: <a href=\"https:\/\/sauh.ee\/ru\/product\/aku-komplekt-analoog-tooriistadele-2ah\/\">\u0412 \u043a\u043e\u043c\u043f\u043b\u0435\u043a\u0442 \u0432\u0445\u043e\u0434\u044f\u0442 2 \u0430\u043a\u043a\u0443\u043c\u0443\u043b\u044f\u0442\u043e\u0440\u0430 \u0438 \u0437\u0430\u0440\u044f\u0434\u043d\u043e\u0435 \u0443\u0441\u0442\u0440\u043e\u0439\u0441\u0442\u0432\u043e.<\/a><\/p>\n<p>\u041c\u0430\u0442\u0435\u0440\u0438\u0430\u043b \u043b\u0435\u0437\u0432\u0438\u044f: SK5<br \/>\n\u041c\u0430\u0442\u0435\u0440\u0438\u0430\u043b \u043a\u043e\u0440\u043f\u0443\u0441\u0430: ABS<br \/>\n\u0414\u043b\u0438\u043d\u0430 \u043b\u0435\u0437\u0432\u0438\u044f \u0434\u043b\u044f \u043a\u0443\u0441\u0442\u043e\u0432: 220 \u043c\u043c<br \/>\n\u0414\u043b\u0438\u043d\u0430 \u043b\u0435\u0437\u0432\u0438\u044f \u0434\u043b\u044f \u0442\u0440\u0430\u0432\u044b: 130 \u043c\u043c<br \/>\n\u0421\u043a\u043e\u0440\u043e\u0441\u0442\u044c \u0445\u043e\u043b\u043e\u0441\u0442\u043e\u0433\u043e \u0445\u043e\u0434\u0430: 15000 \u043e\u0431\/\u043c\u0438\u043d<\/p>","protected":false},"excerpt":{"rendered":"<p>Aku hekil\u00f5ikur on mitmek\u00fclgne t\u00f6\u00f6riist hekkide ja p\u00f5\u00f5saste p\u00fcgamiseks. Hekil\u00f5ikuril on p\u00f6\u00f6rlev k\u00e4epide, mida saab reguleerida 90\u00b0 mugavaks kasutamiseks igas suunas. Aia t\u00f6\u00f6riist on varustatud kahe erineva teraga ning neid saab lihtsalt ja ohutult ilma t\u00f6\u00f6riistadeta vahetada. Hekil\u00f5ikur on suurep\u00e4rane valik k\u00f5igile, kes otsivad usaldusv\u00e4\u00e4rset ja lihtsalt kasutatavat hekil\u00f5ikurit. Sobib Makita 18V akudele! Komplekti kuulub [&hellip;]<\/p>\n","protected":false},"featured_media":7929,"template":"","meta":[],"product_brand":[],"product_cat":[257,15],"product_tag":[280],"class_list":{"0":"post-1502","1":"product","2":"type-product","3":"status-publish","4":"has-post-thumbnail","6":"product_cat-aia-tooriistad","7":"product_cat-analoog-tooted","8":"product_tag-sugise-lopp","10":"first","11":"onbackorder","12":"shipping-taxable","13":"purchasable","14":"product-type-variable"},"_links":{"self":[{"href":"https:\/\/sauh.ee\/ru\/wp-json\/wp\/v2\/product\/1502","targetHints":{"allow":["GET"]}}],"collection":[{"href":"https:\/\/sauh.ee\/ru\/wp-json\/wp\/v2\/product"}],"about":[{"href":"https:\/\/sauh.ee\/ru\/wp-json\/wp\/v2\/types\/product"}],"wp:featuredmedia":[{"embeddable":true,"href":"https:\/\/sauh.ee\/ru\/wp-json\/wp\/v2\/media\/7929"}],"wp:attachment":[{"href":"https:\/\/sauh.ee\/ru\/wp-json\/wp\/v2\/media?parent=1502"}],"wp:term":[{"taxonomy":"product_brand","embeddable":true,"href":"https:\/\/sauh.ee\/ru\/wp-json\/wp\/v2\/product_brand?post=1502"},{"taxonomy":"product_cat","embeddable":true,"href":"https:\/\/sauh.ee\/ru\/wp-json\/wp\/v2\/product_cat?post=1502"},{"taxonomy":"product_tag","embeddable":true,"href":"https:\/\/sauh.ee\/ru\/wp-json\/wp\/v2\/product_tag?post=1502"}],"curies":[{"name":"wp","href":"https:\/\/api.w.org\/{rel}","templated":true}]}}