{"id":1573,"date":"2023-05-22T17:57:58","date_gmt":"2023-05-22T17:57:58","guid":{"rendered":"https:\/\/sauh.ee\/?post_type=product&#038;p=1573"},"modified":"2026-04-16T17:31:47","modified_gmt":"2026-04-16T17:31:47","slug":"aku-oksakaarid-terad","status":"publish","type":"product","link":"https:\/\/sauh.ee\/ru\/product\/aku-oksakaarid-terad\/","title":{"rendered":"\u041b\u0435\u0437\u0432\u0438\u044f \u0430\u043a\u043a\u0443\u043c\u0443\u043b\u044f\u0442\u043e\u0440\u043d\u044b\u0445 \u0441\u0435\u043a\u0430\u0442\u043e\u0440\u043e\u0432 30 \u043c\u043c"},"content":{"rendered":"<p>\u0417\u0430\u043f\u0430\u0441\u043d\u044b\u0435 \u043b\u0435\u0437\u0432\u0438\u0439 \u0434\u043b\u044f <a href=\"https:\/\/sauh.ee\/ru\/product\/aku-oksakaarid\/\">\u0430\u043a\u043a\u0443\u043c\u0443\u043b\u044f\u0442\u043e\u0440\u043d\u044b\u0445 \u0441\u0435\u043a\u0430\u0442\u043e\u0440\u043e\u0432<\/a><\/p>\n<p>\u0412 \u0443\u043f\u0430\u043a\u043e\u0432\u043a\u0435 1 \u043f\u0430\u0440\u0430 \u043d\u043e\u0436\u043d\u0438\u0446.<\/p>","protected":false},"excerpt":{"rendered":"<p>Vahetus terad Aku oksak\u00e4\u00e4ridele Pakendis on 1 k\u00e4\u00e4ride paar.<\/p>","protected":false},"featured_media":7803,"template":"","meta":[],"product_brand":[],"product_cat":[257,31],"product_tag":[],"class_list":{"0":"post-1573","1":"product","2":"type-product","3":"status-publish","4":"has-post-thumbnail","6":"product_cat-aia-tooriistad","7":"product_cat-varuosad","9":"first","10":"onbackorder","11":"shipping-taxable","12":"purchasable","13":"product-type-simple"},"_links":{"self":[{"href":"https:\/\/sauh.ee\/ru\/wp-json\/wp\/v2\/product\/1573","targetHints":{"allow":["GET"]}}],"collection":[{"href":"https:\/\/sauh.ee\/ru\/wp-json\/wp\/v2\/product"}],"about":[{"href":"https:\/\/sauh.ee\/ru\/wp-json\/wp\/v2\/types\/product"}],"wp:featuredmedia":[{"embeddable":true,"href":"https:\/\/sauh.ee\/ru\/wp-json\/wp\/v2\/media\/7803"}],"wp:attachment":[{"href":"https:\/\/sauh.ee\/ru\/wp-json\/wp\/v2\/media?parent=1573"}],"wp:term":[{"taxonomy":"product_brand","embeddable":true,"href":"https:\/\/sauh.ee\/ru\/wp-json\/wp\/v2\/product_brand?post=1573"},{"taxonomy":"product_cat","embeddable":true,"href":"https:\/\/sauh.ee\/ru\/wp-json\/wp\/v2\/product_cat?post=1573"},{"taxonomy":"product_tag","embeddable":true,"href":"https:\/\/sauh.ee\/ru\/wp-json\/wp\/v2\/product_tag?post=1573"}],"curies":[{"name":"wp","href":"https:\/\/api.w.org\/{rel}","templated":true}]}}