{"id":1586,"date":"2023-05-31T13:56:00","date_gmt":"2023-05-31T13:56:00","guid":{"rendered":"https:\/\/sauh.ee\/?post_type=product&#038;p=1586"},"modified":"2025-10-28T22:41:36","modified_gmt":"2025-10-28T22:41:36","slug":"patareil-tootav-laser-8-joonega","status":"publish","type":"product","link":"https:\/\/sauh.ee\/ru\/product\/patareil-tootav-laser-8-joonega\/","title":{"rendered":"\u041b\u0430\u0437\u0435\u0440 \u043d\u0430 \u0431\u0430\u0442\u0430\u0440\u0435\u0439\u043a\u0430\u0445 \u0441 8 \u043b\u0438\u043d\u0438\u044f\u043c\u0438"},"content":{"rendered":"<p><span style=\"font-weight: 400;\">\u041b\u0430\u0437\u0435\u0440\u043d\u044b\u0439 \u043d\u0438\u0432\u0435\u043b\u0438\u0440 \u2014 \u044d\u0442\u043e 2-\u043b\u0438\u043d\u0435\u0439\u043d\u044b\u0439 \u0437\u0435\u043b\u0435\u043d\u044b\u0439 \u043d\u0438\u0432\u0435\u043b\u0438\u0440\u043d\u044b\u0439 \u043b\u0430\u0437\u0435\u0440, \u043a\u043e\u0442\u043e\u0440\u044b\u0439 \u043f\u043e\u043c\u043e\u0433\u0430\u0435\u0442 \u0432\u044b\u0440\u0430\u0432\u043d\u0438\u0432\u0430\u0442\u044c \u043f\u043e \u0433\u043e\u0440\u0438\u0437\u043e\u043d\u0442\u0430\u043b\u0438 \u0438 \u0432\u0435\u0440\u0442\u0438\u043a\u0430\u043b\u0438. <\/span><\/p>\n<div style=\"width: 720px;\" class=\"wp-video\"><video class=\"wp-video-shortcode\" id=\"video-1586-1\" width=\"720\" height=\"960\" preload=\"metadata\" controls=\"controls\"><source type=\"video\/mp4\" src=\"https:\/\/sauh.ee\/wp-content\/uploads\/2023\/05\/sauh.ee-laser-video-3-1.mp4?_=1\" \/><a href=\"https:\/\/sauh.ee\/wp-content\/uploads\/2023\/05\/sauh.ee-laser-video-3-1.mp4\">https:\/\/sauh.ee\/wp-content\/uploads\/2023\/05\/sauh.ee-laser-video-3-1.mp4<\/a><\/video><\/div>\n<table>\n<thead>\n<tr>\n<th><strong>\u0425\u0430\u0440\u0430\u043a\u0442\u0435\u0440\u0438\u0441\u0442\u0438\u043a\u0430<\/strong><\/th>\n<th><strong>\u0417\u043d\u0430\u0447\u0435\u043d\u0438\u0435<\/strong><\/th>\n<\/tr>\n<\/thead>\n<tbody>\n<tr>\n<td>\u0414\u043b\u0438\u043d\u0430 \u0432\u043e\u043b\u043d\u044b<\/td>\n<td>520 \u043d\u043c<\/td>\n<\/tr>\n<tr>\n<td>\u0422\u043e\u0447\u043d\u043e\u0441\u0442\u044c<\/td>\n<td>\u00b12 \u043c\u043c \/ 5 \u043c<\/td>\n<\/tr>\n<tr>\n<td>\u0420\u0430\u0437\u043c\u0435\u0440<\/td>\n<td>133 \u00d7 112 \u00d7 66 \u043c\u043c<\/td>\n<\/tr>\n<tr>\n<td>\u041c\u043e\u0434\u0435\u043b\u044c \u0438\u0437\u043c\u0435\u0440\u0435\u043d\u0438\u044f<\/td>\n<td>2 \u0440\u044f\u0434\u0430<\/td>\n<\/tr>\n<tr>\n<td>\u0422\u0438\u043f<\/td>\n<td>\u0412\u0435\u0440\u0442\u0438\u043a\u0430\u043b\u044c\u043d\u044b\u0435 \u0438 \u0433\u043e\u0440\u0438\u0437\u043e\u043d\u0442\u0430\u043b\u044c\u043d\u044b\u0435 \u043b\u0430\u0437\u0435\u0440\u044b<\/td>\n<\/tr>\n<tr>\n<td>\u041b\u0430\u0437\u0435\u0440\u043d\u0430\u044f \u043a\u0440\u0435\u0441\u0442\u043e\u0432\u0438\u043d\u0430<\/td>\n<td>\u0421\u0430\u043c\u043e\u0432\u044b\u0440\u0430\u0432\u043d\u0438\u0432\u0430\u044e\u0449\u0438\u0439\u0441\u044f<\/td>\n<\/tr>\n<tr>\n<td>\u0426\u0432\u0435\u0442 \u043b\u0430\u0437\u0435\u0440\u0430<\/td>\n<td>\u0417\u0435\u043b\u0435\u043d\u044b\u0439<\/td>\n<\/tr>\n<tr>\n<td>\u041a\u043b\u0430\u0441\u0441 \u043b\u0430\u0437\u0435\u0440\u0430<\/td>\n<td>II \u043a\u043b\u0430\u0441\u0441<\/td>\n<\/tr>\n<tr>\n<td>\u0422\u0438\u043f \u043f\u0438\u0442\u0430\u043d\u0438\u044f<\/td>\n<td>3 \u00d7 AA \u0431\u0430\u0442\u0430\u0440\u0435\u0439\u043a\u0438 (\u0431\u0430\u0442\u0430\u0440\u0435\u0439\u043a\u0438 \u043d\u0435 \u0432\u0445\u043e\u0434\u044f\u0442 \u0432 \u043a\u043e\u043c\u043f\u043b\u0435\u043a\u0442)<\/td>\n<\/tr>\n<\/tbody>\n<\/table>","protected":false},"excerpt":{"rendered":"<p>Laser Nivelleerimism\u00f5\u00f5tur on 2-liiniline roheline tasanduslaser, mis aitab horisontaalse ja vertikaalse tasandamisega. Omadus V\u00e4\u00e4rtus Lainepikkus 520 nm T\u00e4psus \u00b12 mm \/ 5 m Suurus 133 \u00d7 112 \u00d7 66 mm M\u00f5\u00f5tmismudel 2 rida T\u00fc\u00fcp Vertikaalsed ja horisontaalsed laserid Laseri ristjoon Isetasanduv Laseri v\u00e4rv Roheline Laseri klass II klass Toiteallikas 3 \u00d7 AA patareid (patareid ei [&hellip;]<\/p>\n","protected":false},"featured_media":8606,"template":"","meta":[],"product_brand":[],"product_cat":[44],"product_tag":[],"class_list":{"0":"post-1586","1":"product","2":"type-product","3":"status-publish","4":"has-post-thumbnail","6":"product_cat-laserid","8":"first","9":"onbackorder","10":"shipping-taxable","11":"purchasable","12":"product-type-simple"},"_links":{"self":[{"href":"https:\/\/sauh.ee\/ru\/wp-json\/wp\/v2\/product\/1586","targetHints":{"allow":["GET"]}}],"collection":[{"href":"https:\/\/sauh.ee\/ru\/wp-json\/wp\/v2\/product"}],"about":[{"href":"https:\/\/sauh.ee\/ru\/wp-json\/wp\/v2\/types\/product"}],"wp:featuredmedia":[{"embeddable":true,"href":"https:\/\/sauh.ee\/ru\/wp-json\/wp\/v2\/media\/8606"}],"wp:attachment":[{"href":"https:\/\/sauh.ee\/ru\/wp-json\/wp\/v2\/media?parent=1586"}],"wp:term":[{"taxonomy":"product_brand","embeddable":true,"href":"https:\/\/sauh.ee\/ru\/wp-json\/wp\/v2\/product_brand?post=1586"},{"taxonomy":"product_cat","embeddable":true,"href":"https:\/\/sauh.ee\/ru\/wp-json\/wp\/v2\/product_cat?post=1586"},{"taxonomy":"product_tag","embeddable":true,"href":"https:\/\/sauh.ee\/ru\/wp-json\/wp\/v2\/product_tag?post=1586"}],"curies":[{"name":"wp","href":"https:\/\/api.w.org\/{rel}","templated":true}]}}