{"id":17,"date":"2022-10-11T07:39:40","date_gmt":"2022-10-11T07:39:40","guid":{"rendered":"https:\/\/sauh.ee\/?post_type=product&#038;p=17"},"modified":"2026-01-29T15:46:14","modified_gmt":"2026-01-29T15:46:14","slug":"akutrell-10mm","status":"publish","type":"product","link":"https:\/\/sauh.ee\/ru\/product\/akutrell-10mm\/","title":{"rendered":"\u0410\u043a\u043a\u0443\u043c\u0443\u043b\u044f\u0442\u043e\u0440\u043d\u0430\u044f \u0434\u0440\u0435\u043b\u044c 10 \u043c\u043c"},"content":{"rendered":"<p><span style=\"font-weight: 400;\">\u0410\u043a\u043a\u0443\u043c\u0443\u043b\u044f\u0442\u043e\u0440\u043d\u044b\u0439 \u0448\u0443\u0440\u0443\u043f\u043e\u0432\u0435\u0440\u0442, \u0430\u043a\u043a\u0443\u043c\u0443\u043b\u044f\u0442\u043e\u0440\u043d\u0430\u044f \u0434\u0440\u0435\u043b\u044c (\u0440\u0430\u0431\u043e\u0442\u0430\u0435\u0442 \u0441 \u0430\u043a\u043a\u0443\u043c\u0443\u043b\u044f\u0442\u043e\u0440\u0430\u043c\u0438 Makita 18 \u0412)<\/span><\/p>\n<table>\n<thead>\n<tr>\n<th>\u0425\u0430\u0440\u0430\u043a\u0442\u0435\u0440\u0438\u0441\u0442\u0438\u043a\u0430<\/th>\n<th>\u0417\u043d\u0430\u0447\u0435\u043d\u0438\u0435<\/th>\n<\/tr>\n<\/thead>\n<tbody>\n<tr>\n<td>\u0421\u043a\u043e\u0440\u043e\u0441\u0442\u0438<\/td>\n<td>2<\/td>\n<\/tr>\n<tr>\n<td>\u0421\u043a\u043e\u0440\u043e\u0441\u0442\u044c \u0445\u043e\u043b\u043e\u0441\u0442\u043e\u0433\u043e \u0445\u043e\u0434\u0430<\/td>\n<td>0\u2013450 \/ 0\u20131600 \u043e\u0431\/\u043c\u0438\u043d<\/td>\n<\/tr>\n<tr>\n<td>\u0420\u0430\u0437\u043c\u0435\u0440 \u043f\u0430\u0442\u0440\u043e\u043d\u0430<\/td>\n<td>10 \u043c\u043c (3\/8\u2033)<\/td>\n<\/tr>\n<tr>\n<td>\u0420\u0435\u0433\u0443\u043b\u0438\u0440\u043e\u0432\u0430\u043d\u0438\u0435<\/td>\n<td>25 \u0443\u0440\u043e\u0432\u043d\u0435\u0439 \u043c\u043e\u0449\u043d\u043e\u0441\u0442\u0438 + 3 \u0440\u0435\u0436\u0438\u043c\u0430<\/td>\n<\/tr>\n<tr>\n<td>\u0420\u0435\u0436\u0438\u043c\u044b<\/td>\n<td>\u0421\u0432\u0435\u0440\u043b\u0435\u043d\u0438\u0435 \/ \u0411\u0443\u0440\u0435\u043d\u0438\u0435 \/ \u0423\u0434\u0430\u0440\u043d\u043e\u0435 \u0431\u0443\u0440\u0435\u043d\u0438\u0435<\/td>\n<\/tr>\n<tr>\n<td>\u0420\u0430\u0437\u043c\u0435\u0440\u044b<\/td>\n<td>\u043f\u0440\u0438\u0431\u043b. 20 \u00d7 20 \u00d7 10 \u0441\u043c<\/td>\n<\/tr>\n<tr>\n<td>\u041c\u043e\u0449\u043d\u043e\u0441\u0442\u044c<\/td>\n<td>340 \u0412\u0442<\/td>\n<\/tr>\n<tr>\n<td>\u041c\u043e\u0442\u043e\u0440<\/td>\n<td>\u0421 \u0449\u0435\u0442\u043a\u0430\u043c\u0438<\/td>\n<\/tr>\n<\/tbody>\n<\/table>\n<p>&nbsp;<\/p>","protected":false},"excerpt":{"rendered":"<p>Akutrell, akukruvikeeraja (T\u00f6\u00f6tab Makita 18V akudega) Omadus V\u00e4\u00e4rtus Kiirused 2 T\u00fchik\u00e4igukiirus 0\u2013450 \/ 0\u20131600 r\/min Padruni suurus 10 mm (3\/8&#8243;) Reguleerimine 25 j\u00f5uastet + 3 re\u017eiimi Re\u017eiimid Kruvimine \/ Puurimine \/ L\u00f6\u00f6kpuurimine M\u00f5\u00f5dud u. 20 \u00d7 20 \u00d7 10 cm V\u00f5imsus 340 W Mootor Harjadega &nbsp;<\/p>","protected":false},"featured_media":8820,"template":"","meta":[],"product_brand":[],"product_cat":[15,50],"product_tag":[],"class_list":{"0":"post-17","1":"product","2":"type-product","3":"status-publish","4":"has-post-thumbnail","6":"product_cat-analoog-tooted","7":"product_cat-trellid","9":"first","10":"onbackorder","11":"shipping-taxable","12":"purchasable","13":"product-type-variable"},"_links":{"self":[{"href":"https:\/\/sauh.ee\/ru\/wp-json\/wp\/v2\/product\/17","targetHints":{"allow":["GET"]}}],"collection":[{"href":"https:\/\/sauh.ee\/ru\/wp-json\/wp\/v2\/product"}],"about":[{"href":"https:\/\/sauh.ee\/ru\/wp-json\/wp\/v2\/types\/product"}],"wp:featuredmedia":[{"embeddable":true,"href":"https:\/\/sauh.ee\/ru\/wp-json\/wp\/v2\/media\/8820"}],"wp:attachment":[{"href":"https:\/\/sauh.ee\/ru\/wp-json\/wp\/v2\/media?parent=17"}],"wp:term":[{"taxonomy":"product_brand","embeddable":true,"href":"https:\/\/sauh.ee\/ru\/wp-json\/wp\/v2\/product_brand?post=17"},{"taxonomy":"product_cat","embeddable":true,"href":"https:\/\/sauh.ee\/ru\/wp-json\/wp\/v2\/product_cat?post=17"},{"taxonomy":"product_tag","embeddable":true,"href":"https:\/\/sauh.ee\/ru\/wp-json\/wp\/v2\/product_tag?post=17"}],"curies":[{"name":"wp","href":"https:\/\/api.w.org\/{rel}","templated":true}]}}