{"id":1784,"date":"2023-07-30T16:22:55","date_gmt":"2023-07-30T16:22:55","guid":{"rendered":"https:\/\/sauh.ee\/?post_type=product&#038;p=1784"},"modified":"2025-12-07T18:10:13","modified_gmt":"2025-12-07T18:10:13","slug":"poleerimismasin","status":"publish","type":"product","link":"https:\/\/sauh.ee\/ru\/product\/poleerimismasin\/","title":{"rendered":"\u0410\u043a\u043a\u0443\u043c\u0443\u043b\u044f\u0442\u043e\u0440\u043d\u0430\u044f \u043f\u043e\u043b\u0438\u0440\u043e\u0432\u0430\u043b\u044c\u043d\u0430\u044f \u043c\u0430\u0448\u0438\u043d\u0430"},"content":{"rendered":"<p>\u0410\u043a\u043a\u0443\u043c\u0443\u043b\u044f\u0442\u043e\u0440\u043d\u0430\u044f \u043f\u043e\u043b\u0438\u0440\u043e\u0432\u0430\u043b\u044c\u043d\u0430\u044f \u043c\u0430\u0448\u0438\u043d\u0430 \u041c\u0430\u043a\u0438\u0442\u0430 18 \u0412, \u044d\u0444\u0444\u0435\u043a\u0442\u0438\u0432\u043d\u044b\u0439 \u0438 \u0443\u043d\u0438\u0432\u0435\u0440\u0441\u0430\u043b\u044c\u043d\u044b\u0439 \u0438\u043d\u0441\u0442\u0440\u0443\u043c\u0435\u043d\u0442 \u0434\u043b\u044f \u043f\u043e\u043b\u0438\u0440\u043e\u0432\u043a\u0438, \u0448\u043b\u0438\u0444\u043e\u0432\u043a\u0438 \u0438 \u0431\u044b\u0441\u0442\u0440\u043e\u0439 \u043e\u0442\u0434\u0435\u043b\u043a\u0438. \u041b\u0435\u0433\u043a\u0438\u0439 \u043a\u043e\u0440\u043f\u0443\u0441 \u0438 \u0431\u0435\u0441\u043f\u0440\u043e\u0432\u043e\u0434\u043d\u0430\u044f \u044d\u043a\u0441\u043f\u043b\u0443\u0430\u0442\u0430\u0446\u0438\u044f \u0434\u0435\u043b\u0430\u044e\u0442 \u0440\u0430\u0431\u043e\u0442\u0443 \u0443\u0434\u043e\u0431\u043d\u043e\u0439 \u043a\u0430\u043a \u0432 \u0434\u043e\u043c\u0430\u0448\u043d\u0438\u0445 \u0443\u0441\u043b\u043e\u0432\u0438\u044f\u0445, \u0442\u0430\u043a \u0438 \u0432 \u043f\u0440\u043e\u0444\u0435\u0441\u0441\u0438\u043e\u043d\u0430\u043b\u044c\u043d\u043e\u043c \u0438\u0441\u043f\u043e\u043b\u044c\u0437\u043e\u0432\u0430\u043d\u0438\u0438.<\/p>\n<div style=\"width: 980px;\" class=\"wp-video\"><video class=\"wp-video-shortcode\" id=\"video-1784-1\" width=\"980\" height=\"551\" preload=\"metadata\" controls=\"controls\"><source type=\"video\/mp4\" src=\"https:\/\/sauh.ee\/wp-content\/uploads\/2023\/07\/sauh.lt-poleerimismasin-1-1.mp4?_=1\" \/><a href=\"https:\/\/sauh.ee\/wp-content\/uploads\/2023\/07\/sauh.lt-poleerimismasin-1-1.mp4\">https:\/\/sauh.ee\/wp-content\/uploads\/2023\/07\/sauh.lt-poleerimismasin-1-1.mp4<\/a><\/video><\/div>\n<p>&nbsp;<\/p>\n<table>\n<thead>\n<tr>\n<th>\u0425\u0430\u0440\u0430\u043a\u0442\u0435\u0440\u0438\u0441\u0442\u0438\u043a\u0430<\/th>\n<th>\u041e\u043f\u0438\u0441\u0430\u043d\u0438\u0435<\/th>\n<\/tr>\n<\/thead>\n<tbody>\n<tr>\n<td>\u041d\u0430\u043f\u0440\u044f\u0436\u0435\u043d\u0438\u0435<\/td>\n<td>18 \u0412<\/td>\n<\/tr>\n<tr>\n<td>\u041c\u043e\u0442\u043e\u0440<\/td>\n<td>\u0411\u0435\u0441\u0449\u0451\u0442\u043e\u0447\u043d\u044b\u0439<\/td>\n<\/tr>\n<tr>\n<td>\u0421\u043a\u043e\u0440\u043e\u0441\u0442\u044c \u0445\u043e\u043b\u043e\u0441\u0442\u043e\u0433\u043e \u0445\u043e\u0434\u0430<\/td>\n<td>2500\u20137000 \u043e\u0431\/\u043c\u0438\u043d<\/td>\n<\/tr>\n<tr>\n<td>\u0420\u0435\u0433\u0443\u043b\u0438\u0440\u043e\u0432\u043a\u0430 \u0441\u043a\u043e\u0440\u043e\u0441\u0442\u0438<\/td>\n<td>1\u20136 \u0441\u0442\u0443\u043f\u0435\u043d\u0435\u0439<\/td>\n<\/tr>\n<tr>\n<td>\u0414\u0438\u0430\u043c\u0435\u0442\u0440 \u0434\u0438\u0441\u043a\u0430<\/td>\n<td>15 \u0441\u043c<\/td>\n<\/tr>\n<tr>\n<td>\u0412\u0435\u0441<\/td>\n<td>~2,4 \u043a\u0433<\/td>\n<\/tr>\n<tr>\n<td>\u041a\u043e\u0440\u043f\u0443\u0441<\/td>\n<td>\u0423\u0434\u0430\u0440\u043e\u043f\u0440\u043e\u0447\u043d\u044b\u0439 ABS-\u043f\u043b\u0430\u0441\u0442\u0438\u043a<\/td>\n<\/tr>\n<\/tbody>\n<\/table>\n<h4><strong><img fetchpriority=\"high\" decoding=\"async\" class=\"alignnone size-large wp-image-9119\" src=\"https:\/\/sauh.ee\/wp-content\/uploads\/2023\/07\/sauh.ee-poleerimismasin-akudel-1024x375.webp\" alt=\"\" width=\"980\" height=\"359\" srcset=\"https:\/\/sauh.ee\/wp-content\/uploads\/2023\/07\/sauh.ee-poleerimismasin-akudel-1024x375.webp 1024w, https:\/\/sauh.ee\/wp-content\/uploads\/2023\/07\/sauh.ee-poleerimismasin-akudel-300x110.webp 300w, https:\/\/sauh.ee\/wp-content\/uploads\/2023\/07\/sauh.ee-poleerimismasin-akudel-768x281.webp 768w, https:\/\/sauh.ee\/wp-content\/uploads\/2023\/07\/sauh.ee-poleerimismasin-akudel-1536x562.webp 1536w, https:\/\/sauh.ee\/wp-content\/uploads\/2023\/07\/sauh.ee-poleerimismasin-akudel-2048x749.webp 2048w, https:\/\/sauh.ee\/wp-content\/uploads\/2023\/07\/sauh.ee-poleerimismasin-akudel-18x7.webp 18w, https:\/\/sauh.ee\/wp-content\/uploads\/2023\/07\/sauh.ee-poleerimismasin-akudel-416x152.webp 416w, https:\/\/sauh.ee\/wp-content\/uploads\/2023\/07\/sauh.ee-poleerimismasin-akudel-64x23.webp 64w\" sizes=\"(max-width: 980px) 100vw, 980px\" \/><\/strong><\/h4>\n<h4><strong>\u0412 \u043a\u043e\u043c\u043f\u043b\u0435\u043a\u0442 \u0432\u0445\u043e\u0434\u0438\u0442:<\/strong><\/h4>\n<p><span style=\"font-weight: 400;\">1 x \u0410\u043a\u043a\u0443\u043c\u0443\u043b\u044f\u0442\u043e\u0440\u043d\u044b\u0439 \u043f\u043e\u043b\u0438\u0440\u043e\u0432\u0449\u0438\u043a, <\/span><span style=\"font-weight: 400;\">1 x \u041f\u043b\u043e\u0441\u043a\u0438\u0439 \u0448\u043b\u0438\u0444\u043e\u0432\u0430\u043b\u044c\u043d\u044b\u0439 \u043a\u043e\u0432\u0440\u0438\u043a, <\/span><span style=\"font-weight: 400;\">1 x \u0432\u043e\u043b\u043d\u0438\u0441\u0442\u0430\u044f \u043f\u043e\u043b\u0438\u0440\u043e\u0432\u0430\u043b\u044c\u043d\u0430\u044f \u043f\u043e\u0434\u0443\u0448\u0435\u0447\u043a\u0430, <\/span><span style=\"font-weight: 400;\">1 x \u0428\u0435\u0440\u0441\u0442\u044f\u043d\u0430\u044f \u043f\u043e\u043b\u0438\u0440\u043e\u0432\u0430\u043b\u044c\u043d\u0430\u044f \u043f\u043e\u0434\u0443\u0448\u0435\u0447\u043a\u0430, <\/span><span style=\"font-weight: 400;\">1 x \u0428\u043b\u0438\u0444\u043e\u0432\u0430\u043b\u044c\u043d\u0430\u044f \u0431\u0443\u043c\u0430\u0433\u0430, <\/span><span style=\"font-weight: 400;\">5 x \u0427\u0435\u0445\u043b\u044b \u0434\u043b\u044f \u043f\u043e\u0434\u0443\u0448\u0435\u043a (\u043c\u0438\u043a\u0440\u043e\u0444\u0438\u0431\u0440\u0430 * 2, \u0442\u043a\u0430\u043d\u043e\u0435 \u043f\u043e\u043b\u043e\u0442\u043d\u043e * 1, \u0448\u0435\u0440\u0441\u0442\u044c * 1), <\/span><span style=\"font-weight: 400;\">1 x \u0444\u0430\u0440\u0442\u0443\u043a, <\/span><span style=\"font-weight: 400;\">1 x \u041f\u043e\u043b\u0438\u0440\u043e\u0432\u0430\u043b\u044c\u043d\u044b\u0435 \u043f\u0435\u0440\u0447\u0430\u0442\u043a\u0438<\/span><\/p>\n<p><strong>\u0412\u044b\u0431\u0438\u0440\u0430\u044f \u0442\u043e\u043b\u044c\u043a\u043e \u0438\u043d\u0441\u0442\u0440\u0443\u043c\u0435\u043d\u0442<\/strong>: \u0410\u043a\u043a\u0443\u043c\u0443\u043b\u044f\u0442\u043e\u0440\u044b \u0438 \u0434\u0440\u0443\u0433\u0438\u0435 \u0430\u043a\u0441\u0435\u0441\u0441\u0443\u0430\u0440\u044b \u043d\u0435 \u0432\u0445\u043e\u0434\u044f\u0442 \u0432 \u043a\u043e\u043c\u043f\u043b\u0435\u043a\u0442!<\/p>\n<p><strong>\u0412\u044b\u0431\u0438\u0440\u0430\u044f + 2 \u0430\u043a\u043a\u0443\u043c\u0443\u043b\u044f\u0442\u043e\u0440\u0430 \u0438 \u0437\u0430\u0440\u044f\u0434\u043d\u043e\u0435 \u0443\u0441\u0442\u0440\u043e\u0439\u0441\u0442\u0432\u043e<\/strong>:\u00a0<a href=\"https:\/\/sauh.ee\/ru\/product\/aku-komplekt-analoog-tooriistadele-2ah\/\">\u0412 \u043a\u043e\u043c\u043f\u043b\u0435\u043a\u0442 \u0432\u0445\u043e\u0434\u044f\u0442 2 \u0430\u043a\u043a\u0443\u043c\u0443\u043b\u044f\u0442\u043e\u0440\u0430 \u0438 \u0437\u0430\u0440\u044f\u0434\u043d\u043e\u0435 \u0443\u0441\u0442\u0440\u043e\u0439\u0441\u0442\u0432\u043e.<\/a><\/p>","protected":false},"excerpt":{"rendered":"<p>Makita 18V akudele m\u00f5eldud aku poleerimismasin on t\u00f5hus ja mitmek\u00fclgne t\u00f6\u00f6riist vahatamiseks, poleerimiseks ja kiireks viimistlemiseks. Kerge korpus ja juhtmevaba kasutus muudavad t\u00f6\u00f6 mugavaks nii kodus kui ka professionaalses kasutuses. &nbsp; Omadus Kirjeldus Pinge 18 V Mootor Harjavaba T\u00fchik\u00e4igu kiirus 2500\u20137000 rpm Kiiruse reguleerimine 1\u20136 astet Ketta l\u00e4bim\u00f5\u00f5t 15 cm Kaal ~2,4 kg Korpus L\u00f6\u00f6gikindel [&hellip;]<\/p>\n","protected":false},"featured_media":7868,"template":"","meta":[],"product_brand":[],"product_cat":[277,263,262,15],"product_tag":[],"class_list":{"0":"post-1784","1":"product","2":"type-product","3":"status-publish","4":"has-post-thumbnail","6":"product_cat-autosse","7":"product_cat-lihvimis-ja-loikeriistad","8":"product_cat-muud-tooriistad","9":"product_cat-analoog-tooted","11":"first","12":"instock","13":"shipping-taxable","14":"purchasable","15":"product-type-variable"},"_links":{"self":[{"href":"https:\/\/sauh.ee\/ru\/wp-json\/wp\/v2\/product\/1784","targetHints":{"allow":["GET"]}}],"collection":[{"href":"https:\/\/sauh.ee\/ru\/wp-json\/wp\/v2\/product"}],"about":[{"href":"https:\/\/sauh.ee\/ru\/wp-json\/wp\/v2\/types\/product"}],"wp:featuredmedia":[{"embeddable":true,"href":"https:\/\/sauh.ee\/ru\/wp-json\/wp\/v2\/media\/7868"}],"wp:attachment":[{"href":"https:\/\/sauh.ee\/ru\/wp-json\/wp\/v2\/media?parent=1784"}],"wp:term":[{"taxonomy":"product_brand","embeddable":true,"href":"https:\/\/sauh.ee\/ru\/wp-json\/wp\/v2\/product_brand?post=1784"},{"taxonomy":"product_cat","embeddable":true,"href":"https:\/\/sauh.ee\/ru\/wp-json\/wp\/v2\/product_cat?post=1784"},{"taxonomy":"product_tag","embeddable":true,"href":"https:\/\/sauh.ee\/ru\/wp-json\/wp\/v2\/product_tag?post=1784"}],"curies":[{"name":"wp","href":"https:\/\/api.w.org\/{rel}","templated":true}]}}