{"id":203,"date":"2022-10-14T10:38:25","date_gmt":"2022-10-14T10:38:25","guid":{"rendered":"https:\/\/sauh.ee\/?post_type=product&#038;p=203"},"modified":"2025-10-28T21:54:05","modified_gmt":"2025-10-28T21:54:05","slug":"aku-ristjoonlaser","status":"publish","type":"product","link":"https:\/\/sauh.ee\/ru\/product\/aku-ristjoonlaser\/","title":{"rendered":"\u0410\u043a\u043a\u0443\u043c\u0443\u043b\u044f\u0442\u043e\u0440\u043d\u044b\u0439 \u043a\u0440\u0435\u0441\u0442\u043e\u0432\u043e\u0439 \u043b\u0430\u0437\u0435\u0440 16 \u043b\u0438\u043d\u0438\u0439"},"content":{"rendered":"<p><span style=\"font-weight: 400;\">3D-\u0430\u043a\u043a\u0443\u043c\u0443\u043b\u044f\u0442\u043e\u0440\u043d\u044b\u0439 \u043a\u0440\u0435\u0441\u0442\u043e\u0432\u044b\u0439 \u043b\u0430\u0437\u0435\u0440 \u0441 360\u00b0 \u043f\u043e\u043a\u0440\u044b\u0442\u0438\u0435\u043c.\u00a0\u00a0<\/span><span style=\"font-weight: 400;\">\u041a\u043e\u0440\u043f\u0443\u0441 \u043b\u0430\u0437\u0435\u0440\u0430 \u0437\u0430\u0449\u0438\u0449\u0435\u043d \u0440\u0435\u0437\u0438\u043d\u043e\u0439 \u0438 \u0442\u0430\u043a\u0436\u0435 \u0432\u044b\u0434\u0435\u0440\u0436\u0438\u0432\u0430\u0435\u0442 \u0443\u0434\u0430\u0440\u044b.<\/span><\/p>\n<p><iframe title=\"sauh.ee Aku ristjoonlaser 16 joont\" width=\"980\" height=\"735\" src=\"https:\/\/www.youtube.com\/embed\/0aiZPnsAChA?feature=oembed\" frameborder=\"0\" allow=\"accelerometer; autoplay; clipboard-write; encrypted-media; gyroscope; picture-in-picture; web-share\" referrerpolicy=\"strict-origin-when-cross-origin\" allowfullscreen><\/iframe><\/p>\n<table>\n<thead>\n<tr>\n<th><strong>\u0425\u0430\u0440\u0430\u043a\u0442\u0435\u0440\u0438\u0441\u0442\u0438\u043a\u0430<\/strong><\/th>\n<th><strong>\u0417\u043d\u0430\u0447\u0435\u043d\u0438\u0435<\/strong><\/th>\n<\/tr>\n<\/thead>\n<tbody>\n<tr>\n<td>\u041c\u0430\u0442\u0435\u0440\u0438\u0430\u043b<\/td>\n<td>\u041f\u043b\u0430\u0441\u0442\u0438\u043a, \u043c\u0435\u0442\u0430\u043b\u043b<\/td>\n<\/tr>\n<tr>\n<td>\u0410\u043a\u043a\u0443\u043c\u0443\u043b\u044f\u0442\u043e\u0440<\/td>\n<td>1 \u00d7 3,7V, 3000mAh (kaasas, sees kaks 18650 akut, kui seade on avatud)<\/td>\n<\/tr>\n<tr>\n<td>Laserkiir<\/td>\n<td>360\u00b0 \u00d7 4, 16 joont (40)<\/td>\n<\/tr>\n<tr>\n<td>\u0414\u043b\u0438\u043d\u0430 \u0432\u043e\u043b\u043d\u044b<\/td>\n<td>Roheline valgus, 532 nm<\/td>\n<\/tr>\n<tr>\n<td>T\u00f6\u00f6tlemistemperatuur<\/td>\n<td>-5\u00b0C kuni 50\u00b0C<\/td>\n<\/tr>\n<tr>\n<td>Seadme suurus (koos akuga)<\/td>\n<td>135 \u00d7 105 \u00d7 126 mm<\/td>\n<\/tr>\n<tr>\n<td>Pakendi suurus<\/td>\n<td>215 \u00d7 165 \u00d7 255 mm<\/td>\n<\/tr>\n<tr>\n<td>\u0422\u043e\u0447\u043d\u043e\u0441\u0442\u044c<\/td>\n<td>\u00b10,2 mm \/ 10 m (horisontaalne \/ vertikaalne)<\/td>\n<\/tr>\n<tr>\n<td>Ise tasandamise ulatus<\/td>\n<td>\u00b13\u00b0<\/td>\n<\/tr>\n<tr>\n<td>Veekindluse tase<\/td>\n<td>IP54<\/td>\n<\/tr>\n<tr>\n<td>T\u00f6\u00f6tamiskaugus<\/td>\n<td>25 m diameeter<\/td>\n<\/tr>\n<tr>\n<td>\u0420\u0430\u0431\u043e\u0447\u0435\u0435 \u0432\u0440\u0435\u043c\u044f<\/td>\n<td>U. 5 tundi<\/td>\n<\/tr>\n<\/tbody>\n<\/table>\n<p><img fetchpriority=\"high\" decoding=\"async\" class=\"alignnone size-large wp-image-7421\" src=\"https:\/\/sauh.ee\/wp-content\/uploads\/2022\/10\/sauh.ee-ristjoonlaser-1-1024x432.webp\" alt=\"\" width=\"980\" height=\"413\" srcset=\"https:\/\/sauh.ee\/wp-content\/uploads\/2022\/10\/sauh.ee-ristjoonlaser-1-1024x432.webp 1024w, https:\/\/sauh.ee\/wp-content\/uploads\/2022\/10\/sauh.ee-ristjoonlaser-1-300x126.webp 300w, https:\/\/sauh.ee\/wp-content\/uploads\/2022\/10\/sauh.ee-ristjoonlaser-1-768x324.webp 768w, https:\/\/sauh.ee\/wp-content\/uploads\/2022\/10\/sauh.ee-ristjoonlaser-1-18x8.webp 18w, https:\/\/sauh.ee\/wp-content\/uploads\/2022\/10\/sauh.ee-ristjoonlaser-1-416x175.webp 416w, https:\/\/sauh.ee\/wp-content\/uploads\/2022\/10\/sauh.ee-ristjoonlaser-1.webp 1355w\" sizes=\"(max-width: 980px) 100vw, 980px\" \/><\/p>","protected":false},"excerpt":{"rendered":"<p>3D Aku ristjoonlaset 360\u00b0 kattega.\u00a0\u00a0Laseri \u00fcmbris on kaitstud kummiga ning peab vastu ka p\u00f5rutustele. Omadus V\u00e4\u00e4rtus Materjal Plastik, metall Aku 1 \u00d7 3,7V, 3000mAh (kaasas, sees kaks 18650 akut, kui seade on avatud) Laserkiir 360\u00b0 \u00d7 4, 16 joont (40) Lainepikkus Roheline valgus, 532 nm T\u00f6\u00f6tlemistemperatuur -5\u00b0C kuni 50\u00b0C Seadme suurus (koos akuga) 135 \u00d7 [&hellip;]<\/p>\n","protected":false},"featured_media":7420,"template":"","meta":[],"product_brand":[],"product_cat":[44],"product_tag":[272],"class_list":{"0":"post-203","1":"product","2":"type-product","3":"status-publish","4":"has-post-thumbnail","6":"product_cat-laserid","7":"product_tag-sugis","9":"first","10":"instock","11":"shipping-taxable","12":"purchasable","13":"product-type-simple"},"_links":{"self":[{"href":"https:\/\/sauh.ee\/ru\/wp-json\/wp\/v2\/product\/203","targetHints":{"allow":["GET"]}}],"collection":[{"href":"https:\/\/sauh.ee\/ru\/wp-json\/wp\/v2\/product"}],"about":[{"href":"https:\/\/sauh.ee\/ru\/wp-json\/wp\/v2\/types\/product"}],"wp:featuredmedia":[{"embeddable":true,"href":"https:\/\/sauh.ee\/ru\/wp-json\/wp\/v2\/media\/7420"}],"wp:attachment":[{"href":"https:\/\/sauh.ee\/ru\/wp-json\/wp\/v2\/media?parent=203"}],"wp:term":[{"taxonomy":"product_brand","embeddable":true,"href":"https:\/\/sauh.ee\/ru\/wp-json\/wp\/v2\/product_brand?post=203"},{"taxonomy":"product_cat","embeddable":true,"href":"https:\/\/sauh.ee\/ru\/wp-json\/wp\/v2\/product_cat?post=203"},{"taxonomy":"product_tag","embeddable":true,"href":"https:\/\/sauh.ee\/ru\/wp-json\/wp\/v2\/product_tag?post=203"}],"curies":[{"name":"wp","href":"https:\/\/api.w.org\/{rel}","templated":true}]}}