{"id":262,"date":"2022-10-14T14:21:29","date_gmt":"2022-10-14T14:21:29","guid":{"rendered":"https:\/\/sauh.ee\/?post_type=product&#038;p=262"},"modified":"2026-04-12T18:48:57","modified_gmt":"2026-04-12T18:48:57","slug":"aku-oksakaarid","status":"publish","type":"product","link":"https:\/\/sauh.ee\/ru\/product\/aku-oksakaarid\/","title":{"rendered":"\u0410\u043a\u043a\u0443\u043c\u0443\u043b\u044f\u0442\u043e\u0440\u043d\u044b\u0435 \u0441\u0435\u043a\u0430\u0442\u043e\u0440\u044b 30\u043c\u043c"},"content":{"rendered":"<p>\u0410\u043a\u043a\u0443\u043c\u0443\u043b\u044f\u0442\u043e\u0440\u043d\u044b\u0435 \u043d\u043e\u0436\u043d\u0438\u0446\u044b \u0434\u043b\u044f \u0432\u0435\u0442\u043e\u043a. \u0422\u0438\u043f \u0430\u043a\u043a\u0443\u043c\u0443\u043b\u044f\u0442\u043e\u0440\u0430: 18 \u0412 ( \u0442\u0430\u043a\u0436\u0435 \u043f\u043e\u0434\u0445\u043e\u0434\u0438\u0442 \u0434\u043b\u044f \u0430\u043a\u043a\u0443\u043c\u0443\u043b\u044f\u0442\u043e\u0440\u043e\u0432 Makita).<\/p>\n<p><span style=\"font-weight: 400;\">\u041e\u0431\u0440\u0435\u0437\u0430\u0439\u0442\u0435 \u0432\u0435\u0442\u043a\u0438 \u0438 \u0434\u0435\u0440\u0435\u0432\u044c\u044f \u0432 \u0441\u0430\u0434\u0443 \u0441 \u043b\u0435\u0433\u043a\u043e\u0441\u0442\u044c\u044e. <\/span><span style=\"font-weight: 400;\">\u041d\u043e\u0436\u043d\u0438\u0446\u044b \u043c\u043e\u0433\u0443\u0442 \u0441\u0440\u0435\u0437\u0430\u0442\u044c \u043c\u0430\u043a\u0441\u0438\u043c\u0443\u043c 30 \u043c\u043c.<\/span><\/p>\n<p>\u0414\u0435\u0439\u0441\u0442\u0432\u0438\u0442\u0435\u043b\u044c\u043d\u043e \u0445\u043e\u0440\u043e\u0448\u0438\u0435 \u0438\u043d\u0441\u0442\u0440\u0443\u043c\u0435\u043d\u0442\u044b \u0434\u043b\u044f \u0440\u0430\u0431\u043e\u0442\u044b \u0432 \u0441\u0430\u0434\u0443. \u041a\u0430\u043a \u0432\u044b \u043c\u043e\u0436\u0435\u0442\u0435 \u0432\u0438\u0434\u0435\u0442\u044c \u043d\u0430 \u0432\u0438\u0434\u0435\u043e \u043d\u0438\u0436\u0435, \u044d\u0442\u0438 \u0441\u0435\u043a\u0430\u0442\u043e\u0440\u044b \u043c\u043e\u0433\u0443\u0442 \u0431\u044b\u0441\u0442\u0440\u043e \u0438 \u043b\u0435\u0433\u043a\u043e \u0441\u0440\u0435\u0437\u0430\u0442\u044c \u0432\u0435\u0442\u043a\u0438 \u0442\u043e\u043b\u0449\u0438\u043d\u043e\u0439 \u0434\u043e 3 \u0441\u043c. \u041d\u0430 \u0441\u043e\u0431\u0441\u0442\u0432\u0435\u043d\u043d\u043e\u043c \u043e\u043f\u044b\u0442\u0435 \u043c\u044b \u043c\u043e\u0436\u0435\u043c \u043f\u043e\u0434\u0442\u0432\u0435\u0440\u0434\u0438\u0442\u044c, \u0447\u0442\u043e \u0438\u0441\u043f\u043e\u043b\u044c\u0437\u043e\u0432\u0430\u043d\u0438\u0435 \u044d\u0442\u0438\u0445 \u043d\u043e\u0436\u043d\u0438\u0446 \u0437\u043d\u0430\u0447\u0438\u0442\u0435\u043b\u044c\u043d\u043e \u0441\u043e\u043a\u0440\u0430\u0449\u0430\u0435\u0442 \u0432\u0440\u0435\u043c\u044f \u0440\u0430\u0431\u043e\u0442\u044b \u0438 \u0443\u0441\u0442\u0430\u043b\u043e\u0441\u0442\u044c \u0440\u0443\u043a, \u0442\u0430\u043a \u043a\u0430\u043a \u0432\u0430\u043c \u043d\u0435 \u043d\u0443\u0436\u043d\u043e \u043f\u0440\u0438\u043b\u0430\u0433\u0430\u0442\u044c \u043c\u043d\u043e\u0433\u043e \u0443\u0441\u0438\u043b\u0438\u0439 \u0434\u043b\u044f \u0440\u0435\u0437\u043a\u0438, \u0434\u043e\u0441\u0442\u0430\u0442\u043e\u0447\u043d\u043e \u043d\u0430\u0436\u0430\u0442\u044c \u043d\u0430 \u043a\u0443\u0440\u043e\u043a. \u041f\u043e\u044d\u0442\u043e\u043c\u0443 \u043c\u044b \u0441\u043c\u0435\u043b\u043e \u0440\u0435\u043a\u043e\u043c\u0435\u043d\u0434\u0443\u0435\u043c \u043d\u0430\u0448\u0438 \u0441\u0435\u043a\u0430\u0442\u043e\u0440\u044b \u0432\u0441\u0435\u043c.<\/p>\n<div style=\"width: 980px;\" class=\"wp-video\"><video class=\"wp-video-shortcode\" id=\"video-262-1\" width=\"980\" height=\"551\" preload=\"metadata\" controls=\"controls\"><source type=\"video\/mp4\" src=\"https:\/\/sauh.ee\/wp-content\/uploads\/2022\/10\/sauh.ee-akuoksakaarid-1-1.mp4?_=1\" \/><a href=\"https:\/\/sauh.ee\/wp-content\/uploads\/2022\/10\/sauh.ee-akuoksakaarid-1-1.mp4\">https:\/\/sauh.ee\/wp-content\/uploads\/2022\/10\/sauh.ee-akuoksakaarid-1-1.mp4<\/a><\/video><\/div>\n<p>&nbsp;<\/p>\n<p><strong>Kasutusjuhend:<\/strong><\/p>\n<p><span style=\"font-weight: 400;\">\u0427\u0442\u043e\u0431\u044b \u0437\u0430\u043f\u0443\u0441\u0442\u0438\u0442\u044c \u043d\u043e\u0436\u043d\u0438\u0446\u044b, \u0443\u0434\u0435\u0440\u0436\u0438\u0432\u0430\u0439\u0442\u0435 \u043a\u043d\u043e\u043f\u043a\u0443 \u0432\u043a\u043b\u044e\u0447\u0435\u043d\u0438\u044f\/\u0432\u044b\u043a\u043b\u044e\u0447\u0435\u043d\u0438\u044f \u0438 \u043d\u0430\u0436\u043c\u0438\u0442\u0435 \u043d\u0430 \u043a\u043d\u043e\u043f\u043a\u0443 \u0432\u043a\u043b\u044e\u0447\u0435\u043d\u0438\u044f 2 \u0440\u0430\u0437\u0430 \u043f\u043e\u0441\u043b\u0435 \u0437\u0430\u043f\u0443\u0441\u043a\u0430. \u0427\u0442\u043e\u0431\u044b \u0432\u044b\u043a\u043b\u044e\u0447\u0438\u0442\u044c \u0438\u043d\u0441\u0442\u0440\u0443\u043c\u0435\u043d\u0442, \u0443\u0434\u0435\u0440\u0436\u0438\u0432\u0430\u0439\u0442\u0435 \u043a\u043d\u043e\u043f\u043a\u0443 \u0432\u043a\u043b\u044e\u0447\u0435\u043d\u0438\u044f\/\u0432\u044b\u043a\u043b\u044e\u0447\u0435\u043d\u0438\u044f. \u041a\u043e\u0433\u0434\u0430 \u043d\u043e\u0436\u043d\u0438\u0446\u044b \u043d\u0435 \u0438\u0441\u043f\u043e\u043b\u044c\u0437\u0443\u044e\u0442\u0441\u044f, \u0440\u0435\u043a\u043e\u043c\u0435\u043d\u0434\u0443\u0435\u0442\u0441\u044f \u0434\u0435\u0440\u0436\u0430\u0442\u044c \u0438\u0445 \u0432 \u0437\u0430\u043a\u0440\u044b\u0442\u043e\u043c \u043f\u043e\u043b\u043e\u0436\u0435\u043d\u0438\u0438 \u0434\u043b\u044f \u043e\u0431\u0435\u0441\u043f\u0435\u0447\u0435\u043d\u0438\u044f \u0431\u0435\u0437\u043e\u043f\u0430\u0441\u043d\u043e\u0441\u0442\u0438.<\/span><\/p>\n<p>\u0412\u044b\u0431\u0438\u0440\u0430\u044f \u0442\u043e\u043b\u044c\u043a\u043e \u0438\u043d\u0441\u0442\u0440\u0443\u043c\u0435\u043d\u0442: \u0430\u043a\u043a\u0443\u043c\u0443\u043b\u044f\u0442\u043e\u0440\u044b \u0438 \u0434\u0440\u0443\u0433\u0438\u0435 \u0430\u043a\u0441\u0435\u0441\u0441\u0443\u0430\u0440\u044b \u0432 \u043a\u043e\u043c\u043f\u043b\u0435\u043a\u0442 \u043d\u0435 \u0432\u0445\u043e\u0434\u044f\u0442!<\/p>\n<p>\u0412\u044b\u0431\u043e\u0440 + 2 \u0430\u043a\u043a\u0443\u043c\u0443\u043b\u044f\u0442\u043e\u0440\u0430 \u0438 \u0437\u0430\u0440\u044f\u0434\u043d\u043e\u0435 \u0443\u0441\u0442\u0440\u043e\u0439\u0441\u0442\u0432\u043e:\u00a0<a href=\"https:\/\/sauh.ee\/ru\/product\/makita-analoog-aku-komplekt\/\">\u0412 \u043a\u043e\u043c\u043f\u043b\u0435\u043a\u0442 \u0432\u0445\u043e\u0434\u044f\u0442 2 \u0430\u043a\u043a\u0443\u043c\u0443\u043b\u044f\u0442\u043e\u0440\u0430 \u0438 \u0437\u0430\u0440\u044f\u0434\u043d\u043e\u0435 \u0443\u0441\u0442\u0440\u043e\u0439\u0441\u0442\u0432\u043e.<\/a><\/p>\n<p>\u0422\u0435\u0445\u043d\u0438\u0447\u0435\u0441\u043a\u0438\u0435 \u0434\u0430\u043d\u043d\u044b\u0435 \u0432 \u043a\u043e\u043b\u043e\u043d\u043a\u0435 \u00ab\u0414\u043e\u043f\u043e\u043b\u043d\u0438\u0442\u0435\u043b\u044c\u043d\u0430\u044f \u0438\u043d\u0444\u043e\u0440\u043c\u0430\u0446\u0438\u044f\u00bb.<\/p>","protected":false},"excerpt":{"rendered":"<p>Aku oksak\u00e4\u00e4rid. Akut\u00fc\u00fcp: 18V (Saab kasutada ka Makita akudega) L\u00f5ika, k\u00e4rbi aias oksi ja puid kerge vaevaga. Masin suudab l\u00e4bi l\u00f5igata maksimaalselt 30mm oksast\/puust. T\u00f5eliselt head t\u00f6\u00f6riistad aias t\u00f6\u00f6tamiseks. Nagu v\u00f5ib n\u00e4ha ka allpool olevast tutvustavast videost, suudavad need oksak\u00e4\u00e4rid l\u00f5igata l\u00e4bi kuni 3 cm paksuseid oksi kiiresti ja lihtsalt. Meie enda kogemuse p\u00f5hjal v\u00f5ime [&hellip;]<\/p>\n","protected":false},"featured_media":7418,"template":"","meta":[],"product_brand":[],"product_cat":[257,15],"product_tag":[],"class_list":{"0":"post-262","1":"product","2":"type-product","3":"status-publish","4":"has-post-thumbnail","6":"product_cat-aia-tooriistad","7":"product_cat-analoog-tooted","9":"first","10":"onbackorder","11":"shipping-taxable","12":"purchasable","13":"product-type-variable"},"_links":{"self":[{"href":"https:\/\/sauh.ee\/ru\/wp-json\/wp\/v2\/product\/262","targetHints":{"allow":["GET"]}}],"collection":[{"href":"https:\/\/sauh.ee\/ru\/wp-json\/wp\/v2\/product"}],"about":[{"href":"https:\/\/sauh.ee\/ru\/wp-json\/wp\/v2\/types\/product"}],"wp:featuredmedia":[{"embeddable":true,"href":"https:\/\/sauh.ee\/ru\/wp-json\/wp\/v2\/media\/7418"}],"wp:attachment":[{"href":"https:\/\/sauh.ee\/ru\/wp-json\/wp\/v2\/media?parent=262"}],"wp:term":[{"taxonomy":"product_brand","embeddable":true,"href":"https:\/\/sauh.ee\/ru\/wp-json\/wp\/v2\/product_brand?post=262"},{"taxonomy":"product_cat","embeddable":true,"href":"https:\/\/sauh.ee\/ru\/wp-json\/wp\/v2\/product_cat?post=262"},{"taxonomy":"product_tag","embeddable":true,"href":"https:\/\/sauh.ee\/ru\/wp-json\/wp\/v2\/product_tag?post=262"}],"curies":[{"name":"wp","href":"https:\/\/api.w.org\/{rel}","templated":true}]}}