{"id":277,"date":"2022-10-18T13:20:25","date_gmt":"2022-10-18T13:20:25","guid":{"rendered":"https:\/\/sauh.ee\/?post_type=product&#038;p=277"},"modified":"2026-03-01T00:00:12","modified_gmt":"2026-03-01T00:00:12","slug":"akutikksaag","status":"publish","type":"product","link":"https:\/\/sauh.ee\/ru\/product\/akutikksaag\/","title":{"rendered":"\u0410\u043a\u043a\u0443\u043c\u0443\u043b\u044f\u0442\u043e\u0440\u043d\u044b\u0439 \u043b\u043e\u0431\u0437\u0438\u043a"},"content":{"rendered":"<p>\u041b\u043e\u0431\u0437\u0438\u043a (\u0440\u0430\u0431\u043e\u0442\u0430\u0435\u0442 \u0441 \u0430\u043a\u043a\u0443\u043c\u0443\u043b\u044f\u0442\u043e\u0440\u0430\u043c\u0438 Makita 18 \u0412)<\/p>\n<div style=\"width: 980px;\" class=\"wp-video\"><video class=\"wp-video-shortcode\" id=\"video-277-1\" width=\"980\" height=\"551\" preload=\"metadata\" controls=\"controls\"><source type=\"video\/mp4\" src=\"https:\/\/sauh.ee\/wp-content\/uploads\/2022\/10\/sauh.ee-lobzik-tikksaag-video-1.mp4?_=1\" \/><a href=\"https:\/\/sauh.ee\/wp-content\/uploads\/2022\/10\/sauh.ee-lobzik-tikksaag-video-1.mp4\">https:\/\/sauh.ee\/wp-content\/uploads\/2022\/10\/sauh.ee-lobzik-tikksaag-video-1.mp4<\/a><\/video><\/div>\n<p>&nbsp;<\/p>\n<p>\u041b\u043e\u0431\u0437\u0438\u043a - \u044d\u0442\u043e \u0443\u043d\u0438\u0432\u0435\u0440\u0441\u0430\u043b\u044c\u043d\u044b\u0439 \u0438 \u043b\u0435\u0433\u043a\u0438\u0439 \u0430\u043a\u043a\u0443\u043c\u0443\u043b\u044f\u0442\u043e\u0440\u043d\u044b\u0439 \u0438\u043d\u0441\u0442\u0440\u0443\u043c\u0435\u043d\u0442, \u043f\u0440\u0435\u0434\u043d\u0430\u0437\u043d\u0430\u0447\u0435\u043d\u043d\u044b\u0439 \u0434\u043b\u044f \u043e\u0431\u0440\u0430\u0431\u043e\u0442\u043a\u0438 \u0434\u0435\u0440\u0435\u0432\u0430, \u043c\u0435\u0442\u0430\u043b\u043b\u0430 \u0438 \u043e\u0431\u0449\u0438\u0445 \u043f\u0440\u043e\u0435\u043a\u0442\u043e\u0432 \"\u0441\u0434\u0435\u043b\u0430\u0439 \u0441\u0430\u043c\". \u041e\u043d \u043e\u0441\u043d\u0430\u0449\u0435\u043d \u043c\u043e\u0449\u043d\u044b\u043c \u0434\u0432\u0438\u0433\u0430\u0442\u0435\u043b\u0435\u043c 1500 \u0412\u0442, \u043a\u043e\u0442\u043e\u0440\u044b\u0439 \u0434\u0435\u043b\u0430\u0435\u0442 \u0440\u043e\u0432\u043d\u044b\u0435 \u0438 \u0442\u043e\u0447\u043d\u044b\u0435 \u043f\u0440\u043e\u043f\u0438\u043b\u044b \u0432 \u0440\u0430\u0437\u043b\u0438\u0447\u043d\u044b\u0445 \u043c\u0430\u0442\u0435\u0440\u0438\u0430\u043b\u0430\u0445, \u0432\u043a\u043b\u044e\u0447\u0430\u044f \u0434\u0435\u0440\u0435\u0432\u043e, \u043c\u0435\u0442\u0430\u043b\u043b, \u043f\u043b\u0430\u0441\u0442\u0438\u043a \u0438 \u043a\u0435\u0440\u0430\u043c\u0438\u043a\u0443. \u041f\u0438\u043b\u0430 \u0438\u043c\u0435\u0435\u0442 \u0447\u0435\u0442\u044b\u0440\u0435 \u043f\u043e\u043b\u043e\u0436\u0435\u043d\u0438\u044f \u0440\u0435\u0437\u0430 \u0441 \u0440\u0430\u0437\u043b\u0438\u0447\u043d\u044b\u043c\u0438 \u0443\u0433\u043b\u0430\u043c\u0438 \u043d\u0430\u043a\u043b\u043e\u043d\u0430 \u0434\u043b\u044f \u0431\u043e\u043b\u044c\u0448\u0435\u0439 \u0442\u043e\u0447\u043d\u043e\u0441\u0442\u0438 \u0438 \u043a\u043e\u043d\u0442\u0440\u043e\u043b\u044f. \u0411\u043b\u0430\u0433\u043e\u0434\u0430\u0440\u044f \u044d\u0440\u0433\u043e\u043d\u043e\u043c\u0438\u0447\u043d\u043e\u043c\u0443 \u0434\u0438\u0437\u0430\u0439\u043d\u0443 \u0438 \u0443\u0434\u043e\u0431\u043d\u043e\u0439 \u0440\u0443\u043a\u043e\u044f\u0442\u043a\u0435, \u044d\u0442\u0430 \u043c\u043d\u043e\u0433\u043e\u0444\u0443\u043d\u043a\u0446\u0438\u043e\u043d\u0430\u043b\u044c\u043d\u0430\u044f \u043f\u0438\u043b\u0430 \u0441\u0442\u0430\u043d\u0435\u0442 \u043e\u0442\u043b\u0438\u0447\u043d\u044b\u043c \u0432\u044b\u0431\u043e\u0440\u043e\u043c \u043a\u0430\u043a \u0434\u043b\u044f \u043f\u0440\u043e\u0444\u0435\u0441\u0441\u0438\u043e\u043d\u0430\u043b\u043e\u0432, \u0442\u0430\u043a \u0438 \u0434\u043b\u044f \u043d\u043e\u0432\u0438\u0447\u043a\u043e\u0432.<\/p>\n<p>\u0410\u043a\u043a\u0443\u043c\u0443\u043b\u044f\u0442\u043e\u0440\u044b \u0438 \u0434\u0440\u0443\u0433\u0438\u0435 \u0430\u043a\u0441\u0435\u0441\u0441\u0443\u0430\u0440\u044b \u0432 \u043a\u043e\u043c\u043f\u043b\u0435\u043a\u0442 \u043d\u0435 \u0432\u0445\u043e\u0434\u044f\u0442.<\/p>\n<p>\u0427\u0430\u0441\u0442\u043e\u0442\u0430 \u0445\u043e\u0434\u0430: 11000 (\u043c\u0438\u043d-1)<br \/>\n\u0414\u043b\u0438\u043d\u0430 \u0445\u043e\u0434\u0430: 65 \u043c\u043c<br \/>\n\u041c\u043e\u0449\u043d\u043e\u0441\u0442\u044c: 1500 \u0412\u0442<br \/>\n\u0412\u0435\u0441: 2 \u043a\u0433<br \/>\n\u0427\u0430\u0441\u0442\u043e\u0442\u0430: 50\/60 \u0413\u0446<br \/>\n\u041d\u043e\u043c\u0438\u043d\u0430\u043b\u044c\u043d\u043e\u0435 \u043d\u0430\u043f\u0440\u044f\u0436\u0435\u043d\u0438\u0435: 20 \u0412<\/p>","protected":false},"excerpt":{"rendered":"<p>Tikksaag (T\u00f6\u00f6tab Makita 18V akudega) &nbsp; Tikksaag on mitmek\u00fclgne ja kerge akut\u00f6\u00f6riist, mis on m\u00f5eldud puidut\u00f6\u00f6tlemiseks, metallit\u00f6\u00f6tlemiseks ja \u00fcldisteks isetegemisprojektideks. Sellel on v\u00f5imas 1500 W mootor, mis teeb sujuvaid ja t\u00e4pseid l\u00f5ikeid l\u00e4bi erinevate materjalide, sealhulgas puidu, metalli, plasti ja keraamika. Sael on neli l\u00f5ike asendit erineva nurgaga, mis v\u00f5imaldab suuremat t\u00e4psust ja kontrolli. Ergonoomilise [&hellip;]<\/p>\n","protected":false},"featured_media":7395,"template":"","meta":[],"product_brand":[],"product_cat":[45,15],"product_tag":[255],"class_list":{"0":"post-277","1":"product","2":"type-product","3":"status-publish","4":"has-post-thumbnail","6":"product_cat-saed","7":"product_cat-analoog-tooted","8":"product_tag-talvesoodusmuuk","10":"first","11":"instock","12":"shipping-taxable","13":"purchasable","14":"product-type-simple"},"_links":{"self":[{"href":"https:\/\/sauh.ee\/ru\/wp-json\/wp\/v2\/product\/277","targetHints":{"allow":["GET"]}}],"collection":[{"href":"https:\/\/sauh.ee\/ru\/wp-json\/wp\/v2\/product"}],"about":[{"href":"https:\/\/sauh.ee\/ru\/wp-json\/wp\/v2\/types\/product"}],"wp:featuredmedia":[{"embeddable":true,"href":"https:\/\/sauh.ee\/ru\/wp-json\/wp\/v2\/media\/7395"}],"wp:attachment":[{"href":"https:\/\/sauh.ee\/ru\/wp-json\/wp\/v2\/media?parent=277"}],"wp:term":[{"taxonomy":"product_brand","embeddable":true,"href":"https:\/\/sauh.ee\/ru\/wp-json\/wp\/v2\/product_brand?post=277"},{"taxonomy":"product_cat","embeddable":true,"href":"https:\/\/sauh.ee\/ru\/wp-json\/wp\/v2\/product_cat?post=277"},{"taxonomy":"product_tag","embeddable":true,"href":"https:\/\/sauh.ee\/ru\/wp-json\/wp\/v2\/product_tag?post=277"}],"curies":[{"name":"wp","href":"https:\/\/api.w.org\/{rel}","templated":true}]}}