{"id":304,"date":"2022-10-19T13:41:02","date_gmt":"2022-10-19T13:41:02","guid":{"rendered":"https:\/\/sauh.ee\/?post_type=product&#038;p=304"},"modified":"2026-03-01T00:00:12","modified_gmt":"2026-03-01T00:00:12","slug":"akumutrikeeraja","status":"publish","type":"product","link":"https:\/\/sauh.ee\/ru\/product\/akumutrikeeraja\/","title":{"rendered":"\u0410\u043a\u043a\u0443\u043c\u0443\u043b\u044f\u0442\u043e\u0440\u043d\u044b\u0439 \u0433\u0430\u0439\u043a\u043e\u0432\u0435\u0440\u0442"},"content":{"rendered":"<p><span style=\"font-weight: 400;\">\u0410\u043a\u0443\u043c\u0443\u043b\u044f\u0442\u043e\u0440\u043d\u044b\u0439 \u0433\u0430\u0439\u043a\u043e\u0432\u0435\u0440\u0442, \u0430\u043a\u043a\u0443\u043c\u0443\u043b\u044f\u0442\u043e\u0440\u043d\u044b\u0439 \u0443\u0434\u0430\u0440\u043d\u044b\u0439 \u043a\u043b\u044e\u0447.\u00a0<\/span><\/p>\n<p><img fetchpriority=\"high\" decoding=\"async\" class=\"alignnone size-full wp-image-9228\" src=\"https:\/\/sauh.ee\/wp-content\/uploads\/2022\/10\/lookmutrikeeraja-ja-9ah-aku-1.webp\" alt=\"\" width=\"666\" height=\"888\" srcset=\"https:\/\/sauh.ee\/wp-content\/uploads\/2022\/10\/lookmutrikeeraja-ja-9ah-aku-1.webp 666w, https:\/\/sauh.ee\/wp-content\/uploads\/2022\/10\/lookmutrikeeraja-ja-9ah-aku-1-225x300.webp 225w, https:\/\/sauh.ee\/wp-content\/uploads\/2022\/10\/lookmutrikeeraja-ja-9ah-aku-1-9x12.webp 9w, https:\/\/sauh.ee\/wp-content\/uploads\/2022\/10\/lookmutrikeeraja-ja-9ah-aku-1-416x555.webp 416w, https:\/\/sauh.ee\/wp-content\/uploads\/2022\/10\/lookmutrikeeraja-ja-9ah-aku-1-64x85.webp 64w\" sizes=\"(max-width: 666px) 100vw, 666px\" \/><\/p>\n<table>\n<thead>\n<tr>\n<th><strong>\u0425\u0430\u0440\u0430\u043a\u0442\u0435\u0440\u0438\u0441\u0442\u0438\u043a\u0430<\/strong><\/th>\n<th><strong>\u041e\u043f\u0438\u0441\u0430\u043d\u0438\u0435<\/strong><\/th>\n<\/tr>\n<\/thead>\n<tbody>\n<tr>\n<td>\u0422\u0438\u043f \u0430\u043a\u043a\u0443\u043c\u0443\u043b\u044f\u0442\u043e\u0440\u0430<\/td>\n<td>18 \u0412 (\u043f\u043e\u0434\u0445\u043e\u0434\u0438\u0442 \u0442\u0430\u043a\u0436\u0435 \u0434\u043b\u044f \u0430\u043a\u043a\u0443\u043c\u0443\u043b\u044f\u0442\u043e\u0440\u043e\u0432 \u041c\u0430\u043a\u0438\u0442\u0430)<\/td>\n<\/tr>\n<tr>\n<td>\u041c\u043e\u0442\u043e\u0440<\/td>\n<td>\u0411\u0435\u0441\u0449\u0435\u0442\u043e\u0447\u043d\u044b\u0439 \u0434\u0432\u0438\u0433\u0430\u0442\u0435\u043b\u044c<\/td>\n<\/tr>\n<tr>\n<td>\u0427\u0438\u0441\u043b\u043e \u043e\u0431\u043e\u0440\u043e\u0442\u043e\u0432<\/td>\n<td>0\u20134000 \u043e\u0431\/\u043c\u0438\u043d<\/td>\n<\/tr>\n<tr>\n<td>\u0427\u0430\u0441\u0442\u043e\u0442\u0430 \u0443\u0434\u0430\u0440\u043e\u0432<\/td>\n<td>0\u20133500 \u043e\u0431\/\u043c\u0438\u043d<\/td>\n<\/tr>\n<tr>\n<td>\u0422\u0438\u043f \u043f\u0430\u0442\u0440\u043e\u043d\u0430<\/td>\n<td>1\/2\u2033<\/td>\n<\/tr>\n<tr>\n<td>\u0412\u043d\u0443\u0442\u0440\u0438 \u043f\u0430\u0442\u0440\u043e\u043d\u0430<\/td>\n<td>1\/4\u2033 \u0433\u043d\u0435\u0437\u0434\u043e<\/td>\n<\/tr>\n<tr>\n<td>\u041c\u0430\u043a\u0441\u0438\u043c\u0430\u043b\u044c\u043d\u044b\u0439 \u043a\u0440\u0443\u0442\u044f\u0449\u0438\u0439 \u043c\u043e\u043c\u0435\u043d\u0442<\/td>\n<td>300 \u041d\u043c<\/td>\n<\/tr>\n<\/tbody>\n<\/table>\n<p>\u041f\u043e\u0434\u0445\u043e\u0434\u0438\u0442 \u0434\u043b\u044f \u0438\u0441\u043f\u043e\u043b\u044c\u0437\u043e\u0432\u0430\u043d\u0438\u044f \u0434\u043e\u043c\u0430 \u0438\u043b\u0438 \u043d\u0430 \u0440\u0430\u0431\u043e\u0442\u0435. \u0423\u0441\u0442\u0440\u043e\u0439\u0441\u0442\u0432\u043e \u0442\u0430\u043a\u0436\u0435 \u0438\u043c\u0435\u0435\u0442 \u0442\u0440\u0438 \u0440\u0435\u0436\u0438\u043c\u0430: \u0440\u0435\u0436\u0438\u043c \u043a\u043b\u044e\u0447\u0430, \u0440\u0435\u0436\u0438\u043c \u0441\u0432\u0435\u0440\u043b\u0435\u043d\u0438\u044f \u0438 \u0440\u0435\u0436\u0438\u043c \u0448\u0443\u0440\u0443\u043f\u043e\u0432\u0435\u0440\u0442\u0430.<\/p>\n<p>\u0412\u044b\u0431\u0438\u0440\u0430\u044f \u0442\u043e\u043b\u044c\u043a\u043e \u0438\u043d\u0441\u0442\u0440\u0443\u043c\u0435\u043d\u0442: \u0430\u043a\u043a\u0443\u043c\u0443\u043b\u044f\u0442\u043e\u0440\u044b \u0438 \u0434\u0440\u0443\u0433\u0438\u0435 \u0430\u043a\u0441\u0435\u0441\u0441\u0443\u0430\u0440\u044b \u0432 \u043a\u043e\u043c\u043f\u043b\u0435\u043a\u0442 \u043d\u0435 \u0432\u0445\u043e\u0434\u044f\u0442!<\/p>\n<p>\u0412\u044b\u0431\u043e\u0440 + 2 \u0430\u043a\u043a\u0443\u043c\u0443\u043b\u044f\u0442\u043e\u0440\u0430 \u0438 \u0437\u0430\u0440\u044f\u0434\u043d\u043e\u0435 \u0443\u0441\u0442\u0440\u043e\u0439\u0441\u0442\u0432\u043e:\u00a0<a href=\"https:\/\/sauh.ee\/ru\/product\/makita-analoog-aku-komplekt\/\">\u0412 \u043a\u043e\u043c\u043f\u043b\u0435\u043a\u0442 \u0432\u0445\u043e\u0434\u044f\u0442 2 \u0430\u043a\u043a\u0443\u043c\u0443\u043b\u044f\u0442\u043e\u0440\u0430 \u0438 \u0437\u0430\u0440\u044f\u0434\u043d\u043e\u0435 \u0443\u0441\u0442\u0440\u043e\u0439\u0441\u0442\u0432\u043e.<\/a><\/p>\n<p>&nbsp;<\/p>","protected":false},"excerpt":{"rendered":"<p>Akumutrikeeraja, akul\u00f6\u00f6kmutrikeeraja.\u00a0 Omadus Kirjeldus Akut\u00fc\u00fcp 18V (sobib ka Makita akudega) Mootor Harjavaba mootor P\u00f6\u00f6rete arv 0\u20134000 p\/min L\u00f6\u00f6gisagedus 0\u20133500 ipm Padruni t\u00fc\u00fcp 1\/2\u2033 Padruni sees 1\/4\u2033 pesa Maksimaalne p\u00f6\u00f6rdemoment 300 Nm Sobib kasutamiseks nii kodustes, kui ka t\u00f6\u00f6 tingimustes. Seadmel on ka kolm re\u017eiimi, l\u00f6\u00f6kv\u00f5tme re\u017eiim, puurimisre\u017eiim ja kruvikeeraja re\u017eiim. Valides ainult t\u00f6\u00f6riist: Akud ja [&hellip;]<\/p>\n","protected":false},"featured_media":7462,"template":"","meta":[],"product_brand":[],"product_cat":[15,50],"product_tag":[281,255],"class_list":{"0":"post-304","1":"product","2":"type-product","3":"status-publish","4":"has-post-thumbnail","6":"product_cat-analoog-tooted","7":"product_cat-trellid","8":"product_tag-talv","9":"product_tag-talvesoodusmuuk","11":"first","12":"instock","13":"shipping-taxable","14":"purchasable","15":"product-type-variable"},"_links":{"self":[{"href":"https:\/\/sauh.ee\/ru\/wp-json\/wp\/v2\/product\/304","targetHints":{"allow":["GET"]}}],"collection":[{"href":"https:\/\/sauh.ee\/ru\/wp-json\/wp\/v2\/product"}],"about":[{"href":"https:\/\/sauh.ee\/ru\/wp-json\/wp\/v2\/types\/product"}],"wp:featuredmedia":[{"embeddable":true,"href":"https:\/\/sauh.ee\/ru\/wp-json\/wp\/v2\/media\/7462"}],"wp:attachment":[{"href":"https:\/\/sauh.ee\/ru\/wp-json\/wp\/v2\/media?parent=304"}],"wp:term":[{"taxonomy":"product_brand","embeddable":true,"href":"https:\/\/sauh.ee\/ru\/wp-json\/wp\/v2\/product_brand?post=304"},{"taxonomy":"product_cat","embeddable":true,"href":"https:\/\/sauh.ee\/ru\/wp-json\/wp\/v2\/product_cat?post=304"},{"taxonomy":"product_tag","embeddable":true,"href":"https:\/\/sauh.ee\/ru\/wp-json\/wp\/v2\/product_tag?post=304"}],"curies":[{"name":"wp","href":"https:\/\/api.w.org\/{rel}","templated":true}]}}