{"id":307,"date":"2022-10-19T19:40:24","date_gmt":"2022-10-19T19:40:24","guid":{"rendered":"https:\/\/sauh.ee\/?post_type=product&#038;p=307"},"modified":"2025-12-01T13:32:04","modified_gmt":"2025-12-01T13:32:04","slug":"akukuumaohupuhur","status":"publish","type":"product","link":"https:\/\/sauh.ee\/ru\/product\/akukuumaohupuhur\/","title":{"rendered":"\u0410\u043a\u043a\u0443\u043c\u0443\u043b\u044f\u0442\u043e\u0440\u043d\u044b\u0439 \u0442\u0435\u0440\u043c\u043e\u0444\u0435\u043d"},"content":{"rendered":"<p>\u0410\u043a\u043a\u0443\u043c\u0443\u043b\u044f\u0442\u043e\u0440\u043d\u0430\u044f \u0432\u043e\u0437\u0434\u0443\u0445\u043e\u0434\u0443\u0432\u043a\u0430 \u0438\u043b\u0438 \u0444\u0435\u043d \u0433\u043e\u0440\u044f\u0447\u0435\u0433\u043e \u0432\u043e\u0437\u0434\u0443\u0445\u0430 (\u0440\u0430\u0431\u043e\u0442\u0430\u0435\u0442 \u0441 \u0430\u043a\u043a\u0443\u043c\u0443\u043b\u044f\u0442\u043e\u0440\u0430\u043c\u0438 \u041c\u0430\u043a\u0438\u0442\u0430 18 \u0412)<\/p>\n<div style=\"width: 980px;\" class=\"wp-video\"><video class=\"wp-video-shortcode\" id=\"video-307-1\" width=\"980\" height=\"551\" preload=\"metadata\" controls=\"controls\"><source type=\"video\/mp4\" src=\"https:\/\/sauh.ee\/wp-content\/uploads\/2022\/10\/sauh.ee-kuumaohupuhur.mp4?_=1\" \/><a href=\"https:\/\/sauh.ee\/wp-content\/uploads\/2022\/10\/sauh.ee-kuumaohupuhur.mp4\">https:\/\/sauh.ee\/wp-content\/uploads\/2022\/10\/sauh.ee-kuumaohupuhur.mp4<\/a><\/video><\/div>\n<p><strong>\u041e\u0441\u043d\u043e\u0432\u043d\u044b\u0435 \u0445\u0430\u0440\u0430\u043a\u0442\u0435\u0440\u0438\u0441\u0442\u0438\u043a\u0438:<\/strong><\/p>\n<ul>\n<li><strong>\u0420\u0430\u0431\u043e\u0447\u0430\u044f \u0442\u0435\u043c\u043f\u0435\u0440\u0430\u0442\u0443\u0440\u0430:<\/strong> 250-500\u00b0C, \u0432\u044b\u0431\u043e\u0440 \u043d\u0438\u0437\u043a\u043e\u0439 \u0438 \u0432\u044b\u0441\u043e\u043a\u043e\u0439 \u043d\u0430\u0441\u0442\u0440\u043e\u0439\u043a\u0438.<\/li>\n<li><strong>\u0411\u044b\u0441\u0442\u0440\u043e\u0435 \u043d\u0430\u0433\u0440\u0435\u0432\u0430\u043d\u0438\u0435:<\/strong> \u041d\u0430\u0433\u0440\u0435\u0432\u0430\u0435\u0442\u0441\u044f \u0434\u043e 500\u00b0C \u0437\u0430 \u0441\u0447\u0438\u0442\u0430\u043d\u043d\u044b\u0435 \u0441\u0435\u043a\u0443\u043d\u0434\u044b.<\/li>\n<li><strong>\u041a\u043e\u043c\u043f\u0430\u043a\u0442\u043d\u044b\u0439 \u0438 \u043f\u043e\u0440\u0442\u0430\u0442\u0438\u0432\u043d\u044b\u0439:<\/strong> \u041f\u043e\u0434\u0445\u043e\u0434\u0438\u0442 \u0434\u043b\u044f \u0438\u0441\u043f\u043e\u043b\u044c\u0437\u043e\u0432\u0430\u043d\u0438\u044f \u043a\u0430\u043a \u0432 \u043f\u043e\u043c\u0435\u0449\u0435\u043d\u0438\u0438, \u0442\u0430\u043a \u0438 \u043d\u0430 \u0443\u043b\u0438\u0446\u0435.<\/li>\n<li><strong>\u0412\u0441\u0442\u0440\u043e\u0435\u043d\u043d\u043e\u0435 \u0441\u0432\u0435\u0442\u043e\u0434\u0438\u043e\u0434\u043d\u043e\u0435 \u043e\u0441\u0432\u0435\u0449\u0435\u043d\u0438\u0435:<\/strong> \u041e\u0441\u0432\u0435\u0449\u0430\u0435\u0442 \u0440\u0430\u0431\u043e\u0447\u0443\u044e \u043f\u043e\u0432\u0435\u0440\u0445\u043d\u043e\u0441\u0442\u044c \u0434\u0430\u0436\u0435 \u043f\u0440\u0438 \u043f\u043b\u043e\u0445\u043e\u043c \u043e\u0441\u0432\u0435\u0449\u0435\u043d\u0438\u0438.<\/li>\n<\/ul>\n<p><img fetchpriority=\"high\" decoding=\"async\" class=\"size-large wp-image-7382 aligncenter\" src=\"https:\/\/sauh.ee\/wp-content\/uploads\/2022\/10\/sauh.ee-kuumaohupuhur-1-1024x451.webp\" alt=\"\" width=\"980\" height=\"432\" srcset=\"https:\/\/sauh.ee\/wp-content\/uploads\/2022\/10\/sauh.ee-kuumaohupuhur-1-1024x451.webp 1024w, https:\/\/sauh.ee\/wp-content\/uploads\/2022\/10\/sauh.ee-kuumaohupuhur-1-300x132.webp 300w, https:\/\/sauh.ee\/wp-content\/uploads\/2022\/10\/sauh.ee-kuumaohupuhur-1-768x338.webp 768w, https:\/\/sauh.ee\/wp-content\/uploads\/2022\/10\/sauh.ee-kuumaohupuhur-1-18x8.webp 18w, https:\/\/sauh.ee\/wp-content\/uploads\/2022\/10\/sauh.ee-kuumaohupuhur-1-416x183.webp 416w, https:\/\/sauh.ee\/wp-content\/uploads\/2022\/10\/sauh.ee-kuumaohupuhur-1.webp 1135w\" sizes=\"(max-width: 980px) 100vw, 980px\" \/><\/p>\n<p><strong>\u0412 \u043a\u043e\u043c\u043f\u043b\u0435\u043a\u0442 \u0432\u0445\u043e\u0434\u0438\u0442:<\/strong><\/p>\n<ul>\n<li><strong>2 \u043d\u0430\u0441\u0430\u0434\u043a\u0438 \u0438\u0437 \u043d\u0435\u0440\u0436\u0430\u0432\u0435\u044e\u0449\u0435\u0439 \u0441\u0442\u0430\u043b\u0438:<\/strong>\n<ul>\n<li>\u041f\u043b\u043e\u0441\u043a\u0430\u044f \u043d\u0430\u0441\u0430\u0434\u043a\u0430: \u043f\u043e\u0434\u0445\u043e\u0434\u0438\u0442 \u0434\u043b\u044f \u0443\u0434\u0430\u043b\u0435\u043d\u0438\u044f \u0431\u043e\u043b\u044c\u0448\u0438\u0445 \u043f\u043e\u0432\u0435\u0440\u0445\u043d\u043e\u0441\u0442\u0435\u0439, \u043d\u0430\u043f\u0440\u0438\u043c\u0435\u0440, \u043a\u0440\u0430\u0441\u043a\u0438.<\/li>\n<li>\u0418\u0437\u043e\u0433\u043d\u0443\u0442\u043e\u0435 \u0441\u043e\u043f\u043b\u043e: \u0438\u0434\u0435\u0430\u043b\u044c\u043d\u043e \u043f\u043e\u0434\u0445\u043e\u0434\u0438\u0442 \u0434\u043b\u044f \u0442\u0435\u0440\u043c\u043e\u0440\u0435\u0430\u043a\u0442\u0438\u0432\u043d\u044b\u0445 \u043c\u0430\u0442\u0435\u0440\u0438\u0430\u043b\u043e\u0432 \u0438 \u043d\u0435\u0431\u043e\u043b\u044c\u0448\u0438\u0445 \u0440\u0430\u0431\u043e\u0442.<\/li>\n<li>\u0410\u043a\u043a\u0443\u043c\u0443\u043b\u044f\u0442\u043e\u0440\u044b \u0432 \u043a\u043e\u043c\u043f\u043b\u0435\u043a\u0442 \u043d\u0435 \u0432\u0445\u043e\u0434\u044f\u0442!<\/li>\n<\/ul>\n<\/li>\n<\/ul>","protected":false},"excerpt":{"rendered":"<p>Aku Kuuma\u00f5hupuhur ehk Kuuma\u00f5huf\u00f6\u00f6n (T\u00f6\u00f6tab Makita 18V akudega) Peamised omadused: T\u00f6\u00f6temperatuur: 250\u2013500\u00b0C, valikus madal ja k\u00f5rge seadistus. Kiire kuumenemine: Kuumeneb kuni 500\u00b0C-ni m\u00f5ne sekundiga. Kompaktne ja kaasaskantav: Sobib nii sise- kui v\u00e4listingimustes kasutamiseks. Sisseehitatud LED-valgustus: Valgustab t\u00f6\u00f6pinda ka h\u00e4maras. Komplekti kuulub: 2 roostevabast terasest otsikut: Lame otsik: sobib suuremate pindade, n\u00e4iteks v\u00e4rvi eemaldamiseks. Painutatud otsik: [&hellip;]<\/p>\n","protected":false},"featured_media":7381,"template":"","meta":[],"product_brand":[],"product_cat":[258,262,260,15],"product_tag":[281],"class_list":{"0":"post-307","1":"product","2":"type-product","3":"status-publish","4":"has-post-thumbnail","6":"product_cat-ehitus","7":"product_cat-muud-tooriistad","8":"product_cat-puhurid-ja-imurid","9":"product_cat-analoog-tooted","10":"product_tag-talv","12":"first","13":"instock","14":"shipping-taxable","15":"purchasable","16":"product-type-simple"},"_links":{"self":[{"href":"https:\/\/sauh.ee\/ru\/wp-json\/wp\/v2\/product\/307","targetHints":{"allow":["GET"]}}],"collection":[{"href":"https:\/\/sauh.ee\/ru\/wp-json\/wp\/v2\/product"}],"about":[{"href":"https:\/\/sauh.ee\/ru\/wp-json\/wp\/v2\/types\/product"}],"wp:featuredmedia":[{"embeddable":true,"href":"https:\/\/sauh.ee\/ru\/wp-json\/wp\/v2\/media\/7381"}],"wp:attachment":[{"href":"https:\/\/sauh.ee\/ru\/wp-json\/wp\/v2\/media?parent=307"}],"wp:term":[{"taxonomy":"product_brand","embeddable":true,"href":"https:\/\/sauh.ee\/ru\/wp-json\/wp\/v2\/product_brand?post=307"},{"taxonomy":"product_cat","embeddable":true,"href":"https:\/\/sauh.ee\/ru\/wp-json\/wp\/v2\/product_cat?post=307"},{"taxonomy":"product_tag","embeddable":true,"href":"https:\/\/sauh.ee\/ru\/wp-json\/wp\/v2\/product_tag?post=307"}],"curies":[{"name":"wp","href":"https:\/\/api.w.org\/{rel}","templated":true}]}}