{"id":317,"date":"2022-10-20T15:11:13","date_gmt":"2022-10-20T15:11:13","guid":{"rendered":"https:\/\/sauh.ee\/?post_type=product&#038;p=317"},"modified":"2026-03-27T09:36:20","modified_gmt":"2026-03-27T09:36:20","slug":"akupuurvasar","status":"publish","type":"product","link":"https:\/\/sauh.ee\/ru\/product\/akupuurvasar\/","title":{"rendered":"\u0410\u043a\u043a\u0443\u043c\u0443\u043b\u044f\u0442\u043e\u0440\u043d\u044b\u0439 \u043f\u0435\u0440\u0444\u043e\u0440\u0430\u0442\u043e\u0440"},"content":{"rendered":"<p>\u0410\u043a\u043a\u0443\u043c\u0443\u043b\u044f\u0442\u043e\u0440\u043d\u0430\u044f \u0431\u0443\u0440\u0438\u043b\u044c\u043d\u0430\u044f \u0434\u0440\u0435\u043b\u044c, \u043f\u0435\u0440\u0444\u043e\u0440\u0430\u0442\u043e\u0440 (\u0440\u0430\u0431\u043e\u0442\u0430\u0435\u0442 \u0441 \u0430\u043a\u043a\u0443\u043c\u0443\u043b\u044f\u0442\u043e\u0440\u0430\u043c\u0438 Makita 18 \u0412, \u043d\u0435 \u0440\u0430\u0431\u043e\u0442\u0430\u0435\u0442 \u0441 \u0430\u043a\u043a\u0443\u043c\u0443\u043b\u044f\u0442\u043e\u0440\u043e\u043c 1,3 \u0410\u0447)<\/p>\n<p>- 4 \u0440\u0435\u0436\u0438\u043c\u0430 \u0440\u0430\u0431\u043e\u0442\u044b: \u043e\u0442\u0431\u043e\u0439\u043d\u044b\u0439 \u043c\u043e\u043b\u043e\u0442\u043e\u043a, \u0442\u043e\u043b\u044c\u043a\u043e \u0443\u0434\u0430\u0440, \u0441\u0432\u0435\u0440\u043b\u0435\u043d\u0438\u0435, \u043f\u043e\u0437\u0438\u0446\u0438\u043e\u043d\u0438\u0440\u043e\u0432\u0430\u043d\u0438\u0435 \u0437\u0443\u0431\u0438\u043b\u0430.<br \/>\n- \u0411\u0435\u0441\u0449\u0435\u0442\u043e\u0447\u043d\u044b\u0439 \u0434\u0432\u0438\u0433\u0430\u0442\u0435\u043b\u044c \u043e\u0431\u0435\u0441\u043f\u0435\u0447\u0438\u0432\u0430\u0435\u0442 \u0434\u043e\u043b\u0433\u0438\u0439 \u0441\u0440\u043e\u043a \u0441\u043b\u0443\u0436\u0431\u044b \u0438 \u0432\u044b\u0441\u043e\u043a\u0443\u044e \u043f\u0440\u043e\u0438\u0437\u0432\u043e\u0434\u0438\u0442\u0435\u043b\u044c\u043d\u043e\u0441\u0442\u044c.<br \/>\n- \u0412\u044b\u0434\u0432\u0438\u0436\u043d\u043e\u0439 \u043a\u0430\u0440\u0442\u0440\u0438\u0434\u0436 \u0434\u043b\u044f \u0431\u044b\u0441\u0442\u0440\u043e\u0439 \u0438 \u043b\u0435\u0433\u043a\u043e\u0439 \u0437\u0430\u043c\u0435\u043d\u044b \u043d\u0430\u0441\u0430\u0434\u043e\u043a.<\/p>\n<p>\u0423\u043d\u0438\u0432\u0435\u0440\u0441\u0430\u043b\u044c\u043d\u044b\u0439 \u0438\u043d\u0441\u0442\u0440\u0443\u043c\u0435\u043d\u0442! \u0418\u0434\u0435\u0430\u043b\u044c\u043d\u043e \u043f\u043e\u0434\u0445\u043e\u0434\u0438\u0442 \u0434\u043b\u044f \u0431\u044b\u0441\u0442\u0440\u043e\u0433\u043e \u0438 \u0442\u043e\u0447\u043d\u043e\u0433\u043e \u0441\u0432\u0435\u0440\u043b\u0435\u043d\u0438\u044f \u0442\u0432\u0435\u0440\u0434\u044b\u0445 \u043c\u0430\u0442\u0435\u0440\u0438\u0430\u043b\u043e\u0432.<\/p>\n<div style=\"width: 980px;\" class=\"wp-video\"><video class=\"wp-video-shortcode\" id=\"video-317-1\" width=\"980\" height=\"551\" preload=\"metadata\" controls=\"controls\"><source type=\"video\/mp4\" src=\"https:\/\/sauh.ee\/wp-content\/uploads\/2022\/10\/sauh.ee-perforaator-video-1.mp4?_=1\" \/><a href=\"https:\/\/sauh.ee\/wp-content\/uploads\/2022\/10\/sauh.ee-perforaator-video-1.mp4\">https:\/\/sauh.ee\/wp-content\/uploads\/2022\/10\/sauh.ee-perforaator-video-1.mp4<\/a><\/video><\/div>\n<p>&nbsp;<\/p>\n<p>\u0410\u043a\u043a\u0443\u043c\u0443\u043b\u044f\u0442\u043e\u0440\u043d\u044b\u0439 \u043f\u0435\u0440\u0444\u043e\u0440\u0430\u0442\u043e\u0440 - \u044d\u0442\u043e \u0443\u043d\u0438\u0432\u0435\u0440\u0441\u0430\u043b\u044c\u043d\u044b\u0439 \u0430\u043a\u043a\u0443\u043c\u0443\u043b\u044f\u0442\u043e\u0440\u043d\u044b\u0439 \u0438\u043d\u0441\u0442\u0440\u0443\u043c\u0435\u043d\u0442, \u043f\u0440\u0435\u0434\u043d\u0430\u0437\u043d\u0430\u0447\u0435\u043d\u043d\u044b\u0439 \u0434\u043b\u044f \u0431\u044b\u0441\u0442\u0440\u043e\u0433\u043e, \u044d\u0444\u0444\u0435\u043a\u0442\u0438\u0432\u043d\u043e\u0433\u043e \u0438 \u0442\u043e\u0447\u043d\u043e\u0433\u043e \u0441\u0432\u0435\u0440\u043b\u0435\u043d\u0438\u044f \u0442\u0432\u0435\u0440\u0434\u044b\u0445 \u043c\u0430\u0442\u0435\u0440\u0438\u0430\u043b\u043e\u0432. \u041f\u0435\u0440\u0444\u043e\u0440\u0430\u0442\u043e\u0440 \u0438\u0441\u043f\u043e\u043b\u044c\u0437\u0443\u0435\u0442 \u043c\u043e\u0449\u043d\u044b\u0439 \u0434\u0432\u0438\u0433\u0430\u0442\u0435\u043b\u044c \u0431\u0435\u0437 \u0443\u0433\u043e\u043b\u044c\u043d\u043e\u0439 \u0449\u0435\u0442\u043a\u0438 \u0438 \u0432\u0440\u0430\u0449\u0430\u0442\u0435\u043b\u044c\u043d\u043e\u0435 \u0434\u0435\u0439\u0441\u0442\u0432\u0438\u0435 \u0434\u043b\u044f \u043d\u0430\u043d\u0435\u0441\u0435\u043d\u0438\u044f \u0443\u0434\u0430\u0440\u0430 \u043f\u043e \u0441\u0432\u0435\u0440\u043b\u044f\u0449\u0435\u0439 \u043f\u043e\u0432\u0435\u0440\u0445\u043d\u043e\u0441\u0442\u0438, \u0447\u0442\u043e \u0432 \u0441\u0432\u043e\u044e \u043e\u0447\u0435\u0440\u0435\u0434\u044c \u0440\u0430\u0437\u0440\u0443\u0448\u0430\u0435\u0442 \u043c\u0430\u0442\u0435\u0440\u0438\u0430\u043b \u0438 \u043f\u043e\u0437\u0432\u043e\u043b\u044f\u0435\u0442 \u0431\u0443\u0440\u0443 \u043b\u0435\u0433\u043a\u043e \u043f\u0440\u043e\u043d\u0438\u043a\u043d\u0443\u0442\u044c \u0432 \u043d\u0435\u043e\u0431\u0445\u043e\u0434\u0438\u043c\u044b\u0439 \u0433\u0440\u0443\u043d\u0442. \u041b\u0435\u0433\u043a\u0438\u0439 \u0432 \u0443\u043f\u0440\u0430\u0432\u043b\u0435\u043d\u0438\u0438 \u043f\u043e\u043b\u0437\u0443\u043d\u043a\u043e\u0432\u044b\u0439 \u043c\u0435\u0445\u0430\u043d\u0438\u0437\u043c \u0431\u0443\u0440\u0430 \u043f\u043e\u0437\u0432\u043e\u043b\u044f\u0435\u0442 \u043b\u0435\u0433\u043a\u043e \u043c\u0435\u043d\u044f\u0442\u044c \u043d\u0430\u043a\u043e\u043d\u0435\u0447\u043d\u0438\u043a\u0438.<\/p>\n<p>\u0422\u0435\u0445\u043d\u0438\u0447\u0435\u0441\u043a\u0438\u0435 \u0434\u0430\u043d\u043d\u044b\u0435 \u0432 \u043a\u043e\u043b\u043e\u043d\u043a\u0435 \u00ab\u0414\u043e\u043f\u043e\u043b\u043d\u0438\u0442\u0435\u043b\u044c\u043d\u0430\u044f \u0438\u043d\u0444\u043e\u0440\u043c\u0430\u0446\u0438\u044f\u00bb.<\/p>\n<p>\u0412\u044b\u0431\u0438\u0440\u0430\u044f \u0442\u043e\u043b\u044c\u043a\u043e \u0438\u043d\u0441\u0442\u0440\u0443\u043c\u0435\u043d\u0442: \u0430\u043a\u043a\u0443\u043c\u0443\u043b\u044f\u0442\u043e\u0440\u044b \u0438 \u0434\u0440\u0443\u0433\u0438\u0435 \u0430\u043a\u0441\u0435\u0441\u0441\u0443\u0430\u0440\u044b \u0432 \u043a\u043e\u043c\u043f\u043b\u0435\u043a\u0442 \u043d\u0435 \u0432\u0445\u043e\u0434\u044f\u0442!<\/p>\n<p>\u0412\u044b\u0431\u043e\u0440 + 2 \u0430\u043a\u043a\u0443\u043c\u0443\u043b\u044f\u0442\u043e\u0440\u0430 \u0438 \u0437\u0430\u0440\u044f\u0434\u043d\u043e\u0435 \u0443\u0441\u0442\u0440\u043e\u0439\u0441\u0442\u0432\u043e: \u0434\u043e\u0431\u0430\u0432\u043b\u044f\u044e\u0442\u0441\u044f <a href=\"https:\/\/sauh.ee\/ru\/product\/aku-komplekt-analoog-tooriistadele-388vf\/\">2 \u0430\u043d\u0430\u043b\u043e\u0433\u043e\u0432\u044b\u0445 \u0430\u043a\u043a\u0443\u043c\u0443\u043b\u044f\u0442\u043e\u0440\u0430 \u0438 \u0438\u0445 \u0437\u0430\u0440\u044f\u0434\u043d\u043e\u0435 \u0443\u0441\u0442\u0440\u043e\u0439\u0441\u0442\u0432\u043e.<\/a><\/p>\n<div style=\"width: 980px;\" class=\"wp-video\"><video class=\"wp-video-shortcode\" id=\"video-317-2\" width=\"980\" height=\"551\" preload=\"metadata\" controls=\"controls\"><source type=\"video\/mp4\" src=\"https:\/\/sauh.ee\/wp-content\/uploads\/2022\/10\/sauh.ee-perforaator.mp4?_=2\" \/><a href=\"https:\/\/sauh.ee\/wp-content\/uploads\/2022\/10\/sauh.ee-perforaator.mp4\">https:\/\/sauh.ee\/wp-content\/uploads\/2022\/10\/sauh.ee-perforaator.mp4<\/a><\/video><\/div>\n<p>&nbsp;<\/p>\n<p>&nbsp;<\/p>\n<p>&nbsp;<\/p>","protected":false},"excerpt":{"rendered":"<p>Akupuurvasar, perforaator (t\u00f6\u00f6tab Makita 18V akudega, ei toimi 1.3Ah akuga) &#8211; 4 t\u00f6\u00f6re\u017eiimi: puurvasar, ainult vasar, puurimine, meisli asendi muutmine. &#8211; S\u00fcsiharjadeta mootor tagab pika t\u00f6\u00f6ea ja suure j\u00f5udluse. &#8211; Liugpadrun kiireks ja lihtsaks otsikuvahetuseks. Mitmek\u00fclgne t\u00f6\u00f6riist! Sobib suurep\u00e4raselt k\u00f5vade materjalide kiireks ja t\u00e4pseks puurimiseks. &nbsp; Akupuurvasar on mitmek\u00fclgne akut\u00f6\u00f6riist, mis on lm\u00f5eldud k\u00f5vade materjalide [&hellip;]<\/p>\n","protected":false},"featured_media":7377,"template":"","meta":[],"product_brand":[],"product_cat":[15,50],"product_tag":[255],"class_list":{"0":"post-317","1":"product","2":"type-product","3":"status-publish","4":"has-post-thumbnail","6":"product_cat-analoog-tooted","7":"product_cat-trellid","8":"product_tag-talvesoodusmuuk","10":"first","11":"onbackorder","12":"shipping-taxable","13":"purchasable","14":"product-type-variable"},"_links":{"self":[{"href":"https:\/\/sauh.ee\/ru\/wp-json\/wp\/v2\/product\/317","targetHints":{"allow":["GET"]}}],"collection":[{"href":"https:\/\/sauh.ee\/ru\/wp-json\/wp\/v2\/product"}],"about":[{"href":"https:\/\/sauh.ee\/ru\/wp-json\/wp\/v2\/types\/product"}],"wp:featuredmedia":[{"embeddable":true,"href":"https:\/\/sauh.ee\/ru\/wp-json\/wp\/v2\/media\/7377"}],"wp:attachment":[{"href":"https:\/\/sauh.ee\/ru\/wp-json\/wp\/v2\/media?parent=317"}],"wp:term":[{"taxonomy":"product_brand","embeddable":true,"href":"https:\/\/sauh.ee\/ru\/wp-json\/wp\/v2\/product_brand?post=317"},{"taxonomy":"product_cat","embeddable":true,"href":"https:\/\/sauh.ee\/ru\/wp-json\/wp\/v2\/product_cat?post=317"},{"taxonomy":"product_tag","embeddable":true,"href":"https:\/\/sauh.ee\/ru\/wp-json\/wp\/v2\/product_tag?post=317"}],"curies":[{"name":"wp","href":"https:\/\/api.w.org\/{rel}","templated":true}]}}