{"id":44,"date":"2022-10-12T10:38:27","date_gmt":"2022-10-12T10:38:27","guid":{"rendered":"https:\/\/sauh.ee\/?post_type=product&#038;p=44"},"modified":"2026-04-24T16:28:35","modified_gmt":"2026-04-24T16:28:35","slug":"akunurklihvija","status":"publish","type":"product","link":"https:\/\/sauh.ee\/ru\/product\/akunurklihvija\/","title":{"rendered":"\u0410\u043a\u043a\u0443\u043c\u0443\u043b\u044f\u0442\u043e\u0440\u043d\u0430\u044f \u0443\u0433\u043b\u043e\u0432\u0430\u044f \u0448\u043b\u0438\u0444\u043e\u0432\u0430\u043b\u044c\u043d\u0430\u044f \u043c\u0430\u0448\u0438\u043d\u0430 125 \u043c\u043c"},"content":{"rendered":"<p style=\"text-align: left;\">\u041c\u0430\u043a\u0438\u0442\u0430 <strong>analoog<\/strong> a<span style=\"font-weight: 400;\">\u0430\u043a\u043a\u0443\u043c\u0443\u043b\u044f\u0442\u043e\u0440\u043d\u0430\u044f \u0443\u0433\u043b\u043e\u0432\u0430\u044f \u0448\u043b\u0438\u0444\u043e\u0432\u0430\u043b\u044c\u043d\u0430\u044f \u043c\u0430\u0448\u0438\u043d\u0430, \u0431\u043e\u043b\u0433\u0430\u0440\u043a\u0430 \u0438\u043b\u0438 \u0440\u0435\u0437\u0430\u043a.<\/span><\/p>\n<p><img fetchpriority=\"high\" decoding=\"async\" class=\"size-large wp-image-8921 aligncenter\" src=\"https:\/\/sauh.ee\/wp-content\/uploads\/2022\/10\/sauh.ee-relakas-1-1024x576.webp\" alt=\"\" width=\"980\" height=\"551\" srcset=\"https:\/\/sauh.ee\/wp-content\/uploads\/2022\/10\/sauh.ee-relakas-1-1024x576.webp 1024w, https:\/\/sauh.ee\/wp-content\/uploads\/2022\/10\/sauh.ee-relakas-1-300x169.webp 300w, https:\/\/sauh.ee\/wp-content\/uploads\/2022\/10\/sauh.ee-relakas-1-768x432.webp 768w, https:\/\/sauh.ee\/wp-content\/uploads\/2022\/10\/sauh.ee-relakas-1-1536x865.webp 1536w, https:\/\/sauh.ee\/wp-content\/uploads\/2022\/10\/sauh.ee-relakas-1-18x10.webp 18w, https:\/\/sauh.ee\/wp-content\/uploads\/2022\/10\/sauh.ee-relakas-1-416x234.webp 416w, https:\/\/sauh.ee\/wp-content\/uploads\/2022\/10\/sauh.ee-relakas-1-64x36.webp 64w, https:\/\/sauh.ee\/wp-content\/uploads\/2022\/10\/sauh.ee-relakas-1.webp 1558w\" sizes=\"(max-width: 980px) 100vw, 980px\" \/><\/p>\n<table>\n<thead>\n<tr>\n<th>\u0425\u0430\u0440\u0430\u043a\u0442\u0435\u0440\u0438\u0441\u0442\u0438\u043a\u0430<\/th>\n<th>\u041e\u043f\u0438\u0441\u0430\u043d\u0438\u0435<\/th>\n<\/tr>\n<\/thead>\n<tbody>\n<tr>\n<td>\u041c\u043e\u0442\u043e\u0440<\/td>\n<td>\u0411\u0435\u0441\u0449\u0435\u0442\u043e\u0447\u043d\u044b\u0439<\/td>\n<\/tr>\n<tr>\n<td>\u041c\u043e\u0449\u043d\u043e\u0441\u0442\u044c<\/td>\n<td>800 \u0412\u0442<\/td>\n<\/tr>\n<tr>\n<td>\u041d\u0430\u043f\u0440\u044f\u0436\u0435\u043d\u0438\u0435<\/td>\n<td>18 \u0412<\/td>\n<\/tr>\n<tr>\n<td>\u0421\u043a\u043e\u0440\u043e\u0441\u0442\u044c<\/td>\n<td>10 000 \u043e\u0431\/\u043c\u0438\u043d<\/td>\n<\/tr>\n<tr>\n<td>\u041f\u0435\u0440\u0435\u0434\u0430\u0447\u0438<\/td>\n<td>4 \u0440\u0435\u0433\u0443\u043b\u0438\u0440\u0443\u0435\u043c\u044b\u0445 \u0441\u043a\u043e\u0440\u043e\u0441\u0442\u0438<\/td>\n<\/tr>\n<tr>\n<td>\u0421\u043e\u0432\u043c\u0435\u0441\u0442\u0438\u043c\u043e\u0441\u0442\u044c \u0430\u043a\u043a\u0443\u043c\u0443\u043b\u044f\u0442\u043e\u0440\u0430<\/td>\n<td>\u041f\u043e\u0434\u0445\u043e\u0434\u0438\u0442 \u0434\u043b\u044f \u0430\u043a\u043a\u0443\u043c\u0443\u043b\u044f\u0442\u043e\u0440\u043e\u0432 Makita 18V<\/td>\n<\/tr>\n<tr>\n<td>\u0414\u0438\u0430\u043c\u0435\u0442\u0440 \u0434\u0438\u0441\u043a\u0430<\/td>\n<td>125 \u043c\u043c<\/td>\n<\/tr>\n<tr>\n<td>\u0420\u0430\u0437\u043c\u0435\u0440 \u043f\u0440\u0438\u0436\u0438\u043c\u043d\u043e\u0439 \u043f\u043b\u0430\u0441\u0442\u0438\u043d\u044b<\/td>\n<td>M14<\/td>\n<\/tr>\n<tr>\n<td>\u0417\u0430\u0449\u0438\u0442\u043d\u044b\u0435 \u043c\u0435\u0445\u0430\u043d\u0438\u0437\u043c\u044b<\/td>\n<td>\u041f\u0435\u0440\u0435\u0433\u0440\u0443\u0437\u043e\u0447\u043d\u0430\u044f \u0437\u0430\u0449\u0438\u0442\u0430, \u0440\u0435\u0433\u0443\u043b\u0438\u0440\u0443\u0435\u043c\u0430\u044f \u0437\u0430\u0449\u0438\u0442\u0430<\/td>\n<\/tr>\n<\/tbody>\n<\/table>\n<p><iframe title=\"\u0410\u043a\u043a\u0443\u043c\u0443\u043b\u044f\u0442\u043e\u0440\u043d\u0430\u044f \u0443\u0433\u043b\u043e\u0432\u0430\u044f \u0448\u043b\u0438\u0444\u043e\u0432\u0430\u043b\u044c\u043d\u0430\u044f \u043c\u0430\u0448\u0438\u043d\u0430 125 \u043c\u043c\" width=\"980\" height=\"551\" src=\"https:\/\/www.youtube.com\/embed\/Qd_A5ufs1Xs?feature=oembed\" frameborder=\"0\" allow=\"accelerometer; autoplay; clipboard-write; encrypted-media; gyroscope; picture-in-picture; web-share\" referrerpolicy=\"strict-origin-when-cross-origin\" allowfullscreen><\/iframe><\/p>\n<p>\u0412\u044b\u0431\u0438\u0440\u0430\u044f \u0442\u043e\u043b\u044c\u043a\u043e \u0438\u043d\u0441\u0442\u0440\u0443\u043c\u0435\u043d\u0442: \u0430\u043a\u043a\u0443\u043c\u0443\u043b\u044f\u0442\u043e\u0440\u044b \u0438 \u0437\u0430\u0440\u044f\u0434\u043d\u044b\u0435 \u0443\u0441\u0442\u0440\u043e\u0439\u0441\u0442\u0432\u0430 \u0432 \u043a\u043e\u043c\u043f\u043b\u0435\u043a\u0442 \u043d\u0435 \u0432\u0445\u043e\u0434\u044f\u0442.<\/p>\n<p>\u0412\u044b\u0431\u043e\u0440 + 2 \u0430\u043a\u043a\u0443\u043c\u0443\u043b\u044f\u0442\u043e\u0440\u0430 \u0438 \u0437\u0430\u0440\u044f\u0434\u043d\u043e\u0435 \u0443\u0441\u0442\u0440\u043e\u0439\u0441\u0442\u0432\u043e:\u00a0<a href=\"https:\/\/sauh.ee\/ru\/product\/aku-komplekt-analoog-tooriistadele-2ah\/\">\u0412 \u043a\u043e\u043c\u043f\u043b\u0435\u043a\u0442 \u0432\u0445\u043e\u0434\u044f\u0442 2 \u0430\u043a\u043a\u0443\u043c\u0443\u043b\u044f\u0442\u043e\u0440\u0430 \u0438 \u0437\u0430\u0440\u044f\u0434\u043d\u043e\u0435 \u0443\u0441\u0442\u0440\u043e\u0439\u0441\u0442\u0432\u043e.<\/a><\/p>","protected":false},"excerpt":{"rendered":"<p>Makita 18V analoog akunurklihvija, ketasl\u00f5ikur ehk relakas. Omadus Kirjeldus Mootor S\u00fcsiharjadevaba V\u00f5imsus 800 W Pinge 18 V Kiirus 10 000 p\/min K\u00e4igud 4 reguleeritavat k\u00e4iku Aku \u00fchilduvus Sobib Makita 18V akudega Ketta l\u00e4bim\u00f5\u00f5t 125 mm Surveplaadi suurus M14 Kaitsemehhanismid \u00dclekoormuskaitse, reguleeritav kaitse Valides ainult t\u00f6\u00f6riist: Akud ja laadijad ei kuulu komplekti. Valides + 2 akut [&hellip;]<\/p>\n","protected":false},"featured_media":7466,"template":"","meta":[],"product_brand":[],"product_cat":[258,263,15],"product_tag":[281,255],"class_list":{"0":"post-44","1":"product","2":"type-product","3":"status-publish","4":"has-post-thumbnail","6":"product_cat-ehitus","7":"product_cat-lihvimis-ja-loikeriistad","8":"product_cat-analoog-tooted","9":"product_tag-talv","10":"product_tag-talvesoodusmuuk","12":"first","13":"instock","14":"shipping-taxable","15":"purchasable","16":"product-type-variable"},"_links":{"self":[{"href":"https:\/\/sauh.ee\/ru\/wp-json\/wp\/v2\/product\/44","targetHints":{"allow":["GET"]}}],"collection":[{"href":"https:\/\/sauh.ee\/ru\/wp-json\/wp\/v2\/product"}],"about":[{"href":"https:\/\/sauh.ee\/ru\/wp-json\/wp\/v2\/types\/product"}],"wp:featuredmedia":[{"embeddable":true,"href":"https:\/\/sauh.ee\/ru\/wp-json\/wp\/v2\/media\/7466"}],"wp:attachment":[{"href":"https:\/\/sauh.ee\/ru\/wp-json\/wp\/v2\/media?parent=44"}],"wp:term":[{"taxonomy":"product_brand","embeddable":true,"href":"https:\/\/sauh.ee\/ru\/wp-json\/wp\/v2\/product_brand?post=44"},{"taxonomy":"product_cat","embeddable":true,"href":"https:\/\/sauh.ee\/ru\/wp-json\/wp\/v2\/product_cat?post=44"},{"taxonomy":"product_tag","embeddable":true,"href":"https:\/\/sauh.ee\/ru\/wp-json\/wp\/v2\/product_tag?post=44"}],"curies":[{"name":"wp","href":"https:\/\/api.w.org\/{rel}","templated":true}]}}