{"id":451,"date":"2022-11-03T14:46:38","date_gmt":"2022-11-03T14:46:38","guid":{"rendered":"https:\/\/sauh.ee\/?post_type=product&#038;p=451"},"modified":"2026-04-21T11:23:50","modified_gmt":"2026-04-21T11:23:50","slug":"aku-pihustuspustol","status":"publish","type":"product","link":"https:\/\/sauh.ee\/ru\/product\/aku-pihustuspustol\/","title":{"rendered":"\u0410\u043a\u043a\u0443\u043c\u0443\u043b\u044f\u0442\u043e\u0440\u043d\u044b\u0439 \u041f\u0438\u0441\u0442\u043e\u043b\u0435\u0442-\u0440\u0430\u0441\u043f\u044b\u043b\u0438\u0442\u0435\u043b\u044c"},"content":{"rendered":"<div style=\"width: 980px;\" class=\"wp-video\"><video class=\"wp-video-shortcode\" id=\"video-451-1\" width=\"980\" height=\"551\" preload=\"metadata\" controls=\"controls\"><source type=\"video\/mp4\" src=\"https:\/\/sauh.ee\/wp-content\/uploads\/2022\/11\/sauh.ee-akupihustuspustol-1.mp4?_=1\" \/><a href=\"https:\/\/sauh.ee\/wp-content\/uploads\/2022\/11\/sauh.ee-akupihustuspustol-1.mp4\">https:\/\/sauh.ee\/wp-content\/uploads\/2022\/11\/sauh.ee-akupihustuspustol-1.mp4<\/a><\/video><\/div>\n<p>&nbsp;<\/p>\n<p><span style=\"font-weight: 400;\">\u0410\u043a\u043a\u0443\u043c\u0443\u043b\u044f\u0442\u043e\u0440\u043d\u044b\u0439 \u043f\u0438\u0441\u0442\u043e\u043b\u0435\u0442-\u0440\u0430\u0441\u043f\u044b\u043b\u0438\u0442\u0435\u043b\u044c \u0434\u043b\u044f \u0430\u043a\u043a\u0443\u043c\u0443\u043b\u044f\u0442\u043e\u0440\u043e\u0432 Makita, \u043a\u0440\u0430\u0441\u043a\u043e\u0440\u0430\u0441\u043f\u044b\u043b\u0438\u0442\u0435\u043b\u044c.\u00a0<\/span><\/p>\n<ul>\n<li><span style=\"font-weight: 400;\"> \u042d\u0440\u0433\u043e\u043d\u043e\u043c\u0438\u0447\u043d\u044b\u0439 \u0434\u0438\u0437\u0430\u0439\u043d.<\/span><\/li>\n<li><span style=\"font-weight: 400;\"> \u0421 \u043f\u043e\u043c\u043e\u0449\u044c\u044e \u0440\u0443\u0447\u043a\u0438 \u0443\u043f\u0440\u0430\u0432\u043b\u0435\u043d\u0438\u044f \u043c\u043e\u0436\u043d\u043e \u044d\u0444\u0444\u0435\u043a\u0442\u0438\u0432\u043d\u043e \u0440\u0435\u0433\u0443\u043b\u0438\u0440\u043e\u0432\u0430\u0442\u044c \u0440\u0430\u0441\u0445\u043e\u0434 \u043d\u0430\u0441\u0430\u0434\u043a\u0438.<\/span><\/li>\n<li><span style=\"font-weight: 400;\"> \u0422\u0440\u0438 \u0444\u043e\u0440\u043c\u044b \u0441\u0442\u0440\u0443\u0438: \u043a\u0440\u0443\u0433\u043b\u0430\u044f, \u0432\u0435\u0440\u0442\u0438\u043a\u0430\u043b\u044c\u043d\u0430\u044f \u0438 \u0433\u043e\u0440\u0438\u0437\u043e\u043d\u0442\u0430\u043b\u044c\u043d\u0430\u044f.<\/span><\/li>\n<li><span style=\"font-weight: 400;\"> \u041f\u043e\u0434\u0445\u043e\u0434\u0438\u0442 \u0434\u043b\u044f \u043f\u043e\u043a\u0440\u0430\u0441\u043a\u0438 \u0434\u0432\u0435\u0440\u0435\u0439, \u043e\u043a\u043e\u043d, \u0441\u0442\u0435\u043d, \u0437\u0430\u0431\u043e\u0440\u043e\u0432, \u043f\u043e\u043b\u043e\u0432, \u043f\u043e\u0442\u043e\u043b\u043a\u043e\u0432, \u043f\u043e\u043b\u043e\u0432 \u0438 \u0442. \u0434.<\/span><\/li>\n<\/ul>\n<p><span style=\"font-weight: 400;\">\u041f\u043e\u0434\u0445\u043e\u0434\u0438\u0442 \u0434\u043b\u044f \u0430\u043a\u043a\u0443\u043c\u0443\u043b\u044f\u0442\u043e\u0440\u043e\u0432 Makita 18 \u0412. \u0422\u0435\u0445\u043d\u0438\u0447\u0435\u0441\u043a\u0438\u0435 \u0434\u0430\u043d\u043d\u044b\u0435 \u0432 \u0433\u0440\u0430\u0444\u0435 \u00ab\u0414\u043e\u043f\u043e\u043b\u043d\u0438\u0442\u0435\u043b\u044c\u043d\u0430\u044f \u0438\u043d\u0444\u043e\u0440\u043c\u0430\u0446\u0438\u044f\u00bb.<\/span><\/p>\n<p>\u0412\u044b\u0431\u0438\u0440\u0430\u044f \u0442\u043e\u043b\u044c\u043a\u043e \u0438\u043d\u0441\u0442\u0440\u0443\u043c\u0435\u043d\u0442: \u0430\u043a\u043a\u0443\u043c\u0443\u043b\u044f\u0442\u043e\u0440\u044b \u0438 \u0434\u0440\u0443\u0433\u0438\u0435 \u0430\u043a\u0441\u0435\u0441\u0441\u0443\u0430\u0440\u044b \u0432 \u043a\u043e\u043c\u043f\u043b\u0435\u043a\u0442 \u043d\u0435 \u0432\u0445\u043e\u0434\u044f\u0442!<\/p>\n<p>\u0412\u044b\u0431\u043e\u0440 + 2 \u0430\u043a\u043a\u0443\u043c\u0443\u043b\u044f\u0442\u043e\u0440\u0430 \u0438 \u0437\u0430\u0440\u044f\u0434\u043d\u043e\u0435 \u0443\u0441\u0442\u0440\u043e\u0439\u0441\u0442\u0432\u043e:\u00a0<a href=\"https:\/\/sauh.ee\/ru\/product\/makita-analoog-aku-komplekt\/\">\u041f\u043e\u0441\u0442\u0430\u0432\u043b\u044f\u0435\u0442\u0441\u044f \u0441 2 \u0430\u043d\u0430\u043b\u043e\u0433\u043e\u0432\u044b\u043c\u0438 \u0430\u043a\u043a\u0443\u043c\u0443\u043b\u044f\u0442\u043e\u0440\u0430\u043c\u0438 Makita \u0438 \u0437\u0430\u0440\u044f\u0434\u043d\u044b\u043c \u0443\u0441\u0442\u0440\u043e\u0439\u0441\u0442\u0432\u043e\u043c.<\/a><\/p>","protected":false},"excerpt":{"rendered":"<p>&nbsp; Makita akudel t\u00f6\u00f6tav pihustusp\u00fcstol, v\u00e4rvip\u00fcstol.\u00a0 Ergonoomilise disain. Reguleerimisnuppu saab t\u00f5husalt reguleerida d\u00fc\u00fcsi voolukiirust. Kolm pihustusmustrit: \u00fcmmargune, vertikaalne ja horisontaalne. Sobib uste, akende, seinte, piirdeaedade, p\u00f5randate, lagede, p\u00f5randate jne v\u00e4rvimiseks. Sobib Makita 18V akudele. Tehnilised andmed lisainfo veerus. Valides ainult t\u00f6\u00f6riist: Akud ja muud tarvikud komplekti ei kuulu! Valides + 2 akut ja laadija:\u00a0Lisandub 2 [&hellip;]<\/p>\n","protected":false},"featured_media":7527,"template":"","meta":[],"product_brand":[],"product_cat":[257,258,262,15],"product_tag":[],"class_list":{"0":"post-451","1":"product","2":"type-product","3":"status-publish","4":"has-post-thumbnail","6":"product_cat-aia-tooriistad","7":"product_cat-ehitus","8":"product_cat-muud-tooriistad","9":"product_cat-analoog-tooted","11":"first","12":"onbackorder","13":"shipping-taxable","14":"purchasable","15":"product-type-variable"},"_links":{"self":[{"href":"https:\/\/sauh.ee\/ru\/wp-json\/wp\/v2\/product\/451","targetHints":{"allow":["GET"]}}],"collection":[{"href":"https:\/\/sauh.ee\/ru\/wp-json\/wp\/v2\/product"}],"about":[{"href":"https:\/\/sauh.ee\/ru\/wp-json\/wp\/v2\/types\/product"}],"wp:featuredmedia":[{"embeddable":true,"href":"https:\/\/sauh.ee\/ru\/wp-json\/wp\/v2\/media\/7527"}],"wp:attachment":[{"href":"https:\/\/sauh.ee\/ru\/wp-json\/wp\/v2\/media?parent=451"}],"wp:term":[{"taxonomy":"product_brand","embeddable":true,"href":"https:\/\/sauh.ee\/ru\/wp-json\/wp\/v2\/product_brand?post=451"},{"taxonomy":"product_cat","embeddable":true,"href":"https:\/\/sauh.ee\/ru\/wp-json\/wp\/v2\/product_cat?post=451"},{"taxonomy":"product_tag","embeddable":true,"href":"https:\/\/sauh.ee\/ru\/wp-json\/wp\/v2\/product_tag?post=451"}],"curies":[{"name":"wp","href":"https:\/\/api.w.org\/{rel}","templated":true}]}}