{"id":472,"date":"2022-11-07T14:58:08","date_gmt":"2022-11-07T14:58:08","guid":{"rendered":"https:\/\/sauh.ee\/?post_type=product&#038;p=472"},"modified":"2026-03-01T00:00:12","modified_gmt":"2026-03-01T00:00:12","slug":"led-riba-10m","status":"publish","type":"product","link":"https:\/\/sauh.ee\/ru\/product\/led-riba-10m\/","title":{"rendered":"\u0421\u0432\u0435\u0442\u043e\u0434\u0438\u043e\u0434\u043d\u0430\u044f \u043b\u0435\u043d\u0442\u0430 10 \u043c"},"content":{"rendered":"<p><span style=\"font-weight: 400;\">\u0421\u0432\u0435\u0442\u043e\u0434\u0438\u043e\u0434\u043d\u0430\u044f \u043b\u0435\u043d\u0442\u0430 \u0434\u043b\u0438\u043d\u043e\u0439 10 \u043c\u0435\u0442\u0440\u043e\u0432 (5050 RGB). \u041b\u0435\u043d\u0442\u0443 \u043d\u0435\u043e\u0431\u0445\u043e\u0434\u0438\u043c\u043e \u043f\u043e\u0434\u043a\u043b\u044e\u0447\u0438\u0442\u044c \u043a \u0430\u0434\u0430\u043f\u0442\u0435\u0440\u0443 5 \u0412.<\/span><\/p>\n<p><img fetchpriority=\"high\" decoding=\"async\" class=\"alignnone size-large wp-image-7495\" src=\"https:\/\/sauh.ee\/wp-content\/uploads\/2022\/11\/sauh.ee-led-riba-10m-2-1024x586.webp\" alt=\"\" width=\"980\" height=\"561\" srcset=\"https:\/\/sauh.ee\/wp-content\/uploads\/2022\/11\/sauh.ee-led-riba-10m-2-1024x586.webp 1024w, https:\/\/sauh.ee\/wp-content\/uploads\/2022\/11\/sauh.ee-led-riba-10m-2-300x172.webp 300w, https:\/\/sauh.ee\/wp-content\/uploads\/2022\/11\/sauh.ee-led-riba-10m-2-768x439.webp 768w, https:\/\/sauh.ee\/wp-content\/uploads\/2022\/11\/sauh.ee-led-riba-10m-2-18x10.webp 18w, https:\/\/sauh.ee\/wp-content\/uploads\/2022\/11\/sauh.ee-led-riba-10m-2-416x238.webp 416w, https:\/\/sauh.ee\/wp-content\/uploads\/2022\/11\/sauh.ee-led-riba-10m-2.webp 1238w\" sizes=\"(max-width: 980px) 100vw, 980px\" \/><\/p>\n<p><span style=\"font-weight: 400;\">\u0424\u0443\u043d\u043a\u0446\u0438\u0438:<\/span><\/p>\n<ul>\n<li style=\"font-weight: 400;\" aria-level=\"1\"><span style=\"font-weight: 400;\">\u0426\u0432\u0435\u0442\u0430 \u043c\u043e\u0433\u0443\u0442 \u0431\u044b\u0442\u044c \u0438\u0437\u043c\u0435\u043d\u0435\u043d\u044b \u0432 \u043f\u0440\u0435\u0434\u0435\u043b\u0430\u0445 \u0446\u0432\u0435\u0442\u043e\u0432\u043e\u0433\u043e \u0441\u043f\u0435\u043a\u0442\u0440\u0430<\/span><\/li>\n<li style=\"font-weight: 400;\" aria-level=\"1\"><span style=\"font-weight: 400;\">\u041c\u043e\u0436\u043d\u043e \u0438\u0437\u043c\u0435\u043d\u0438\u0442\u044c \u0438\u043d\u0442\u0435\u043d\u0441\u0438\u0432\u043d\u043e\u0441\u0442\u044c \u0441\u0432\u0435\u0442\u0430<\/span><\/li>\n<li style=\"font-weight: 400;\" aria-level=\"1\"><span style=\"font-weight: 400;\">\u041b\u0435\u043d\u0442\u0443 \u043c\u043e\u0436\u043d\u043e \u0440\u0430\u0437\u0440\u0435\u0437\u0430\u0442\u044c \u0438 \u043f\u0440\u043e\u0434\u043e\u043b\u0436\u0438\u0442\u044c<\/span><\/li>\n<li style=\"font-weight: 400;\" aria-level=\"1\"><span style=\"font-weight: 400;\">\u0423\u043f\u0440\u0430\u0432\u043b\u0435\u043d\u0438\u0435 \u0441 \u043f\u043e\u043c\u043e\u0449\u044c\u044e \u0433\u043e\u043b\u043e\u0441\u0430, \u043f\u0443\u043b\u044c\u0442\u0430 \u0434\u0438\u0441\u0442\u0430\u043d\u0446\u0438\u043e\u043d\u043d\u043e\u0433\u043e \u0443\u043f\u0440\u0430\u0432\u043b\u0435\u043d\u0438\u044f \u0438 \u043f\u0440\u0438\u043b\u043e\u0436\u0435\u043d\u0438\u044f (Bluetooth)<\/span><\/li>\n<li aria-level=\"1\"><span style=\"font-weight: 400;\">\u0421\u0438\u043b\u044c\u043d\u044b\u0439 \u0441\u0432\u0435\u0442 \u0441 \u043d\u0438\u0437\u043a\u0438\u043c \u043f\u043e\u0442\u0440\u0435\u0431\u043b\u0435\u043d\u0438\u0435\u043c<\/span><\/li>\n<li style=\"font-weight: 400;\" aria-level=\"1\"><span style=\"font-weight: 400;\">\u041c\u043e\u0436\u043d\u043e \u0441\u0438\u043d\u0445\u0440\u043e\u043d\u0438\u0437\u0438\u0440\u043e\u0432\u0430\u0442\u044c \u0441 \u0440\u0438\u0442\u043c\u043e\u043c \u043c\u0443\u0437\u044b\u043a\u0438<\/span><\/li>\n<li style=\"font-weight: 400;\" aria-level=\"1\"><span style=\"font-weight: 400;\">\u041c\u043e\u0436\u043d\u043e \u043d\u0430\u0441\u0442\u0440\u043e\u0438\u0442\u044c \u0442\u0430\u043a, \u0447\u0442\u043e\u0431\u044b \u0441\u0432\u0435\u0442\u043e\u0434\u0438\u043e\u0434\u043d\u0430\u044f \u043b\u0435\u043d\u0442\u0430 \u043d\u0430\u0447\u0438\u043d\u0430\u043b\u0430 \u0440\u0430\u0431\u043e\u0442\u0430\u0442\u044c \u0432 \u043e\u043f\u0440\u0435\u0434\u0435\u043b\u0435\u043d\u043d\u043e\u0435 \u0432\u0440\u0435\u043c\u044f<\/span><\/li>\n<li style=\"font-weight: 400;\" aria-level=\"1\"><span style=\"font-weight: 400;\">\u041b\u0435\u043d\u0442\u0443 \u043c\u043e\u0436\u043d\u043e \u043f\u0440\u0438\u043a\u043b\u0435\u0438\u0442\u044c \u0433\u0434\u0435 \u0443\u0433\u043e\u0434\u043d\u043e (\u0434\u0432\u0443\u0441\u0442\u043e\u0440\u043e\u043d\u043d\u0438\u0439 \u0441\u043a\u043e\u0442\u0447 \u0441 \u043e\u0431\u0440\u0430\u0442\u043d\u043e\u0439 \u0441\u0442\u043e\u0440\u043e\u043d\u044b)<\/span><\/li>\n<\/ul>\n<p><img decoding=\"async\" class=\"alignnone size-large wp-image-7494\" src=\"https:\/\/sauh.ee\/wp-content\/uploads\/2022\/11\/sauh.ee-led-riba-10m-1-1024x441.webp\" alt=\"\" width=\"980\" height=\"422\" srcset=\"https:\/\/sauh.ee\/wp-content\/uploads\/2022\/11\/sauh.ee-led-riba-10m-1-1024x441.webp 1024w, https:\/\/sauh.ee\/wp-content\/uploads\/2022\/11\/sauh.ee-led-riba-10m-1-300x129.webp 300w, https:\/\/sauh.ee\/wp-content\/uploads\/2022\/11\/sauh.ee-led-riba-10m-1-768x331.webp 768w, https:\/\/sauh.ee\/wp-content\/uploads\/2022\/11\/sauh.ee-led-riba-10m-1-1536x662.webp 1536w, https:\/\/sauh.ee\/wp-content\/uploads\/2022\/11\/sauh.ee-led-riba-10m-1-18x8.webp 18w, https:\/\/sauh.ee\/wp-content\/uploads\/2022\/11\/sauh.ee-led-riba-10m-1-416x179.webp 416w, https:\/\/sauh.ee\/wp-content\/uploads\/2022\/11\/sauh.ee-led-riba-10m-1.webp 1782w\" sizes=\"(max-width: 980px) 100vw, 980px\" \/><\/p>\n<p>&nbsp;<\/p>","protected":false},"excerpt":{"rendered":"<p>10-meetrised LED ribad (5050 RGB). Riba on vaja \u00fchendada 5V adapteriga. Funktsioonid: V\u00e4rvispektri ulatuses saab v\u00e4rve muuta Valguse tugevust saab timmida Riba saab m\u00f5\u00f5tu l\u00f5igata ning j\u00e4tkata Juhitav h\u00e4\u00e4le, puldi ning \u00e4piga (Bluetooth) Tugev valgus v\u00e4ikese tarbimisega S\u00fcnkroniseeritav muusika r\u00fctmiga Saab seadistada nii, et kindlal kellaajal hakkab led riba t\u00f6\u00f6le Riba saab teipida soovitud kohta [&hellip;]<\/p>\n","protected":false},"featured_media":7501,"template":"","meta":[],"product_brand":[],"product_cat":[276,33,261],"product_tag":[281,255],"class_list":{"0":"post-472","1":"product","2":"type-product","3":"status-publish","4":"has-post-thumbnail","6":"product_cat-kodu","7":"product_cat-muu","8":"product_cat-valgustus","9":"product_tag-talv","10":"product_tag-talvesoodusmuuk","12":"first","13":"instock","14":"shipping-taxable","15":"purchasable","16":"product-type-simple"},"_links":{"self":[{"href":"https:\/\/sauh.ee\/ru\/wp-json\/wp\/v2\/product\/472","targetHints":{"allow":["GET"]}}],"collection":[{"href":"https:\/\/sauh.ee\/ru\/wp-json\/wp\/v2\/product"}],"about":[{"href":"https:\/\/sauh.ee\/ru\/wp-json\/wp\/v2\/types\/product"}],"wp:featuredmedia":[{"embeddable":true,"href":"https:\/\/sauh.ee\/ru\/wp-json\/wp\/v2\/media\/7501"}],"wp:attachment":[{"href":"https:\/\/sauh.ee\/ru\/wp-json\/wp\/v2\/media?parent=472"}],"wp:term":[{"taxonomy":"product_brand","embeddable":true,"href":"https:\/\/sauh.ee\/ru\/wp-json\/wp\/v2\/product_brand?post=472"},{"taxonomy":"product_cat","embeddable":true,"href":"https:\/\/sauh.ee\/ru\/wp-json\/wp\/v2\/product_cat?post=472"},{"taxonomy":"product_tag","embeddable":true,"href":"https:\/\/sauh.ee\/ru\/wp-json\/wp\/v2\/product_tag?post=472"}],"curies":[{"name":"wp","href":"https:\/\/api.w.org\/{rel}","templated":true}]}}