{"id":483,"date":"2022-11-15T15:02:24","date_gmt":"2022-11-15T15:02:24","guid":{"rendered":"https:\/\/sauh.ee\/?post_type=product&#038;p=483"},"modified":"2026-04-20T12:32:27","modified_gmt":"2026-04-20T12:32:27","slug":"akutrell-13mm","status":"publish","type":"product","link":"https:\/\/sauh.ee\/ru\/product\/akutrell-13mm\/","title":{"rendered":"\u0410\u043a\u043a\u0443\u043c\u0443\u043b\u044f\u0442\u043e\u0440\u043d\u0430\u044f \u0434\u0440\u0435\u043b\u044c 13 \u043c\u043c"},"content":{"rendered":"<p><span style=\"font-weight: 400;\">\u0410\u043a\u043a\u0443\u043c\u0443\u043b\u044f\u0442\u043e\u0440\u043d\u044b\u0439 \u0448\u0443\u0440\u0443\u043f\u043e\u0432\u0435\u0440\u0442 (\u0440\u0430\u0431\u043e\u0442\u0430\u0435\u0442 \u043e\u0442 \u0430\u043a\u043a\u0443\u043c\u0443\u043b\u044f\u0442\u043e\u0440\u043e\u0432 Makita 18V). <\/span>\u041c\u043e\u0449\u043d\u044b\u0439 \u0438 \u0443\u043d\u0438\u0432\u0435\u0440\u0441\u0430\u043b\u044c\u043d\u044b\u0439 \u0438\u043d\u0441\u0442\u0440\u0443\u043c\u0435\u043d\u0442, \u043e\u0431\u0435\u0441\u043f\u0435\u0447\u0438\u0432\u0430\u044e\u0449\u0438\u0439 \u043f\u0440\u0435\u0432\u043e\u0441\u0445\u043e\u0434\u043d\u0443\u044e \u043f\u0440\u043e\u0438\u0437\u0432\u043e\u0434\u0438\u0442\u0435\u043b\u044c\u043d\u043e\u0441\u0442\u044c \u043f\u0440\u0438 \u0432\u044b\u043f\u043e\u043b\u043d\u0435\u043d\u0438\u0438 \u0448\u0438\u0440\u043e\u043a\u043e\u0433\u043e \u0441\u043f\u0435\u043a\u0442\u0440\u0430 \u0437\u0430\u0434\u0430\u0447 \u043f\u043e \u0441\u0432\u0435\u0440\u043b\u0435\u043d\u0438\u044e.<\/p>\n<table>\n<thead>\n<tr>\n<th>\u0425\u0430\u0440\u0430\u043a\u0442\u0435\u0440\u0438\u0441\u0442\u0438\u043a\u0430<\/th>\n<th>\u0417\u043d\u0430\u0447\u0435\u043d\u0438\u0435<\/th>\n<\/tr>\n<\/thead>\n<tbody>\n<tr>\n<td>\u0422\u0438\u043f \u0434\u0432\u0438\u0433\u0430\u0442\u0435\u043b\u044f<\/td>\n<td>\u0411\u0435\u0441\u0449\u0435\u0442\u043e\u0447\u043d\u044b\u0439<\/td>\n<\/tr>\n<tr>\n<td>\u041d\u0430\u043f\u0440\u044f\u0436\u0435\u043d\u0438\u0435<\/td>\n<td>18\u0412<\/td>\n<\/tr>\n<tr>\n<td>T\u00fchik\u00e4igup\u00f6\u00f6rete arv<\/td>\n<td>0\u20134000 \u043e\u0431\/\u043c\u0438\u043d<\/td>\n<\/tr>\n<tr>\n<td>\u041c\u0430\u043a\u0441\u0438\u043c\u0430\u043b\u044c\u043d\u044b\u0439 \u043a\u0440\u0443\u0442\u044f\u0449\u0438\u0439 \u043c\u043e\u043c\u0435\u043d\u0442<\/td>\n<td>480 \u041d.\u043c<\/td>\n<\/tr>\n<tr>\n<td>\u0414\u0438\u0430\u043c\u0435\u0442\u0440 \u0441\u0432\u0435\u0440\u043b\u0430<\/td>\n<td>1,5\u201313 \u043c\u043c<\/td>\n<\/tr>\n<tr>\n<td>\u0421\u0442\u0435\u043f\u0435\u043d\u0438 \u043c\u043e\u043c\u0435\u043d\u0442\u0430 \u0432\u0440\u0430\u0449\u0435\u043d\u0438\u044f<\/td>\n<td>20+3<\/td>\n<\/tr>\n<tr>\n<td>\u0421\u043a\u043e\u0440\u043e\u0441\u0442\u044c \u0443\u0434\u0430\u0440\u0430<\/td>\n<td>2 \u0441\u0442\u0435\u043f\u0435\u043d\u0438<\/td>\n<\/tr>\n<tr>\n<td>\u0424\u0443\u043d\u043a\u0446\u0438\u0438<\/td>\n<td>\u0423\u0434\u0430\u0440\u043d\u0430\u044f \u0434\u0440\u0435\u043b\u044c, Hammer Drill, \u042d\u043b\u0435\u043a\u0442\u0440\u0438\u0447\u0435\u0441\u043a\u0438\u0439 \u0448\u0443\u0440\u0443\u043f\u043e\u0432\u0435\u0440\u0442 (3-\u0432-1)<\/td>\n<\/tr>\n<tr>\n<td>\u041f\u0440\u0438\u043c\u0435\u043d\u0435\u043d\u0438\u0435 \u043c\u0430\u0442\u0435\u0440\u0438\u0430\u043b\u043e\u0432<\/td>\n<td>\u0421\u0442\u0430\u043b\u044c \/ \u0414\u0435\u0440\u0435\u0432\u043e \/ \u0411\u0435\u0442\u043e\u043d<\/td>\n<\/tr>\n<tr>\n<td>\u0412\u0441\u0442\u0440\u043e\u0435\u043d\u043d\u0430\u044f \u0441\u0432\u0435\u0442\u043e\u0434\u0438\u043e\u0434\u043d\u0430\u044f \u043f\u043e\u0434\u0441\u0432\u0435\u0442\u043a\u0430<\/td>\n<td>\u0414\u0430<\/td>\n<\/tr>\n<tr>\n<td>\u0421\u043e\u0432\u043c\u0435\u0441\u0442\u0438\u043c\u043e\u0441\u0442\u044c \u0430\u043a\u043a\u0443\u043c\u0443\u043b\u044f\u0442\u043e\u0440\u0430<\/td>\n<td>\u041b\u0438\u0442\u0438\u0435\u0432\u044b\u0435 \u0430\u043a\u043a\u0443\u043c\u0443\u043b\u044f\u0442\u043e\u0440\u044b \u0441\u0435\u0440\u0438\u0438 B 18 \u0412 \u043e\u0442 Makita<\/td>\n<\/tr>\n<\/tbody>\n<\/table>\n<p>\u0412\u044b\u0431\u0438\u0440\u0430\u044f \u0442\u043e\u043b\u044c\u043a\u043e \u0438\u043d\u0441\u0442\u0440\u0443\u043c\u0435\u043d\u0442: \u0430\u043a\u043a\u0443\u043c\u0443\u043b\u044f\u0442\u043e\u0440\u044b \u0438 \u0434\u0440\u0443\u0433\u0438\u0435 \u0430\u043a\u0441\u0435\u0441\u0441\u0443\u0430\u0440\u044b \u0432 \u043a\u043e\u043c\u043f\u043b\u0435\u043a\u0442 \u043d\u0435 \u0432\u0445\u043e\u0434\u044f\u0442!<\/p>\n<p>\u0412\u044b\u0431\u043e\u0440 + 2 \u0430\u043a\u043a\u0443\u043c\u0443\u043b\u044f\u0442\u043e\u0440\u0430 \u0438 \u0437\u0430\u0440\u044f\u0434\u043d\u043e\u0435 \u0443\u0441\u0442\u0440\u043e\u0439\u0441\u0442\u0432\u043e:\u00a0<a href=\"https:\/\/sauh.ee\/ru\/product\/aku-komplekt-analoog-tooriistadele-388vf\/\">\u0412 \u043a\u043e\u043c\u043f\u043b\u0435\u043a\u0442 \u0432\u0445\u043e\u0434\u044f\u0442 2 \u0430\u043a\u043a\u0443\u043c\u0443\u043b\u044f\u0442\u043e\u0440\u0430 \u0438 \u0437\u0430\u0440\u044f\u0434\u043d\u043e\u0435 \u0443\u0441\u0442\u0440\u043e\u0439\u0441\u0442\u0432\u043e.<\/a><\/p>","protected":false},"excerpt":{"rendered":"<p>Akutrell, akukruvikeeraja (T\u00f6\u00f6tab Makita 18V akudega). V\u00f5imas ja mitmek\u00fclgne t\u00f6\u00f6riist, mis tagab suurep\u00e4rase j\u00f5udluse mitmesuguste puurimis\u00fclesannete jaoks. Omadus V\u00e4\u00e4rtus Mootori t\u00fc\u00fcp Harjadeta Pinge 18V T\u00fchik\u00e4igup\u00f6\u00f6rete arv 0-4000 rpm Maksimaalne p\u00f6\u00f6rdemoment 480 N.M Puuri otsa laius 1,5\u201313 mm P\u00f6\u00f6rdemomendi astmed 20+3 L\u00f6\u00f6gi kiirus 2 astet Funktsioonid L\u00f6\u00f6kpuur, Hammer Drill, Elektriline kruvikeeraja (3-\u00fches) Materjalide kasutus Teras \/ [&hellip;]<\/p>\n","protected":false},"featured_media":9285,"template":"","meta":[],"product_brand":[],"product_cat":[15,50],"product_tag":[],"class_list":{"0":"post-483","1":"product","2":"type-product","3":"status-publish","4":"has-post-thumbnail","6":"product_cat-analoog-tooted","7":"product_cat-trellid","9":"first","10":"onbackorder","11":"shipping-taxable","12":"purchasable","13":"product-type-variable"},"_links":{"self":[{"href":"https:\/\/sauh.ee\/ru\/wp-json\/wp\/v2\/product\/483","targetHints":{"allow":["GET"]}}],"collection":[{"href":"https:\/\/sauh.ee\/ru\/wp-json\/wp\/v2\/product"}],"about":[{"href":"https:\/\/sauh.ee\/ru\/wp-json\/wp\/v2\/types\/product"}],"wp:featuredmedia":[{"embeddable":true,"href":"https:\/\/sauh.ee\/ru\/wp-json\/wp\/v2\/media\/9285"}],"wp:attachment":[{"href":"https:\/\/sauh.ee\/ru\/wp-json\/wp\/v2\/media?parent=483"}],"wp:term":[{"taxonomy":"product_brand","embeddable":true,"href":"https:\/\/sauh.ee\/ru\/wp-json\/wp\/v2\/product_brand?post=483"},{"taxonomy":"product_cat","embeddable":true,"href":"https:\/\/sauh.ee\/ru\/wp-json\/wp\/v2\/product_cat?post=483"},{"taxonomy":"product_tag","embeddable":true,"href":"https:\/\/sauh.ee\/ru\/wp-json\/wp\/v2\/product_tag?post=483"}],"curies":[{"name":"wp","href":"https:\/\/api.w.org\/{rel}","templated":true}]}}