{"id":493,"date":"2022-11-17T15:35:59","date_gmt":"2022-11-17T15:35:59","guid":{"rendered":"https:\/\/sauh.ee\/?post_type=product&#038;p=493"},"modified":"2026-04-06T12:59:38","modified_gmt":"2026-04-06T12:59:38","slug":"aku-liimipustol","status":"publish","type":"product","link":"https:\/\/sauh.ee\/ru\/product\/aku-liimipustol\/","title":{"rendered":"\u0410\u043a\u043a\u0443\u043c\u0443\u043b\u044f\u0442\u043e\u0440\u043d\u044b\u0439 \u043a\u043b\u0435\u0435\u0432\u043e\u0439 \u043f\u0438\u0441\u0442\u043e\u043b\u0435\u0442"},"content":{"rendered":"<p><span style=\"font-weight: 400;\">\u041a\u043b\u0435\u0435\u0432\u043e\u0439 \u043f\u0438\u0441\u0442\u043e\u043b\u0435\u0442 \u0434\u043b\u044f \u0430\u043a\u043a\u0443\u043c\u0443\u043b\u044f\u0442\u043e\u0440\u043e\u0432 Makita, \u043f\u0438\u0441\u0442\u043e\u043b\u0435\u0442 \u0434\u043b\u044f \u0433\u043e\u0440\u044f\u0447\u0435\u0433\u043e \u043a\u043b\u0435\u044f (\u0440\u0430\u0431\u043e\u0442\u0430\u0435\u0442 \u0441 \u0430\u043a\u043a\u0443\u043c\u0443\u043b\u044f\u0442\u043e\u0440\u0430\u043c\u0438 Makita 18 \u0412)<\/span><\/p>\n<p><img fetchpriority=\"high\" decoding=\"async\" class=\"alignnone size-full wp-image-7491\" src=\"https:\/\/sauh.ee\/wp-content\/uploads\/2022\/11\/sauh.ee-liimipustol-6.webp\" alt=\"\" width=\"960\" height=\"473\" srcset=\"https:\/\/sauh.ee\/wp-content\/uploads\/2022\/11\/sauh.ee-liimipustol-6.webp 960w, https:\/\/sauh.ee\/wp-content\/uploads\/2022\/11\/sauh.ee-liimipustol-6-300x148.webp 300w, https:\/\/sauh.ee\/wp-content\/uploads\/2022\/11\/sauh.ee-liimipustol-6-768x378.webp 768w, https:\/\/sauh.ee\/wp-content\/uploads\/2022\/11\/sauh.ee-liimipustol-6-18x9.webp 18w, https:\/\/sauh.ee\/wp-content\/uploads\/2022\/11\/sauh.ee-liimipustol-6-416x205.webp 416w\" sizes=\"(max-width: 960px) 100vw, 960px\" \/><\/p>\n<p>\u041a\u043b\u0435\u0435\u0432\u043e\u0439 \u043f\u0438\u0441\u0442\u043e\u043b\u0435\u0442, \u0438\u0434\u0435\u0430\u043b\u044c\u043d\u043e \u043f\u043e\u0434\u0445\u043e\u0434\u044f\u0449\u0438\u0439 \u0434\u043b\u044f \u0432\u0441\u0435\u0445 \u0432\u0430\u0448\u0438\u0445 \u043f\u043e\u0434\u0435\u043b\u043e\u043a \u0438 \u0440\u0443\u043a\u043e\u0434\u0435\u043b\u0438\u044f. \u0411\u043b\u0430\u0433\u043e\u0434\u0430\u0440\u044f \u043b\u0435\u0433\u043a\u043e\u0439 \u043a\u043e\u043d\u0441\u0442\u0440\u0443\u043a\u0446\u0438\u0438 \u0438 \u0443\u0434\u043e\u0431\u043d\u043e\u043c\u0443 \u0441\u043f\u0443\u0441\u043a\u043e\u0432\u043e\u043c\u0443 \u043a\u0440\u044e\u0447\u043a\u0443 \u043a\u043b\u0435\u0435\u0432\u043e\u0439 \u043f\u0438\u0441\u0442\u043e\u043b\u0435\u0442 \u043e\u0431\u0435\u0441\u043f\u0435\u0447\u0438\u0432\u0430\u0435\u0442 \u0442\u043e\u0447\u043d\u043e\u0435 \u043d\u0430\u043d\u0435\u0441\u0435\u043d\u0438\u0435 \u043a\u043b\u0435\u044f. \u0420\u0430\u0431\u043e\u0442\u0430 \u043e\u0442 \u0430\u043a\u043a\u0443\u043c\u0443\u043b\u044f\u0442\u043e\u0440\u0430 \u043e\u0431\u0435\u0441\u043f\u0435\u0447\u0438\u0432\u0430\u0435\u0442 \u043b\u0435\u0433\u043a\u0443\u044e \u043c\u0430\u043d\u0435\u0432\u0440\u0435\u043d\u043d\u043e\u0441\u0442\u044c. \u041a\u043b\u0435\u0439 \u043f\u0438\u0441\u0442\u043e\u043b\u0435\u0442 \u043d\u0430\u0433\u0440\u0435\u0432\u0430\u0435\u0442\u0441\u044f \u0432\u0441\u0435\u0433\u043e \u0437\u0430 5 \u043c\u0438\u043d\u0443\u0442. \u041a\u043b\u0435\u0435\u0432\u043e\u0439 \u043f\u0438\u0441\u0442\u043e\u043b\u0435\u0442 \u0438\u0441\u043f\u043e\u043b\u044c\u0437\u0443\u0435\u0442 <span style=\"font-weight: 400;\">\u043a\u0435\u0440\u0430\u043c\u0438\u0447\u0435\u0441\u043a\u0438\u0439 \u0442\u0435\u0440\u043c\u043e\u043f\u0430\u0440 PTV, \u043e\u0431\u0435\u0441\u043f\u0435\u0447\u0438\u0432\u0430\u044e\u0449\u0430\u044f \u0431\u044b\u0441\u0442\u0440\u043e\u0435 \u043f\u043e\u0432\u044b\u0448\u0435\u043d\u0438\u0435 \u0442\u0435\u043c\u043f\u0435\u0440\u0430\u0442\u0443\u0440\u044b.<\/span><\/p>\n<p><span style=\"font-weight: 400;\">\u0412 \u0443\u043f\u0430\u043a\u043e\u0432\u043a\u0435 5 \u043a\u043b\u0435\u0435\u0432\u044b\u0445 \u0441\u0442\u0435\u0440\u0436\u043d\u0435\u0439. <\/span><span style=\"font-weight: 400;\">\u0412\u043e\u0437\u043c\u043e\u0436\u043d\u043e\u0441\u0442\u044c \u043f\u0440\u0438\u043e\u0431\u0440\u0435\u0442\u0435\u043d\u0438\u044f \u0434\u043e\u043f\u043e\u043b\u043d\u0438\u0442\u0435\u043b\u044c\u043d\u044b\u0435 <a href=\"https:\/\/sauh.ee\/ru\/product\/liimipulk-5tk\/\">\u043a\u043b\u0435\u0435\u0432\u044b\u0435 \u043f\u0430\u043b\u043e\u0447\u043a\u0438<\/a>.<\/span><\/p>\n<p><span style=\"font-weight: 400;\">\u0410\u043a\u043a\u0443\u043c\u0443\u043b\u044f\u0442\u043e\u0440\u044b \u0438 \u0434\u0440\u0443\u0433\u0438\u0435 \u0430\u043a\u0441\u0435\u0441\u0441\u0443\u0430\u0440\u044b \u0432 \u043a\u043e\u043c\u043f\u043b\u0435\u043a\u0442 \u043d\u0435 \u0432\u0445\u043e\u0434\u044f\u0442! \u0422\u0435\u0445\u043d\u0438\u0447\u0435\u0441\u043a\u0438\u0435 \u0434\u0430\u043d\u043d\u044b\u0435 \u0432 \u043a\u043e\u043b\u043e\u043d\u043a\u0435 \u00ab\u0414\u043e\u043f\u043e\u043b\u043d\u0438\u0442\u0435\u043b\u044c\u043d\u0430\u044f \u0438\u043d\u0444\u043e\u0440\u043c\u0430\u0446\u0438\u044f\u00bb.<\/span><\/p>","protected":false},"excerpt":{"rendered":"<p>Makita akudel t\u00f6\u00f6tav liimip\u00fcstol, kuumaliimip\u00fcss (T\u00f6\u00f6tab Makita 18V akudega) Kuumsulamliimip\u00fcstolit, mis sobib ideaalselt k\u00f5igi meisterdamis- ja isetegemisvajaduste jaoks. Kerge disaini ja h\u00f5lpsasti kasutatava p\u00e4\u00e4stikuga liimip\u00fcstol v\u00f5imaldab liimi t\u00e4pselt peale kanda. Akuga funktsioon tagab lihtsa man\u00f6\u00f6verdusv\u00f5ime. Liimip\u00fcstol kuumeneb vaid 5 minutiga. Liimip\u00fcstol kasutab keraamilist PTV termoelementi, mis tagab kiiret temperatuuri t\u00f5usu. Pakend sisaldab 5 liimipulka. V\u00f5imalus [&hellip;]<\/p>\n","protected":false},"featured_media":7486,"template":"","meta":[],"product_brand":[],"product_cat":[262,15],"product_tag":[],"class_list":{"0":"post-493","1":"product","2":"type-product","3":"status-publish","4":"has-post-thumbnail","6":"product_cat-muud-tooriistad","7":"product_cat-analoog-tooted","9":"first","10":"instock","11":"shipping-taxable","12":"purchasable","13":"product-type-simple"},"_links":{"self":[{"href":"https:\/\/sauh.ee\/ru\/wp-json\/wp\/v2\/product\/493","targetHints":{"allow":["GET"]}}],"collection":[{"href":"https:\/\/sauh.ee\/ru\/wp-json\/wp\/v2\/product"}],"about":[{"href":"https:\/\/sauh.ee\/ru\/wp-json\/wp\/v2\/types\/product"}],"wp:featuredmedia":[{"embeddable":true,"href":"https:\/\/sauh.ee\/ru\/wp-json\/wp\/v2\/media\/7486"}],"wp:attachment":[{"href":"https:\/\/sauh.ee\/ru\/wp-json\/wp\/v2\/media?parent=493"}],"wp:term":[{"taxonomy":"product_brand","embeddable":true,"href":"https:\/\/sauh.ee\/ru\/wp-json\/wp\/v2\/product_brand?post=493"},{"taxonomy":"product_cat","embeddable":true,"href":"https:\/\/sauh.ee\/ru\/wp-json\/wp\/v2\/product_cat?post=493"},{"taxonomy":"product_tag","embeddable":true,"href":"https:\/\/sauh.ee\/ru\/wp-json\/wp\/v2\/product_tag?post=493"}],"curies":[{"name":"wp","href":"https:\/\/api.w.org\/{rel}","templated":true}]}}