{"id":50,"date":"2022-10-12T10:42:23","date_gmt":"2022-10-12T10:42:23","guid":{"rendered":"https:\/\/sauh.ee\/?post_type=product&#038;p=50"},"modified":"2026-03-12T18:58:29","modified_gmt":"2026-03-12T18:58:29","slug":"akuketassaag-180mm","status":"publish","type":"product","link":"https:\/\/sauh.ee\/ru\/product\/akuketassaag-180mm\/","title":{"rendered":"\u0410\u043a\u043a\u0443\u043c\u0443\u043b\u044f\u0442\u043e\u0440\u043d\u0430\u044f \u0426\u0438\u0440\u043a\u0443\u043b\u044f\u0440\u043a\u0430 180 \u043c\u043c"},"content":{"rendered":"<p><span style=\"font-weight: 400;\">Akuketassaag, ketasl\u00f5ikur. Akut\u00fc\u00fcp: 18V (T\u00f6\u00f6tab Makita 18V akudega)<\/span><\/p>\n<div class=\"group\/conversation-turn relative flex w-full min-w-0 flex-col agent-turn\">\n<div class=\"flex-col gap-1 md:gap-3\">\n<div class=\"flex max-w-full flex-col flex-grow\">\n<div class=\"min-h-8 text-message flex w-full flex-col items-end gap-2 whitespace-normal break-words text-start [.text-message+&amp;]:mt-5\" dir=\"auto\" data-message-author-role=\"assistant\" data-message-id=\"2ae526e6-9ce2-40df-9d45-1dbd2fefa6b0\" data-message-model-slug=\"gpt-4o\">\n<div class=\"flex w-full flex-col gap-1 empty:hidden first:pt-[3px]\">\n<div class=\"markdown prose w-full break-words dark:prose-invert dark\">\n<div style=\"width: 980px;\" class=\"wp-video\"><video class=\"wp-video-shortcode\" id=\"video-50-1\" width=\"980\" height=\"551\" preload=\"metadata\" controls=\"controls\"><source type=\"video\/mp4\" src=\"https:\/\/sauh.ee\/wp-content\/uploads\/2022\/10\/sauh.ee-ketassaag-2-1.mp4?_=1\" \/><a href=\"https:\/\/sauh.ee\/wp-content\/uploads\/2022\/10\/sauh.ee-ketassaag-2-1.mp4\">https:\/\/sauh.ee\/wp-content\/uploads\/2022\/10\/sauh.ee-ketassaag-2-1.mp4<\/a><\/video><\/div>\n<p>&nbsp;<\/p>\n<p><strong>Omadused:<\/strong><\/p>\n<ul>\n<li><strong>V\u00f5imsus:<\/strong> 18V harjadeta mootor tagab sujuva ja efektiivse l\u00f5ikamise.<\/li>\n<li><strong>Reguleeritav l\u00f5ikenurk:<\/strong> 0\u00b0 kuni 45\u00b0, v\u00f5imaldades erinevate nurkade l\u00f5ikeid.<\/li>\n<li><strong>L\u00f5ikes\u00fcgavus:<\/strong>\n<ul>\n<li>45\u00b0 juures: 35,5 mm<\/li>\n<li>90\u00b0 juures: 45,5 mm<\/li>\n<\/ul>\n<\/li>\n<li><strong>Materjalide l\u00f5ikamine:<\/strong> T\u00e4ispuit, PVC, MDF, vineer, kivi, keraamilised plaadid jm.<\/li>\n<\/ul>\n<\/div>\n<\/div>\n<\/div>\n<\/div>\n<\/div>\n<\/div>\n<p><span style=\"font-weight: 400;\">Akud ja muud tarvikud ei kuulu komplekti. Tehnilised andmed lisainfo veerus.<\/span><\/p>\n","protected":false},"excerpt":{"rendered":"<p>Akuketassaag, ketasl\u00f5ikur. Akut\u00fc\u00fcp: 18V (T\u00f6\u00f6tab Makita 18V akudega) &nbsp; Omadused: V\u00f5imsus: 18V harjadeta mootor tagab sujuva ja efektiivse l\u00f5ikamise. Reguleeritav l\u00f5ikenurk: 0\u00b0 kuni 45\u00b0, v\u00f5imaldades erinevate nurkade l\u00f5ikeid. L\u00f5ikes\u00fcgavus: 45\u00b0 juures: 35,5 mm 90\u00b0 juures: 45,5 mm Materjalide l\u00f5ikamine: T\u00e4ispuit, PVC, MDF, vineer, kivi, keraamilised plaadid jm. Akud ja muud tarvikud ei kuulu komplekti. Tehnilised [&hellip;]<\/p>\n","protected":false},"featured_media":7427,"template":"","meta":[],"product_brand":[],"product_cat":[45,15],"product_tag":[],"class_list":{"0":"post-50","1":"product","2":"type-product","3":"status-publish","4":"has-post-thumbnail","6":"product_cat-saed","7":"product_cat-analoog-tooted","9":"first","10":"instock","11":"shipping-taxable","12":"purchasable","13":"product-type-simple"},"_links":{"self":[{"href":"https:\/\/sauh.ee\/ru\/wp-json\/wp\/v2\/product\/50","targetHints":{"allow":["GET"]}}],"collection":[{"href":"https:\/\/sauh.ee\/ru\/wp-json\/wp\/v2\/product"}],"about":[{"href":"https:\/\/sauh.ee\/ru\/wp-json\/wp\/v2\/types\/product"}],"wp:featuredmedia":[{"embeddable":true,"href":"https:\/\/sauh.ee\/ru\/wp-json\/wp\/v2\/media\/7427"}],"wp:attachment":[{"href":"https:\/\/sauh.ee\/ru\/wp-json\/wp\/v2\/media?parent=50"}],"wp:term":[{"taxonomy":"product_brand","embeddable":true,"href":"https:\/\/sauh.ee\/ru\/wp-json\/wp\/v2\/product_brand?post=50"},{"taxonomy":"product_cat","embeddable":true,"href":"https:\/\/sauh.ee\/ru\/wp-json\/wp\/v2\/product_cat?post=50"},{"taxonomy":"product_tag","embeddable":true,"href":"https:\/\/sauh.ee\/ru\/wp-json\/wp\/v2\/product_tag?post=50"}],"curies":[{"name":"wp","href":"https:\/\/api.w.org\/{rel}","templated":true}]}}