{"id":528,"date":"2022-11-22T08:20:32","date_gmt":"2022-11-22T08:20:32","guid":{"rendered":"https:\/\/sauh.ee\/?post_type=product&#038;p=528"},"modified":"2024-12-29T11:30:32","modified_gmt":"2024-12-29T11:30:32","slug":"liimipulk-5tk","status":"publish","type":"product","link":"https:\/\/sauh.ee\/ru\/product\/liimipulk-5tk\/","title":{"rendered":"\u041a\u043b\u0435\u0435\u0432\u044b\u0435 \u0441\u0442\u0435\u0440\u0436\u043d\u0438 5 \u0448\u0442"},"content":{"rendered":"<p><a href=\"https:\/\/sauh.ee\/ru\/product\/aku-liimipustol\/\">\u0410\u043a\u043a\u0443\u043c\u0443\u043b\u044f\u0442\u043e\u0440\u043d\u044b\u0439 \u043a\u043b\u0435\u0435\u0432\u043e\u0439 \u043f\u0438\u0441\u0442\u043e\u043b\u0435\u0442<\/a> \u043a\u043b\u0435\u0435\u0432\u044b\u0435 \u0441\u0442\u0435\u0440\u0436\u043d\u0438, \u043a\u043e\u0442\u043e\u0440\u044b\u0435 \u043d\u0430\u0433\u0440\u0435\u0432\u0430\u044e\u0442\u0441\u044f \u0438 \u043f\u0440\u0438 \u043d\u0430\u0433\u0440\u0435\u0432\u0430\u043d\u0438\u0438 \u043f\u0440\u0435\u0432\u0440\u0430\u0449\u0430\u044e\u0442\u0441\u044f \u0432 \u0436\u0438\u0434\u043a\u0438\u0439 \u043a\u043b\u0435\u0439.<\/p>\n<p>\u0412 \u0443\u043f\u0430\u043a\u043e\u0432\u043a\u0435 5 \u043a\u043b\u0435\u0435\u0432\u044b\u0445 \u0441\u0442\u0435\u0440\u0436\u043d\u0435\u0439.<\/p>\n<p>\u0420\u0430\u0437\u043c\u0435\u0440\u044b:<\/p>\n<p>\u0414\u0438\u0430\u043c\u0435\u0442\u0440: 7 \u043c\u043c<br \/>\n\u0414\u043b\u0438\u043d\u0430: 15 \u0441\u043c<\/p>\n<p>&nbsp;<\/p>","protected":false},"excerpt":{"rendered":"<p>Aku Liimip\u00fcstol liimipulgad, mis kuumenemisel soojenevad ja muutuvad vedel liimiks. Pakendis on 5 liimipulka. M\u00f5\u00f5dud: L\u00e4bim\u00f5\u00f5t: 7mm Pikkus: 15 cm &nbsp;<\/p>","protected":false},"featured_media":7485,"template":"","meta":[],"product_brand":[],"product_cat":[31],"product_tag":[],"class_list":{"0":"post-528","1":"product","2":"type-product","3":"status-publish","4":"has-post-thumbnail","6":"product_cat-varuosad","8":"first","9":"instock","10":"shipping-taxable","11":"purchasable","12":"product-type-simple"},"_links":{"self":[{"href":"https:\/\/sauh.ee\/ru\/wp-json\/wp\/v2\/product\/528","targetHints":{"allow":["GET"]}}],"collection":[{"href":"https:\/\/sauh.ee\/ru\/wp-json\/wp\/v2\/product"}],"about":[{"href":"https:\/\/sauh.ee\/ru\/wp-json\/wp\/v2\/types\/product"}],"wp:featuredmedia":[{"embeddable":true,"href":"https:\/\/sauh.ee\/ru\/wp-json\/wp\/v2\/media\/7485"}],"wp:attachment":[{"href":"https:\/\/sauh.ee\/ru\/wp-json\/wp\/v2\/media?parent=528"}],"wp:term":[{"taxonomy":"product_brand","embeddable":true,"href":"https:\/\/sauh.ee\/ru\/wp-json\/wp\/v2\/product_brand?post=528"},{"taxonomy":"product_cat","embeddable":true,"href":"https:\/\/sauh.ee\/ru\/wp-json\/wp\/v2\/product_cat?post=528"},{"taxonomy":"product_tag","embeddable":true,"href":"https:\/\/sauh.ee\/ru\/wp-json\/wp\/v2\/product_tag?post=528"}],"curies":[{"name":"wp","href":"https:\/\/api.w.org\/{rel}","templated":true}]}}