{"id":5387,"date":"2023-11-02T16:39:24","date_gmt":"2023-11-02T16:39:24","guid":{"rendered":"https:\/\/sauh.ee\/?post_type=product&#038;p=5387"},"modified":"2026-04-17T10:15:07","modified_gmt":"2026-04-17T10:15:07","slug":"raadiosaatja-bf-888s-2tk-usb-laadijaga-komplekt","status":"publish","type":"product","link":"https:\/\/sauh.ee\/ru\/product\/raadiosaatja-bf-888s-2tk-usb-laadijaga-komplekt\/","title":{"rendered":"\u0420\u0430\u0446\u0438\u044f BF-888S 2\u0448\u0442 USB \u0437\u0430\u0440\u044f\u0434\u043d\u043e\u0435 \u0443\u0441\u0442\u0440\u043e\u0439\u0441\u0442\u0432\u043e \u043a\u043e\u043c\u043f\u043b\u0435\u043a\u0442"},"content":{"rendered":"<p>Baofeng BF-888S \u2014 \u044d\u0442\u043e \u043f\u043e\u0440\u0442\u0430\u0442\u0438\u0432\u043d\u0430\u044f \u0440\u0430\u0446\u0438\u044f, \u043a\u043e\u0442\u043e\u0440\u0430\u044f \u043e\u0431\u0435\u0441\u043f\u0435\u0447\u0438\u0432\u0430\u0435\u0442 \u0447\u0438\u0441\u0442\u043e\u0435 \u043a\u0430\u0447\u0435\u0441\u0442\u0432\u043e \u0437\u0432\u0443\u043a\u0430 \u0438 \u0443\u0434\u043e\u0431\u043d\u0443\u044e \u0441\u0432\u044f\u0437\u044c \u0434\u043b\u044f \u043f\u043e\u0434\u0434\u0435\u0440\u0436\u0430\u043d\u0438\u044f \u043a\u043e\u043d\u0442\u0430\u043a\u0442\u0430. 16 \u043a\u0430\u043d\u0430\u043b\u043e\u0432 \u0438 \u0440\u0430\u0437\u043b\u0438\u0447\u043d\u044b\u0435 \u0444\u0443\u043d\u043a\u0446\u0438\u0438 \u0434\u0435\u043b\u0430\u044e\u0442 \u0435\u0451 \u043d\u0435\u0437\u0430\u043c\u0435\u043d\u0438\u043c\u043e\u0439 \u0432 \u0441\u0430\u043c\u044b\u0445 \u0440\u0430\u0437\u043d\u044b\u0445 \u0441\u0438\u0442\u0443\u0430\u0446\u0438\u044f\u0445, \u0442\u0430\u043a\u0438\u0445 \u043a\u0430\u043a \u0440\u0430\u0431\u043e\u0442\u0430 \u0441\u043b\u0443\u0436\u0431 \u0431\u0435\u0437\u043e\u043f\u0430\u0441\u043d\u043e\u0441\u0442\u0438, \u0441\u0442\u0440\u043e\u0438\u0442\u0435\u043b\u044c\u043d\u044b\u0435 \u043f\u043b\u043e\u0449\u0430\u0434\u043a\u0438, \u043f\u043e\u0445\u043e\u0434\u044b \u0438 \u0438\u0433\u0440\u044b \u0432 \u0441\u0442\u0440\u0430\u0439\u043a\u0431\u043e\u043b.<\/p>\n<p><img fetchpriority=\"high\" decoding=\"async\" class=\"wp-image-9776 aligncenter\" src=\"https:\/\/sauh.ee\/wp-content\/uploads\/2023\/11\/sauh.ee-baofeng-raadiosaatja-scaled.webp\" alt=\"\" width=\"904\" height=\"904\" srcset=\"https:\/\/sauh.ee\/wp-content\/uploads\/2023\/11\/sauh.ee-baofeng-raadiosaatja-scaled.webp 2560w, https:\/\/sauh.ee\/wp-content\/uploads\/2023\/11\/sauh.ee-baofeng-raadiosaatja-300x300.webp 300w, https:\/\/sauh.ee\/wp-content\/uploads\/2023\/11\/sauh.ee-baofeng-raadiosaatja-1024x1024.webp 1024w, https:\/\/sauh.ee\/wp-content\/uploads\/2023\/11\/sauh.ee-baofeng-raadiosaatja-150x150.webp 150w, https:\/\/sauh.ee\/wp-content\/uploads\/2023\/11\/sauh.ee-baofeng-raadiosaatja-768x768.webp 768w, https:\/\/sauh.ee\/wp-content\/uploads\/2023\/11\/sauh.ee-baofeng-raadiosaatja-1536x1536.webp 1536w, https:\/\/sauh.ee\/wp-content\/uploads\/2023\/11\/sauh.ee-baofeng-raadiosaatja-2048x2048.webp 2048w, https:\/\/sauh.ee\/wp-content\/uploads\/2023\/11\/sauh.ee-baofeng-raadiosaatja-12x12.webp 12w, https:\/\/sauh.ee\/wp-content\/uploads\/2023\/11\/sauh.ee-baofeng-raadiosaatja-324x324.webp 324w, https:\/\/sauh.ee\/wp-content\/uploads\/2023\/11\/sauh.ee-baofeng-raadiosaatja-416x416.webp 416w, https:\/\/sauh.ee\/wp-content\/uploads\/2023\/11\/sauh.ee-baofeng-raadiosaatja-100x100.webp 100w, https:\/\/sauh.ee\/wp-content\/uploads\/2023\/11\/sauh.ee-baofeng-raadiosaatja-64x64.webp 64w\" sizes=\"(max-width: 904px) 100vw, 904px\" \/><\/p>\n<p>\u0412 \u043a\u043e\u043c\u043f\u043b\u0435\u043a\u0442 \u0432\u0445\u043e\u0434\u044f\u0442: 2 \u0440\u0430\u0434\u0438\u043e\u043f\u0435\u0440\u0435\u0434\u0430\u0442\u0447\u0438\u043a\u0430, 2 \u0437\u0430\u0440\u044f\u0434\u043d\u044b\u0445 \u0443\u0441\u0442\u0440\u043e\u0439\u0441\u0442\u0432\u0430 (\u0441 \u043a\u043e\u043d\u0446\u043e\u043c USB), 2 \u043d\u0430\u0443\u0448\u043d\u0438\u043a\u0430<\/p>\n<p>\u0427\u0430\u0441\u0442\u043e\u0442\u043d\u044b\u0439 \u0434\u0438\u0430\u043f\u0430\u0437\u043e\u043d: UHF 400-470MHz<br \/>\n\u041a\u043e\u043b\u0438\u0447\u0435\u0441\u0442\u0432\u043e \u043a\u0430\u043d\u0430\u043b\u043e\u0432: 16<br \/>\n\u041c\u043e\u0449\u043d\u043e\u0441\u0442\u044c: 5 \u0412\u0442<br \/>\n\u0415\u043c\u043a\u043e\u0441\u0442\u044c \u0430\u043a\u043a\u0443\u043c\u0443\u043b\u044f\u0442\u043e\u0440\u0430: 1500 \u043c\u0410\u0447 (\u0445\u0432\u0430\u0442\u0430\u0435\u0442 \u043d\u0430 8-12 \u0447\u0430\u0441\u043e\u0432 \u0430\u043a\u0442\u0438\u0432\u043d\u043e\u0433\u043e \u0438\u0441\u043f\u043e\u043b\u044c\u0437\u043e\u0432\u0430\u043d\u0438\u044f).<br \/>\n\u0420\u0430\u0437\u043c\u0435\u0440\u044b (\u0431\u0435\u0437 \u0430\u043d\u0442\u0435\u043d\u043d\u044b): 110x60x33 \u043c\u043c<br \/>\n\u0412\u0435\u0441 (\u0432\u043a\u043b\u044e\u0447\u0430\u044f \u0431\u0430\u0442\u0430\u0440\u0435\u044e): 156 \u0433.<br \/>\n\u041e\u0431\u044a\u0435\u043c: 1 \u0412\u0442<br \/>\n\u041e\u0445\u0432\u0430\u0442: \u041c\u0430\u043a\u0441\u0438\u043c\u0443\u043c 6 \u043a\u043c (\u0432 \u0437\u0430\u0432\u0438\u0441\u0438\u043c\u043e\u0441\u0442\u0438 \u043e\u0442 \u043c\u0435\u0441\u0442\u043e\u043f\u043e\u043b\u043e\u0436\u0435\u043d\u0438\u044f).<\/p>","protected":false},"excerpt":{"rendered":"<p>Baofeng BF-888S on kaasaskantav raadiosaatja, mis pakub selget helikvaliteeti ja mugavat sidev\u00f5imalust\u00a0 \u00fchenduse hoidmiseks. 16 kanalit ja mitmed funktsioonid, muutes selle vajalikuks erinevates olukordades, nagu turvameeskonnad, ehitusplatsid, matkad ja airsofti m\u00e4ngud. Komplektis kaasas: 2 raadiosaatjat, 2 laadijat (USB otsaga), 2 k\u00f5rvaklappi Sagedusala: UHF 400-470MHz Kanalite Arv: 16 V\u00f5imsus: 5W Aku Maht: 1500mAh (kestab aktiivse kasutuse [&hellip;]<\/p>\n","protected":false},"featured_media":7911,"template":"","meta":[],"product_brand":[],"product_cat":[47,265,267],"product_tag":[],"class_list":{"0":"post-5387","1":"product","2":"type-product","3":"status-publish","4":"has-post-thumbnail","6":"product_cat-matka-tarbed","7":"product_cat-matkale","8":"product_cat-valivarustus","10":"first","11":"onbackorder","12":"shipping-taxable","13":"purchasable","14":"product-type-simple"},"_links":{"self":[{"href":"https:\/\/sauh.ee\/ru\/wp-json\/wp\/v2\/product\/5387","targetHints":{"allow":["GET"]}}],"collection":[{"href":"https:\/\/sauh.ee\/ru\/wp-json\/wp\/v2\/product"}],"about":[{"href":"https:\/\/sauh.ee\/ru\/wp-json\/wp\/v2\/types\/product"}],"wp:featuredmedia":[{"embeddable":true,"href":"https:\/\/sauh.ee\/ru\/wp-json\/wp\/v2\/media\/7911"}],"wp:attachment":[{"href":"https:\/\/sauh.ee\/ru\/wp-json\/wp\/v2\/media?parent=5387"}],"wp:term":[{"taxonomy":"product_brand","embeddable":true,"href":"https:\/\/sauh.ee\/ru\/wp-json\/wp\/v2\/product_brand?post=5387"},{"taxonomy":"product_cat","embeddable":true,"href":"https:\/\/sauh.ee\/ru\/wp-json\/wp\/v2\/product_cat?post=5387"},{"taxonomy":"product_tag","embeddable":true,"href":"https:\/\/sauh.ee\/ru\/wp-json\/wp\/v2\/product_tag?post=5387"}],"curies":[{"name":"wp","href":"https:\/\/api.w.org\/{rel}","templated":true}]}}