{"id":553,"date":"2022-12-01T15:52:31","date_gmt":"2022-12-01T15:52:31","guid":{"rendered":"https:\/\/sauh.ee\/?post_type=product&#038;p=553"},"modified":"2026-04-06T12:59:26","modified_gmt":"2026-04-06T12:59:26","slug":"lambikett","status":"publish","type":"product","link":"https:\/\/sauh.ee\/ru\/product\/lambikett\/","title":{"rendered":"\u0421\u0432\u0435\u0442\u043e\u0432\u0430\u044f \u0446\u0435\u043f 18-36\u043c"},"content":{"rendered":"<p><span style=\"font-weight: 400;\">\u0426\u0435\u043f\u044c \u0441\u0432\u0435\u0442\u043e\u0434\u0438\u043e\u0434\u043d\u044b\u0445 \u043b\u0430\u043c\u043f\u043e\u0447\u0435\u043a.<\/span><\/p>\n<p><span style=\"font-weight: 400;\"> \u0426\u0435\u043f\u044c \u0441 \u0442\u0435\u043f\u043b\u044b\u043c \u0441\u0432\u0435\u0442\u043e\u043c (2700K) \u043f\u043e\u0434\u0445\u043e\u0434\u0438\u0442 \u043a\u0430\u043a \u0434\u043b\u044f \u0432\u043d\u0443\u0442\u0440\u0435\u043d\u043d\u0435\u0433\u043e, \u0442\u0430\u043a \u0438 \u0434\u043b\u044f \u043d\u0430\u0440\u0443\u0436\u043d\u043e\u0433\u043e \u0438\u0441\u043f\u043e\u043b\u044c\u0437\u043e\u0432\u0430\u043d\u0438\u044f. \u041f\u0440\u0438 \u043d\u0435\u043e\u0431\u0445\u043e\u0434\u0438\u043c\u043e\u0441\u0442\u0438 \u0446\u0435\u043f\u044c \u043c\u043e\u0436\u043d\u043e \u0443\u0434\u043b\u0438\u043d\u0438\u0442\u044c. <\/span><span style=\"font-weight: 400;\">Pirni l\u00e4bim\u00f5\u00f5t on 4cm. <\/span><\/p>\n<p><span style=\"font-weight: 400;\">\u0426\u043e\u043a\u043e\u043b\u044c \u043b\u0430\u043c\u043f\u044b: \u043e\u0441\u043d\u043e\u0432\u0430 E12<br \/>\n\u041d\u0430\u043f\u0440\u044f\u0436\u0435\u043d\u0438\u0435: 220 \u0412<br \/>\n\u041c\u043e\u0449\u043d\u043e\u0441\u0442\u044c: 32 \u0412\u0442 (\u043d\u0430 \u0446\u0435\u043f\u043e\u0447\u043a\u0435 \u0441\u0432\u0435\u0442\u0438\u043b\u044c\u043d\u0438\u043a\u0430 18 \u043c)<\/span><\/p>\n<p>\u041c\u043e\u0436\u0435\u0442 \u0431\u044b\u0442\u044c \u043f\u043e\u0434\u043a\u043b\u044e\u0447\u0435\u043d \u043a \u0434\u0438\u043c\u043c\u0435\u0440\u0443 (\u0434\u0438\u043c\u043c\u0435\u0440 \u0432 \u043a\u043e\u043c\u043f\u043b\u0435\u043a\u0442 \u043d\u0435 \u0432\u0445\u043e\u0434\u0438\u0442)<\/p>\n<p>8\u043c\u00a0 <span style=\"font-weight: 400;\">\u0426\u0435\u043f\u044c 8 \u043c \u0441 10 \u043b\u0430\u043c\u043f\u043e\u0447\u043a\u0430\u043c\u0438 - 30\u20ac + 1 \u043b\u0430\u043c\u043f\u043e\u0447\u043a\u0430 \u0434\u043e\u043f\u043e\u043b\u043d\u0438\u0442\u0435\u043b\u044c\u043d\u043e<\/span><\/p>\n<p><span style=\"font-weight: 400;\">\u0426\u0435\u043f\u044c 18 \u043c \u0441 32 \u043b\u0430\u043c\u043f\u043e\u0447\u043a\u0430\u043c\u0438 - 60\u20ac + 1 \u043b\u0430\u043c\u043f\u043e\u0447\u043a\u0430 \u0434\u043e\u043f\u043e\u043b\u043d\u0438\u0442\u0435\u043b\u044c\u043d\u043e<\/span><\/p>\n<p><span style=\"font-weight: 400;\">\u0426\u0435\u043f\u044c 26 \u043c \u0441 50 \u043b\u0430\u043c\u043f\u043e\u0447\u043a\u0430\u043c\u0438 - 70\u20ac + 2 \u043b\u0430\u043c\u043f\u043e\u0447\u043a\u0438 \u0434\u043e\u043f\u043e\u043b\u043d\u0438\u0442\u0435\u043b\u044c\u043d\u043e.<\/span><\/p>\n<p><span style=\"font-weight: 400;\">\u0426\u0435\u043f\u044c 36 \u043c \u0441 64 \u043b\u0430\u043c\u043f\u043e\u0447\u043a\u0430\u043c\u0438 - 85\u20ac + 2 \u043b\u0430\u043c\u043f\u043e\u0447\u043a\u0438 \u0434\u043e\u043f\u043e\u043b\u043d\u0438\u0442\u0435\u043b\u044c\u043d\u043e.<\/span><\/p>\n<p>&nbsp;<\/p>","protected":false},"excerpt":{"rendered":"<p>LED lambikett. Sooja valgusega (2700K) kett, mis sobib nii sise- kui ka v\u00e4listingimusteks. Ketti on v\u00f5imalik vajadusel pikendada. Pirni l\u00e4bim\u00f5\u00f5t on 4cm. Pirnide p\u00f5hi: E12 alus Pinge: 220V V\u00f5imsus: 32W (18m lambiketil) V\u00f5imalus \u00fchendada dimmeriga (dimmer ei kuulu komplekti) 8m\u00a0 lambiketil\u00a0 on 10 pirni\u00a0 &#8211; 30\u20ac + 1 pirn lisaks 18 m lambiketil on 32 [&hellip;]<\/p>\n","protected":false},"featured_media":7591,"template":"","meta":[],"product_brand":[],"product_cat":[33,261],"product_tag":[],"class_list":{"0":"post-553","1":"product","2":"type-product","3":"status-publish","4":"has-post-thumbnail","6":"product_cat-muu","7":"product_cat-valgustus","9":"first","10":"onbackorder","11":"shipping-taxable","12":"purchasable","13":"product-type-variable"},"_links":{"self":[{"href":"https:\/\/sauh.ee\/ru\/wp-json\/wp\/v2\/product\/553","targetHints":{"allow":["GET"]}}],"collection":[{"href":"https:\/\/sauh.ee\/ru\/wp-json\/wp\/v2\/product"}],"about":[{"href":"https:\/\/sauh.ee\/ru\/wp-json\/wp\/v2\/types\/product"}],"wp:featuredmedia":[{"embeddable":true,"href":"https:\/\/sauh.ee\/ru\/wp-json\/wp\/v2\/media\/7591"}],"wp:attachment":[{"href":"https:\/\/sauh.ee\/ru\/wp-json\/wp\/v2\/media?parent=553"}],"wp:term":[{"taxonomy":"product_brand","embeddable":true,"href":"https:\/\/sauh.ee\/ru\/wp-json\/wp\/v2\/product_brand?post=553"},{"taxonomy":"product_cat","embeddable":true,"href":"https:\/\/sauh.ee\/ru\/wp-json\/wp\/v2\/product_cat?post=553"},{"taxonomy":"product_tag","embeddable":true,"href":"https:\/\/sauh.ee\/ru\/wp-json\/wp\/v2\/product_tag?post=553"}],"curies":[{"name":"wp","href":"https:\/\/api.w.org\/{rel}","templated":true}]}}