{"id":5534,"date":"2023-11-07T22:41:42","date_gmt":"2023-11-07T22:41:42","guid":{"rendered":"https:\/\/sauh.ee\/?post_type=product&#038;p=5534"},"modified":"2026-04-06T12:54:19","modified_gmt":"2026-04-06T12:54:19","slug":"mini-valikaamera-infrapuna-oovaatlusega","status":"publish","type":"product","link":"https:\/\/sauh.ee\/ru\/product\/mini-valikaamera-infrapuna-oovaatlusega\/","title":{"rendered":"\u041c\u0438\u043d\u0438 \u043f\u043e\u043b\u0435\u0432\u0430\u044f \u043a\u0430\u043c\u0435\u0440\u0430 \u0441 \u0438\u043d\u0444\u0440\u0430\u043a\u0440\u0430\u0441\u043d\u044b\u043c \u043d\u043e\u0447\u043d\u044b\u043c \u0432\u0438\u0434\u0435\u043d\u0438\u0435\u043c"},"content":{"rendered":"<p>\u041f\u0440\u0435\u0434\u0441\u0442\u0430\u0432\u043b\u044f\u0435\u043c \u0432\u0430\u0448\u0435\u043c\u0443 \u0432\u043d\u0438\u043c\u0430\u043d\u0438\u044e \u043c\u0438\u043d\u0438-\u043a\u0430\u043c\u0435\u0440\u0443 \u0434\u043b\u044f \u0441\u044a\u0435\u043c\u043a\u0438 \u0434\u0438\u043a\u043e\u0439 \u043f\u0440\u0438\u0440\u043e\u0434\u044b, \u043a\u043e\u0442\u043e\u0440\u0430\u044f \u043f\u043e\u0437\u0432\u043e\u043b\u044f\u0435\u0442 \u0434\u0435\u043b\u0430\u0442\u044c \u0443\u0434\u0438\u0432\u0438\u0442\u0435\u043b\u044c\u043d\u044b\u0435 \u0444\u043e\u0442\u043e\u0433\u0440\u0430\u0444\u0438\u0438 \u0441 \u0440\u0430\u0437\u0440\u0435\u0448\u0435\u043d\u0438\u0435\u043c 16 \u041c\u041f \u0438 \u0437\u0430\u043f\u0438\u0441\u044b\u0432\u0430\u0442\u044c \u0432\u0438\u0434\u0435\u043e \u0432 \u0444\u043e\u0440\u043c\u0430\u0442\u0435 Full HD 1080P \u0441\u043e \u0437\u0432\u0443\u043a\u043e\u043c. \u041e\u043d\u0430 \u0434\u0430\u0435\u0442 \u0432\u0430\u043c \u0432\u043e\u0437\u043c\u043e\u0436\u043d\u043e\u0441\u0442\u044c \u043f\u043e\u0437\u043d\u0430\u043a\u043e\u043c\u0438\u0442\u044c\u0441\u044f \u0441 \u043f\u0440\u0438\u0440\u043e\u0434\u043e\u0439 \u0447\u0435\u0440\u0435\u0437 \u044f\u0440\u043a\u0438\u0435 \u0438\u0437\u043e\u0431\u0440\u0430\u0436\u0435\u043d\u0438\u044f \u0438 \u0432\u0438\u0434\u0435\u043e\u0437\u0430\u043f\u0438\u0441\u0438.<\/p>\n<p><img fetchpriority=\"high\" decoding=\"async\" class=\"alignnone size-full wp-image-7905\" src=\"https:\/\/sauh.ee\/wp-content\/uploads\/2023\/11\/sauh.ee-valikaamera-kliendi-pildid4.webp\" alt=\"\" width=\"809\" height=\"508\" srcset=\"https:\/\/sauh.ee\/wp-content\/uploads\/2023\/11\/sauh.ee-valikaamera-kliendi-pildid4.webp 809w, https:\/\/sauh.ee\/wp-content\/uploads\/2023\/11\/sauh.ee-valikaamera-kliendi-pildid4-300x188.webp 300w, https:\/\/sauh.ee\/wp-content\/uploads\/2023\/11\/sauh.ee-valikaamera-kliendi-pildid4-768x482.webp 768w, https:\/\/sauh.ee\/wp-content\/uploads\/2023\/11\/sauh.ee-valikaamera-kliendi-pildid4-18x12.webp 18w, https:\/\/sauh.ee\/wp-content\/uploads\/2023\/11\/sauh.ee-valikaamera-kliendi-pildid4-416x261.webp 416w\" sizes=\"(max-width: 809px) 100vw, 809px\" \/><\/p>\n<p>\u041a\u0430\u043c\u0435\u0440\u0430 \u043e\u0447\u0435\u043d\u044c \u043c\u0430\u043b\u0435\u043d\u044c\u043a\u0430\u044f, \u043f\u043e\u043c\u0435\u0449\u0430\u0435\u0442\u0441\u044f \u043d\u0430 \u043b\u0430\u0434\u043e\u043d\u0438 \u0438 \u043b\u0435\u0433\u043a\u043e \u043f\u0440\u044f\u0447\u0435\u0442\u0441\u044f (13,5 \u00d7 10 \u00d7 5,5 \u0441\u043c). \u0414\u043b\u044f \u0440\u0430\u0431\u043e\u0442\u044b \u043a\u0430\u043c\u0435\u0440\u044b \u0432 \u0440\u0435\u0436\u0438\u043c\u0435 \u043e\u0436\u0438\u0434\u0430\u043d\u0438\u044f \u0442\u0440\u0435\u0431\u0443\u0435\u0442\u0441\u044f \u0432\u0441\u0435\u0433\u043e 4 \u0449\u0435\u043b\u043e\u0447\u043d\u044b\u0445 \u0431\u0430\u0442\u0430\u0440\u0435\u0439\u043a\u0438 AA \u0438\u043b\u0438 8 \u0431\u0430\u0442\u0430\u0440\u0435\u0435\u043a AA (\u043d\u0435 \u0432\u0445\u043e\u0434\u044f\u0442 \u0432 \u043a\u043e\u043c\u043f\u043b\u0435\u043a\u0442), \u043a\u043e\u0442\u043e\u0440\u044b\u0445 \u0445\u0432\u0430\u0442\u0430\u0435\u0442 \u043d\u0430 4-8 \u043c\u0435\u0441\u044f\u0446\u0435\u0432, \u0432 \u0437\u0430\u0432\u0438\u0441\u0438\u043c\u043e\u0441\u0442\u0438 \u043e\u0442 \u0443\u0441\u043b\u043e\u0432\u0438\u0439 \u0438\u0441\u043f\u043e\u043b\u044c\u0437\u043e\u0432\u0430\u043d\u0438\u044f.<\/p>\n<p>\u041a\u043e\u0433\u0434\u0430 \u0436\u0438\u0432\u043e\u0442\u043d\u043e\u0435 \u0434\u0432\u0438\u0436\u0435\u0442\u0441\u044f \u043f\u0435\u0440\u0435\u0434 \u043a\u0430\u043c\u0435\u0440\u043e\u0439, \u043e\u043d\u0430 \u0440\u0435\u0430\u0433\u0438\u0440\u0443\u0435\u0442 \u0431\u044b\u0441\u0442\u0440\u043e - \u043c\u0435\u043d\u0435\u0435 \u0447\u0435\u043c \u0437\u0430 0,8 \u0441\u0435\u043a\u0443\u043d\u0434\u044b. \u0414\u0430\u0442\u0447\u0438\u043a \u0434\u0432\u0438\u0436\u0435\u043d\u0438\u044f \u043e\u0431\u043d\u0430\u0440\u0443\u0436\u0438\u0432\u0430\u0435\u0442 \u0434\u0432\u0438\u0436\u0435\u043d\u0438\u0435 \u043d\u0430 \u0440\u0430\u0441\u0441\u0442\u043e\u044f\u043d\u0438\u0438 \u0434\u043e 10 \u043c\u0435\u0442\u0440\u043e\u0432 \u0434\u043d\u0435\u043c \u0438 \u043d\u043e\u0447\u044c\u044e. \u042d\u0442\u043e \u0433\u0430\u0440\u0430\u043d\u0442\u0438\u0440\u0443\u0435\u0442, \u0447\u0442\u043e \u043b\u044e\u0431\u043e\u0435 \u0434\u0432\u0438\u0436\u0435\u043d\u0438\u0435 \u0431\u0443\u0434\u0435\u0442 \u0437\u0430\u0444\u0438\u043a\u0441\u0438\u0440\u043e\u0432\u0430\u043d\u043e \u043a\u0430\u043c\u0435\u0440\u043e\u0439 \u0434\u043e \u0442\u043e\u0433\u043e, \u043a\u0430\u043a \u043e\u043d\u0430 \u0441\u0434\u0435\u043b\u0430\u0435\u0442 \u0441\u043d\u0438\u043c\u043e\u043a.<\/p>\n<div style=\"width: 980px;\" class=\"wp-video\"><video class=\"wp-video-shortcode\" id=\"video-5534-1\" width=\"980\" height=\"551\" preload=\"metadata\" controls=\"controls\"><source type=\"video\/mp4\" src=\"https:\/\/sauh.ee\/wp-content\/uploads\/2023\/11\/sauh.ee-metsa-kaamera-1-online-video-cutter.com-1.mp4?_=1\" \/><a href=\"https:\/\/sauh.ee\/wp-content\/uploads\/2023\/11\/sauh.ee-metsa-kaamera-1-online-video-cutter.com-1.mp4\">https:\/\/sauh.ee\/wp-content\/uploads\/2023\/11\/sauh.ee-metsa-kaamera-1-online-video-cutter.com-1.mp4<\/a><\/video><\/div>\n<p>\u041a\u0430\u043c\u0435\u0440\u0430 \u0432\u043e\u0434\u043e\u043d\u0435\u043f\u0440\u043e\u043d\u0438\u0446\u0430\u0435\u043c\u0430 (\u0441\u0442\u0430\u043d\u0434\u0430\u0440\u0442 IP66) \u0438 \u0432\u044b\u0434\u0435\u0440\u0436\u0438\u0432\u0430\u0435\u0442 \u044d\u043a\u0441\u0442\u0440\u0435\u043c\u0430\u043b\u044c\u043d\u044b\u0435 \u0442\u0435\u043c\u043f\u0435\u0440\u0430\u0442\u0443\u0440\u044b (\u043e\u0442 -20 \u0434\u043e +70 \u00b0C), \u0447\u0442\u043e \u0434\u0435\u043b\u0430\u0435\u0442 \u0435\u0435 \u043f\u0440\u0438\u0433\u043e\u0434\u043d\u043e\u0439 \u0434\u043b\u044f \u0438\u0441\u043f\u043e\u043b\u044c\u0437\u043e\u0432\u0430\u043d\u0438\u044f \u0432 \u043b\u044e\u0431\u044b\u0445 \u043f\u043e\u0433\u043e\u0434\u043d\u044b\u0445 \u0443\u0441\u043b\u043e\u0432\u0438\u044f\u0445. \u042d\u0442\u043e \u043e\u0442\u043b\u0438\u0447\u043d\u044b\u0439 \u0432\u044b\u0431\u043e\u0440 \u0434\u043b\u044f \u043d\u0430\u0440\u0443\u0436\u043d\u043e\u0433\u043e \u043f\u0440\u0438\u043c\u0435\u043d\u0435\u043d\u0438\u044f, \u0431\u0443\u0434\u044c \u0442\u043e \u043e\u0442\u0441\u043b\u0435\u0436\u0438\u0432\u0430\u043d\u0438\u0435 \u0436\u0438\u0432\u043e\u0442\u043d\u044b\u0445, \u043e\u0445\u043e\u0442\u0430 \u0438\u043b\u0438 \u043e\u0445\u0440\u0430\u043d\u0430 \u0434\u043e\u043c\u0430.<\/p>\n<p>\u0422\u0435\u0445\u043d\u0438\u0447\u0435\u0441\u043a\u0438\u0435 \u0434\u0430\u043d\u043d\u044b\u0435 \u0432 \u043a\u043e\u043b\u043e\u043d\u043a\u0435 \"\u0414\u043e\u043f\u043e\u043b\u043d\u0438\u0442\u0435\u043b\u044c\u043d\u0430\u044f \u0438\u043d\u0444\u043e\u0440\u043c\u0430\u0446\u0438\u044f\"!<\/p>\n<div style=\"width: 980px;\" class=\"wp-video\"><video class=\"wp-video-shortcode\" id=\"video-5534-2\" width=\"980\" height=\"551\" preload=\"metadata\" controls=\"controls\"><source type=\"video\/mp4\" src=\"https:\/\/sauh.ee\/wp-content\/uploads\/2023\/11\/sauh.ee-valikaamera-1.mp4?_=2\" \/><a href=\"https:\/\/sauh.ee\/wp-content\/uploads\/2023\/11\/sauh.ee-valikaamera-1.mp4\">https:\/\/sauh.ee\/wp-content\/uploads\/2023\/11\/sauh.ee-valikaamera-1.mp4<\/a><\/video><\/div>","protected":false},"excerpt":{"rendered":"<p>Tutvustame teile mini looduskaamerat, mis suudab teha h\u00e4mmastavaid 16 MP fotosid ja salvestada t\u00e4is-HD 1080P videot koos heliga. See annab teile v\u00f5imaluse kogeda loodust l\u00e4bi elavate piltide ja videosalvestiste. Kaamera on v\u00e4ga pisike, mahub peopessa ja on lihtne peita (m\u00f5\u00f5tmed 13,5 \u00d7 10 \u00d7 5,5 cm). Selleks, et kaamera seisvare\u017eiimis t\u00f6\u00f6taks, on vajalik vaid 4 [&hellip;]<\/p>\n","protected":false},"featured_media":7899,"template":"","meta":[],"product_brand":[],"product_cat":[47,265,267],"product_tag":[],"class_list":{"0":"post-5534","1":"product","2":"type-product","3":"status-publish","4":"has-post-thumbnail","6":"product_cat-matka-tarbed","7":"product_cat-matkale","8":"product_cat-valivarustus","10":"first","11":"onbackorder","12":"shipping-taxable","13":"purchasable","14":"product-type-simple"},"_links":{"self":[{"href":"https:\/\/sauh.ee\/ru\/wp-json\/wp\/v2\/product\/5534","targetHints":{"allow":["GET"]}}],"collection":[{"href":"https:\/\/sauh.ee\/ru\/wp-json\/wp\/v2\/product"}],"about":[{"href":"https:\/\/sauh.ee\/ru\/wp-json\/wp\/v2\/types\/product"}],"wp:featuredmedia":[{"embeddable":true,"href":"https:\/\/sauh.ee\/ru\/wp-json\/wp\/v2\/media\/7899"}],"wp:attachment":[{"href":"https:\/\/sauh.ee\/ru\/wp-json\/wp\/v2\/media?parent=5534"}],"wp:term":[{"taxonomy":"product_brand","embeddable":true,"href":"https:\/\/sauh.ee\/ru\/wp-json\/wp\/v2\/product_brand?post=5534"},{"taxonomy":"product_cat","embeddable":true,"href":"https:\/\/sauh.ee\/ru\/wp-json\/wp\/v2\/product_cat?post=5534"},{"taxonomy":"product_tag","embeddable":true,"href":"https:\/\/sauh.ee\/ru\/wp-json\/wp\/v2\/product_tag?post=5534"}],"curies":[{"name":"wp","href":"https:\/\/api.w.org\/{rel}","templated":true}]}}