{"id":5805,"date":"2024-01-10T19:02:56","date_gmt":"2024-01-10T19:02:56","guid":{"rendered":"https:\/\/sauh.ee\/?post_type=product&#038;p=5805"},"modified":"2026-04-17T10:31:59","modified_gmt":"2026-04-17T10:31:59","slug":"aku-bluetooth-kolar","status":"publish","type":"product","link":"https:\/\/sauh.ee\/ru\/product\/aku-bluetooth-kolar\/","title":{"rendered":"\u0411\u043b\u044e\u0442\u0443\u0441 \u0434\u0438\u043d\u0430\u043c\u0438\u043a \u0434\u043b\u044f \u0430\u043a\u043a\u0443\u043c\u0443\u043b\u044f\u0442\u043e\u0440\u043e\u0432 18 \u0412"},"content":{"rendered":"<p style=\"text-align: left;\">\u041f\u043e\u0440\u0442\u0430\u0442\u0438\u0432\u043d\u0430\u044f \u043a\u043e\u043b\u043e\u043d\u043a\u0430 Bluetooth (\u0442\u0430\u043a\u0436\u0435 \u043f\u043e\u0434\u0445\u043e\u0434\u0438\u0442 \u0434\u043b\u044f \u0438\u0441\u043f\u043e\u043b\u044c\u0437\u043e\u0432\u0430\u043d\u0438\u044f \u0441 \u0430\u043a\u043a\u0443\u043c\u0443\u043b\u044f\u0442\u043e\u0440\u0430\u043c\u0438 \u041c\u0430\u043a\u0438\u0442\u0430 18 \u0412).<\/p>\n<p style=\"text-align: left;\">\u0424\u0443\u043d\u043a\u0446\u0438\u044f \u0437\u0430\u0440\u044f\u0434\u043d\u043e\u0433\u043e \u0443\u0441\u0442\u0440\u043e\u0439\u0441\u0442\u0432\u0430 (Power Bank) \u043f\u043e\u0437\u0432\u043e\u043b\u044f\u0435\u0442 \u0437\u0430\u0440\u044f\u0436\u0430\u0442\u044c \u0447\u0435\u0440\u0435\u0437 \u0440\u0430\u0437\u044a\u0435\u043c\u044b USB \u0438 Type-C. \u042d\u043d\u0435\u0440\u0433\u043e\u044d\u0444\u0444\u0435\u043a\u0442\u0438\u0432\u043d\u043e\u0435 \u0443\u0441\u0442\u0440\u043e\u0439\u0441\u0442\u0432\u043e \u0441 \u0434\u043b\u0438\u0442\u0435\u043b\u044c\u043d\u044b\u043c \u0441\u0440\u043e\u043a\u043e\u043c \u0441\u043b\u0443\u0436\u0431\u044b. \u041f\u0440\u043e\u0447\u043d\u044b\u0439 \u043a\u043e\u0440\u043f\u0443\u0441 \u0434\u0438\u043d\u0430\u043c\u0438\u043a\u0430 \u043e\u0431\u0435\u0441\u043f\u0435\u0447\u0438\u0432\u0430\u0435\u0442 \u0435\u0433\u043e \u0434\u043e\u043b\u0433\u043e\u0432\u0435\u0447\u043d\u043e\u0441\u0442\u044c \u0434\u0430\u0436\u0435 \u043d\u0430 \u0441\u0442\u0440\u043e\u0438\u0442\u0435\u043b\u044c\u043d\u043e\u0439 \u043f\u043b\u043e\u0449\u0430\u0434\u043a\u0435. \u0425\u043e\u0440\u043e\u0448\u0435\u0435 \u043a\u0430\u0447\u0435\u0441\u0442\u0432\u043e \u0437\u0432\u0443\u043a\u0430!<\/p>\n<p>\u0412\u0445\u043e\u0434\u043d\u044b\u0435 \u043f\u0430\u0440\u0430\u043c\u0435\u0442\u0440\u044b: 100HZ-20KHZ<br \/>\n\u0412\u044b\u0445\u043e\u0434\u043d\u044b\u0435 \u043f\u0430\u0440\u0430\u043c\u0435\u0442\u0440\u044b USB: 5 \u0412 2,1 \u0410<br \/>\n\u0412\u044b\u0445\u043e\u0434\u043d\u043e\u0439 \u043f\u0430\u0440\u0430\u043c\u0435\u0442\u0440 Type-C: 18 \u0412\u0442<\/p>\n<p><iframe title=\"Bluetooth \u043a\u043e\u043b\u043e\u043d\u043a\u0430 \u0438 \u0410\u043d\u0430\u043b\u043e\u0433\u043e\u0432\u044b\u0439 \u0430\u043a\u043a\u0443\u043c\u0443\u043b\u044f\u0442\u043e\u0440 \u041c\u0430\u043a\u0438\u0442\u044b 9\u0410\u0447 - sauh.eu\" width=\"563\" height=\"1000\" src=\"https:\/\/www.youtube.com\/embed\/KMMneAXuY7A?feature=oembed\" frameborder=\"0\" allow=\"accelerometer; autoplay; clipboard-write; encrypted-media; gyroscope; picture-in-picture; web-share\" referrerpolicy=\"strict-origin-when-cross-origin\" allowfullscreen><\/iframe><\/p>","protected":false},"excerpt":{"rendered":"<p>Kaasaskantav Bluetooth k\u00f5lar (sobib kasutada ka Makita 18V akudega). Power Bank funktsioon v\u00f5imaldab laadimist USB ja t\u00fc\u00fcp-C liideste kaudu. Energiat\u00f5hus, ning saab pikalt kasutada. K\u00f5lari tugev korpus tagab vastupidavuse ka ehitusplatsil. Hea kvaliteediga heli! Sisendparameetrid: 100HZ-20KHZ USB v\u00e4ljundparameetrid: 5V 2.1A T\u00fc\u00fcp-C v\u00e4ljundparameeter: 18W<\/p>","protected":false},"featured_media":7933,"template":"","meta":[],"product_brand":[],"product_cat":[47,265,262,15,267],"product_tag":[],"class_list":{"0":"post-5805","1":"product","2":"type-product","3":"status-publish","4":"has-post-thumbnail","6":"product_cat-matka-tarbed","7":"product_cat-matkale","8":"product_cat-muud-tooriistad","9":"product_cat-analoog-tooted","10":"product_cat-valivarustus","12":"first","13":"onbackorder","14":"shipping-taxable","15":"purchasable","16":"product-type-variable"},"_links":{"self":[{"href":"https:\/\/sauh.ee\/ru\/wp-json\/wp\/v2\/product\/5805","targetHints":{"allow":["GET"]}}],"collection":[{"href":"https:\/\/sauh.ee\/ru\/wp-json\/wp\/v2\/product"}],"about":[{"href":"https:\/\/sauh.ee\/ru\/wp-json\/wp\/v2\/types\/product"}],"wp:featuredmedia":[{"embeddable":true,"href":"https:\/\/sauh.ee\/ru\/wp-json\/wp\/v2\/media\/7933"}],"wp:attachment":[{"href":"https:\/\/sauh.ee\/ru\/wp-json\/wp\/v2\/media?parent=5805"}],"wp:term":[{"taxonomy":"product_brand","embeddable":true,"href":"https:\/\/sauh.ee\/ru\/wp-json\/wp\/v2\/product_brand?post=5805"},{"taxonomy":"product_cat","embeddable":true,"href":"https:\/\/sauh.ee\/ru\/wp-json\/wp\/v2\/product_cat?post=5805"},{"taxonomy":"product_tag","embeddable":true,"href":"https:\/\/sauh.ee\/ru\/wp-json\/wp\/v2\/product_tag?post=5805"}],"curies":[{"name":"wp","href":"https:\/\/api.w.org\/{rel}","templated":true}]}}