{"id":584,"date":"2022-12-05T16:55:47","date_gmt":"2022-12-05T16:55:47","guid":{"rendered":"https:\/\/sauh.ee\/?post_type=product&#038;p=584"},"modified":"2025-05-26T11:53:55","modified_gmt":"2025-05-26T11:53:55","slug":"metallidetektori-rakmed","status":"publish","type":"product","link":"https:\/\/sauh.ee\/ru\/product\/metallidetektori-rakmed\/","title":{"rendered":"\u0423\u043f\u0440\u044f\u0436\u043a\u0430 \u043c\u0435\u0442\u0430\u043b\u043b\u043e\u0438\u0441\u043a\u0430\u0442\u0435\u043b\u044f"},"content":{"rendered":"<p><span style=\"font-weight: 400;\"><img fetchpriority=\"high\" decoding=\"async\" class=\"alignnone size-full wp-image-7577\" src=\"https:\/\/sauh.ee\/wp-content\/uploads\/2022\/12\/sauh.ee-metallidetektori-rakmed-6.webp\" alt=\"\" width=\"1013\" height=\"510\" srcset=\"https:\/\/sauh.ee\/wp-content\/uploads\/2022\/12\/sauh.ee-metallidetektori-rakmed-6.webp 1013w, https:\/\/sauh.ee\/wp-content\/uploads\/2022\/12\/sauh.ee-metallidetektori-rakmed-6-300x151.webp 300w, https:\/\/sauh.ee\/wp-content\/uploads\/2022\/12\/sauh.ee-metallidetektori-rakmed-6-768x387.webp 768w, https:\/\/sauh.ee\/wp-content\/uploads\/2022\/12\/sauh.ee-metallidetektori-rakmed-6-18x9.webp 18w, https:\/\/sauh.ee\/wp-content\/uploads\/2022\/12\/sauh.ee-metallidetektori-rakmed-6-416x209.webp 416w\" sizes=\"(max-width: 1013px) 100vw, 1013px\" \/><\/span><\/p>\n<p><span style=\"font-weight: 400;\">\u042d\u0440\u0433\u043e\u043d\u043e\u043c\u0438\u0447\u043d\u0430\u044f \u043a\u043e\u043d\u0441\u0442\u0440\u0443\u043a\u0446\u0438\u044f \u043f\u0440\u0438\u0432\u044f\u0437\u0438 \u043c\u0435\u0442\u0430\u043b\u043b\u043e\u0434\u0435\u0442\u0435\u043a\u0442\u043e\u0440\u0430 \u0440\u0430\u0432\u043d\u043e\u043c\u0435\u0440\u043d\u043e \u0440\u0430\u0441\u043f\u0440\u0435\u0434\u0435\u043b\u044f\u0435\u0442 \u0432\u0435\u0441, \u0447\u0442\u043e \u0434\u0435\u043b\u0430\u0435\u0442 \u0440\u0430\u0431\u043e\u0442\u0443 \u043f\u043e \u043f\u043e\u0438\u0441\u043a\u0443 \u0438 \u043f\u0435\u0440\u0435\u043d\u043e\u0441\u043a\u0443 \u043c\u0435\u0442\u0430\u043b\u043b\u043e\u0438\u0441\u043a\u0430\u0442\u0435\u043b\u044f \u0431\u043e\u043b\u0435\u0435 \u043b\u0435\u0433\u043a\u043e\u0439, \u0443\u0434\u043e\u0431\u043d\u043e\u0439 \u0438 \u043f\u043e\u0437\u0432\u043e\u043b\u044f\u0435\u0442 \u0437\u0430\u043d\u0438\u043c\u0430\u0442\u044c\u0441\u044f \u043f\u043e\u0439\u0441\u043a\u0430\u043c\u0438 \u0433\u043e\u0440\u0430\u0437\u0434\u043e \u0434\u043e\u043b\u044c\u0448\u0435.<\/span><\/p>\n<p><span style=\"font-weight: 400;\">\u0423\u043f\u0440\u044f\u0436\u043a\u0430 \u0438\u043c\u0435\u0435\u0442 8 \u0440\u0435\u0433\u0443\u043b\u0438\u0440\u043e\u0432\u043e\u043a \u0438 \u0442\u043e\u0447\u0435\u043a \u043a\u0440\u0435\u043f\u043b\u0435\u043d\u0438\u044f \u0434\u043b\u044f \u043f\u0435\u0440\u0435\u043d\u043e\u0441\u043a\u0438 \u0430\u043a\u0441\u0435\u0441\u0441\u0443\u0430\u0440\u043e\u0432 \u0438 \u043c\u0435\u0442\u0430\u043b\u043b\u043e\u0438\u0441\u043a\u0430\u0442\u0435\u043b\u044f.<\/span><\/p>\n<p><span style=\"font-weight: 400;\">\u041e\u0431\u0440\u0443\u0447 \u043f\u043e\u0434\u0445\u043e\u0434\u0438\u0442 \u043a\u0430\u043a \u0434\u043b\u044f \u043f\u0440\u0430\u0432\u0448\u0435\u0439, \u0442\u0430\u043a \u0438 \u0434\u043b\u044f \u043b\u0435\u0432\u0448\u0435\u0439.<\/span><\/p>","protected":false},"excerpt":{"rendered":"<p>Metalliotsija rakmete ergonoomiline disain jaotab raskuse \u00fchtlaselt, muutes otsimise t\u00f6\u00f6 ja metallidetektori kandmise kergemaks, mugavamaks ja v\u00f5imaldades teha seda palju pikemat aega. Rakmetel on 8 reguleerimis -ja kinnituspunkti tarvikute ja metallidetektori kandmiseks. Rakmed sobivad nii parema, kui ka vasakuk\u00e4elistele.<\/p>","protected":false},"featured_media":7582,"template":"","meta":[],"product_brand":[],"product_cat":[265,32],"product_tag":[],"class_list":{"0":"post-584","1":"product","2":"type-product","3":"status-publish","4":"has-post-thumbnail","6":"product_cat-matkale","7":"product_cat-metallidetektor","9":"first","10":"onbackorder","11":"sold-individually","12":"shipping-taxable","13":"purchasable","14":"product-type-simple"},"_links":{"self":[{"href":"https:\/\/sauh.ee\/ru\/wp-json\/wp\/v2\/product\/584","targetHints":{"allow":["GET"]}}],"collection":[{"href":"https:\/\/sauh.ee\/ru\/wp-json\/wp\/v2\/product"}],"about":[{"href":"https:\/\/sauh.ee\/ru\/wp-json\/wp\/v2\/types\/product"}],"wp:featuredmedia":[{"embeddable":true,"href":"https:\/\/sauh.ee\/ru\/wp-json\/wp\/v2\/media\/7582"}],"wp:attachment":[{"href":"https:\/\/sauh.ee\/ru\/wp-json\/wp\/v2\/media?parent=584"}],"wp:term":[{"taxonomy":"product_brand","embeddable":true,"href":"https:\/\/sauh.ee\/ru\/wp-json\/wp\/v2\/product_brand?post=584"},{"taxonomy":"product_cat","embeddable":true,"href":"https:\/\/sauh.ee\/ru\/wp-json\/wp\/v2\/product_cat?post=584"},{"taxonomy":"product_tag","embeddable":true,"href":"https:\/\/sauh.ee\/ru\/wp-json\/wp\/v2\/product_tag?post=584"}],"curies":[{"name":"wp","href":"https:\/\/api.w.org\/{rel}","templated":true}]}}