{"id":5976,"date":"2024-02-08T17:55:56","date_gmt":"2024-02-08T17:55:56","guid":{"rendered":"https:\/\/sauh.ee\/?post_type=product&#038;p=5976"},"modified":"2026-03-14T10:16:25","modified_gmt":"2026-03-14T10:16:25","slug":"akukukettsaag-20-cm-teleskoopvarrega","status":"publish","type":"product","link":"https:\/\/sauh.ee\/ru\/product\/akukukettsaag-20-cm-teleskoopvarrega\/","title":{"rendered":"\u0410\u043a\u043a\u0443\u043c\u0443\u043b\u044f\u0442\u043e\u0440\u043d\u0430\u044f \u0446\u0435\u043f\u043d\u0430\u044f \u043f\u0438\u043b\u0430 20 \u0441\u043c \u0441 \u0442\u0435\u043b\u0435\u0441\u043a\u043e\u043f\u0438\u0447\u0435\u0441\u043a\u043e\u0439 \u0440\u0443\u0447\u043a\u043e\u0439"},"content":{"rendered":"<p>\u0422\u0435\u043b\u0435\u0441\u043a\u043e\u043f\u0438\u0447\u0435\u0441\u043a\u0430\u044f \u0430\u043a\u043a\u0443\u043c\u0443\u043b\u044f\u0442\u043e\u0440\u043d\u0430\u044f \u0446\u0435\u043f\u043d\u0430\u044f \u043f\u0438\u043b\u0430 \u0441 \u043c\u0430\u0441\u043b\u044f\u043d\u044b\u043c \u0431\u0430\u043a\u043e\u043c 20 \u0441\u043c \u0434\u043b\u044f \u043e\u0431\u0440\u0435\u0437\u043a\u0438 \u0432\u044b\u0441\u043e\u043a\u0438\u0445 \u0432\u0435\u0442\u043e\u043a \u0431\u0435\u0437 \u043b\u0435\u0441\u0442\u043d\u0438\u0446\u044b. \u0411\u0435\u0441\u0449\u0435\u0442\u043e\u0447\u043d\u044b\u0439 \u0434\u0432\u0438\u0433\u0430\u0442\u0435\u043b\u044c \u043e\u0431\u0435\u0441\u043f\u0435\u0447\u0438\u0432\u0430\u0435\u0442 \u0441\u0442\u0430\u0431\u0438\u043b\u044c\u043d\u0443\u044e \u0440\u0430\u0431\u043e\u0442\u0443 \u0438 \u0434\u043b\u0438\u0442\u0435\u043b\u044c\u043d\u044b\u0439 \u0441\u0440\u043e\u043a \u0441\u043b\u0443\u0436\u0431\u044b. \u0420\u0435\u0433\u0443\u043b\u0438\u0440\u0443\u0435\u043c\u0430\u044f \u043d\u0430 180\u00b0 \u0440\u0435\u0436\u0443\u0449\u0430\u044f \u0433\u043e\u043b\u043e\u0432\u043a\u0430 \u0438 \u0442\u0435\u043b\u0435\u0441\u043a\u043e\u043f\u0438\u0447\u0435\u0441\u043a\u0430\u044f \u0440\u0443\u043a\u043e\u044f\u0442\u043a\u0430 \u0434\u043b\u0438\u043d\u043e\u0439 \u0434\u043e 2,4 \u043c \u043f\u043e\u0437\u0432\u043e\u043b\u044f\u044e\u0442 \u0443\u0434\u043e\u0431\u043d\u043e \u0438 \u0442\u043e\u0447\u043d\u043e \u0432\u044b\u043f\u043e\u043b\u043d\u044f\u0442\u044c \u043e\u0431\u0440\u0435\u0437\u043a\u0443.<\/p>\n<p><img fetchpriority=\"high\" decoding=\"async\" class=\"size-full wp-image-9456 aligncenter\" src=\"https:\/\/sauh.ee\/wp-content\/uploads\/2024\/02\/sauh.ee-saag-20cm-teleskoopvarrega-saag-15cm-8.webp\" alt=\"\" width=\"960\" height=\"960\" srcset=\"https:\/\/sauh.ee\/wp-content\/uploads\/2024\/02\/sauh.ee-saag-20cm-teleskoopvarrega-saag-15cm-8.webp 960w, https:\/\/sauh.ee\/wp-content\/uploads\/2024\/02\/sauh.ee-saag-20cm-teleskoopvarrega-saag-15cm-8-300x300.webp 300w, https:\/\/sauh.ee\/wp-content\/uploads\/2024\/02\/sauh.ee-saag-20cm-teleskoopvarrega-saag-15cm-8-150x150.webp 150w, https:\/\/sauh.ee\/wp-content\/uploads\/2024\/02\/sauh.ee-saag-20cm-teleskoopvarrega-saag-15cm-8-768x768.webp 768w, https:\/\/sauh.ee\/wp-content\/uploads\/2024\/02\/sauh.ee-saag-20cm-teleskoopvarrega-saag-15cm-8-12x12.webp 12w, https:\/\/sauh.ee\/wp-content\/uploads\/2024\/02\/sauh.ee-saag-20cm-teleskoopvarrega-saag-15cm-8-324x324.webp 324w, https:\/\/sauh.ee\/wp-content\/uploads\/2024\/02\/sauh.ee-saag-20cm-teleskoopvarrega-saag-15cm-8-416x416.webp 416w, https:\/\/sauh.ee\/wp-content\/uploads\/2024\/02\/sauh.ee-saag-20cm-teleskoopvarrega-saag-15cm-8-100x100.webp 100w, https:\/\/sauh.ee\/wp-content\/uploads\/2024\/02\/sauh.ee-saag-20cm-teleskoopvarrega-saag-15cm-8-64x64.webp 64w\" sizes=\"(max-width: 960px) 100vw, 960px\" \/><\/p>\n<table>\n<thead>\n<tr>\n<th><strong>\u0425\u0430\u0440\u0430\u043a\u0442\u0435\u0440\u0438\u0441\u0442\u0438\u043a\u0430<\/strong><\/th>\n<th><strong>\u041e\u043f\u0438\u0441\u0430\u043d\u0438\u0435<\/strong><\/th>\n<\/tr>\n<\/thead>\n<tbody>\n<tr>\n<td>\u041c\u043e\u0442\u043e\u0440<\/td>\n<td>\u0411\u0435\u0441\u0449\u0451\u0442\u043e\u0447\u043d\u044b\u0439<\/td>\n<\/tr>\n<tr>\n<td>\u041d\u043e\u043c\u0438\u043d\u0430\u043b\u044c\u043d\u0430\u044f \u043c\u043e\u0449\u043d\u043e\u0441\u0442\u044c<\/td>\n<td>1000 \u0412\u0442<\/td>\n<\/tr>\n<tr>\n<td>\u041e\u0431\u043e\u0440\u043e\u0442\u044b<\/td>\n<td>0\u201347000 \u043e\u0431\/\u043c\u0438\u043d<\/td>\n<\/tr>\n<tr>\n<td>\u0414\u043b\u0438\u043d\u0430 \u043b\u0438\u0441\u0442\u0430 \u043f\u0438\u043b\u044b<\/td>\n<td>20 \u0441\u043c<\/td>\n<\/tr>\n<tr>\n<td>\u041c\u0430\u043a\u0441. \u0434\u0438\u0430\u043c\u0435\u0442\u0440 \u0440\u0435\u0437\u0430\u043d\u0438\u044f<\/td>\n<td>\u0434\u043e 30 \u0441\u043c<\/td>\n<\/tr>\n<tr>\n<td>\u0421\u043a\u043e\u0440\u043e\u0441\u0442\u044c \u0446\u0435\u043f\u0438<\/td>\n<td>\u0434\u043e 10 \u043c\/\u0441<\/td>\n<\/tr>\n<tr>\n<td>\u0422\u0435\u043b\u0435\u0441\u043a\u043e\u043f\u0438\u0447\u0435\u0441\u043a\u0430\u044f \u0440\u0443\u0447\u043a\u0430<\/td>\n<td>1,4 \u043c \/ 1,9 \u043c \/ 2,4 \u043c<\/td>\n<\/tr>\n<tr>\n<td>\u0420\u0435\u0433\u0443\u043b\u0438\u0440\u043e\u0432\u043a\u0430 \u0440\u0435\u0436\u0443\u0449\u0435\u0439 \u0433\u043e\u043b\u043e\u0432\u043a\u0438<\/td>\n<td>180\u00b0<\/td>\n<\/tr>\n<tr>\n<td>\u041d\u043e\u043c\u0438\u043d\u0430\u043b\u044c\u043d\u043e\u0435 \u043d\u0430\u043f\u0440\u044f\u0436\u0435\u043d\u0438\u0435<\/td>\n<td>18 \u0412 (\u043f\u043e\u0434\u0445\u043e\u0434\u0438\u0442 \u0442\u0430\u043a\u0436\u0435 \u0434\u043b\u044f \u0438\u0441\u043f\u043e\u043b\u044c\u0437\u043e\u0432\u0430\u043d\u0438\u044f \u0441 \u0430\u043a\u043a\u0443\u043c\u0443\u043b\u044f\u0442\u043e\u0440\u0430\u043c\u0438 \u041c\u0430\u043a\u0438\u0442\u0430)<\/td>\n<\/tr>\n<tr>\n<td>\u041d\u0430\u0437\u0432\u0430\u043d\u0438\u044f, \u043e\u0431\u043b\u0430\u0441\u0442\u044c \u043f\u0440\u0438\u043c\u0435\u043d\u0435\u043d\u0438\u044f<\/td>\n<td>\u0410\u043a\u043a\u0443\u043c\u0443\u043b\u044f\u0442\u043e\u0440\u043d\u0430\u044f \u0440\u0443\u0447\u043d\u0430\u044f \u043f\u0438\u043b\u0430 \u0441 \u0442\u0435\u043b\u0435\u0441\u043a\u043e\u043f\u0438\u0447\u0435\u0441\u043a\u043e\u0439 \u0440\u0443\u043a\u043e\u044f\u0442\u043a\u043e\u0439, \u0442\u0435\u043b\u0435\u0441\u043a\u043e\u043f\u0438\u0447\u0435\u0441\u043a\u0430\u044f \u0446\u0435\u043f\u043d\u0430\u044f \u043f\u0438\u043b\u0430 \u0434\u043b\u044f \u043e\u0431\u0440\u0435\u0437\u043a\u0438 \u0432\u0435\u0442\u0432\u0435\u0439 \u0432 \u0441\u0430\u0434\u0443<\/td>\n<\/tr>\n<\/tbody>\n<\/table>\n<p><img decoding=\"async\" class=\"size-large wp-image-9455 aligncenter\" src=\"https:\/\/sauh.ee\/wp-content\/uploads\/2024\/02\/sauh.ee-saag-20cm-teleskoopvarrega-saag-15cm-6.webp\" alt=\"\" width=\"771\" height=\"1024\" srcset=\"https:\/\/sauh.ee\/wp-content\/uploads\/2024\/02\/sauh.ee-saag-20cm-teleskoopvarrega-saag-15cm-6.webp 1200w, https:\/\/sauh.ee\/wp-content\/uploads\/2024\/02\/sauh.ee-saag-20cm-teleskoopvarrega-saag-15cm-6-226x300.webp 226w, https:\/\/sauh.ee\/wp-content\/uploads\/2024\/02\/sauh.ee-saag-20cm-teleskoopvarrega-saag-15cm-6-771x1024.webp 771w, https:\/\/sauh.ee\/wp-content\/uploads\/2024\/02\/sauh.ee-saag-20cm-teleskoopvarrega-saag-15cm-6-768x1020.webp 768w, https:\/\/sauh.ee\/wp-content\/uploads\/2024\/02\/sauh.ee-saag-20cm-teleskoopvarrega-saag-15cm-6-1157x1536.webp 1157w, https:\/\/sauh.ee\/wp-content\/uploads\/2024\/02\/sauh.ee-saag-20cm-teleskoopvarrega-saag-15cm-6-9x12.webp 9w, https:\/\/sauh.ee\/wp-content\/uploads\/2024\/02\/sauh.ee-saag-20cm-teleskoopvarrega-saag-15cm-6-416x552.webp 416w, https:\/\/sauh.ee\/wp-content\/uploads\/2024\/02\/sauh.ee-saag-20cm-teleskoopvarrega-saag-15cm-6-64x85.webp 64w\" sizes=\"(max-width: 771px) 100vw, 771px\" \/><\/p>\n<p>&nbsp;<\/p>","protected":false},"excerpt":{"rendered":"<p>Teleskoop aku kettsaag 20cm \u00f5lipaagiga k\u00f5rgete okste l\u00f5ikamiseks ilma redelita. Harjavaba mootor tagab stabiilse t\u00f6\u00f6 ja pikema kasutusea. Reguleeritav 180\u00b0 l\u00f5ikepea ja kuni 2,4 m teleskoopvars v\u00f5imaldavad mugavat ja t\u00e4pset l\u00f5ikamist. Omadus Kirjeldus Mootor Harjavaba Nimiv\u00f5imsus 1000 W P\u00f6\u00f6rded 0\u201347000 p\/min Saelehe pikkus 20 cm Maks. l\u00f5ikel\u00e4bim\u00f5\u00f5t kuni 30 cm Keti kiirus kuni 10 m\/s [&hellip;]<\/p>\n","protected":false},"featured_media":9449,"template":"","meta":[],"product_brand":[],"product_cat":[257,45,15],"product_tag":[256],"class_list":{"0":"post-5976","1":"product","2":"type-product","3":"status-publish","4":"has-post-thumbnail","6":"product_cat-aia-tooriistad","7":"product_cat-saed","8":"product_cat-analoog-tooted","9":"product_tag-kevad","11":"first","12":"instock","13":"shipping-taxable","14":"purchasable","15":"product-type-variable"},"_links":{"self":[{"href":"https:\/\/sauh.ee\/ru\/wp-json\/wp\/v2\/product\/5976","targetHints":{"allow":["GET"]}}],"collection":[{"href":"https:\/\/sauh.ee\/ru\/wp-json\/wp\/v2\/product"}],"about":[{"href":"https:\/\/sauh.ee\/ru\/wp-json\/wp\/v2\/types\/product"}],"wp:featuredmedia":[{"embeddable":true,"href":"https:\/\/sauh.ee\/ru\/wp-json\/wp\/v2\/media\/9449"}],"wp:attachment":[{"href":"https:\/\/sauh.ee\/ru\/wp-json\/wp\/v2\/media?parent=5976"}],"wp:term":[{"taxonomy":"product_brand","embeddable":true,"href":"https:\/\/sauh.ee\/ru\/wp-json\/wp\/v2\/product_brand?post=5976"},{"taxonomy":"product_cat","embeddable":true,"href":"https:\/\/sauh.ee\/ru\/wp-json\/wp\/v2\/product_cat?post=5976"},{"taxonomy":"product_tag","embeddable":true,"href":"https:\/\/sauh.ee\/ru\/wp-json\/wp\/v2\/product_tag?post=5976"}],"curies":[{"name":"wp","href":"https:\/\/api.w.org\/{rel}","templated":true}]}}