{"id":604,"date":"2022-12-06T09:31:23","date_gmt":"2022-12-06T09:31:23","guid":{"rendered":"https:\/\/sauh.ee\/?post_type=product&#038;p=604"},"modified":"2025-10-28T21:23:05","modified_gmt":"2025-10-28T21:23:05","slug":"laseri-statiiv-120-cm","status":"publish","type":"product","link":"https:\/\/sauh.ee\/ru\/product\/laseri-statiiv-120-cm\/","title":{"rendered":"\u0428\u0442\u0430\u0442\u0438\u0432 \u0434\u043b\u044f \u043b\u0430\u0437\u0435\u0440\u043d\u043e\u0433\u043e \u0443\u0440\u043e\u0432\u043d\u044f 120 \u0441\u043c"},"content":{"rendered":"<p><span style=\"font-weight: 400;\">\u0422\u0435\u043b\u0435\u0441\u043a\u043e\u043f\u0438\u0447\u0435\u0441\u043a\u0430\u044f \u0448\u0442\u0430\u043d\u0433\u0430 \u0441 \u0441\u0438\u0441\u0442\u0435\u043c\u043e\u0439 \u0432\u0440\u0430\u0449\u0435\u043d\u0438\u044f \u043f\u043e\u0434\u044a\u0435\u043c\u043d\u043e\u0433\u043e \u043a\u043e\u043b\u0435\u0441\u0430. <a href=\"https:\/\/sauh.ee\/ru\/product\/aku-ristjoonlaser\/\">\u041f\u043e\u0434\u0445\u043e\u0434\u0438\u0442 \u0434\u043b\u044f \u0438\u0441\u043f\u043e\u043b\u044c\u0437\u043e\u0432\u0430\u043d\u0438\u044f \u0441 \u043b\u0430\u0437\u0435\u0440\u043d\u044b\u043c \u043a\u043e\u043c\u043f\u043b\u0435\u043a\u0442\u043e\u043c.<\/a><\/span><\/p>\n<table>\n<thead>\n<tr>\n<th><strong>\u041c\u0430\u043a\u0441\u0438\u043c\u0430\u043b\u044c\u043d\u0430\u044f \u0432\u044b\u0441\u043e\u0442\u0430<\/strong><\/th>\n<th>\u0414\u043e 120 \u0441\u043c<\/th>\n<\/tr>\n<\/thead>\n<tbody>\n<tr>\n<td><strong>\u0420\u0435\u0433\u0443\u043b\u0438\u0440\u0443\u0435\u043c\u0430\u044f \u0432\u044b\u0441\u043e\u0442\u0430<\/strong><\/td>\n<td>\u0414\u0430<\/td>\n<\/tr>\n<tr>\n<td><strong>\u0421\u043a\u043b\u0430\u0434\u043d\u043e\u0439<\/strong><\/td>\n<td>\u0414\u0430<\/td>\n<\/tr>\n<tr>\n<td><strong>\u041c\u0430\u0442\u0435\u0440\u0438\u0430\u043b<\/strong><\/td>\n<td>\u0410\u043b\u044e\u043c\u0438\u043d\u0438\u0435\u0432\u044b\u0439 \u0441\u043f\u043b\u0430\u0432<\/td>\n<\/tr>\n<tr>\n<td><strong>\u0426\u0432\u0435\u0442<\/strong><\/td>\n<td>\u0421\u0435\u0440\u0435\u0431\u0440\u044f\u043d\u044b\u0439<\/td>\n<\/tr>\n<tr>\n<td><strong>\u0414\u043b\u044f \u0438\u0441\u043f\u043e\u043b\u044c\u0437\u043e\u0432\u0430\u043d\u0438\u044f<\/strong><\/td>\n<td>\u0418\u0437\u043c\u0435\u0440\u0438\u0442\u0435\u043b\u044c\u043d\u0430\u044f \u0440\u0435\u0439\u043a\u0430, \u0442\u0435\u043b\u0435\u0441\u043a\u043e\u043f\u0438\u0447\u0435\u0441\u043a\u0430\u044f \u0448\u0442\u0430\u043d\u0433\u0430, \u043b\u0430\u0437\u0435\u0440\u043d\u044b\u0439 \u043d\u0438\u0432\u0435\u043b\u0438\u0440 \u0438\u043b\u0438 \u043d\u0438\u0432\u0435\u043b\u0438\u0440\u043d\u0430\u044f \u0440\u0435\u0439\u043a\u0430<\/td>\n<\/tr>\n<tr>\n<td><strong>\u041e\u0441\u043e\u0431\u044b\u0435 \u0445\u0430\u0440\u0430\u043a\u0442\u0435\u0440\u0438\u0441\u0442\u0438\u043a\u0438<\/strong><\/td>\n<td>\u0421\u0438\u0441\u0442\u0435\u043c\u0430 \u0440\u0443\u0447\u043d\u043e\u0433\u043e \u043a\u043e\u043b\u0435\u0441\u0430 \u043e\u0431\u0435\u0441\u043f\u0435\u0447\u0438\u0432\u0430\u0435\u0442 \u043f\u043b\u0430\u0432\u043d\u043e\u0435 \u0438\u0437\u043c\u0435\u043d\u0435\u043d\u0438\u0435 \u0432\u044b\u0441\u043e\u0442\u044b.<\/td>\n<\/tr>\n<tr>\n<td><strong>\u041f\u043e\u0434\u0445\u043e\u0434\u0438\u0442 \u0434\u043b\u044f<\/strong><\/td>\n<td>\u0414\u043b\u044f \u043b\u0430\u0437\u0435\u0440\u043d\u044b\u0445 \u0440\u0430\u0431\u043e\u0442, \u043d\u0438\u0432\u0435\u043b\u0438\u0440\u043e\u0432 \u0438 \u0442\u043e\u0447\u043d\u044b\u0445 \u0438\u0437\u043c\u0435\u0440\u0435\u043d\u0438\u0439<\/td>\n<\/tr>\n<\/tbody>\n<\/table>","protected":false},"excerpt":{"rendered":"<p>Teleskoopvarras t\u00f5stetava k\u00e4siratta p\u00f6\u00f6rdes\u00fcsteemiga. Sobib kasutada koos laseri komplektiga. Maksimaalne k\u00f5rgus Kuni 120 cm Reguleeritav k\u00f5rgus Jah Kokkupandav Jah Materjal Alumiiniumisulam V\u00e4rv H\u00f5bedane Kasutus M\u00f5\u00f5telatt, teleskoopvarras, laserloodi v\u00f5i niveliiri m\u00f5\u00f5telatt Eriomadused T\u00f5stetava k\u00e4siratta s\u00fcsteem tagab sujuva k\u00f5rguse muutmise Sobib Laserloodidele, niveliiridele ja t\u00e4pseks m\u00f5\u00f5tmiseks<\/p>","protected":false},"featured_media":7563,"template":"","meta":[],"product_brand":[],"product_cat":[44,31],"product_tag":[],"class_list":{"0":"post-604","1":"product","2":"type-product","3":"status-publish","4":"has-post-thumbnail","6":"product_cat-laserid","7":"product_cat-varuosad","9":"first","10":"onbackorder","11":"shipping-taxable","12":"purchasable","13":"product-type-simple"},"_links":{"self":[{"href":"https:\/\/sauh.ee\/ru\/wp-json\/wp\/v2\/product\/604","targetHints":{"allow":["GET"]}}],"collection":[{"href":"https:\/\/sauh.ee\/ru\/wp-json\/wp\/v2\/product"}],"about":[{"href":"https:\/\/sauh.ee\/ru\/wp-json\/wp\/v2\/types\/product"}],"wp:featuredmedia":[{"embeddable":true,"href":"https:\/\/sauh.ee\/ru\/wp-json\/wp\/v2\/media\/7563"}],"wp:attachment":[{"href":"https:\/\/sauh.ee\/ru\/wp-json\/wp\/v2\/media?parent=604"}],"wp:term":[{"taxonomy":"product_brand","embeddable":true,"href":"https:\/\/sauh.ee\/ru\/wp-json\/wp\/v2\/product_brand?post=604"},{"taxonomy":"product_cat","embeddable":true,"href":"https:\/\/sauh.ee\/ru\/wp-json\/wp\/v2\/product_cat?post=604"},{"taxonomy":"product_tag","embeddable":true,"href":"https:\/\/sauh.ee\/ru\/wp-json\/wp\/v2\/product_tag?post=604"}],"curies":[{"name":"wp","href":"https:\/\/api.w.org\/{rel}","templated":true}]}}