{"id":6302,"date":"2024-04-22T17:22:10","date_gmt":"2024-04-22T17:22:10","guid":{"rendered":"https:\/\/sauh.ee\/?post_type=product&#038;p=6302"},"modified":"2026-01-29T14:02:17","modified_gmt":"2026-01-29T14:02:17","slug":"aku-tolmuimeja","status":"publish","type":"product","link":"https:\/\/sauh.ee\/ru\/product\/aku-tolmuimeja\/","title":{"rendered":"\u0410\u043a\u043a\u0443\u043c\u0443\u043b\u044f\u0442\u043e\u0440\u043d\u044b\u0439 \u043f\u044b\u043b\u0435\u0441\u043e\u0441"},"content":{"rendered":"<div class=\"markdownContainer\" data-projected=\"true\">\n<div class=\"markdownContainer\">\n<p>\u0410\u043a\u043a\u0443\u043c\u0443\u043b\u044f\u0442\u043e\u0440\u043d\u044b\u0439 \u043f\u044b\u043b\u0435\u0441\u043e\u0441 - \u044d\u0442\u043e \u0443\u0434\u043e\u0431\u043d\u044b\u0439 \u0438\u043d\u0441\u0442\u0440\u0443\u043c\u0435\u043d\u0442 \u0434\u043b\u044f \u0443\u0431\u043e\u0440\u043a\u0438, \u043a\u043e\u0442\u043e\u0440\u044b\u0439 \u043c\u043e\u0436\u043d\u043e \u0438\u0441\u043f\u043e\u043b\u044c\u0437\u043e\u0432\u0430\u0442\u044c \u0441 \u0430\u043a\u043a\u0443\u043c\u0443\u043b\u044f\u0442\u043e\u0440\u0430\u043c\u0438 Makita 18V, \u0438 <a href=\"https:\/\/sauh.ee\/ru\/product-category\/akud\/\">\u0421 \u0430\u043d\u0430\u043b\u043e\u0433\u043e\u0432\u044b\u043c\u0438 \u0430\u043a\u043a\u0443\u043c\u0443\u043b\u044f\u0442\u043e\u0440\u0430\u043c\u0438 \u041c\u0430\u043a\u0438\u0442\u0430.<\/a><\/p>\n<p>\u0411\u043b\u0430\u0433\u043e\u0434\u0430\u0440\u044f \u0442\u0430\u043a\u0438\u043c \u0445\u0430\u0440\u0430\u043a\u0442\u0435\u0440\u0438\u0441\u0442\u0438\u043a\u0430\u043c, \u043a\u0430\u043a \u043c\u043e\u0449\u043d\u044b\u0439 \u043c\u043e\u0442\u043e\u0440, \u0446\u0438\u043a\u043b\u043e\u043d\u0438\u0447\u0435\u0441\u043a\u043e\u0435 \u0434\u0435\u0439\u0441\u0442\u0432\u0438\u0435 \u0438 \u0441\u043c\u0435\u043d\u043d\u044b\u0435\/\u043c\u0430\u0448\u0438\u043d\u043e\u043c\u043e\u0435\u0447\u043d\u044b\u0435 \u0444\u0438\u043b\u044c\u0442\u0440\u044b, \u043e\u043d \u043e\u0431\u0435\u0441\u043f\u0435\u0447\u0438\u0432\u0430\u0435\u0442 \u044d\u0444\u0444\u0435\u043a\u0442\u0438\u0432\u043d\u0443\u044e \u0438 \u0442\u0449\u0430\u0442\u0435\u043b\u044c\u043d\u0443\u044e \u0443\u0431\u043e\u0440\u043a\u0443 \u043a\u0430\u043a \u0432 \u043f\u043e\u043c\u0435\u0449\u0435\u043d\u0438\u0438, \u0442\u0430\u043a \u0438 \u043d\u0430 \u0443\u043b\u0438\u0446\u0435. \u0412 \u043a\u043e\u043c\u043f\u043b\u0435\u043a\u0442 \u0432\u0445\u043e\u0434\u044f\u0442 \u0440\u0430\u0437\u043b\u0438\u0447\u043d\u044b\u0435 \u043d\u0430\u0441\u0430\u0434\u043a\u0438 \u0438 \u0443\u0434\u043b\u0438\u043d\u0438\u0442\u0435\u043b\u044c\u043d\u0430\u044f \u0433\u043e\u043b\u043e\u0432\u043a\u0430.<\/p>\n<\/div>\n<\/div>\n<p><span style=\"font-weight: 400;\">\u041f\u043e\u0434\u0445\u043e\u0434\u0438\u0442 \u0434\u043b\u044f \u0430\u043d\u0430\u043b\u043e\u0433\u043e\u0432\u044b\u0445 \u0430\u043a\u043a\u0443\u043c\u0443\u043b\u044f\u0442\u043e\u0440\u043e\u0432 Makita 18 \u0412 \u0438 Makita 18 \u0412.<\/span><\/p>\n<p><span style=\"font-weight: 400;\">\u0410\u043a\u043a\u0443\u043c\u0443\u043b\u044f\u0442\u043e\u0440\u044b \u0438 \u0434\u0440\u0443\u0433\u0438\u0435 \u0430\u043a\u0441\u0435\u0441\u0441\u0443\u0430\u0440\u044b \u0432 \u043a\u043e\u043c\u043f\u043b\u0435\u043a\u0442 \u043d\u0435 \u0432\u0445\u043e\u0434\u044f\u0442! \u0422\u0435\u0445\u043d\u0438\u0447\u0435\u0441\u043a\u0438\u0435 \u0434\u0430\u043d\u043d\u044b\u0435 \u0432 \u043a\u043e\u043b\u043e\u043d\u043a\u0435 \u00ab\u0414\u043e\u043f\u043e\u043b\u043d\u0438\u0442\u0435\u043b\u044c\u043d\u0430\u044f \u0438\u043d\u0444\u043e\u0440\u043c\u0430\u0446\u0438\u044f\u00bb.<\/span><\/p>\n<div style=\"width: 980px;\" class=\"wp-video\"><video class=\"wp-video-shortcode\" id=\"video-6302-1\" width=\"980\" height=\"551\" preload=\"metadata\" controls=\"controls\"><source type=\"video\/mp4\" src=\"https:\/\/sauh.ee\/wp-content\/uploads\/2024\/04\/sauh.ee-akutolmuimeja-1.mp4?_=1\" \/><a href=\"https:\/\/sauh.ee\/wp-content\/uploads\/2024\/04\/sauh.ee-akutolmuimeja-1.mp4\">https:\/\/sauh.ee\/wp-content\/uploads\/2024\/04\/sauh.ee-akutolmuimeja-1.mp4<\/a><\/video><\/div>\n<p>&nbsp;<\/p>","protected":false},"excerpt":{"rendered":"<p>AkuTolmuimeja on mugav puhastusvahend, mida saab kasutada Makita 18V akudega ja Makita analoog akudega. Omades selliseid funktsioone nagu k\u00f5rge v\u00f5imsusega mootor, ts\u00fckloniline toime ning vahetatavad\/pesumasinaga pestavad filtrid, pakub see t\u00f5husat ja p\u00f5hjalikku puhastust nii sise- kui ka v\u00e4listingimustes. Komplekti kuuluvad erinevad harjapead ning pikenduspea. Sobib Makita 18V\u00a0 ja Makita 18V analoog akudele. Akud ja muud [&hellip;]<\/p>\n","protected":false},"featured_media":7984,"template":"","meta":[],"product_brand":[],"product_cat":[277,260,15],"product_tag":[280],"class_list":{"0":"post-6302","1":"product","2":"type-product","3":"status-publish","4":"has-post-thumbnail","6":"product_cat-autosse","7":"product_cat-puhurid-ja-imurid","8":"product_cat-analoog-tooted","9":"product_tag-sugise-lopp","11":"first","12":"instock","13":"shipping-taxable","14":"purchasable","15":"product-type-simple"},"_links":{"self":[{"href":"https:\/\/sauh.ee\/ru\/wp-json\/wp\/v2\/product\/6302","targetHints":{"allow":["GET"]}}],"collection":[{"href":"https:\/\/sauh.ee\/ru\/wp-json\/wp\/v2\/product"}],"about":[{"href":"https:\/\/sauh.ee\/ru\/wp-json\/wp\/v2\/types\/product"}],"wp:featuredmedia":[{"embeddable":true,"href":"https:\/\/sauh.ee\/ru\/wp-json\/wp\/v2\/media\/7984"}],"wp:attachment":[{"href":"https:\/\/sauh.ee\/ru\/wp-json\/wp\/v2\/media?parent=6302"}],"wp:term":[{"taxonomy":"product_brand","embeddable":true,"href":"https:\/\/sauh.ee\/ru\/wp-json\/wp\/v2\/product_brand?post=6302"},{"taxonomy":"product_cat","embeddable":true,"href":"https:\/\/sauh.ee\/ru\/wp-json\/wp\/v2\/product_cat?post=6302"},{"taxonomy":"product_tag","embeddable":true,"href":"https:\/\/sauh.ee\/ru\/wp-json\/wp\/v2\/product_tag?post=6302"}],"curies":[{"name":"wp","href":"https:\/\/api.w.org\/{rel}","templated":true}]}}