{"id":6465,"date":"2024-07-08T12:47:55","date_gmt":"2024-07-08T12:47:55","guid":{"rendered":"https:\/\/sauh.ee\/?post_type=product&#038;p=6465"},"modified":"2025-10-30T13:36:14","modified_gmt":"2025-10-30T13:36:14","slug":"triibuline-pvc-teip","status":"publish","type":"product","link":"https:\/\/sauh.ee\/ru\/product\/triibuline-pvc-teip\/","title":{"rendered":"\u041f\u043e\u043b\u043e\u0441\u0430\u0442\u044b\u0439 \u041f\u0412\u0425-\u0441\u043a\u043e\u0442\u0447 33 \u043c"},"content":{"rendered":"<p>\u0427\u0435\u0440\u043d\u0430\u044f\/\u0436\u0435\u043b\u0442\u0430\u044f \u043f\u043e\u043b\u043e\u0441\u0430\u0442\u0430\u044f \u043b\u0435\u043d\u0442\u0430 \u041f\u0412\u0425 (6 \u0435\u0432\u0440\u043e \u0437\u0430 \u0448\u0442\u0443\u043a\u0443)<\/p>\n<p>\u0414\u0438\u0430\u043c\u0435\u0442\u0440 \u043b\u0435\u043d\u0442\u044b 30 \u043c\u043c. 33 \u043c \u0432 \u0440\u0443\u043b\u043e\u043d\u0435.<\/p>\n<p>&nbsp;<\/p>","protected":false},"excerpt":{"rendered":"<p>Must\/kollane triibuline PVC teip (6\u20ac tk) Teibi l\u00e4bim\u00f5\u00f5t 30 mm. Rullis 33 m. &nbsp;<\/p>","protected":false},"featured_media":6487,"template":"","meta":[],"product_brand":[],"product_cat":[33,221],"product_tag":[],"class_list":{"0":"post-6465","1":"product","2":"type-product","3":"status-publish","4":"has-post-thumbnail","6":"product_cat-muu","7":"product_cat-teibid","9":"first","10":"instock","11":"shipping-taxable","12":"purchasable","13":"product-type-simple"},"_links":{"self":[{"href":"https:\/\/sauh.ee\/ru\/wp-json\/wp\/v2\/product\/6465","targetHints":{"allow":["GET"]}}],"collection":[{"href":"https:\/\/sauh.ee\/ru\/wp-json\/wp\/v2\/product"}],"about":[{"href":"https:\/\/sauh.ee\/ru\/wp-json\/wp\/v2\/types\/product"}],"wp:featuredmedia":[{"embeddable":true,"href":"https:\/\/sauh.ee\/ru\/wp-json\/wp\/v2\/media\/6487"}],"wp:attachment":[{"href":"https:\/\/sauh.ee\/ru\/wp-json\/wp\/v2\/media?parent=6465"}],"wp:term":[{"taxonomy":"product_brand","embeddable":true,"href":"https:\/\/sauh.ee\/ru\/wp-json\/wp\/v2\/product_brand?post=6465"},{"taxonomy":"product_cat","embeddable":true,"href":"https:\/\/sauh.ee\/ru\/wp-json\/wp\/v2\/product_cat?post=6465"},{"taxonomy":"product_tag","embeddable":true,"href":"https:\/\/sauh.ee\/ru\/wp-json\/wp\/v2\/product_tag?post=6465"}],"curies":[{"name":"wp","href":"https:\/\/api.w.org\/{rel}","templated":true}]}}