{"id":6471,"date":"2024-07-08T13:10:01","date_gmt":"2024-07-08T13:10:01","guid":{"rendered":"https:\/\/sauh.ee\/?post_type=product&#038;p=6471"},"modified":"2025-10-30T13:35:58","modified_gmt":"2025-10-30T13:35:58","slug":"labipaistev-teip","status":"publish","type":"product","link":"https:\/\/sauh.ee\/ru\/product\/labipaistev-teip\/","title":{"rendered":"\u041f\u0440\u043e\u0437\u0440\u0430\u0447\u043d\u044b\u0439 \u0441\u043a\u043e\u0442\u0447 100 \u043c"},"content":{"rendered":"<p>\u041f\u0440\u043e\u0437\u0440\u0430\u0447\u043d\u0430\u044f \u043b\u0435\u043d\u0442\u0430 (2,50 \u20ac \u0437\u0430 \u0448\u0442\u0443\u043a\u0443)<\/p>\n<p>\u0414\u0438\u0430\u043c\u0435\u0442\u0440 \u043b\u0435\u043d\u0442\u044b 50 \u043c\u043c. 100 \u043c \u0432 \u0440\u0443\u043b\u043e\u043d\u0435.<\/p>\n<p>&nbsp;<\/p>","protected":false},"excerpt":{"rendered":"<p>L\u00e4bipaistev teip (2.50\u20ac tk) Teibi l\u00e4bim\u00f5\u00f5t 50 mm. Rullis 100 m. &nbsp;<\/p>","protected":false},"featured_media":6474,"template":"","meta":[],"product_brand":[],"product_cat":[33,221],"product_tag":[],"class_list":{"0":"post-6471","1":"product","2":"type-product","3":"status-publish","4":"has-post-thumbnail","6":"product_cat-muu","7":"product_cat-teibid","9":"first","10":"instock","11":"shipping-taxable","12":"purchasable","13":"product-type-simple"},"_links":{"self":[{"href":"https:\/\/sauh.ee\/ru\/wp-json\/wp\/v2\/product\/6471","targetHints":{"allow":["GET"]}}],"collection":[{"href":"https:\/\/sauh.ee\/ru\/wp-json\/wp\/v2\/product"}],"about":[{"href":"https:\/\/sauh.ee\/ru\/wp-json\/wp\/v2\/types\/product"}],"wp:featuredmedia":[{"embeddable":true,"href":"https:\/\/sauh.ee\/ru\/wp-json\/wp\/v2\/media\/6474"}],"wp:attachment":[{"href":"https:\/\/sauh.ee\/ru\/wp-json\/wp\/v2\/media?parent=6471"}],"wp:term":[{"taxonomy":"product_brand","embeddable":true,"href":"https:\/\/sauh.ee\/ru\/wp-json\/wp\/v2\/product_brand?post=6471"},{"taxonomy":"product_cat","embeddable":true,"href":"https:\/\/sauh.ee\/ru\/wp-json\/wp\/v2\/product_cat?post=6471"},{"taxonomy":"product_tag","embeddable":true,"href":"https:\/\/sauh.ee\/ru\/wp-json\/wp\/v2\/product_tag?post=6471"}],"curies":[{"name":"wp","href":"https:\/\/api.w.org\/{rel}","templated":true}]}}