{"id":6499,"date":"2024-07-17T09:28:42","date_gmt":"2024-07-17T09:28:42","guid":{"rendered":"https:\/\/sauh.ee\/?post_type=product&#038;p=6499"},"modified":"2025-09-28T01:01:36","modified_gmt":"2025-09-28T01:01:36","slug":"pihustuspustoli-varvi-anum-800ml","status":"publish","type":"product","link":"https:\/\/sauh.ee\/ru\/product\/pihustuspustoli-varvi-anum-800ml\/","title":{"rendered":"\u041a\u043e\u043d\u0442\u0435\u0439\u043d\u0435\u0440 \u0434\u043b\u044f \u043a\u0440\u0430\u0441\u043a\u0438 800 \u043c\u043b"},"content":{"rendered":"<p>\u0414\u043e\u043f\u0430\u043b\u043d\u0438\u0442\u0435\u043b\u044c\u043d\u044b\u0439 \u043f\u043b\u0430\u0441\u0442\u0438\u043a\u043e\u0432\u043e\u0439 \u043a\u043e\u043d\u0442\u0435\u0439\u043d\u0435\u0440 800 \u043c\u043b \u0434\u043b\u044f <a href=\"https:\/\/sauh.ee\/ru\/product\/aku-pihustuspustol\/\">\u043f\u0438\u0441\u0442\u043e\u043b\u0435\u0442-\u0440\u0430\u0441\u043f\u044b\u043b\u0438\u0442\u0435\u043b\u044f<\/a>.<\/p>\n<p>\u0423\u043f\u0440\u043e\u0449\u0430\u0435\u0442 \u043f\u0440\u043e\u0446\u0435\u0441\u0441 \u043e\u043a\u0440\u0430\u0448\u0438\u0432\u0430\u043d\u0438\u044f, \u043a\u043e\u0433\u0434\u0430 \u043d\u0435\u043e\u0431\u0445\u043e\u0434\u0438\u043c\u043e \u0438\u0441\u043f\u043e\u043b\u044c\u0437\u043e\u0432\u0430\u0442\u044c \u0441\u0440\u0430\u0437\u0443 \u043d\u0435\u0441\u043a\u043e\u043b\u044c\u043a\u043e \u0446\u0432\u0435\u0442\u043e\u0432.<\/p>\n<p>&nbsp;<\/p>","protected":false},"excerpt":{"rendered":"<p>Lisa 800 ml plastmass n\u00f5u akupihustusp\u00fcstolile. Lihtsustab v\u00e4rvimist\u00f6id, kui on vaja kasutada mitu v\u00e4rvi korraga. &nbsp;<\/p>","protected":false},"featured_media":6500,"template":"","meta":[],"product_brand":[],"product_cat":[31],"product_tag":[],"class_list":{"0":"post-6499","1":"product","2":"type-product","3":"status-publish","4":"has-post-thumbnail","6":"product_cat-varuosad","8":"first","9":"instock","10":"shipping-taxable","11":"purchasable","12":"product-type-simple"},"_links":{"self":[{"href":"https:\/\/sauh.ee\/ru\/wp-json\/wp\/v2\/product\/6499","targetHints":{"allow":["GET"]}}],"collection":[{"href":"https:\/\/sauh.ee\/ru\/wp-json\/wp\/v2\/product"}],"about":[{"href":"https:\/\/sauh.ee\/ru\/wp-json\/wp\/v2\/types\/product"}],"wp:featuredmedia":[{"embeddable":true,"href":"https:\/\/sauh.ee\/ru\/wp-json\/wp\/v2\/media\/6500"}],"wp:attachment":[{"href":"https:\/\/sauh.ee\/ru\/wp-json\/wp\/v2\/media?parent=6499"}],"wp:term":[{"taxonomy":"product_brand","embeddable":true,"href":"https:\/\/sauh.ee\/ru\/wp-json\/wp\/v2\/product_brand?post=6499"},{"taxonomy":"product_cat","embeddable":true,"href":"https:\/\/sauh.ee\/ru\/wp-json\/wp\/v2\/product_cat?post=6499"},{"taxonomy":"product_tag","embeddable":true,"href":"https:\/\/sauh.ee\/ru\/wp-json\/wp\/v2\/product_tag?post=6499"}],"curies":[{"name":"wp","href":"https:\/\/api.w.org\/{rel}","templated":true}]}}