{"id":6572,"date":"2024-09-07T15:33:59","date_gmt":"2024-09-07T15:33:59","guid":{"rendered":"https:\/\/sauh.ee\/?post_type=product&#038;p=6572"},"modified":"2026-04-06T12:51:16","modified_gmt":"2026-04-06T12:51:16","slug":"akuoksakaarid-ja-akukettsaag-15cm","status":"publish","type":"product","link":"https:\/\/sauh.ee\/ru\/product\/akuoksakaarid-ja-akukettsaag-15cm\/","title":{"rendered":"\u0410\u043a\u043a\u0443\u043c\u0443\u043b\u044f\u0442\u043e\u0440\u043d\u044b\u0435 \u0441\u0435\u043a\u0430\u0442\u043e\u0440\u044b \u0438 \u0410\u043a\u043a\u0443\u043c\u0443\u043b\u044f\u0442\u043e\u0440\u043d\u0430\u044f \u0446\u0435\u043f\u043d\u0430\u044f \u043f\u0438\u043b\u0430 15 \u0441\u043c"},"content":{"rendered":"<p><a href=\"https:\/\/sauh.ee\/ru\/product\/aku-oksakaarid\/\">\u0410\u043a\u043a\u0443\u043c\u0443\u043b\u044f\u0442\u043e\u0440\u043d\u044b\u0435 \u0441\u0435\u043a\u0430\u0442\u043e\u0440\u044b<\/a> \u0438 <a href=\"https:\/\/sauh.ee\/ru\/product\/akukettsaag\/\">\u0410\u043a\u043a\u0443\u043c\u0443\u043b\u044f\u0442\u043e\u0440\u043d\u0430\u044f \u0446\u0435\u043f\u043d\u0430\u044f \u043f\u0438\u043b\u0430 15 \u0441\u043c <\/a> \u043d\u0430\u0431\u043e\u0440. \u041f\u043e\u0434\u0445\u043e\u0434\u0438\u0442 \u0434\u043b\u044f \u0438\u0441\u043f\u043e\u043b\u044c\u0437\u043e\u0432\u0430\u043d\u0438\u044f \u0441 \u0430\u043a\u043a\u0443\u043c\u0443\u043b\u044f\u0442\u043e\u0440\u0430\u043c\u0438 Makita 18 \u0412.<\/p>\n<p>\u0411\u043e\u043b\u0435\u0435 \u043f\u043e\u0434\u0440\u043e\u0431\u043d\u0430\u044f \u0438\u043d\u0444\u043e\u0440\u043c\u0430\u0446\u0438\u044f \u043e \u043a\u0430\u0436\u0434\u043e\u043c \u0442\u043e\u0432\u0430\u0440\u0435 \u2014 \u043d\u0430 \u043e\u0442\u0434\u0435\u043b\u044c\u043d\u043e\u0439 \u0441\u0442\u0440\u0430\u043d\u0438\u0446\u0435 \u0442\u043e\u0432\u0430\u0440\u0430. \u041f\u0440\u0438 \u043f\u043e\u043a\u0443\u043f\u043a\u0435 \u043e\u0442\u0434\u0435\u043b\u044c\u043d\u043e \u0431\u0435\u0437 \u0430\u043a\u043a\u0443\u043c\u0443\u043b\u044f\u0442\u043e\u0440\u043e\u0432 \u2014 155 \u0435\u0432\u0440\u043e, \u043a\u043e\u043c\u043f\u043b\u0435\u043a\u0442\u043e\u043c \u2014 135 \u0435\u0432\u0440\u043e.<\/p>\n<p>&nbsp;<\/p>\n<p>\u0412\u044b\u0431\u0438\u0440\u0430\u044f \u0442\u043e\u043b\u044c\u043a\u043e \u0438\u043d\u0441\u0442\u0440\u0443\u043c\u0435\u043d\u0442: \u0430\u043a\u043a\u0443\u043c\u0443\u043b\u044f\u0442\u043e\u0440\u044b \u0438 \u0437\u0430\u0440\u044f\u0434\u043d\u044b\u0435 \u0443\u0441\u0442\u0440\u043e\u0439\u0441\u0442\u0432\u0430 \u0432 \u043a\u043e\u043c\u043f\u043b\u0435\u043a\u0442 \u043d\u0435 \u0432\u0445\u043e\u0434\u044f\u0442.<\/p>\n<p>\u0412\u044b\u0431\u043e\u0440 + 2 \u0430\u043a\u043a\u0443\u043c\u0443\u043b\u044f\u0442\u043e\u0440\u0430 \u0438 \u0437\u0430\u0440\u044f\u0434\u043d\u043e\u0435 \u0443\u0441\u0442\u0440\u043e\u0439\u0441\u0442\u0432\u043e:\u00a0<a href=\"https:\/\/sauh.ee\/ru\/product\/aku-komplekt-analoog-tooriistadele-2ah\/\">\u0412 \u043a\u043e\u043c\u043f\u043b\u0435\u043a\u0442 \u0432\u0445\u043e\u0434\u044f\u0442 2 \u0430\u043a\u043a\u0443\u043c\u0443\u043b\u044f\u0442\u043e\u0440\u0430 \u0438 \u0437\u0430\u0440\u044f\u0434\u043d\u043e\u0435 \u0443\u0441\u0442\u0440\u043e\u0439\u0441\u0442\u0432\u043e.<\/a><\/p>\n<p>\u0414\u0440\u0443\u0433\u0438\u0435 \u0430\u043a\u043a\u0443\u043c\u0443\u043b\u044f\u0442\u043e\u0440\u044b \u0438 \u0437\u0430\u0440\u044f\u0434\u043d\u044b\u0435 \u0443\u0441\u0442\u0440\u043e\u0439\u0441\u0442\u0432\u0430 \u043c\u043e\u0436\u043d\u043e \u043f\u0440\u0438\u043e\u0431\u0440\u0435\u0441\u0442\u0438 \u0437\u0434\u0435\u0441\u044c: <a href=\"https:\/\/sauh.ee\/ru\/product-category\/riki\/akud\/\">\u0410\u043a\u043a\u0443\u043c\u0443\u043b\u044f\u0442\u043e\u0440\u044b,\u00a0<\/a><a href=\"https:\/\/sauh.ee\/ru\/product-category\/akud-ja-laadijad\/\">\u0437\u0430\u0440\u044f\u0434\u043d\u044b\u0435 \u0443\u0441\u0442\u0440\u043e\u0439\u0441\u0442\u0432\u0430<\/a>.<\/p>\n<p>&nbsp;<\/p>\n<p>&nbsp;<\/p>","protected":false},"excerpt":{"rendered":"<p>Akuoksak\u00e4\u00e4rid ja Akukettsaag 15 cm komplekt. Sobivad kasutamiseks Makita 18V akudega. T\u00e4psem info iga toote kohta eraldi toote lehel. Eraldi ostes ilma akudeta 155 eurot, komplektina 135 eurot. &nbsp; Valides ainult t\u00f6\u00f6riist: Akud ja laadijad ei kuulu komplekti. Valides + 2 akut ja laadija:\u00a0Lisandub 2 akut ja nende laadija. V\u00f5imalik juurde soetada ka teisi akusid [&hellip;]<\/p>\n","protected":false},"featured_media":6575,"template":"","meta":[],"product_brand":[],"product_cat":[257,222,15],"product_tag":[256],"class_list":{"0":"post-6572","1":"product","2":"type-product","3":"status-publish","4":"has-post-thumbnail","6":"product_cat-aia-tooriistad","7":"product_cat-komplektid","8":"product_cat-analoog-tooted","9":"product_tag-kevad","11":"first","12":"instock","13":"sale","14":"sold-individually","15":"shipping-taxable","16":"purchasable","17":"product-type-variable"},"_links":{"self":[{"href":"https:\/\/sauh.ee\/ru\/wp-json\/wp\/v2\/product\/6572","targetHints":{"allow":["GET"]}}],"collection":[{"href":"https:\/\/sauh.ee\/ru\/wp-json\/wp\/v2\/product"}],"about":[{"href":"https:\/\/sauh.ee\/ru\/wp-json\/wp\/v2\/types\/product"}],"wp:featuredmedia":[{"embeddable":true,"href":"https:\/\/sauh.ee\/ru\/wp-json\/wp\/v2\/media\/6575"}],"wp:attachment":[{"href":"https:\/\/sauh.ee\/ru\/wp-json\/wp\/v2\/media?parent=6572"}],"wp:term":[{"taxonomy":"product_brand","embeddable":true,"href":"https:\/\/sauh.ee\/ru\/wp-json\/wp\/v2\/product_brand?post=6572"},{"taxonomy":"product_cat","embeddable":true,"href":"https:\/\/sauh.ee\/ru\/wp-json\/wp\/v2\/product_cat?post=6572"},{"taxonomy":"product_tag","embeddable":true,"href":"https:\/\/sauh.ee\/ru\/wp-json\/wp\/v2\/product_tag?post=6572"}],"curies":[{"name":"wp","href":"https:\/\/api.w.org\/{rel}","templated":true}]}}