{"id":675,"date":"2022-12-28T16:31:01","date_gmt":"2022-12-28T16:31:01","guid":{"rendered":"https:\/\/sauh.ee\/?post_type=product&#038;p=675"},"modified":"2026-03-24T12:27:14","modified_gmt":"2026-03-24T12:27:14","slug":"akukettsaag-15-cm-komplekt-21v","status":"publish","type":"product","link":"https:\/\/sauh.ee\/ru\/product\/akukettsaag-15-cm-komplekt-21v\/","title":{"rendered":"\u041a\u043e\u043c\u043f\u043b\u0435\u043a\u0442 \u0430\u043a\u043a\u0443\u043c\u0443\u043b\u044f\u0442\u043e\u0440\u043d\u043e\u0439 \u0446\u0435\u043f\u043d\u043e\u0439 \u043f\u0438\u043b\u044b 15 \u0441\u043c (21 \u0412)"},"content":{"rendered":"<p><span style=\"font-weight: 400;\">\u0423\u0434\u043e\u0431\u043d\u0430\u044f \u0446\u0435\u043f\u043d\u0430\u044f \u043f\u0438\u043b\u0430 \u0434\u043b\u044f \u0434\u043e\u043c\u0430, \u0434\u0430\u0447\u0438 \u0438\u043b\u0438 \u0440\u0430\u0431\u043e\u0442\u044b!<\/span><\/p>\n<p><span style=\"font-weight: 400;\">\u0426\u0435\u043f\u043d\u0430\u044f \u043f\u0438\u043b\u0430 15 \u0441\u043c - \u044d\u0442\u043e \u043a\u043e\u043c\u043f\u0430\u043a\u0442\u043d\u044b\u0439 \u0438 \u043b\u0435\u0433\u043a\u0438\u0439 \u0438\u043d\u0441\u0442\u0440\u0443\u043c\u0435\u043d\u0442, \u0438\u0434\u0435\u0430\u043b\u044c\u043d\u043e \u043f\u043e\u0434\u0445\u043e\u0434\u044f\u0449\u0438\u0439 \u0434\u043b\u044f \u043d\u0435\u0431\u043e\u043b\u044c\u0448\u0438\u0445 \u0438 \u0441\u0440\u0435\u0434\u043d\u0438\u0445 \u0440\u0430\u0431\u043e\u0442 \u043f\u043e \u0440\u0430\u0441\u043f\u0438\u043b\u043e\u0432\u043a\u0435 \u0434\u0435\u0440\u0435\u0432\u044c\u0435\u0432 \u0432 \u0441\u0430\u0434\u0443. \u042d\u0442\u0430 \u0430\u043a\u043a\u0443\u043c\u0443\u043b\u044f\u0442\u043e\u0440\u043d\u0430\u044f \u0446\u0435\u043f\u043d\u0430\u044f \u043f\u0438\u043b\u0430 \u0441 \u043b\u0435\u0437\u0432\u0438\u0435\u043c \u0438 \u0446\u0435\u043f\u044c\u044e \u0434\u043b\u0438\u043d\u043e\u0439 15 \u0441\u043c \u043b\u0435\u0433\u043a\u043e \u0441\u043f\u0440\u0430\u0432\u043b\u044f\u0435\u0442\u0441\u044f \u0441 \u043e\u0431\u0440\u0435\u0437\u043a\u043e\u0439 \u0432\u0435\u0442\u043e\u043a \u0438 \u043d\u0435\u0431\u043e\u043b\u044c\u0448\u0438\u0445 \u0431\u0440\u0435\u0432\u0435\u043d. \u0411\u043b\u0430\u0433\u043e\u0434\u0430\u0440\u044f \u0441\u0432\u043e\u0438\u043c \u0440\u0430\u0437\u043c\u0435\u0440\u0430\u043c \u043e\u043d\u0430 \u043b\u0435\u0433\u043a\u043e \u0443\u043f\u0440\u0430\u0432\u043b\u044f\u0435\u0442\u0441\u044f \u0438 \u043c\u0430\u043d\u0435\u0432\u0440\u0438\u0440\u0443\u0435\u0442 \u0432 \u043e\u0433\u0440\u0430\u043d\u0438\u0447\u0435\u043d\u043d\u043e\u043c \u043f\u0440\u043e\u0441\u0442\u0440\u0430\u043d\u0441\u0442\u0432\u0435. \u041e\u043d\u0430 \u0438\u0434\u0435\u0430\u043b\u044c\u043d\u043e \u043f\u043e\u0434\u0445\u043e\u0434\u0438\u0442 \u0434\u043b\u044f \u043e\u0431\u0440\u0435\u0437\u043a\u0438 \u0434\u0435\u0440\u0435\u0432\u044c\u0435\u0432, \u0434\u0440\u043e\u0432 \u0438 \u043a\u0443\u0441\u0442\u0430\u0440\u043d\u0438\u043a\u043e\u0432.<\/span><\/p>\n<p>\u0412\u043e\u0437\u043c\u043e\u0436\u043d\u043e\u0441\u0442\u044c \u0442\u0430\u043a\u0436\u0435 \u043f\u0440\u0438\u043e\u0431\u0440\u0435\u0441\u0442\u0438\u00a0<a href=\"https:\/\/sauh.ee\/ru\/product\/akukettsaag-15-cm-vahetuskett\/\">\u0437\u0430\u043f\u0430\u0441\u043d\u0443\u044e \u0446\u0435\u043f\u044c<\/a>.<\/p>\n<p>\u041d\u0435 \u0441\u043e\u0432\u043c\u0435\u0441\u0442\u0438\u043c\u0430 \u0441 \u0430\u043a\u043a\u0443\u043c\u0443\u043b\u044f\u0442\u043e\u0440\u0430\u043c\u0438 Makita 18 \u0412! (\u041f\u043e\u0434\u0445\u043e\u0434\u044f\u0449\u0438\u0435 \u0430\u043a\u043a\u0443\u043c\u0443\u043b\u044f\u0442\u043e\u0440\u044b \u0438\u043c\u0435\u044e\u0442\u0441\u044f \u0432 \u043a\u043e\u043c\u043f\u043b\u0435\u043a\u0442\u0435)<\/p>\n<p><span style=\"font-weight: 400;\">\u0412 \u043a\u043e\u043c\u043f\u043b\u0435\u043a\u0442 \u0432\u0445\u043e\u0434\u0438\u0442: <\/span>\u043f\u0438\u043b\u0430, \u0437\u0430\u0449\u0438\u0442\u043d\u044b\u0439 \u043f\u043b\u0430\u0441\u0442\u0438\u043a, \u0437\u0430\u0440\u044f\u0434\u043d\u043e\u0435 \u0443\u0441\u0442\u0440\u043e\u0439\u0441\u0442\u0432\u043e, \u0430\u043a\u043a\u0443\u043c\u0443\u043b\u044f\u0442\u043e\u0440 2 x 21 \u0412, \u043e\u0442\u0432\u0435\u0440\u0442\u043a\u0430<\/p>\n<p>\u0422\u0435\u0445\u043d\u0438\u0447\u0435\u0441\u043a\u0438\u0435 \u0434\u0430\u043d\u043d\u044b\u0435 \u0432 \u043a\u043e\u043b\u043e\u043d\u043a\u0435 \u00ab\u0414\u043e\u043f\u043e\u043b\u043d\u0438\u0442\u0435\u043b\u044c\u043d\u0430\u044f \u0438\u043d\u0444\u043e\u0440\u043c\u0430\u0446\u0438\u044f\u00bb.<\/p>\n<div style=\"width: 980px;\" class=\"wp-video\"><video class=\"wp-video-shortcode\" id=\"video-675-1\" width=\"980\" height=\"551\" preload=\"metadata\" controls=\"controls\"><source type=\"video\/mp4\" src=\"https:\/\/sauh.ee\/wp-content\/uploads\/2022\/12\/sauh.lv-sauh.lt-sauh.lv-15-cm-saag-1-1.mp4?_=1\" \/><a href=\"https:\/\/sauh.ee\/wp-content\/uploads\/2022\/12\/sauh.lv-sauh.lt-sauh.lv-15-cm-saag-1-1.mp4\">https:\/\/sauh.ee\/wp-content\/uploads\/2022\/12\/sauh.lv-sauh.lt-sauh.lv-15-cm-saag-1-1.mp4<\/a><\/video><\/div>","protected":false},"excerpt":{"rendered":"<p>Mugav kettsaag koju, aeda v\u00f5i t\u00f6\u00f6le! 15 cm kettsaag on kompaktne ja kerge t\u00f6\u00f6riist, mis sobib suurep\u00e4raselt v\u00e4ikeste ja keskmiste l\u00f5ikamist\u00f6\u00f6deks aias. See kettsaag t\u00f6\u00f6tab akutoitel ning sellel on 15 cm pikkune latt ja kett, millega saab h\u00f5lpsasti oksi ja v\u00e4ikseid palke l\u00f5igata. Oma suuruse t\u00f5ttu on seda lihtne k\u00e4sitleda ja kitsastes kohtades man\u00f6\u00f6verdada. See [&hellip;]<\/p>\n","protected":false},"featured_media":7560,"template":"","meta":[],"product_brand":[],"product_cat":[257,222,47,265,220,45],"product_tag":[],"class_list":{"0":"post-675","1":"product","2":"type-product","3":"status-publish","4":"has-post-thumbnail","6":"product_cat-aia-tooriistad","7":"product_cat-komplektid","8":"product_cat-matka-tarbed","9":"product_cat-matkale","10":"product_cat-mitte-makita-analoog","11":"product_cat-saed","13":"first","14":"instock","15":"shipping-taxable","16":"purchasable","17":"product-type-simple"},"_links":{"self":[{"href":"https:\/\/sauh.ee\/ru\/wp-json\/wp\/v2\/product\/675","targetHints":{"allow":["GET"]}}],"collection":[{"href":"https:\/\/sauh.ee\/ru\/wp-json\/wp\/v2\/product"}],"about":[{"href":"https:\/\/sauh.ee\/ru\/wp-json\/wp\/v2\/types\/product"}],"wp:featuredmedia":[{"embeddable":true,"href":"https:\/\/sauh.ee\/ru\/wp-json\/wp\/v2\/media\/7560"}],"wp:attachment":[{"href":"https:\/\/sauh.ee\/ru\/wp-json\/wp\/v2\/media?parent=675"}],"wp:term":[{"taxonomy":"product_brand","embeddable":true,"href":"https:\/\/sauh.ee\/ru\/wp-json\/wp\/v2\/product_brand?post=675"},{"taxonomy":"product_cat","embeddable":true,"href":"https:\/\/sauh.ee\/ru\/wp-json\/wp\/v2\/product_cat?post=675"},{"taxonomy":"product_tag","embeddable":true,"href":"https:\/\/sauh.ee\/ru\/wp-json\/wp\/v2\/product_tag?post=675"}],"curies":[{"name":"wp","href":"https:\/\/api.w.org\/{rel}","templated":true}]}}