{"id":683,"date":"2022-12-29T13:15:41","date_gmt":"2022-12-29T13:15:41","guid":{"rendered":"https:\/\/sauh.ee\/?post_type=product&#038;p=683"},"modified":"2026-01-29T13:24:35","modified_gmt":"2026-01-29T13:24:35","slug":"akuuniversaalsaag-makita-analoog","status":"publish","type":"product","link":"https:\/\/sauh.ee\/ru\/product\/akuuniversaalsaag-makita-analoog\/","title":{"rendered":"\u0410\u043a\u043a\u0443\u043c\u0443\u043b\u044f\u0442\u043e\u0440\u043d\u0430\u044f \u0443\u043d\u0438\u0432\u0435\u0440\u0441\u0430\u043b\u044c\u043d\u0430\u044f \u043f\u0438\u043b\u0430 \u0430\u043d\u0430\u043b\u043e\u0433 \u041c\u0430\u043a\u0438\u0442\u0430"},"content":{"rendered":"<div style=\"width: 980px;\" class=\"wp-video\"><video class=\"wp-video-shortcode\" id=\"video-683-1\" width=\"980\" height=\"551\" preload=\"metadata\" controls=\"controls\"><source type=\"video\/mp4\" src=\"https:\/\/sauh.ee\/wp-content\/uploads\/2022\/12\/sauh.ee-suur-tiigersaag-1-1.mp4?_=1\" \/><a href=\"https:\/\/sauh.ee\/wp-content\/uploads\/2022\/12\/sauh.ee-suur-tiigersaag-1-1.mp4\">https:\/\/sauh.ee\/wp-content\/uploads\/2022\/12\/sauh.ee-suur-tiigersaag-1-1.mp4<\/a><\/video><\/div>\n<p>&nbsp;<\/p>\n<p><span style=\"font-weight: 400;\">Makita analoog akuuniversaalsaag, tiigersaag, on v\u00f5imas l\u00f5iket\u00f6\u00f6riist, mis sobib nii metalli kui puidu l\u00f5ikamiseks.<\/span><\/p>\n<p><span style=\"font-weight: 400;\">Akut\u00fc\u00fcp: 18V (T\u00f6\u00f6tab Makita akudega)<\/span><\/p>\n<div class=\"flex max-w-full flex-col flex-grow\">\n<div class=\"min-h-8 text-message flex w-full flex-col items-end gap-2 whitespace-normal break-words text-start [.text-message+&amp;]:mt-5\" dir=\"auto\" data-message-author-role=\"assistant\" data-message-id=\"17c917a9-b614-475e-abd1-ea180e444a36\" data-message-model-slug=\"gpt-4o-mini\">\n<div class=\"flex w-full flex-col gap-1 empty:hidden first:pt-[3px]\">\n<div class=\"markdown prose w-full break-words dark:prose-invert dark\">\n<p>V\u00f5imsuse v\u00e4ljundiks on 3000W ning t\u00fchik\u00e4igu p\u00f6\u00f6rded ulatuvad vahemikku 0\u201310000, mis v\u00f5imaldab kergesti hakkama saada keerukate l\u00f5iket\u00f6\u00f6dega. L\u00f5ikuril on l\u00f6\u00f6gi pikkus 32 mm ja maksimaalne l\u00f5ike s\u00fcgavus 320 mm.<\/p>\n<\/div>\n<\/div>\n<\/div>\n<\/div>\n<p>Valides ainult t\u00f6\u00f6riist: Akud ja muud tarvikud komplekti ei kuulu!<\/p>\n<p>Valides + 2 akut ja laadija:\u00a0<a href=\"https:\/\/sauh.ee\/product\/aku-komplekt-analoog-tooriistadele-388vf\/\">Lisandub 2 akut ja nende laadija.<\/a><\/p>\n<p>Tehnilised andmed lisainfo veerus<\/p>\n","protected":false},"excerpt":{"rendered":"<p>&nbsp; Makita analoog akuuniversaalsaag, tiigersaag, on v\u00f5imas l\u00f5iket\u00f6\u00f6riist, mis sobib nii metalli kui puidu l\u00f5ikamiseks. Akut\u00fc\u00fcp: 18V (T\u00f6\u00f6tab Makita akudega) V\u00f5imsuse v\u00e4ljundiks on 3000W ning t\u00fchik\u00e4igu p\u00f6\u00f6rded ulatuvad vahemikku 0\u201310000, mis v\u00f5imaldab kergesti hakkama saada keerukate l\u00f5iket\u00f6\u00f6dega. L\u00f5ikuril on l\u00f6\u00f6gi pikkus 32 mm ja maksimaalne l\u00f5ike s\u00fcgavus 320 mm. Valides ainult t\u00f6\u00f6riist: Akud ja muud [&hellip;]<\/p>\n","protected":false},"featured_media":7552,"template":"","meta":[],"product_brand":[],"product_cat":[45,15],"product_tag":[280],"class_list":{"0":"post-683","1":"product","2":"type-product","3":"status-publish","4":"has-post-thumbnail","6":"product_cat-saed","7":"product_cat-analoog-tooted","8":"product_tag-sugise-lopp","10":"first","11":"instock","12":"shipping-taxable","13":"purchasable","14":"product-type-variable"},"_links":{"self":[{"href":"https:\/\/sauh.ee\/ru\/wp-json\/wp\/v2\/product\/683","targetHints":{"allow":["GET"]}}],"collection":[{"href":"https:\/\/sauh.ee\/ru\/wp-json\/wp\/v2\/product"}],"about":[{"href":"https:\/\/sauh.ee\/ru\/wp-json\/wp\/v2\/types\/product"}],"wp:featuredmedia":[{"embeddable":true,"href":"https:\/\/sauh.ee\/ru\/wp-json\/wp\/v2\/media\/7552"}],"wp:attachment":[{"href":"https:\/\/sauh.ee\/ru\/wp-json\/wp\/v2\/media?parent=683"}],"wp:term":[{"taxonomy":"product_brand","embeddable":true,"href":"https:\/\/sauh.ee\/ru\/wp-json\/wp\/v2\/product_brand?post=683"},{"taxonomy":"product_cat","embeddable":true,"href":"https:\/\/sauh.ee\/ru\/wp-json\/wp\/v2\/product_cat?post=683"},{"taxonomy":"product_tag","embeddable":true,"href":"https:\/\/sauh.ee\/ru\/wp-json\/wp\/v2\/product_tag?post=683"}],"curies":[{"name":"wp","href":"https:\/\/api.w.org\/{rel}","templated":true}]}}