{"id":74,"date":"2022-10-12T13:31:23","date_gmt":"2022-10-12T13:31:23","guid":{"rendered":"https:\/\/sauh.ee\/?post_type=product&#038;p=74"},"modified":"2026-04-24T16:28:35","modified_gmt":"2026-04-24T16:28:35","slug":"akukettsaag","status":"publish","type":"product","link":"https:\/\/sauh.ee\/ru\/product\/akukettsaag\/","title":{"rendered":"\u0410\u043a\u043a\u0443\u043c\u0443\u043b\u044f\u0442\u043e\u0440\u043d\u0430\u044f \u0446\u0435\u043f\u043d\u0430\u044f \u043f\u0438\u043b\u0430 15 \u0441\u043c"},"content":{"rendered":"<p><span style=\"font-weight: 400;\">\u0410\u043d\u0430\u043b\u043e\u0433 \u0430\u043a\u043a\u0443\u043c\u0443\u043b\u044f\u0442\u043e\u0440\u043d\u043e\u0439 \u0446\u0435\u043f\u043d\u043e\u0439 \u043f\u0438\u043b\u044b \u041c\u0430\u043a\u0438\u0442\u0430, \u0430\u043a\u043a\u0443\u043c\u0443\u043b\u044f\u0442\u043e\u0440\u043d\u0430\u044f \u0440\u0443\u0447\u043d\u0430\u044f \u043f\u0438\u043b\u0430 (\u0440\u0430\u0431\u043e\u0442\u0430\u0435\u0442 \u0441 \u0430\u043a\u043a\u0443\u043c\u0443\u043b\u044f\u0442\u043e\u0440\u0430\u043c\u0438 \u041c\u0430\u043a\u0438\u0442\u0430 18 \u0412)<\/span><\/p>\n<p><img fetchpriority=\"high\" decoding=\"async\" class=\"alignnone size-large wp-image-8397\" src=\"https:\/\/sauh.ee\/wp-content\/uploads\/2022\/10\/484528666_632957649487010_2796290675117139766_n2_2_1_3-1024x950.webp\" alt=\"\" width=\"980\" height=\"909\" srcset=\"https:\/\/sauh.ee\/wp-content\/uploads\/2022\/10\/484528666_632957649487010_2796290675117139766_n2_2_1_3-1024x950.webp 1024w, https:\/\/sauh.ee\/wp-content\/uploads\/2022\/10\/484528666_632957649487010_2796290675117139766_n2_2_1_3-300x278.webp 300w, https:\/\/sauh.ee\/wp-content\/uploads\/2022\/10\/484528666_632957649487010_2796290675117139766_n2_2_1_3-768x712.webp 768w, https:\/\/sauh.ee\/wp-content\/uploads\/2022\/10\/484528666_632957649487010_2796290675117139766_n2_2_1_3-13x12.webp 13w, https:\/\/sauh.ee\/wp-content\/uploads\/2022\/10\/484528666_632957649487010_2796290675117139766_n2_2_1_3-416x386.webp 416w, https:\/\/sauh.ee\/wp-content\/uploads\/2022\/10\/484528666_632957649487010_2796290675117139766_n2_2_1_3-64x59.webp 64w, https:\/\/sauh.ee\/wp-content\/uploads\/2022\/10\/484528666_632957649487010_2796290675117139766_n2_2_1_3.webp 1485w\" sizes=\"(max-width: 980px) 100vw, 980px\" \/><\/p>\n<p><span style=\"font-weight: 400;\">\u0426\u0435\u043f\u043d\u0430\u044f \u043f\u0438\u043b\u0430 15 \u0441\u043c - \u043a\u043e\u043c\u043f\u0430\u043a\u0442\u043d\u044b\u0439 \u0438 \u043b\u0435\u0433\u043a\u0438\u0439 \u0438\u043d\u0441\u0442\u0440\u0443\u043c\u0435\u043d\u0442, \u0438\u0434\u0435\u0430\u043b\u044c\u043d\u043e \u043f\u043e\u0434\u0445\u043e\u0434\u044f\u0449\u0438\u0439 \u0434\u043b\u044f \u043d\u0435\u0431\u043e\u043b\u044c\u0448\u0438\u0445 \u0438 \u0441\u0440\u0435\u0434\u043d\u0438\u0445 \u0440\u0430\u0431\u043e\u0442 \u0432 \u0441\u0430\u0434\u0443. \u0411\u043b\u0430\u0433\u043e\u0434\u0430\u0440\u044f \u0441\u0432\u043e\u0438\u043c \u0440\u0430\u0437\u043c\u0435\u0440\u0430\u043c \u0435\u0435 \u043b\u0435\u0433\u043a\u043e \u0438\u0441\u043f\u043e\u043b\u044c\u0437\u043e\u0432\u0430\u0442\u044c \u0432 \u043e\u0433\u0440\u0430\u043d\u0438\u0447\u0435\u043d\u043d\u043e\u043c \u043f\u0440\u043e\u0441\u0442\u0440\u0430\u043d\u0441\u0442\u0432\u0435.<\/span><\/p>\n<table>\n<thead>\n<tr>\n<th><strong>\u0425\u0430\u0440\u0430\u043a\u0442\u0435\u0440\u0438\u0441\u0442\u0438\u043a\u0430<\/strong><\/th>\n<th><strong>\u041e\u043f\u0438\u0441\u0430\u043d\u0438\u0435<\/strong><\/th>\n<\/tr>\n<\/thead>\n<tbody>\n<tr>\n<td><strong>\u041f\u043e\u0442\u0440\u0435\u0431\u043b\u044f\u0435\u043c\u0430\u044f \u043c\u043e\u0449\u043d\u043e\u0441\u0442\u044c<\/strong><\/td>\n<td>1200 \u0412\u0442<\/td>\n<\/tr>\n<tr>\n<td><strong>\u041d\u043e\u043c\u0438\u043d\u0430\u043b\u044c\u043d\u043e\u0435 \u043d\u0430\u043f\u0440\u044f\u0436\u0435\u043d\u0438\u0435<\/strong><\/td>\n<td>18 \u0412<\/td>\n<\/tr>\n<tr>\n<td><strong>\u0421\u043a\u043e\u0440\u043e\u0441\u0442\u044c \u0446\u0435\u043f\u0438<\/strong><\/td>\n<td>5 \u043c\/\u0441<\/td>\n<\/tr>\n<tr>\n<td><strong>\u0414\u043b\u0438\u043d\u0430 \u043f\u0438\u043b\u044c\u043d\u043e\u0433\u043e \u0434\u0438\u0441\u043a\u0430<\/strong><\/td>\n<td>15 \u0441\u043c<\/td>\n<\/tr>\n<tr>\n<td><strong>\u041c\u043e\u0442\u043e\u0440<\/strong><\/td>\n<td>\u0411\u0435\u0441\u0449\u0451\u0442\u043e\u0447\u043d\u044b\u0439<\/td>\n<\/tr>\n<tr>\n<td><strong>\u0421\u043a\u043e\u0440\u043e\u0441\u0442\u044c \u0445\u043e\u043b\u043e\u0441\u0442\u043e\u0433\u043e \u0445\u043e\u0434\u0430<\/strong><\/td>\n<td>3300 \u043e\u0431\/\u043c\u0438\u043d<\/td>\n<\/tr>\n<tr>\n<td><strong>\u0412\u0435\u0441<\/strong><\/td>\n<td>~1 \u043a\u0433<\/td>\n<\/tr>\n<\/tbody>\n<\/table>\n<p><strong>\u0412\u043e\u0437\u043c\u043e\u0436\u043d\u043e\u0441\u0442\u044c \u0442\u0430\u043a\u0436\u0435 \u043f\u0440\u0438\u043e\u0431\u0440\u0435\u0441\u0442\u0438 <a href=\"https:\/\/sauh.ee\/ru\/product\/akukettsaag-15-cm-vahetuskett\/\">\u0437\u0430\u043f\u0430\u0441\u043d\u0443\u044e \u0446\u0435\u043f\u044c<\/a>.<\/strong><\/p>\n<p><iframe title=\"\u0410\u043a\u043a\u0443\u043c\u0443\u043b\u044f\u0442\u043e\u0440\u043d\u0430\u044f \u0446\u0435\u043f\u043d\u0430\u044f \u043f\u0438\u043b\u0430 15 \u0441\u043c - sauh.eu\" width=\"980\" height=\"551\" src=\"https:\/\/www.youtube.com\/embed\/T-GVuE1Gur4?feature=oembed\" frameborder=\"0\" allow=\"accelerometer; autoplay; clipboard-write; encrypted-media; gyroscope; picture-in-picture; web-share\" referrerpolicy=\"strict-origin-when-cross-origin\" allowfullscreen><\/iframe><\/p>\n<p><strong>\u041f\u0420\u0418\u041c\u0415\u0427\u0410\u041d\u0418\u0415!<\/strong> \u042d\u0442\u043e \u0438\u0437\u0434\u0435\u043b\u0438\u0435 \u043d\u0435 \u0438\u043c\u0435\u0435\u0442 \u043e\u0442\u0434\u0435\u043b\u044c\u043d\u043e\u0433\u043e \u043c\u0430\u0441\u043b\u044f\u043d\u043e\u0433\u043e \u0431\u0430\u043a\u0430, \u043f\u043e\u044d\u0442\u043e\u043c\u0443 \u0432\u043e \u0432\u0440\u0435\u043c\u044f \u0440\u0430\u0431\u043e\u0442\u044b \u043d\u0435\u043e\u0431\u0445\u043e\u0434\u0438\u043c\u043e \u0441\u043c\u0430\u0437\u044b\u0432\u0430\u0442\u044c \u0446\u0435\u043f\u044c \u0438\u043d\u0441\u0442\u0440\u0443\u043c\u0435\u043d\u0442\u0430.<\/p>\n<p>\u0412\u044b\u0431\u0438\u0440\u0430\u044f \u0442\u043e\u043b\u044c\u043a\u043e \u0438\u043d\u0441\u0442\u0440\u0443\u043c\u0435\u043d\u0442: \u0430\u043a\u043a\u0443\u043c\u0443\u043b\u044f\u0442\u043e\u0440\u044b \u0438 \u0437\u0430\u0440\u044f\u0434\u043d\u044b\u0435 \u0443\u0441\u0442\u0440\u043e\u0439\u0441\u0442\u0432\u0430 \u0432 \u043a\u043e\u043c\u043f\u043b\u0435\u043a\u0442 \u043d\u0435 \u0432\u0445\u043e\u0434\u044f\u0442.<\/p>\n<p>\u0412\u044b\u0431\u043e\u0440 + 2 \u0430\u043a\u043a\u0443\u043c\u0443\u043b\u044f\u0442\u043e\u0440\u0430 \u0438 \u0437\u0430\u0440\u044f\u0434\u043d\u043e\u0435 \u0443\u0441\u0442\u0440\u043e\u0439\u0441\u0442\u0432\u043e:\u00a0<a href=\"https:\/\/sauh.ee\/ru\/product\/aku-komplekt-analoog-tooriistadele-2ah\/\">\u0412 \u043a\u043e\u043c\u043f\u043b\u0435\u043a\u0442 \u0432\u0445\u043e\u0434\u044f\u0442 2 \u0430\u043d\u0430\u043b\u043e\u0433\u043e\u0432\u044b\u0445 \u0430\u043a\u043a\u0443\u043c\u0443\u043b\u044f\u0442\u043e\u0440\u0430 \u0438 \u0437\u0430\u0440\u044f\u0434\u043d\u043e\u0435 \u0443\u0441\u0442\u0440\u043e\u0439\u0441\u0442\u0432\u043e.<\/a><\/p>","protected":false},"excerpt":{"rendered":"<p>Makita analoog aku kettsaag, akuk\u00e4sisaag (T\u00f6\u00f6tab Makita 18V akudega) 15 cm kettsaag on kompaktne ja kerge t\u00f6\u00f6riist, mis sobib suurep\u00e4raselt v\u00e4ikeste ja keskmiste l\u00f5ikamist\u00f6\u00f6deks aias. Oma suuruse t\u00f5ttu on seda lihtne k\u00e4sitleda kitsastes kohtades. Omadus Kirjeldus Sisendv\u00f5imsus 1200W Nimipinge 18 V Keti liikumise kiirus 5 m\/s Saeplaadi pikkus 15 cm Mootor Harjavaba T\u00fchik\u00e4igu kiirus 3300 [&hellip;]<\/p>\n","protected":false},"featured_media":7436,"template":"","meta":[],"product_brand":[],"product_cat":[257,45,15],"product_tag":[256],"class_list":{"0":"post-74","1":"product","2":"type-product","3":"status-publish","4":"has-post-thumbnail","6":"product_cat-aia-tooriistad","7":"product_cat-saed","8":"product_cat-analoog-tooted","9":"product_tag-kevad","11":"first","12":"onbackorder","13":"shipping-taxable","14":"purchasable","15":"product-type-variable"},"_links":{"self":[{"href":"https:\/\/sauh.ee\/ru\/wp-json\/wp\/v2\/product\/74","targetHints":{"allow":["GET"]}}],"collection":[{"href":"https:\/\/sauh.ee\/ru\/wp-json\/wp\/v2\/product"}],"about":[{"href":"https:\/\/sauh.ee\/ru\/wp-json\/wp\/v2\/types\/product"}],"wp:featuredmedia":[{"embeddable":true,"href":"https:\/\/sauh.ee\/ru\/wp-json\/wp\/v2\/media\/7436"}],"wp:attachment":[{"href":"https:\/\/sauh.ee\/ru\/wp-json\/wp\/v2\/media?parent=74"}],"wp:term":[{"taxonomy":"product_brand","embeddable":true,"href":"https:\/\/sauh.ee\/ru\/wp-json\/wp\/v2\/product_brand?post=74"},{"taxonomy":"product_cat","embeddable":true,"href":"https:\/\/sauh.ee\/ru\/wp-json\/wp\/v2\/product_cat?post=74"},{"taxonomy":"product_tag","embeddable":true,"href":"https:\/\/sauh.ee\/ru\/wp-json\/wp\/v2\/product_tag?post=74"}],"curies":[{"name":"wp","href":"https:\/\/api.w.org\/{rel}","templated":true}]}}