{"id":786,"date":"2023-02-09T09:03:54","date_gmt":"2023-02-09T09:03:54","guid":{"rendered":"https:\/\/sauh.ee\/?post_type=product&#038;p=786"},"modified":"2025-05-06T11:16:17","modified_gmt":"2025-05-06T11:16:17","slug":"pinpointer","status":"publish","type":"product","link":"https:\/\/sauh.ee\/ru\/product\/pinpointer\/","title":{"rendered":"\u041f\u0438\u043d\u043f\u043e\u0438\u043d\u0442\u0435\u0440"},"content":{"rendered":"<p><span style=\"font-weight: 400;\">\u041c\u0435\u0442\u0430\u043b\u043b\u043e\u0438\u0441\u043a\u0430\u0442\u0435\u043b\u044c \u043f\u0438\u043d\u043f\u043e\u0438\u043d\u0442\u0435\u0440. \u041f\u043e\u0434\u0445\u043e\u0434\u0438\u0442 \u0434\u043b\u044f \u043f\u043e\u0438\u0441\u043a\u0430 \u043c\u043e\u043d\u0435\u0442 \u0438 \u043c\u0435\u043b\u043a\u0438\u0445 \u043f\u0440\u0435\u0434\u043c\u0435\u0442\u043e\u0432 \u0438\u043b\u0438 \u043f\u0440\u043e\u0432\u0435\u0440\u043a\u0438 \u043c\u0435\u0442\u0430\u043b\u043b\u0430.<\/span><\/p>\n<p><span style=\"font-weight: 400;\">\u0412 \u043a\u043e\u043c\u043f\u043b\u0435\u043a\u0442\u0435: \u0432\u044b\u0434\u0432\u0438\u0436\u043d\u0430\u044f \u043f\u043e\u0434\u0432\u0435\u0441\u043d\u0430\u044f \u043f\u0440\u043e\u0432\u043e\u043b\u043e\u043a\u0430 \u0438 \u0447\u0435\u0445\u043e\u043b.<\/span><\/p>\n<p><span style=\"font-weight: 400;\">\u0420\u0430\u0431\u043e\u0442\u0430\u0435\u0442 \u043e\u0442 \u0431\u0430\u0442\u0430\u0440\u0435\u0439\u043a\u0438 9\u0412 (\u0431\u0430\u0442\u0430\u0440\u0435\u0439\u043a\u0430 \u043a\u0440\u043e\u043d\u0430, \u043d\u0435 \u0432\u0445\u043e\u0434\u0438\u0442 \u0432 \u043a\u043e\u043c\u043f\u043b\u0435\u043a\u0442).<\/span><\/p>\n<p><span style=\"font-weight: 400;\">\u041c\u0435\u0442\u0430\u043b\u043b\u043e\u0438\u0441\u043a\u0430\u0442\u0435\u043b\u044c \u0438\u043c\u0435\u0435\u0442 \u0441\u0432\u0435\u0442\u043e\u0434\u0438\u043e\u0434\u043d\u0443\u044e \u043f\u043e\u0434\u0441\u0432\u0435\u0442\u043a\u0443 \u0438 \u0434\u0435\u0442\u0435\u043a\u0442\u043e\u0440 \u043d\u0430 360 \u0433\u0440\u0430\u0434\u0443\u0441\u043e\u0432.<\/span><\/p>\n<p>\u0414\u043b\u0438\u043d\u0430: 23 \u0441\u043c<\/p>\n<p>\u0420\u0430\u0441\u0441\u0442\u043e\u044f\u043d\u0438\u0435 \u043e\u0431\u043d\u0430\u0440\u0443\u0436\u0435\u043d\u0438\u044f \u043c\u0435\u0442\u0430\u043b\u043b\u0430: 0-3 \u0441\u043c<\/p>\n<div style=\"width: 980px;\" class=\"wp-video\"><video class=\"wp-video-shortcode\" id=\"video-786-1\" width=\"980\" height=\"1742\" preload=\"metadata\" controls=\"controls\"><source type=\"video\/mp4\" src=\"https:\/\/sauh.ee\/wp-content\/uploads\/2023\/05\/sauh.ee-pinpointer-must-1-3.mp4?_=1\" \/><a href=\"https:\/\/sauh.ee\/wp-content\/uploads\/2023\/05\/sauh.ee-pinpointer-must-1-3.mp4\">https:\/\/sauh.ee\/wp-content\/uploads\/2023\/05\/sauh.ee-pinpointer-must-1-3.mp4<\/a><\/video><\/div>","protected":false},"excerpt":{"rendered":"<p>Pinpointer metallidetektor. Sobib m\u00fcntide ja v\u00e4iksemate esemete otsimiseks v\u00f5i metalli kontrollimiseks. Komplektis kaasas: sisset\u00f5mmatav riputustraat ja kabuur. T\u00f6\u00f6tab 9V patareiga (kroonapatarei, ei ole komplektis). Metalliotsijal on LED valgustus ja 360 kraadi detektor. Pikkus: 23 cm Metalli tuvastamise kaugus: 0-3 cm<\/p>","protected":false},"featured_media":7673,"template":"","meta":[],"product_brand":[],"product_cat":[265,32],"product_tag":[],"class_list":{"0":"post-786","1":"product","2":"type-product","3":"status-publish","4":"has-post-thumbnail","6":"product_cat-matkale","7":"product_cat-metallidetektor","9":"first","10":"onbackorder","11":"shipping-taxable","12":"purchasable","13":"product-type-simple"},"_links":{"self":[{"href":"https:\/\/sauh.ee\/ru\/wp-json\/wp\/v2\/product\/786","targetHints":{"allow":["GET"]}}],"collection":[{"href":"https:\/\/sauh.ee\/ru\/wp-json\/wp\/v2\/product"}],"about":[{"href":"https:\/\/sauh.ee\/ru\/wp-json\/wp\/v2\/types\/product"}],"wp:featuredmedia":[{"embeddable":true,"href":"https:\/\/sauh.ee\/ru\/wp-json\/wp\/v2\/media\/7673"}],"wp:attachment":[{"href":"https:\/\/sauh.ee\/ru\/wp-json\/wp\/v2\/media?parent=786"}],"wp:term":[{"taxonomy":"product_brand","embeddable":true,"href":"https:\/\/sauh.ee\/ru\/wp-json\/wp\/v2\/product_brand?post=786"},{"taxonomy":"product_cat","embeddable":true,"href":"https:\/\/sauh.ee\/ru\/wp-json\/wp\/v2\/product_cat?post=786"},{"taxonomy":"product_tag","embeddable":true,"href":"https:\/\/sauh.ee\/ru\/wp-json\/wp\/v2\/product_tag?post=786"}],"curies":[{"name":"wp","href":"https:\/\/api.w.org\/{rel}","templated":true}]}}