{"id":8065,"date":"2025-01-21T09:52:42","date_gmt":"2025-01-21T09:52:42","guid":{"rendered":"https:\/\/sauh.ee\/?post_type=product&#038;p=8065"},"modified":"2026-03-24T08:54:33","modified_gmt":"2026-03-24T08:54:33","slug":"akuhekiloikur","status":"publish","type":"product","link":"https:\/\/sauh.ee\/ru\/product\/akuhekiloikur\/","title":{"rendered":"\u0410\u043a\u043a\u0443\u043c\u0443\u043b\u044f\u0442\u043e\u0440\u043d\u044b\u0439 \u0442\u0440\u0438\u043c\u043c\u0435\u0440 \u0434\u043b\u044f \u0436\u0438\u0432\u043e\u0439 \u0438\u0437\u0433\u043e\u0440\u043e\u0434\u0438"},"content":{"rendered":"<p><span style=\"font-weight: 400;\">Aku hekil\u00f5ikur, akuhekik\u00e4\u00e4rid. Saab kasutada Makita 18V akudega. Hea valik aia t\u00f6\u00f6de jaoks.<\/span><\/p>\n<p><img fetchpriority=\"high\" decoding=\"async\" class=\"alignnone size-full wp-image-8066\" src=\"https:\/\/sauh.ee\/wp-content\/uploads\/2025\/01\/sauh.ee_aku_vosaloikur_trimmer_hekikaarid_2_2.webp\" alt=\"\" width=\"1000\" height=\"1000\" srcset=\"https:\/\/sauh.ee\/wp-content\/uploads\/2025\/01\/sauh.ee_aku_vosaloikur_trimmer_hekikaarid_2_2.webp 1000w, https:\/\/sauh.ee\/wp-content\/uploads\/2025\/01\/sauh.ee_aku_vosaloikur_trimmer_hekikaarid_2_2-300x300.webp 300w, https:\/\/sauh.ee\/wp-content\/uploads\/2025\/01\/sauh.ee_aku_vosaloikur_trimmer_hekikaarid_2_2-150x150.webp 150w, https:\/\/sauh.ee\/wp-content\/uploads\/2025\/01\/sauh.ee_aku_vosaloikur_trimmer_hekikaarid_2_2-768x768.webp 768w, https:\/\/sauh.ee\/wp-content\/uploads\/2025\/01\/sauh.ee_aku_vosaloikur_trimmer_hekikaarid_2_2-12x12.webp 12w, https:\/\/sauh.ee\/wp-content\/uploads\/2025\/01\/sauh.ee_aku_vosaloikur_trimmer_hekikaarid_2_2-324x324.webp 324w, https:\/\/sauh.ee\/wp-content\/uploads\/2025\/01\/sauh.ee_aku_vosaloikur_trimmer_hekikaarid_2_2-416x416.webp 416w, https:\/\/sauh.ee\/wp-content\/uploads\/2025\/01\/sauh.ee_aku_vosaloikur_trimmer_hekikaarid_2_2-100x100.webp 100w, https:\/\/sauh.ee\/wp-content\/uploads\/2025\/01\/sauh.ee_aku_vosaloikur_trimmer_hekikaarid_2_2-64x64.webp 64w\" sizes=\"(max-width: 1000px) 100vw, 1000px\" \/><\/p>\n<p><strong>Omadused:<\/strong><\/p>\n<div class=\"flex max-w-full flex-col flex-grow\">\n<div class=\"min-h-8 text-message flex w-full flex-col items-end gap-2 whitespace-normal break-words text-start [.text-message+&amp;]:mt-5\" dir=\"auto\" data-message-author-role=\"assistant\" data-message-id=\"3b82848a-5c21-4159-a1e1-aaea03937b40\" data-message-model-slug=\"gpt-4o\">\n<div class=\"flex w-full flex-col gap-1 empty:hidden first:pt-[3px]\">\n<div class=\"markdown prose w-full break-words dark:prose-invert dark\">\n<ul>\n<li><strong>51 cm l\u00f5iketera<\/strong> \u2013 sobib hekkide, p\u00f5\u00f5saste ja okaste trimmimiseks.<\/li>\n<li><strong>Metallist sisekonstruktsioon<\/strong> \u2013 stabiilne struktuur ja pikk kasutusiga.<\/li>\n<li><strong>90\u00b0 reguleeritav l\u00f5ikepea<\/strong> \u2013 v\u00f5imaldab paindlikku kasutamist erinevates t\u00f6\u00f6olukordades.<\/li>\n<li><strong>Kahe l\u00f5iketeraga s\u00fcsteem<\/strong> \u2013 terasid saab vahetada lihtsalt ja t\u00f6\u00f6riistadeta.<\/li>\n<li><strong>SK5 tera roostevaba viimistlus<\/strong> \u2013 kiire ja t\u00e4pne l\u00f5ikamine, lihtne puhastada.<\/li>\n<\/ul>\n<\/div>\n<\/div>\n<\/div>\n<\/div>\n<div class=\"mb-2 flex gap-3 empty:hidden -ml-2\">\n<div class=\"items-center justify-start rounded-xl p-1 flex\"><\/div>\n<\/div>\n<p><span style=\"font-weight: 400;\"><strong>Tehnlised andmed lisainfo veerus.<\/strong><\/span><\/p>\n<p>Valides ainult t\u00f6\u00f6riist: Akud ja muud tarvikud komplekti ei kuulu!<\/p>\n<p>Valides + 2 akut ja laadija: Lisandub\u00a0<a href=\"https:\/\/sauh.ee\/product\/aku-komplekt-analoog-tooriistadele-388vf\/\">2 akut ja nende laadija.<\/a><\/p>\n<div style=\"width: 980px;\" class=\"wp-video\"><video class=\"wp-video-shortcode\" id=\"video-8065-1\" width=\"980\" height=\"551\" preload=\"metadata\" controls=\"controls\"><source type=\"video\/mp4\" src=\"https:\/\/sauh.ee\/wp-content\/uploads\/2025\/01\/sauh.ee-aku-vosaloikur-trimmer-hekikaarid-2.mp4?_=1\" \/><a href=\"https:\/\/sauh.ee\/wp-content\/uploads\/2025\/01\/sauh.ee-aku-vosaloikur-trimmer-hekikaarid-2.mp4\">https:\/\/sauh.ee\/wp-content\/uploads\/2025\/01\/sauh.ee-aku-vosaloikur-trimmer-hekikaarid-2.mp4<\/a><\/video><\/div>\n","protected":false},"excerpt":{"rendered":"<p>Aku hekil\u00f5ikur, akuhekik\u00e4\u00e4rid. Saab kasutada Makita 18V akudega. Hea valik aia t\u00f6\u00f6de jaoks. Omadused: 51 cm l\u00f5iketera \u2013 sobib hekkide, p\u00f5\u00f5saste ja okaste trimmimiseks. Metallist sisekonstruktsioon \u2013 stabiilne struktuur ja pikk kasutusiga. 90\u00b0 reguleeritav l\u00f5ikepea \u2013 v\u00f5imaldab paindlikku kasutamist erinevates t\u00f6\u00f6olukordades. Kahe l\u00f5iketeraga s\u00fcsteem \u2013 terasid saab vahetada lihtsalt ja t\u00f6\u00f6riistadeta. SK5 tera roostevaba viimistlus [&hellip;]<\/p>\n","protected":false},"featured_media":8075,"template":"","meta":[],"product_brand":[],"product_cat":[257,15],"product_tag":[269],"class_list":{"0":"post-8065","1":"product","2":"type-product","3":"status-publish","4":"has-post-thumbnail","6":"product_cat-aia-tooriistad","7":"product_cat-analoog-tooted","8":"product_tag-suvi","10":"first","11":"onbackorder","12":"shipping-taxable","13":"purchasable","14":"product-type-variable"},"_links":{"self":[{"href":"https:\/\/sauh.ee\/ru\/wp-json\/wp\/v2\/product\/8065","targetHints":{"allow":["GET"]}}],"collection":[{"href":"https:\/\/sauh.ee\/ru\/wp-json\/wp\/v2\/product"}],"about":[{"href":"https:\/\/sauh.ee\/ru\/wp-json\/wp\/v2\/types\/product"}],"wp:featuredmedia":[{"embeddable":true,"href":"https:\/\/sauh.ee\/ru\/wp-json\/wp\/v2\/media\/8075"}],"wp:attachment":[{"href":"https:\/\/sauh.ee\/ru\/wp-json\/wp\/v2\/media?parent=8065"}],"wp:term":[{"taxonomy":"product_brand","embeddable":true,"href":"https:\/\/sauh.ee\/ru\/wp-json\/wp\/v2\/product_brand?post=8065"},{"taxonomy":"product_cat","embeddable":true,"href":"https:\/\/sauh.ee\/ru\/wp-json\/wp\/v2\/product_cat?post=8065"},{"taxonomy":"product_tag","embeddable":true,"href":"https:\/\/sauh.ee\/ru\/wp-json\/wp\/v2\/product_tag?post=8065"}],"curies":[{"name":"wp","href":"https:\/\/api.w.org\/{rel}","templated":true}]}}