{"id":8104,"date":"2025-02-13T11:48:34","date_gmt":"2025-02-13T11:48:34","guid":{"rendered":"https:\/\/sauh.ee\/?post_type=product&#038;p=8104"},"modified":"2026-04-18T13:19:45","modified_gmt":"2026-04-18T13:19:45","slug":"tookohavalgusti","status":"publish","type":"product","link":"https:\/\/sauh.ee\/ru\/product\/tookohavalgusti\/","title":{"rendered":"\u0420\u0430\u0431\u043e\u0447\u0438\u0439 \u0441\u0432\u0435\u0442"},"content":{"rendered":"<p data-start=\"0\" data-end=\"17\"><img fetchpriority=\"high\" decoding=\"async\" class=\"alignnone size-full wp-image-8107\" src=\"https:\/\/sauh.ee\/wp-content\/uploads\/2025\/02\/sauh-Akuprozektor-tookohavalgusti-5.webp\" alt=\"\" width=\"864\" height=\"464\" srcset=\"https:\/\/sauh.ee\/wp-content\/uploads\/2025\/02\/sauh-Akuprozektor-tookohavalgusti-5.webp 864w, https:\/\/sauh.ee\/wp-content\/uploads\/2025\/02\/sauh-Akuprozektor-tookohavalgusti-5-300x161.webp 300w, https:\/\/sauh.ee\/wp-content\/uploads\/2025\/02\/sauh-Akuprozektor-tookohavalgusti-5-768x412.webp 768w, https:\/\/sauh.ee\/wp-content\/uploads\/2025\/02\/sauh-Akuprozektor-tookohavalgusti-5-18x10.webp 18w, https:\/\/sauh.ee\/wp-content\/uploads\/2025\/02\/sauh-Akuprozektor-tookohavalgusti-5-416x223.webp 416w, https:\/\/sauh.ee\/wp-content\/uploads\/2025\/02\/sauh-Akuprozektor-tookohavalgusti-5-64x34.webp 64w\" sizes=\"(max-width: 864px) 100vw, 864px\" \/><\/p>\n<p data-start=\"0\" data-end=\"17\"><strong data-start=\"0\" data-end=\"15\">\u0421\u0432\u0435\u0442\u043e\u0434\u0438\u043e\u0434\u043d\u044b\u0439 \u0440\u0430\u0431\u043e\u0447\u0438\u0439 \u0441\u0432\u0435\u0442, \u0430\u043a\u043a\u0443\u043c\u0443\u043b\u044f\u0442\u043e\u0440\u043d\u044b\u0439 \u043f\u0440\u043e\u0436\u0435\u043a\u0442\u043e\u0440\u00a0<\/strong>(\u041f\u043e\u0434\u0445\u043e\u0434\u0438\u0442 \u0434\u043b\u044f \u0438\u0441\u043f\u043e\u043b\u044c\u0437\u043e\u0432\u0430\u043d\u0438\u044f \u0441 \u0430\u0430\u043a\u0443\u043c\u0443\u043b\u044f\u0442\u043e\u0440\u0430\u043c\u0438 <strong>\u041c\u0430\u043a\u0438\u0442\u0430\u00a0<\/strong> 18\u0412)<\/p>\n<ul data-start=\"19\" data-end=\"620\">\n<li data-start=\"19\" data-end=\"159\"><strong data-start=\"21\" data-end=\"42\">\u0423\u043d\u0438\u0432\u0435\u0440\u0441\u0430\u043b\u044c\u043d\u044b\u0439 \u0438\u0441\u0442\u043e\u0447\u043d\u0438\u043a \u043f\u0438\u0442\u0430\u043d\u0438\u044f<\/strong> - \u041c\u043e\u0436\u043d\u043e \u0438\u0441\u043f\u043e\u043b\u044c\u0437\u043e\u0432\u0430\u0442\u044c \u0434\u043b\u044f \u0437\u0430\u0440\u044f\u0434\u043a\u0438 \u043c\u043e\u0431\u0438\u043b\u044c\u043d\u044b\u0445 \u0442\u0435\u043b\u0435\u0444\u043e\u043d\u043e\u0432, \u043a\u043e\u043b\u043e\u043d\u043e\u043a, \u0432\u0435\u043d\u0442\u0438\u043b\u044f\u0442\u043e\u0440\u043e\u0432 \u0438 \u0434\u0440\u0443\u0433\u0438\u0445 \u0443\u0441\u0442\u0440\u043e\u0439\u0441\u0442\u0432 \u0432 \u043b\u044e\u0431\u043e\u0435 \u0432\u0440\u0435\u043c\u044f \u0438 \u0432 \u043b\u044e\u0431\u043e\u043c \u043c\u0435\u0441\u0442\u0435.<\/li>\n<li data-start=\"160\" data-end=\"274\"><strong data-start=\"162\" data-end=\"185\">\u041f\u0440\u043e\u0447\u043d\u044b\u0439 \u0438 \u0434\u043e\u043b\u0433\u043e\u0432\u0435\u0447\u043d\u044b\u0439<\/strong> - \u0426\u043e\u043a\u043e\u043b\u044c \u043b\u0430\u043c\u043f\u044b \u0438\u0437 \u0446\u0438\u043d\u043a\u043e\u0432\u043e\u0433\u043e \u0441\u043f\u043b\u0430\u0432\u0430 \u043e\u0431\u0435\u0441\u043f\u0435\u0447\u0438\u0432\u0430\u0435\u0442 \u043b\u0443\u0447\u0448\u0438\u0439 \u0442\u0435\u043f\u043b\u043e\u043e\u0442\u0432\u043e\u0434 \u0438 \u0434\u043e\u043b\u0433\u043e\u0432\u0435\u0447\u043d\u043e\u0441\u0442\u044c.<\/li>\n<li data-start=\"275\" data-end=\"366\"><strong data-start=\"277\" data-end=\"294\">\u042f\u0440\u043a\u043e\u0435 \u043e\u0441\u0432\u0435\u0449\u0435\u043d\u0438\u0435<\/strong> - \u0412\u044b\u0441\u043e\u043a\u043e\u043a\u0430\u0447\u0435\u0441\u0442\u0432\u0435\u043d\u043d\u044b\u0439 \u0441\u0432\u0435\u0442\u043e\u0434\u0438\u043e\u0434\u043d\u044b\u0439 \u0441\u0432\u0435\u0442\u0438\u043b\u044c\u043d\u0438\u043a \u043c\u043e\u0449\u043d\u043e\u0441\u0442\u044c\u044e \u0434\u043e 1000 \u043b\u044e\u043c\u0435\u043d \u043e\u0431\u0435\u0441\u043f\u0435\u0447\u0438\u0432\u0430\u0435\u0442 \u0432\u044b\u0441\u043e\u043a\u0443\u044e \u044f\u0440\u043a\u043e\u0441\u0442\u044c.<\/li>\n<li data-start=\"367\" data-end=\"469\"><strong data-start=\"369\" data-end=\"390\">\u0420\u0435\u0433\u0443\u043b\u0438\u0440\u0443\u0435\u043c\u044b\u0439 \u0443\u0433\u043e\u043b \u043d\u0430\u043a\u043b\u043e\u043d\u0430<\/strong> - \u0426\u043e\u043a\u043e\u043b\u044c \u043b\u0430\u043c\u043f\u044b \u043c\u043e\u0436\u043d\u043e \u043f\u043e\u0432\u043e\u0440\u0430\u0447\u0438\u0432\u0430\u0442\u044c \u043d\u0430 90\u00b0, \u0447\u0442\u043e \u043f\u043e\u0437\u0432\u043e\u043b\u044f\u0435\u0442 \u0438\u0441\u043f\u043e\u043b\u044c\u0437\u043e\u0432\u0430\u0442\u044c \u0435\u0435 \u0432 \u0440\u0430\u0437\u043b\u0438\u0447\u043d\u044b\u0445 \u0443\u0441\u043b\u043e\u0432\u0438\u044f\u0445.<\/li>\n<li data-start=\"470\" data-end=\"620\"><strong data-start=\"472\" data-end=\"490\">\u0428\u0438\u0440\u043e\u043a\u0438\u0439 \u0443\u0433\u043e\u043b \u043e\u0441\u0432\u0435\u0449\u0435\u043d\u0438\u044f<\/strong> - \u0411\u043e\u043b\u044c\u0448\u0430\u044f \u043e\u0442\u0440\u0430\u0436\u0430\u044e\u0449\u0430\u044f \u043f\u043e\u0432\u0435\u0440\u0445\u043d\u043e\u0441\u0442\u044c \u043e\u0431\u0435\u0441\u043f\u0435\u0447\u0438\u0432\u0430\u0435\u0442 \u0448\u0438\u0440\u043e\u043a\u0443\u044e \u0437\u043e\u043d\u0443 \u043e\u0441\u0432\u0435\u0449\u0435\u043d\u0438\u044f, \u043f\u043e\u0434\u0445\u043e\u0434\u044f\u0449\u0443\u044e \u043a\u0430\u043a \u0434\u043b\u044f \u0432\u043d\u0443\u0442\u0440\u0435\u043d\u043d\u0435\u0433\u043e, \u0442\u0430\u043a \u0438 \u0434\u043b\u044f \u043d\u0430\u0440\u0443\u0436\u043d\u043e\u0433\u043e \u0438\u0441\u043f\u043e\u043b\u044c\u0437\u043e\u0432\u0430\u043d\u0438\u044f, \u0430 \u0442\u0430\u043a\u0436\u0435 \u0434\u043b\u044f \u0447\u0440\u0435\u0437\u0432\u044b\u0447\u0430\u0439\u043d\u044b\u0445 \u0441\u0438\u0442\u0443\u0430\u0446\u0438\u0439.<\/li>\n<\/ul>\n<p>\u0410\u043a\u043a\u0443\u043c\u0443\u043b\u044f\u0442\u043e\u0440\u044b \u0438 \u0437\u0430\u0440\u044f\u0434\u043d\u044b\u0435 \u0443\u0441\u0442\u0440\u043e\u0439\u0441\u0442\u0432\u0430 \u0432 \u043a\u043e\u043c\u043f\u043b\u0435\u043a\u0442 \u043d\u0435 \u0432\u0445\u043e\u0434\u044f\u0442.<\/p>\n<p>\u0421\u043e\u0432\u043c\u0435\u0441\u0442\u0438\u043c \u0441: \u041b\u0438\u0442\u0438\u0439-\u0438\u043e\u043d\u043d\u044b\u0435 \u0430\u043a\u043a\u0443\u043c\u0443\u043b\u044f\u0442\u043e\u0440\u044b Makita 18 \u0412<br \/>\n\u041c\u0430\u0442\u0435\u0440\u0438\u0430\u043b: \u0430\u043b\u044e\u043c\u0438\u043d\u0438\u0439 + \u041f\u0412\u0425<br \/>\n\u0420\u0430\u0437\u043c\u0435\u0440: 3\/4 \u0434\u044e\u0439\u043c\u0430<br \/>\n\u0421\u0438\u043b\u0430 \u0441\u0432\u0435\u0442\u0430: \u0434\u043e 1000 \u043b\u044e\u043c\u0435\u043d<br \/>\n\u0423\u0433\u043e\u043b \u0432\u0440\u0430\u0449\u0435\u043d\u0438\u044f: 90\u00b0<\/p>","protected":false},"excerpt":{"rendered":"<p>LED T\u00f6\u00f6tuli, Akupro\u017eektor\u00a0(Sobib kasutada Makita 18V\u00a0 akudega) Mitmek\u00fclgne toide \u2013 Saab kasutada mobiiltelefonide, k\u00f5larite, ventilaatorite ja teiste seadmete laadimiseks igal ajal ja igas kohas. Tugev ja vastupidav \u2013 Tsinkisulamist lambipesa tagab parema soojuse hajutuse ja pikaajalise vastupidavuse. Ere valgustus \u2013 Kvaliteetne LED valgusvoog kuni 1000 luumenit tagab k\u00f5rge heleduse. Reguleeritav nurk \u2013 Lambipesa saab p\u00f6\u00f6rata [&hellip;]<\/p>\n","protected":false},"featured_media":8110,"template":"","meta":[],"product_brand":[],"product_cat":[258,15,261],"product_tag":[281,255],"class_list":{"0":"post-8104","1":"product","2":"type-product","3":"status-publish","4":"has-post-thumbnail","6":"product_cat-ehitus","7":"product_cat-analoog-tooted","8":"product_cat-valgustus","9":"product_tag-talv","10":"product_tag-talvesoodusmuuk","12":"first","13":"instock","14":"shipping-taxable","15":"purchasable","16":"product-type-simple"},"_links":{"self":[{"href":"https:\/\/sauh.ee\/ru\/wp-json\/wp\/v2\/product\/8104","targetHints":{"allow":["GET"]}}],"collection":[{"href":"https:\/\/sauh.ee\/ru\/wp-json\/wp\/v2\/product"}],"about":[{"href":"https:\/\/sauh.ee\/ru\/wp-json\/wp\/v2\/types\/product"}],"wp:featuredmedia":[{"embeddable":true,"href":"https:\/\/sauh.ee\/ru\/wp-json\/wp\/v2\/media\/8110"}],"wp:attachment":[{"href":"https:\/\/sauh.ee\/ru\/wp-json\/wp\/v2\/media?parent=8104"}],"wp:term":[{"taxonomy":"product_brand","embeddable":true,"href":"https:\/\/sauh.ee\/ru\/wp-json\/wp\/v2\/product_brand?post=8104"},{"taxonomy":"product_cat","embeddable":true,"href":"https:\/\/sauh.ee\/ru\/wp-json\/wp\/v2\/product_cat?post=8104"},{"taxonomy":"product_tag","embeddable":true,"href":"https:\/\/sauh.ee\/ru\/wp-json\/wp\/v2\/product_tag?post=8104"}],"curies":[{"name":"wp","href":"https:\/\/api.w.org\/{rel}","templated":true}]}}