{"id":815,"date":"2023-02-16T13:58:59","date_gmt":"2023-02-16T13:58:59","guid":{"rendered":"https:\/\/sauh.ee\/?post_type=product&#038;p=815"},"modified":"2025-12-01T00:03:06","modified_gmt":"2025-12-01T00:03:06","slug":"aku-ohupuhur-ja-tolmuimeja","status":"publish","type":"product","link":"https:\/\/sauh.ee\/ru\/product\/aku-ohupuhur-ja-tolmuimeja\/","title":{"rendered":"\u0410\u043a\u043a\u0443\u043c\u0443\u043b\u044f\u0442\u043e\u0440\u043d\u0430\u044f \u0412\u043e\u0437\u0434\u0443\u0445\u043e\u0434\u0443\u0432\u043a\u0430"},"content":{"rendered":"<p><span style=\"font-weight: 400;\">18 \u0412 \u0430\u043a\u043a\u0443\u043c\u0443\u043b\u044f\u0442\u043e\u0440\u043d\u044b\u0439 \u0432\u043e\u0437\u0434\u0443\u0445\u043e\u0434\u0443\u0432, \u043b\u0438\u0441\u0442\u043e\u0434\u0443\u0432. \u0423\u0441\u0442\u0440\u043e\u0439\u0441\u0442\u0432\u043e \u0438\u043c\u0435\u0435\u0442 \u0444\u0443\u043d\u043a\u0446\u0438\u0438 \u043a\u0430\u043a \u043e\u0431\u0434\u0443\u0432\u0430, \u0442\u0430\u043a \u0438 \u0432\u0441\u0430\u0441\u044b\u0432\u0430\u043d\u0438\u044f, \u0447\u0442\u043e \u043f\u043e\u0437\u0432\u043e\u043b\u044f\u0435\u0442 \u0438\u0441\u043f\u043e\u043b\u044c\u0437\u043e\u0432\u0430\u0442\u044c \u0435\u0433\u043e \u043a\u0430\u043a \u0432\u043e\u0437\u0434\u0443\u0445\u043e\u0434\u0443\u0432\u043a\u0443, \u0442\u0430\u043a \u0438 \u043a\u0430\u043a \u043f\u044b\u043b\u0435\u0441\u043e\u0441.\u00a0<\/span><\/p>\n<div style=\"width: 980px;\" class=\"wp-video\"><video class=\"wp-video-shortcode\" id=\"video-815-1\" width=\"980\" height=\"551\" preload=\"metadata\" controls=\"controls\"><source type=\"video\/mp4\" src=\"https:\/\/sauh.ee\/wp-content\/uploads\/2023\/02\/sauh-aku-ohupuhur-ja-tolmuimeja-1-1.mp4?_=1\" \/><a href=\"https:\/\/sauh.ee\/wp-content\/uploads\/2023\/02\/sauh-aku-ohupuhur-ja-tolmuimeja-1-1.mp4\">https:\/\/sauh.ee\/wp-content\/uploads\/2023\/02\/sauh-aku-ohupuhur-ja-tolmuimeja-1-1.mp4<\/a><\/video><\/div>\n<table>\n<thead>\n<tr>\n<th>\u0425\u0430\u0440\u0430\u043a\u0442\u0435\u0440\u0438\u0441\u0442\u0438\u043a\u0430<\/th>\n<th>\u041e\u043f\u0438\u0441\u0430\u043d\u0438\u0435<\/th>\n<\/tr>\n<\/thead>\n<tbody>\n<tr>\n<td>\u041c\u043e\u0442\u043e\u0440<\/td>\n<td>\u0411\u0435\u0441\u0449\u0435\u0442\u043e\u0447\u043d\u044b\u0439 \u0434\u0432\u0438\u0433\u0430\u0442\u0435\u043b\u044c<\/td>\n<\/tr>\n<tr>\n<td>\u041c\u043e\u0449\u043d\u043e\u0441\u0442\u044c<\/td>\n<td>1000 \u0412\u0442<\/td>\n<\/tr>\n<tr>\n<td>\u041d\u0430\u043f\u0440\u044f\u0436\u0435\u043d\u0438\u0435<\/td>\n<td>18 \u0412<\/td>\n<\/tr>\n<tr>\n<td>\u0421\u043a\u043e\u0440\u043e\u0441\u0442\u0438<\/td>\n<td>6 \u043f\u0435\u0440\u0435\u0434\u0430\u0447<\/td>\n<\/tr>\n<tr>\n<td>\u041e\u0431\u043e\u0440\u043e\u0442\u044b \u0431\u0435\u0437 \u043d\u0430\u0433\u0440\u0443\u0437\u043a\u0438<\/td>\n<td>0\u201315 000 \u043e\u0431\/\u043c\u0438\u043d<\/td>\n<\/tr>\n<tr>\n<td>\u041e\u0431\u044a\u0435\u043c \u0432\u043e\u0437\u0434\u0443\u0445\u0430<\/td>\n<td>6 \u043c\u00b3\/\u043c\u0438\u043d<\/td>\n<\/tr>\n<tr>\n<td>\u0414\u0430\u0432\u043b\u0435\u043d\u0438\u0435<\/td>\n<td>\u0412\u044b\u0441\u043e\u043a\u043e\u0435 \u0434\u0430\u0432\u043b\u0435\u043d\u0438\u0435<\/td>\n<\/tr>\n<tr>\n<td>\u0422\u0438\u043f \u0430\u043a\u043a\u0443\u043c\u0443\u043b\u044f\u0442\u043e\u0440\u0430<\/td>\n<td>18 \u0412 (\u043c\u043e\u0436\u043d\u043e \u0438\u0441\u043f\u043e\u043b\u044c\u0437\u043e\u0432\u0430\u0442\u044c \u0442\u0430\u043a\u0436\u0435 \u0430\u043a\u043a\u0443\u043c\u0443\u043b\u044f\u0442\u043e\u0440\u044b \u041c\u0430\u043a\u0438\u0442\u0430 18 \u0412)<\/td>\n<\/tr>\n<tr>\n<td>\u0412\u0435\u0441<\/td>\n<td>\u043e\u043a\u043e\u043b\u043e 1 \u043a\u0433<\/td>\n<\/tr>\n<\/tbody>\n<\/table>\n<p>\u0412\u044b\u0431\u0438\u0440\u0430\u044f \u0442\u043e\u043b\u044c\u043a\u043e \u0438\u043d\u0441\u0442\u0440\u0443\u043c\u0435\u043d\u0442: \u0430\u043a\u043a\u0443\u043c\u0443\u043b\u044f\u0442\u043e\u0440\u044b \u0438 \u0437\u0430\u0440\u044f\u0434\u043d\u044b\u0435 \u0443\u0441\u0442\u0440\u043e\u0439\u0441\u0442\u0432\u0430 \u0432 \u043a\u043e\u043c\u043f\u043b\u0435\u043a\u0442 \u043d\u0435 \u0432\u0445\u043e\u0434\u044f\u0442.<\/p>\n<p>\u0412\u044b\u0431\u043e\u0440 + 2 \u0430\u043a\u043a\u0443\u043c\u0443\u043b\u044f\u0442\u043e\u0440\u0430 \u0438 \u0437\u0430\u0440\u044f\u0434\u043d\u043e\u0435 \u0443\u0441\u0442\u0440\u043e\u0439\u0441\u0442\u0432\u043e:\u00a0<a href=\"https:\/\/sauh.ee\/ru\/product\/aku-komplekt-analoog-tooriistadele-2ah\/\">\u0412 \u043a\u043e\u043c\u043f\u043b\u0435\u043a\u0442 \u0432\u0445\u043e\u0434\u044f\u0442 2 \u0430\u043a\u043a\u0443\u043c\u0443\u043b\u044f\u0442\u043e\u0440\u0430 \u0438 \u0437\u0430\u0440\u044f\u0434\u043d\u043e\u0435 \u0443\u0441\u0442\u0440\u043e\u0439\u0441\u0442\u0432\u043e.<\/a><\/p>","protected":false},"excerpt":{"rendered":"<p>18V aku toitel \u00f5hupuhur, lehepuhur. Seadmel on nii puhumise, kui ka imemise funktsioon, mida saab kasutada nii puhurina, kui ka tolmuimejana.\u00a0 Omadus Kirjeldus Mootor Harjavaba mootor V\u00f5imsus 1000 W Pinge 18 V Kiirused 6 k\u00e4iku T\u00fchik\u00e4igu p\u00f6\u00f6rded 0\u201315 000 p\/min \u00d5hu maht 6 m\u00b3\/min R\u00f5hk K\u00f5rgr\u00f5hk Aku t\u00fc\u00fcp 18 V (saab kasutada ka Makita 18 [&hellip;]<\/p>\n","protected":false},"featured_media":7660,"template":"","meta":[],"product_brand":[],"product_cat":[260,15],"product_tag":[280],"class_list":{"0":"post-815","1":"product","2":"type-product","3":"status-publish","4":"has-post-thumbnail","6":"product_cat-puhurid-ja-imurid","7":"product_cat-analoog-tooted","8":"product_tag-sugise-lopp","10":"first","11":"instock","12":"shipping-taxable","13":"purchasable","14":"product-type-variable"},"_links":{"self":[{"href":"https:\/\/sauh.ee\/ru\/wp-json\/wp\/v2\/product\/815","targetHints":{"allow":["GET"]}}],"collection":[{"href":"https:\/\/sauh.ee\/ru\/wp-json\/wp\/v2\/product"}],"about":[{"href":"https:\/\/sauh.ee\/ru\/wp-json\/wp\/v2\/types\/product"}],"wp:featuredmedia":[{"embeddable":true,"href":"https:\/\/sauh.ee\/ru\/wp-json\/wp\/v2\/media\/7660"}],"wp:attachment":[{"href":"https:\/\/sauh.ee\/ru\/wp-json\/wp\/v2\/media?parent=815"}],"wp:term":[{"taxonomy":"product_brand","embeddable":true,"href":"https:\/\/sauh.ee\/ru\/wp-json\/wp\/v2\/product_brand?post=815"},{"taxonomy":"product_cat","embeddable":true,"href":"https:\/\/sauh.ee\/ru\/wp-json\/wp\/v2\/product_cat?post=815"},{"taxonomy":"product_tag","embeddable":true,"href":"https:\/\/sauh.ee\/ru\/wp-json\/wp\/v2\/product_tag?post=815"}],"curies":[{"name":"wp","href":"https:\/\/api.w.org\/{rel}","templated":true}]}}