{"id":8178,"date":"2025-02-25T17:44:58","date_gmt":"2025-02-25T17:44:58","guid":{"rendered":"https:\/\/sauh.ee\/?post_type=product&#038;p=8178"},"modified":"2026-04-10T08:40:55","modified_gmt":"2026-04-10T08:40:55","slug":"akusilikoonipustol","status":"publish","type":"product","link":"https:\/\/sauh.ee\/ru\/product\/akusilikoonipustol\/","title":{"rendered":"\u0410\u043a\u043a\u0443\u043c\u0443\u043b\u044f\u0442\u043e\u0440\u043d\u044b\u0439 \u043f\u0438\u0441\u0442\u043e\u043b\u0435\u0442 \u0434\u043b\u044f \u0441\u0438\u043b\u0438\u043a\u043e\u043d\u0430"},"content":{"rendered":"<p>\u041f\u0438\u0441\u0442\u043e\u043b\u0435\u0442 \u0434\u043b\u044f \u0433\u0435\u0440\u043c\u0435\u0442\u0438\u043a\u0430 \u0438\u043b\u0438 \u0441\u0438\u043b\u0438\u043a\u043e\u043d\u043e\u0432\u044b\u0439 \u043f\u0438\u0441\u0442\u043e\u043b\u0435\u0442 (\u043f\u043e\u0434\u0445\u043e\u0434\u0438\u0442 \u0434\u043b\u044f \u0438\u0441\u043f\u043e\u043b\u044c\u0437\u043e\u0432\u0430\u043d\u0438\u044f \u0441 \u0430\u043a\u043a\u0443\u043c\u0443\u043b\u044f\u0442\u043e\u0440\u0430\u043c\u0438 \u041c\u0430\u043a\u0438\u0442\u0430 18 \u0412)<\/p>\n<div style=\"width: 980px;\" class=\"wp-video\"><video class=\"wp-video-shortcode\" id=\"video-8178-1\" width=\"980\" height=\"551\" preload=\"metadata\" controls=\"controls\"><source type=\"video\/mp4\" src=\"https:\/\/sauh.ee\/wp-content\/uploads\/2025\/02\/sauh.ee-Akusilikoonipustol-1.mp4?_=1\" \/><a href=\"https:\/\/sauh.ee\/wp-content\/uploads\/2025\/02\/sauh.ee-Akusilikoonipustol-1.mp4\">https:\/\/sauh.ee\/wp-content\/uploads\/2025\/02\/sauh.ee-Akusilikoonipustol-1.mp4<\/a><\/video><\/div>\n<p data-start=\"1332\" data-end=\"1350\"><strong data-start=\"1332\" data-end=\"1350\">4 \u0440\u0435\u0436\u0438\u043c\u0430 \u0441\u043a\u043e\u0440\u043e\u0441\u0442\u0438:<\/strong><\/p>\n<ul data-start=\"1352\" data-end=\"1453\">\n<li data-start=\"1352\" data-end=\"1375\">\n<ol data-start=\"1354\" data-end=\"1375\">\n<li data-start=\"1354\" data-end=\"1375\">\u043f\u0435\u0440\u0435\u0434\u0430\u0447\u0430: 77-86 \u043c\u043c\/\u043c\u0438\u043d<\/li>\n<\/ol>\n<\/li>\n<li data-start=\"1376\" data-end=\"1401\">\n<ol start=\"2\" data-start=\"1378\" data-end=\"1401\">\n<li data-start=\"1378\" data-end=\"1401\">\u043f\u0435\u0440\u0435\u0434\u0430\u0447\u0430: 115-121 \u043c\u043c\/\u043c\u0438\u043d<\/li>\n<\/ol>\n<\/li>\n<li data-start=\"1402\" data-end=\"1427\">\n<ol start=\"3\" data-start=\"1404\" data-end=\"1427\">\n<li data-start=\"1404\" data-end=\"1427\">\u043f\u0435\u0440\u0435\u0434\u0430\u0447\u0430: 152-158 \u043c\u043c\/\u043c\u0438\u043d<\/li>\n<\/ol>\n<\/li>\n<li data-start=\"1428\" data-end=\"1453\">\n<ol start=\"4\" data-start=\"1430\" data-end=\"1453\">\n<li data-start=\"1430\" data-end=\"1453\">\u043f\u0435\u0440\u0435\u0434\u0430\u0447\u0430: 190-196 \u043c\u043c\/\u043c\u0438\u043d<\/li>\n<\/ol>\n<\/li>\n<\/ul>\n<p><img fetchpriority=\"high\" decoding=\"async\" class=\"alignnone size-full wp-image-8191\" src=\"https:\/\/sauh.ee\/wp-content\/uploads\/2025\/02\/sauh.ee-taitepustol-2.webp\" alt=\"\" width=\"493\" height=\"481\" srcset=\"https:\/\/sauh.ee\/wp-content\/uploads\/2025\/02\/sauh.ee-taitepustol-2.webp 493w, https:\/\/sauh.ee\/wp-content\/uploads\/2025\/02\/sauh.ee-taitepustol-2-300x293.webp 300w, https:\/\/sauh.ee\/wp-content\/uploads\/2025\/02\/sauh.ee-taitepustol-2-12x12.webp 12w, https:\/\/sauh.ee\/wp-content\/uploads\/2025\/02\/sauh.ee-taitepustol-2-416x406.webp 416w, https:\/\/sauh.ee\/wp-content\/uploads\/2025\/02\/sauh.ee-taitepustol-2-64x62.webp 64w\" sizes=\"(max-width: 493px) 100vw, 493px\" \/><\/p>\n<p data-start=\"383\" data-end=\"604\">\u041a\u043e\u0433\u0434\u0430 \u043e\u0442\u043f\u0443\u0441\u043a\u0430\u0435\u0442\u0441\u044f \u043a\u0443\u0440\u043e\u043a, \u043f\u0435\u0440\u0435\u043a\u043b\u044e\u0447\u0430\u0442\u0435\u043b\u044c \u0430\u0432\u0442\u043e\u043c\u0430\u0442\u0438\u0447\u0435\u0441\u043a\u0438 \u043e\u0442\u0445\u043e\u0434\u0438\u0442 \u043d\u0430\u0437\u0430\u0434, \u0447\u0442\u043e\u0431\u044b \u0438\u0437\u0431\u0435\u0436\u0430\u0442\u044c \u0438\u0437\u043b\u0438\u0448\u043a\u043e\u0432 \u043a\u043b\u0435\u044f. \u0422\u0435\u0445\u043d\u043e\u043b\u043e\u0433\u0438\u044f \u0441\u0431\u0440\u043e\u0441\u0430 \u043f\u043e\u0437\u0432\u043e\u043b\u044f\u0435\u0442 \u044d\u043a\u043e\u043d\u043e\u043c\u0438\u0442\u044c \u0432\u0440\u0435\u043c\u044f \u0438 \u044d\u043d\u0435\u0440\u0433\u0438\u044e. \u042d\u0442\u043e\u0442 \u043f\u0438\u0441\u0442\u043e\u043b\u0435\u0442 \u0434\u043b\u044f \u0433\u0435\u0440\u043c\u0435\u0442\u0438\u043a\u0430 \u0441\u043e\u0432\u043c\u0435\u0441\u0442\u0438\u043c \u0441\u043e \u0432\u0441\u0435\u043c\u0438 \u0441\u0442\u0430\u043d\u0434\u0430\u0440\u0442\u043d\u044b\u043c\u0438 \u0433\u0435\u0440\u043c\u0435\u0442\u0438\u043a\u0430\u043c\u0438 \u043e\u0431\u044a\u0435\u043c\u043e\u043c 10 \u0443\u043d\u0446\u0438\u0439\/300 \u043c\u043b.<\/p>\n<p data-start=\"829\" data-end=\"964\">\u041e\u0441\u043d\u0430\u0449\u0435\u043d \u0441\u0432\u0435\u0442\u043e\u0434\u0438\u043e\u0434\u043d\u043e\u0439 \u043b\u0430\u043c\u043f\u043e\u0439 450LM, \u043e\u0431\u0435\u0441\u043f\u0435\u0447\u0438\u0432\u0430\u044e\u0449\u0435\u0439 \u043e\u0441\u0432\u0435\u0449\u0435\u043d\u0438\u0435 \u0434\u0430\u0436\u0435 \u0432 \u0442\u0435\u043c\u043d\u044b\u0445 \u043f\u043e\u043c\u0435\u0449\u0435\u043d\u0438\u044f\u0445.<\/p>\n<p data-start=\"829\" data-end=\"964\"><img decoding=\"async\" class=\"alignnone size-large wp-image-8181\" src=\"https:\/\/sauh.ee\/wp-content\/uploads\/2025\/02\/sauh.ee-Akusilikoonipustol-3-1-1024x391.webp\" alt=\"\" width=\"980\" height=\"374\" srcset=\"https:\/\/sauh.ee\/wp-content\/uploads\/2025\/02\/sauh.ee-Akusilikoonipustol-3-1-1024x391.webp 1024w, https:\/\/sauh.ee\/wp-content\/uploads\/2025\/02\/sauh.ee-Akusilikoonipustol-3-1-300x114.webp 300w, https:\/\/sauh.ee\/wp-content\/uploads\/2025\/02\/sauh.ee-Akusilikoonipustol-3-1-768x293.webp 768w, https:\/\/sauh.ee\/wp-content\/uploads\/2025\/02\/sauh.ee-Akusilikoonipustol-3-1-18x7.webp 18w, https:\/\/sauh.ee\/wp-content\/uploads\/2025\/02\/sauh.ee-Akusilikoonipustol-3-1-416x159.webp 416w, https:\/\/sauh.ee\/wp-content\/uploads\/2025\/02\/sauh.ee-Akusilikoonipustol-3-1-64x24.webp 64w, https:\/\/sauh.ee\/wp-content\/uploads\/2025\/02\/sauh.ee-Akusilikoonipustol-3-1.webp 1122w\" sizes=\"(max-width: 980px) 100vw, 980px\" \/><\/p>\n<p data-start=\"829\" data-end=\"964\">\u0428\u0438\u0440\u043e\u043a\u0438\u0439 \u0441\u043f\u0435\u043a\u0442\u0440 \u043f\u0440\u0438\u043c\u0435\u043d\u0435\u043d\u0438\u044f \u043a\u043b\u0435\u044f \u0434\u043b\u044f \u0441\u0442\u0435\u043a\u043b\u0430, \u0433\u0435\u0440\u043c\u0435\u0442\u0438\u043a\u043e\u0432 \u0434\u043b\u044f \u0448\u0432\u043e\u0432, \u043f\u0440\u043e\u043a\u043b\u0430\u0434\u043e\u043a \u0438 \u0442.\u0434. \u0425\u043e\u0440\u043e\u0448\u043e \u043f\u043e\u0434\u0445\u043e\u0434\u0438\u0442 \u0434\u043b\u044f \u0437\u0430\u043f\u043e\u043b\u043d\u0435\u043d\u0438\u044f, \u0433\u0435\u0440\u043c\u0435\u0442\u0438\u0437\u0430\u0446\u0438\u0438 \u0438 \u0440\u0435\u043c\u043e\u043d\u0442\u0430 \u0440\u0430\u0437\u043b\u0438\u0447\u043d\u044b\u0445 \u0448\u0432\u043e\u0432, \u043e\u043a\u043e\u043d, \u0431\u0430\u043b\u043a\u043e\u043d\u043e\u0432 \u0438 \u0432\u0438\u0442\u0440\u0438\u043d, \u0434\u0443\u0448\u0435\u0432\u044b\u0445\/\u0431\u0430\u0441\u0441\u0435\u0439\u043d\u043e\u0432 \u0438 \u0442.\u0434.<\/p>\n<p data-start=\"829\" data-end=\"964\"><img decoding=\"async\" class=\"alignnone size-full wp-image-8190\" src=\"https:\/\/sauh.ee\/wp-content\/uploads\/2025\/02\/sauh.ee-taitepustol-1.webp\" alt=\"\" width=\"529\" height=\"481\" srcset=\"https:\/\/sauh.ee\/wp-content\/uploads\/2025\/02\/sauh.ee-taitepustol-1.webp 529w, https:\/\/sauh.ee\/wp-content\/uploads\/2025\/02\/sauh.ee-taitepustol-1-300x273.webp 300w, https:\/\/sauh.ee\/wp-content\/uploads\/2025\/02\/sauh.ee-taitepustol-1-13x12.webp 13w, https:\/\/sauh.ee\/wp-content\/uploads\/2025\/02\/sauh.ee-taitepustol-1-416x378.webp 416w, https:\/\/sauh.ee\/wp-content\/uploads\/2025\/02\/sauh.ee-taitepustol-1-64x58.webp 64w\" sizes=\"(max-width: 529px) 100vw, 529px\" \/><\/p>\n<p>\u0412\u044b\u0431\u0438\u0440\u0430\u044f \u0442\u043e\u043b\u044c\u043a\u043e \u0438\u043d\u0441\u0442\u0440\u0443\u043c\u0435\u043d\u0442: \u0430\u043a\u043a\u0443\u043c\u0443\u043b\u044f\u0442\u043e\u0440\u044b \u0438 \u0437\u0430\u0440\u044f\u0434\u043d\u044b\u0435 \u0443\u0441\u0442\u0440\u043e\u0439\u0441\u0442\u0432\u0430 \u0432 \u043a\u043e\u043c\u043f\u043b\u0435\u043a\u0442 \u043d\u0435 \u0432\u0445\u043e\u0434\u044f\u0442.<\/p>\n<p>\u0412\u044b\u0431\u043e\u0440 + 2 \u0430\u043a\u043a\u0443\u043c\u0443\u043b\u044f\u0442\u043e\u0440\u0430 \u0438 \u0437\u0430\u0440\u044f\u0434\u043d\u043e\u0435 \u0443\u0441\u0442\u0440\u043e\u0439\u0441\u0442\u0432\u043e:\u00a0<a href=\"https:\/\/sauh.ee\/ru\/product\/aku-komplekt-analoog-tooriistadele-2ah\/\">\u0412 \u043a\u043e\u043c\u043f\u043b\u0435\u043a\u0442 \u0432\u0445\u043e\u0434\u044f\u0442 2 \u0430\u043d\u0430\u043b\u043e\u0433\u043e\u0432\u044b\u0445 \u0430\u043a\u043a\u0443\u043c\u0443\u043b\u044f\u0442\u043e\u0440\u0430 \u0438 \u0437\u0430\u0440\u044f\u0434\u043d\u043e\u0435 \u0443\u0441\u0442\u0440\u043e\u0439\u0441\u0442\u0432\u043e.<\/a><\/p>\n<p>\u0422\u0435\u0445\u043d\u0438\u0447\u0435\u0441\u043a\u0438\u0435 \u0434\u0430\u043d\u043d\u044b\u0435 \u0432 \u043a\u043e\u043b\u043e\u043d\u043a\u0435 \u00ab\u0414\u043e\u043f\u043e\u043b\u043d\u0438\u0442\u0435\u043b\u044c\u043d\u0430\u044f \u0438\u043d\u0444\u043e\u0440\u043c\u0430\u0446\u0438\u044f\u00bb.<\/p>","protected":false},"excerpt":{"rendered":"<p>T\u00e4itep\u00fcstol ehk Silikoonp\u00fcstol (Sobib kasutada Makita 18V akudega) 4 kiirusastet: k\u00e4ik: 77-86 mm\/min k\u00e4ik: 115-121 mm\/min k\u00e4ik: 152-158 mm\/min k\u00e4ik: 190-196 mm\/min Kui p\u00e4\u00e4stikut vabastate, h\u00fcppab l\u00fcliti automaatselt tagasi, et liigset liimi v\u00e4ltida. Tagasihoidetehnoloogia s\u00e4\u00e4stab rohkem aega ja energiat. See tihendusp\u00fcstol sobib k\u00f5ikidele tavap\u00e4rastele 10 untsi\/300 ml tihendajatele. Varustatud 450LM LED-lambiga, mis tagavad valgustuse ka [&hellip;]<\/p>\n","protected":false},"featured_media":8187,"template":"","meta":[],"product_brand":[],"product_cat":[258,259,15],"product_tag":[],"class_list":{"0":"post-8178","1":"product","2":"type-product","3":"status-publish","4":"has-post-thumbnail","6":"product_cat-ehitus","7":"product_cat-silikooni-ja-maardepustolid","8":"product_cat-analoog-tooted","10":"first","11":"onbackorder","12":"shipping-taxable","13":"purchasable","14":"product-type-variable"},"_links":{"self":[{"href":"https:\/\/sauh.ee\/ru\/wp-json\/wp\/v2\/product\/8178","targetHints":{"allow":["GET"]}}],"collection":[{"href":"https:\/\/sauh.ee\/ru\/wp-json\/wp\/v2\/product"}],"about":[{"href":"https:\/\/sauh.ee\/ru\/wp-json\/wp\/v2\/types\/product"}],"wp:featuredmedia":[{"embeddable":true,"href":"https:\/\/sauh.ee\/ru\/wp-json\/wp\/v2\/media\/8187"}],"wp:attachment":[{"href":"https:\/\/sauh.ee\/ru\/wp-json\/wp\/v2\/media?parent=8178"}],"wp:term":[{"taxonomy":"product_brand","embeddable":true,"href":"https:\/\/sauh.ee\/ru\/wp-json\/wp\/v2\/product_brand?post=8178"},{"taxonomy":"product_cat","embeddable":true,"href":"https:\/\/sauh.ee\/ru\/wp-json\/wp\/v2\/product_cat?post=8178"},{"taxonomy":"product_tag","embeddable":true,"href":"https:\/\/sauh.ee\/ru\/wp-json\/wp\/v2\/product_tag?post=8178"}],"curies":[{"name":"wp","href":"https:\/\/api.w.org\/{rel}","templated":true}]}}